{"id":91,"date":"2016-06-02T12:52:33","date_gmt":"2016-06-02T12:52:33","guid":{"rendered":"http:\/\/maralboran.eu\/tecnologia\/?page_id=91"},"modified":"2023-06-28T08:47:10","modified_gmt":"2023-06-28T08:47:10","slug":"miembros","status":"publish","type":"page","link":"https:\/\/maralboran.eu\/tecnologia\/miembros\/","title":{"rendered":"Miembros del Dpto. de Tecnolog\u00eda"},"content":{"rendered":"<p><img loading=\"lazy\" decoding=\"async\" class=\"alignright wp-image-287 size-thumbnail\" src=\"http:\/\/maralboran.eu\/matematicas\/wp-content\/uploads\/sites\/8\/2016\/06\/reacher-150x150.png\" alt=\"reacher\" width=\"150\" height=\"150\" \/><\/p>\n<ul>\n<li>Francisco F\u00e9lix Garc\u00eda Torrijos (JD)<\/li>\n<li style=\"text-align: left\">Maria del Carmen S\u00e1nchez Santos<\/li>\n<li style=\"text-align: left\">Alberto Jim\u00e9nez Ram\u00edrez<\/li>\n<li>Carmen Jaldo Girela<\/li>\n<li>Jos\u00e9 Alarc\u00f3n Ort\u00edz<\/li>\n<\/ul>\n","protected":false},"excerpt":{"rendered":"<p>Francisco F\u00e9lix Garc\u00eda Torrijos (JD) Maria del Carmen S\u00e1nchez Santos Alberto Jim\u00e9nez Ram\u00edrez Carmen Jaldo Girela Jos\u00e9 Alarc\u00f3n Ort\u00edz<\/p>\n","protected":false},"author":1,"featured_media":0,"parent":0,"menu_order":0,"comment_status":"closed","ping_status":"closed","template":"","meta":{"_price":"","_stock":"","_tribe_ticket_header":"","_tribe_default_ticket_provider":"","_ticket_start_date":"","_ticket_end_date":"","_tribe_ticket_show_description":"","_tribe_ticket_show_not_going":false,"_tribe_ticket_use_global_stock":"","_tribe_ticket_global_stock_level":"","_global_stock_mode":"","_global_stock_cap":"","_tribe_rsvp_for_event":"","_tribe_ticket_going_count":"","_tribe_ticket_not_going_count":"","_tribe_tickets_list":"[]","_tribe_ticket_has_attendee_info_fields":false,"_kadence_starter_templates_imported_post":false,"footnotes":"","_tec_slr_enabled":"","_tec_slr_layout":""},"class_list":["post-91","page","type-page","status-publish","hentry"],"featured_image_src":null,"featured_image_src_square":null,"ticketed":false,"_links":{"self":[{"href":"https:\/\/maralboran.eu\/tecnologia\/wp-json\/wp\/v2\/pages\/91","targetHints":{"allow":["GET"]}}],"collection":[{"href":"https:\/\/maralboran.eu\/tecnologia\/wp-json\/wp\/v2\/pages"}],"about":[{"href":"https:\/\/maralboran.eu\/tecnologia\/wp-json\/wp\/v2\/types\/page"}],"author":[{"embeddable":true,"href":"https:\/\/maralboran.eu\/tecnologia\/wp-json\/wp\/v2\/users\/1"}],"replies":[{"embeddable":true,"href":"https:\/\/maralboran.eu\/tecnologia\/wp-json\/wp\/v2\/comments?post=91"}],"version-history":[{"count":0,"href":"https:\/\/maralboran.eu\/tecnologia\/wp-json\/wp\/v2\/pages\/91\/revisions"}],"wp:attachment":[{"href":"https:\/\/maralboran.eu\/tecnologia\/wp-json\/wp\/v2\/media?parent=91"}],"curies":[{"name":"wp","href":"https:\/\/api.w.org\/{rel}","templated":true}]}}