{"id":20,"date":"2022-05-13T15:55:30","date_gmt":"2022-05-13T15:55:30","guid":{"rendered":"https:\/\/maralboran.eu\/steam\/?page_id=20"},"modified":"2022-09-22T21:35:59","modified_gmt":"2022-09-22T21:35:59","slug":"proyecto-steam-la-robotica-aplicada-al-aula","status":"publish","type":"page","link":"https:\/\/maralboran.eu\/steam\/","title":{"rendered":"Proyectos STEAM. IES Mar de Albor\u00e1n"},"content":{"rendered":"\n<p>En el curso 2021\/2022, el IES Mar de Albor\u00e1n empez\u00f3 a participar en estos proyectos con STEAM. La rob\u00f3tica aplicada al aula.<\/p>\n\n\n\n<p>Dada la buena acogida que tuvo este proyecto, ahora, en el curso 2022-2023, ampliamos nuestra participaci\u00f3n solicitando <strong>los tres proyectos STEAM <\/strong>que oferta el Servicio de Innovaci\u00f3n Educativa de la Direcci\u00f3n General de Tecnolog\u00edas Avanzadas de la Junta de Andaluc\u00eda:<\/p>\n\n\n\n<ul class=\"wp-block-list\"><li><strong>STEAM. Investigaci\u00f3n Aeroespacial.<\/strong><\/li><li><strong>STEAM. Pensamiento Computacional.<\/strong><\/li><li><strong>STEAM. Rob\u00f3tica<\/strong><\/li><\/ul>\n\n\n\n<p>El objetivo principal de estos p<strong>royectos <\/strong>es <strong>acercar al profesorado y al alumnado al estudio de la rob\u00f3tica<\/strong>,<strong> el pensamiento computacional y la investigaci\u00f3n aeroespacial<\/strong> para promover la participaci\u00f3n del alumnado en <strong>proyectos que integren la ciencia, la tecnolog\u00eda y las matem\u00e1ticas en conexi\u00f3n con las artes y las humanidades<\/strong> y despertar la inquietud por el conocimiento y las vocaciones en el \u00e1mbito <strong>STEAM<\/strong>.<\/p>\n\n\n\n<p><\/p>\n","protected":false},"excerpt":{"rendered":"<p>En el curso 2021\/2022, el IES Mar de Albor\u00e1n empez\u00f3 a participar en estos proyectos con STEAM. La rob\u00f3tica aplicada al aula. Dada la buena acogida que tuvo este proyecto, &hellip; <a href=\"https:\/\/maralboran.eu\/steam\/\" class=\"more-link\">Sigue leyendo <span class=\"screen-reader-text\">Proyectos STEAM. IES Mar de Albor\u00e1n<\/span><\/a><\/p>\n","protected":false},"author":48,"featured_media":132,"parent":0,"menu_order":0,"comment_status":"closed","ping_status":"closed","template":"","meta":{"_price":"","_stock":"","_tribe_ticket_header":"","_tribe_default_ticket_provider":"","_ticket_start_date":"","_ticket_end_date":"","_tribe_ticket_show_description":"","_tribe_ticket_show_not_going":false,"_tribe_ticket_use_global_stock":"","_tribe_ticket_global_stock_level":"","_global_stock_mode":"","_global_stock_cap":"","_tribe_rsvp_for_event":"","_tribe_ticket_going_count":"","_tribe_ticket_not_going_count":"","_tribe_tickets_list":"[]","_tribe_ticket_has_attendee_info_fields":false,"_kadence_starter_templates_imported_post":false,"footnotes":"","_tec_slr_enabled":"","_tec_slr_layout":""},"class_list":["post-20","page","type-page","status-publish","has-post-thumbnail","hentry"],"featured_image_src":"https:\/\/maralboran.eu\/steam\/wp-content\/uploads\/sites\/43\/2022\/09\/steam-alboran-2-e1663875660638-600x400.png","featured_image_src_square":"https:\/\/maralboran.eu\/steam\/wp-content\/uploads\/sites\/43\/2022\/09\/steam-alboran-2-e1663875660638-600x600.png","ticketed":false,"_links":{"self":[{"href":"https:\/\/maralboran.eu\/steam\/wp-json\/wp\/v2\/pages\/20","targetHints":{"allow":["GET"]}}],"collection":[{"href":"https:\/\/maralboran.eu\/steam\/wp-json\/wp\/v2\/pages"}],"about":[{"href":"https:\/\/maralboran.eu\/steam\/wp-json\/wp\/v2\/types\/page"}],"author":[{"embeddable":true,"href":"https:\/\/maralboran.eu\/steam\/wp-json\/wp\/v2\/users\/48"}],"replies":[{"embeddable":true,"href":"https:\/\/maralboran.eu\/steam\/wp-json\/wp\/v2\/comments?post=20"}],"version-history":[{"count":7,"href":"https:\/\/maralboran.eu\/steam\/wp-json\/wp\/v2\/pages\/20\/revisions"}],"predecessor-version":[{"id":151,"href":"https:\/\/maralboran.eu\/steam\/wp-json\/wp\/v2\/pages\/20\/revisions\/151"}],"wp:featuredmedia":[{"embeddable":true,"href":"https:\/\/maralboran.eu\/steam\/wp-json\/wp\/v2\/media\/132"}],"wp:attachment":[{"href":"https:\/\/maralboran.eu\/steam\/wp-json\/wp\/v2\/media?parent=20"}],"curies":[{"name":"wp","href":"https:\/\/api.w.org\/{rel}","templated":true}]}}