{"id":846,"date":"2020-09-13T15:25:54","date_gmt":"2020-09-13T15:25:54","guid":{"rendered":"http:\/\/maralboran.eu\/musica\/?page_id=846"},"modified":"2023-01-09T17:32:52","modified_gmt":"2023-01-09T17:32:52","slug":"tema-el-barroco","status":"publish","type":"page","link":"https:\/\/maralboran.eu\/musica\/tema-el-barroco\/","title":{"rendered":"TEMA. EL BARROCO"},"content":{"rendered":"<div class=\"wp-block-image\">\n<figure class=\"aligncenter size-large is-resized\"><img loading=\"lazy\" decoding=\"async\" src=\"https:\/\/maralboran.eu\/musica\/wp-content\/uploads\/sites\/32\/2020\/09\/BARROCO.png\" alt=\"\" class=\"wp-image-1044\" width=\"663\" height=\"221\" srcset=\"https:\/\/maralboran.eu\/musica\/wp-content\/uploads\/sites\/32\/2020\/09\/BARROCO.png 489w, https:\/\/maralboran.eu\/musica\/wp-content\/uploads\/sites\/32\/2020\/09\/BARROCO-300x100.png 300w\" sizes=\"auto, (max-width: 663px) 100vw, 663px\" \/><\/figure>\n<\/div>\n\n<h4><a href=\"http:\/\/maralboran.eu\/archivos\/dpto\/musica\/2eso\/temario2.2\/TEMA%20barroco2.docx.pdf\">PDF<\/a><\/h4>\n<h4><strong>\u00bfQu\u00e9 es el Barroco? (1600 \u2013 1750)<\/strong><\/h4>\n<h4><strong><img loading=\"lazy\" decoding=\"async\" class=\"alignleft\" src=\"https:\/\/maralboran.eu\/musica\/wp-content\/uploads\/sites\/32\/2020\/09\/200px-Quijote.jpg\" alt=\"La imagen tiene un atributo ALT vac\u00edo; su nombre de archivo es 200px-Quijote.jpg\" width=\"160\" height=\"155\"><\/strong><\/h4>\n<ul>\n<li><strong>Una \u00e9poca de crisis en Europa marcada por la Guerra de los 30 A\u00f1os y sus terribles consecuencias.<\/strong><\/li>\n<li><strong><span style=\"font-size: inherit; background-color: #ffff99;\">El arte (la m\u00fasica) expresa esta situaci\u00f3n, un arte muy expresivo que transmite intensas emociones.<\/span><\/strong><\/li>\n<li style=\"text-align: left;\">En m\u00fasica abarca desde la 1\u00aa \u00f3pera \u201cOrfeo\u201d hasta la muerte de J.S. Bach<\/li>\n<li style=\"text-align: left;\">Organizaci\u00f3n: monarqu\u00edas absolutas. Francia 1\u00aa potencia europea.<\/li>\n<li style=\"text-align: left;\">Guerra de los 30 a\u00f1os: por motivos pol\u00edticos y religiosos (cat\u00f3licos &#8211; protestantes)<\/li>\n<li style=\"text-align: left;\">Crisis demogr\u00e1fica: malnutrici\u00f3n, epidemias, peste.<\/li>\n<li style=\"text-align: left;\">Arte: <strong>Siglo de Oro espa\u00f1ol<\/strong>, las artes y las letras espa\u00f1oles viven su apogeo. Cervantes, Vel\u00e1zquez&#8230;<\/li>\n<\/ul>\n\n\n<hr \/>\n<h4><strong>\u00bfC\u00f3mo suena la m\u00fasica barroca?<\/strong><\/h4>\n<p><span style=\"background-color: #ffff99;\"><strong>Es una m\u00fasica muy expresiva que transmite fuertes emociones, gracias al uso del contraste, la ornamentaci\u00f3n y el dinamismo.<\/strong><\/span><\/p>\n<ul>\n<li>\n<div id=\"attachment_892\" style=\"width: 153px\" class=\"wp-caption alignright\"><img loading=\"lazy\" decoding=\"async\" aria-describedby=\"caption-attachment-892\" class=\"wp-image-892 \" src=\"http:\/\/maralboran.eu\/musica\/wp-content\/uploads\/sites\/32\/2020\/09\/rapto-192x300.jpg\" alt=\"\" width=\"143\" height=\"223\" srcset=\"https:\/\/maralboran.eu\/musica\/wp-content\/uploads\/sites\/32\/2020\/09\/rapto-192x300.jpg 192w, https:\/\/maralboran.eu\/musica\/wp-content\/uploads\/sites\/32\/2020\/09\/rapto.jpg 236w\" sizes=\"auto, (max-width: 143px) 100vw, 143px\" \/><p id=\"caption-attachment-892\" class=\"wp-caption-text\">El rapto de Proserpina<\/p><\/div>\nEs una m\u00fasica muy <strong>expresiva<\/strong>, transmite fuertes emociones y para conseguirlo usa dos recursos:<\/li>\n<li>1) El <strong>contraste<\/strong> de matices (forte-piano); tempo (r\u00e1pido-lento); timbres (instrumentos y voces), grupos sonoros (solos-tuttis)<\/li>\n<li>2) La <strong>ornamentaci\u00f3n<\/strong>, es un arte muy decorado, recargado, din\u00e1mico.<\/li>\n<li>Las melod\u00edas se componen desarrollando y repitiendo peque\u00f1os motivos, con un <strong>ritmo muy mec\u00e1nico y marcado<\/strong>. Nace el concepto de comp\u00e1s. Sensaci\u00f3n de dinamismo.<\/li>\n<li>La armon\u00eda se organiza en <strong>tonalidades<\/strong>. Aunque hay muchas tonalidades, podemos diferenciar dos grupos fundamentales, Mayores y menores. Las primeras suenan alegres, las segundas tristes. Adem\u00e1s, los cambios de tonalidad en una obra (modular) aporta variedad, contrastes, matices\u2026 Podemos decir entonces que la tonalidad aporta el color a la m\u00fasica, y cada cambio de tonalidad ser\u00eda un color diferente.\n<audio class=\"wp-audio-shortcode\" id=\"audio-846-1\" preload=\"none\" style=\"width: 100%;\" controls=\"controls\"><source type=\"audio\/mpeg\" src=\"http:\/\/maralboran.eu\/musica\/wp-content\/uploads\/sites\/32\/2020\/09\/42-Pista-42.mp3?_=1\" \/><a href=\"http:\/\/maralboran.eu\/musica\/wp-content\/uploads\/sites\/32\/2020\/09\/42-Pista-42.mp3\">http:\/\/maralboran.eu\/musica\/wp-content\/uploads\/sites\/32\/2020\/09\/42-Pista-42.mp3<\/a><\/audio>\n<\/li>\n<\/ul>\n<p>Ejercicio: Contraste\u00a0 \u00a0&#8211;\u00a0 \u00a0Movimiento\u00a0 \u00a0&#8211;\u00a0 \u00a0Voz grave + Melod\u00eda<\/p>\n<hr \/>\n<h4><strong>Bajo Continuo<\/strong><\/h4>\n<p>Es tan importante en el barroco, que al Barroco le llaman <em>\u00abla \u00e9poca del bajo continuo\u00bb<\/em>. Es una melod\u00eda grave cuya es aportar el soporte arm\u00f3nico; son como los pilares que sostienen el edificio musical.<img decoding=\"async\" class=\"alignright\" src=\"https:\/\/maralboran.eu\/musica\/wp-content\/uploads\/sites\/32\/2020\/11\/400px-Clave_piano.jpg\" alt=\"La imagen tiene un atributo ALT vac\u00edo; su nombre de archivo es 400px-Clave_piano.jpg\" \/><\/p>\n<p>El bajo continuo lo realizan instrumentos graves como el violonchelo o el contrabajo, ayudados por el clave que completa la textura con acordes improvisados.<\/p>\n<p>El clave es un instrumento de tecla y cuerda pinzada, antecedente del piano. Es el instrumento \u00abcomod\u00edn\u00bb del barroco, pues puede participar en los tres niveles de la textura: puede llevar la melod\u00eda, colaborar en el acompa\u00f1amiento y completar la armon\u00eda del bajo continuo.<\/p>\n<ul>\n<li class=\"title style-scope ytd-video-primary-info-renderer\"><a href=\"https:\/\/www.youtube.com\/watch?v=_Hw9wCPMfmI\">Rameau &#8211; Piezas de clavecin en concert N\u00b0 5 (La Forqueray)<\/a><\/li>\n<li class=\"title style-scope ytd-video-primary-info-renderer\"><a style=\"font-size: inherit;\" href=\"https:\/\/www.youtube.com\/watch?v=ZUogveJbT64\">Mecanismo del clave. Cuerda pinzada<\/a><\/li>\n<li class=\"title style-scope ytd-video-primary-info-renderer\"><a style=\"font-size: inherit;\" href=\"https:\/\/www.youtube.com\/watch?v=EoL0WawTHWM\">Clavicordio, el instrumento ha evolucionado, unas tangentes de metal golpean las cuerdas<\/a><\/li>\n<li><a href=\"https:\/\/www.youtube.com\/watch?v=VGTTEeFZmcI\">Clave vs piano<\/a><\/li>\n<\/ul>\n<h4><strong>M\u00fasica instrumental<\/strong><\/h4>\n<div id=\"attachment_894\" style=\"width: 165px\" class=\"wp-caption alignleft\"><img loading=\"lazy\" decoding=\"async\" aria-describedby=\"caption-attachment-894\" class=\"wp-image-894\" src=\"http:\/\/maralboran.eu\/musica\/wp-content\/uploads\/sites\/32\/2020\/09\/luthier-300x234.jpg\" alt=\"\" width=\"155\" height=\"121\" srcset=\"https:\/\/maralboran.eu\/musica\/wp-content\/uploads\/sites\/32\/2020\/09\/luthier-300x234.jpg 300w, https:\/\/maralboran.eu\/musica\/wp-content\/uploads\/sites\/32\/2020\/09\/luthier.jpg 317w\" sizes=\"auto, (max-width: 155px) 100vw, 155px\" \/><p id=\"caption-attachment-894\" class=\"wp-caption-text\">Taller de luthier<\/p><\/div>\n<p>Hasta el Barroco la m\u00fasica instrumental fue un g\u00e9nero menor, casi siempre acompa\u00f1aba a la vocal. Pero en el XVII <span style=\"background-color: #ffff99;\"><strong>comienzan a componerse obras exclusivamente instrumentales<\/strong><\/span>, y poco a poco la m\u00fasica instrumental va adquiriendo mayor relevancia. Esta conquista se debe a los avances t\u00e9cnicos en la construcci\u00f3n de instrumentos.<\/p>\n<p><span style=\"background-color: #ffff99;\"><strong>Los luthiers eran artesanos que fabricaban instrumentos musicales<\/strong>. <strong>Antonio Stradivari<\/strong><\/span> fue un famoso luthier, en su taller se fabricaron violines de excelente calidad que a\u00fan hoy son insuperables.<\/p>\n<p>Consecuencia del avance de la m\u00fasica instrumental<span style=\"background-color: #ffff99;\"> <strong>surge la orquesta <\/strong><\/span>como un cuerpo fijo de m\u00fasicos.<\/p>\n<p><img loading=\"lazy\" decoding=\"async\" class=\"alignleft\" src=\"https:\/\/maralboran.eu\/musica\/wp-content\/uploads\/sites\/32\/2020\/09\/orquesta-barroca.jpg\" alt=\"La imagen tiene un atributo ALT vac\u00edo; su nombre de archivo es orquesta-barroca.jpg\" width=\"400\" height=\"252\" \/><\/p>\n<ul>\n<li>La base la constituyen las cuerdas: violines, violas, violonchelos y contrabajos. En el Barroco comienza el reinado del viol\u00edn.<\/li>\n<li>El bajo continuo lo interpreta el violonchelo acompa\u00f1ado por el clave.<\/li>\n<li>El clave es el antecedente del piano, su sonido es m\u00e1s met\u00e1lico.<\/li>\n<li>Se pod\u00edan sumar algunos instrumentos de viento como la flauta, trompeta, oboe.<\/li>\n<\/ul>\n<p>\u00a0<\/p>\n<p>Entre las <span style=\"background-color: #ffff99;\"><strong>formas instrumentales<\/strong><\/span> destacan tres:<\/p>\n<ul>\n<li><strong>Suite<\/strong>, sucesi\u00f3n de danzas cortas y elegantes compuestas para la aristocracia.<\/li>\n<\/ul>\n<ul>\n<li><strong>Fuga<\/strong>, consiste en la exposici\u00f3n de un tema que se ira repitiendo\u00a0 e imitando en distintas voces en contrapunto imitativo.<\/li>\n<\/ul>\n<table style=\"border-collapse: collapse; width: 100%; height: 160px;\">\n<tbody>\n<tr style=\"height: 160px;\">\n<td style=\"width: 33.3333%; height: 160px;\"><a href=\"https:\/\/www.youtube.com\/watch?v=HB8-w5CvMls\"><img decoding=\"async\" src=\"https:\/\/maralboran.eu\/musica\/wp-content\/uploads\/sites\/32\/2020\/09\/fuga.jpg\" alt=\"La imagen tiene un atributo ALT vac\u00edo; su nombre de archivo es fuga.jpg\" \/><\/a><\/td>\n<td style=\"width: 33.3333%; height: 160px;\">\n<div style=\"width: 410px\" class=\"wp-caption alignnone\"><a href=\"https:\/\/www.youtube.com\/watch?v=HB8-w5CvMls\" target=\"_blank\" rel=\"noopener noreferrer\"><img loading=\"lazy\" decoding=\"async\" src=\"https:\/\/maralboran.eu\/musica\/wp-content\/uploads\/sites\/32\/2020\/09\/fuga2.jpg\" alt=\"La imagen tiene un atributo ALT vac\u00edo; su nombre de archivo es fuga2.jpg\" width=\"400\" height=\"129\" \/><\/a><p class=\"wp-caption-text\">Bach. El clave bien temperado. Preludio y fuga n\u00ba 2<\/p><\/div>\n<\/td>\n<\/tr>\n<\/tbody>\n<\/table>\n<ul>\n<li><strong>Concierto<\/strong>, obra para orquesta dividida en tres movimientos (r\u00e1pido-lento-r\u00e1pido) y en la que se establece una alternancia de <strong>\u201cSolos\u201d y \u201cTuttis\u201d, es el \u201cestilo concertato\u201d<\/strong>. Los solos y tuttis se separan por \u00abRitornellos\u00bb, un tema recurrente f\u00e1cil de identificar.\u00a0 Vivaldi fue el genio del concierto, le dio su forma definitiva.\n<ul>\n<li><a href=\"https:\/\/www.youtube.com\/watch?v=MT8qXztbqSM\"><strong>Concierto solista<\/strong><\/a>, dialogan la orquesta (Tutti) con un solo instrumento (Solo)<\/li>\n<li><a href=\"https:\/\/www.youtube.com\/watch?v=dvpu-ZgpBiU\"><strong>Concierto grosso<\/strong><\/a>, dialogan la orquesta (Tutti) con un grupo reducido de instrumentos llamado \u201cconcertino\u201d (Solo).<\/li>\n<\/ul>\n<\/li>\n<\/ul>\n<table style=\"border-collapse: collapse; width: 100%;\">\n<tbody>\n<tr>\n<td style=\"width: 70.3125%;\">\n<audio class=\"wp-audio-shortcode\" id=\"audio-846-2\" preload=\"none\" style=\"width: 100%;\" controls=\"controls\"><source type=\"audio\/mpeg\" src=\"http:\/\/maralboran.eu\/musica\/wp-content\/uploads\/sites\/32\/2020\/09\/46-Pista-46.mp3?_=2\" \/><a href=\"http:\/\/maralboran.eu\/musica\/wp-content\/uploads\/sites\/32\/2020\/09\/46-Pista-46.mp3\">http:\/\/maralboran.eu\/musica\/wp-content\/uploads\/sites\/32\/2020\/09\/46-Pista-46.mp3<\/a><\/audio>\n<p>\u00a0 \u00a0 <a href=\"https:\/\/www.youtube.com\/watch?v=amqF4MCVRDk\">Suite barroca<\/a><\/p>\n<audio class=\"wp-audio-shortcode\" id=\"audio-846-3\" preload=\"none\" style=\"width: 100%;\" controls=\"controls\"><source type=\"audio\/mpeg\" src=\"http:\/\/maralboran.eu\/musica\/wp-content\/uploads\/sites\/32\/2020\/09\/45-Pista-45.mp3?_=3\" \/><a href=\"http:\/\/maralboran.eu\/musica\/wp-content\/uploads\/sites\/32\/2020\/09\/45-Pista-45.mp3\">http:\/\/maralboran.eu\/musica\/wp-content\/uploads\/sites\/32\/2020\/09\/45-Pista-45.mp3<\/a><\/audio>\n<p>Albinoni, fragmentos de \u00abconcierto para oboe Op.9 en rem\u00bb. (Contrastes de tempo entre movimientos)<\/p>\n<audio class=\"wp-audio-shortcode\" id=\"audio-846-4\" preload=\"none\" style=\"width: 100%;\" controls=\"controls\"><source type=\"audio\/mpeg\" src=\"http:\/\/maralboran.eu\/musica\/wp-content\/uploads\/sites\/32\/2020\/09\/47-Pista-47.mp3?_=4\" \/><a href=\"http:\/\/maralboran.eu\/musica\/wp-content\/uploads\/sites\/32\/2020\/09\/47-Pista-47.mp3\">http:\/\/maralboran.eu\/musica\/wp-content\/uploads\/sites\/32\/2020\/09\/47-Pista-47.mp3<\/a><\/audio>\n<p style=\"text-align: left;\">Vivaldi, fragmentos de \u00abLas cuatro estaciones\u00bb. (*el <strong>estilo concitato<\/strong> consiste en ejecutar un ritmo muy r\u00e1pido sobre una nota, para dar sensaci\u00f3n de movimiento y dinamismo)<\/p>\n<p style=\"text-align: left;\">1) Bajo continuo;\u00a0 \u00a02) Contraste t\u00edmbrico;\u00a0 \u00a03) Estilo concitato ;\u00a0 \u00a04) Contraste din\u00e1mico (matices de intensidad)<\/p>\n<hr \/>\n<div style=\"width: 590px\" class=\"wp-caption alignnone\"><a href=\"https:\/\/www.youtube.com\/watch?v=aDB5Bi18iW8\"><img loading=\"lazy\" decoding=\"async\" src=\"https:\/\/maralboran.eu\/musica\/wp-content\/uploads\/sites\/32\/2020\/09\/grosso.jpg\" alt=\"La imagen tiene un atributo ALT vac\u00edo; su nombre de archivo es grosso.jpg\" width=\"580\" height=\"178\" \/><\/a><p class=\"wp-caption-text\"><a href=\"https:\/\/www.youtube.com\/watch?v=aDB5Bi18iW8\">Bach. Concuerto de Brandemburgo n\u00ba2, 1\u00ba mov<\/a><\/p><\/div>\n<\/td>\n<\/tr>\n<\/tbody>\n<\/table>\n<hr \/>\n<h4><strong>La \u00f3pera. M\u00fasica vocal profana<\/strong><\/h4>\n<p>El nacimiento de la \u00f3pera fue tan importante que marca el comienzo del Barroco. La primera \u00f3pera fue compuesta por el italiano <strong>Monteverdi<\/strong>, \u00abOrfeo\u00bb. <strong>Haendel<\/strong> compuso algunas de las mejores \u00f3peras barrocas. Tambi\u00e9n destacan las <a href=\"https:\/\/www.youtube.com\/watch?v=bPnNA8yTD8E\">\u00f3peras francesas de Lully,<\/a>\u00a0con la presencia destacada del <a href=\"https:\/\/www.youtube.com\/watch?v=ZqMIUoeubLI\">ballet<\/a>.\u00a0<\/p>\n<p><span style=\"background-color: #ffff99;\"><strong>Una \u00f3pera es un teatro musical en el que participan cantantes, orquesta y coros al que asiste solo la nobleza.<\/strong><\/span><\/p>\n<p>Cuenta una historia redactada en el <strong>libreto<\/strong>. Es m\u00e1s importante el espect\u00e1culo que el argumento, a veces resulta poco cre\u00edble. Temas mitol\u00f3gicos y elevados del gusto de la nobleza.<\/p>\n<p>Utilizan sofisticados decorados (tramoya) y espl\u00e9ndidos vestuarios. Es un gran espect\u00e1culo para nobles.\u00a0<\/p>\n<p><a href=\"https:\/\/www.youtube.com\/watch?v=BMvpvDjFvHA\">Escenas de <em>\u00abEl reino de la danza\u00bb<\/em>, m\u00fasica de Lully<\/a><\/p>\n<audio class=\"wp-audio-shortcode\" id=\"audio-846-5\" preload=\"none\" style=\"width: 100%;\" controls=\"controls\"><source type=\"audio\/mpeg\" src=\"http:\/\/maralboran.eu\/musica\/wp-content\/uploads\/sites\/32\/2020\/09\/43-Pista-43.mp3?_=5\" \/><a href=\"http:\/\/maralboran.eu\/musica\/wp-content\/uploads\/sites\/32\/2020\/09\/43-Pista-43.mp3\">http:\/\/maralboran.eu\/musica\/wp-content\/uploads\/sites\/32\/2020\/09\/43-Pista-43.mp3<\/a><\/audio>\n<p>Haendel. \u00abJulio c\u00e9sar\u00bb. Ritornello + aria<\/p>\n<p><strong>Partes de la \u00f3pera<\/strong><\/p>\n<p><strong><img loading=\"lazy\" decoding=\"async\" class=\"alignright\" src=\"https:\/\/maralboran.eu\/musica\/wp-content\/uploads\/sites\/32\/2020\/09\/opera.jpg\" alt=\"La imagen tiene un atributo ALT vac\u00edo; su nombre de archivo es opera.jpg\" width=\"324\" height=\"190\" \/>Obertura<\/strong>: introducci\u00f3n instrumental Interpretada por la orquesta, que a veces presenta los temas principales de la \u00f3pera.<\/p>\n<p><a href=\"https:\/\/youtu.be\/W2YzmV2Mh5A\">\u00abOrfeo\u00bb. Monteverdi\u00a0<\/a><\/p>\n<p><strong>Ritornellos<\/strong>: momentos en los que suena la orquesta y no canta nadie, suelen separar las arias de los recitativos.<\/p>\n<p><strong>Recitativos<\/strong>: partes cuyo texto se declama, entre cantar y hablar. Son menos expresivas por lo que se aprovecha para que la acci\u00f3n avance.<\/p>\n<p><a href=\"https:\/\/www.youtube.com\/watch?v=4_xtiu57ulA\">Recitativo de la Opera barroca \u00ab<em>Tamerlano<\/em>\u00bb de Haendel.<\/a><\/p>\n<p><strong>Arias<\/strong>: las partes que se cantan con toda la belleza, expresividad y virtuosismo. La acci\u00f3n se detiene y se describe el sentimiento de ese instante.<\/p>\n<p><a href=\"https:\/\/www.youtube.com\/watch?v=H4It44mYw2I&amp;feature=emb_logo\"><em>\u00abAgitata da due venti\u201d<\/em>. Antonio Vivaldi<\/a>\u00a0 \u00a0 \u00a0\u00a0<\/p>\n<p><a href=\"https:\/\/www.youtube.com\/watch?v=m97BG4xkh5E&amp;feature=emb_logo\">\u00a0\u201cRevenez, Amours\u201d. Jean Baptiste Lully.<\/a><\/p>\n<p><img loading=\"lazy\" decoding=\"async\" class=\"alignleft\" src=\"https:\/\/maralboran.eu\/musica\/wp-content\/uploads\/sites\/32\/2020\/09\/Farinelli.jpg\" alt=\"La imagen tiene un atributo ALT vac\u00edo; su nombre de archivo es Farinelli.jpg\" width=\"201\" height=\"118\" \/><\/p>\n<p style=\"text-align: left;\">Los <strong>castrati <\/strong>eran ni\u00f1os cantantes, que al demostrar cualidades especiales para cantar, sufr\u00edan una castraci\u00f3n para conservar la limpieza y blancura de la voz infantil, y que ya adultos se asemejaba a la de una soprano. Eran las grandes estrellas de la m\u00fasica y despertaban gran admiraci\u00f3n. El m\u00e1s famoso castrati fue Farinelli, que cant\u00f3 en las principales cortes europeas.<\/p>\n<p><a href=\"https:\/\/www.youtube.com\/watch?v=WuSiuMuBLhM\">Haendel. Lascia Ch&#8217;io Pianga<\/a><\/p>\n<p>\u00a0 \u00a0 \u00a0 \u00a0\u00a0<\/p>\n<hr \/>\n<p><strong>M\u00fasica vocal religiosa<\/strong><strong><img loading=\"lazy\" decoding=\"async\" class=\"alignright\" src=\"https:\/\/maralboran.eu\/musica\/wp-content\/uploads\/sites\/32\/2020\/09\/img.jpg\" alt=\"La imagen tiene un atributo ALT vac\u00edo; su nombre de archivo es img.jpg\" width=\"169\" height=\"155\" \/><\/strong><\/p>\n<p>La religi\u00f3n segu\u00eda teniendo gran importancia, y la m\u00fasica estaba muy presente en la liturgia y eventos religiosos. Se compon\u00edan <strong>misas, oratorios y cantatas<\/strong>, muy parecidos a las \u00f3peras pues contaban historias, pero de tema religioso. Adem\u00e1s, no usaban decorados ni vestuarios. <strong>Bach<\/strong> destac\u00f3 en este g\u00e9nero.<\/p>\n<hr \/>\n<p>\u00abFor unto us a child is born\u00bb Haendel<\/p>\n<p>Ej: a) T\u00edtulo del oratorio;\u00a0 \u00a0b) Famoso coro;\u00a0 \u00a0c) Argumento del oratorio<\/p>\n<h4>(Fragmento de la pel\u00edcula <a href=\"https:\/\/www.youtube.com\/watch?v=HhEIWhDH0BM\">\u00abEl Coro\u00bb 2014<\/a>)<\/h4>\n<audio class=\"wp-audio-shortcode\" id=\"audio-846-6\" preload=\"none\" style=\"width: 100%;\" controls=\"controls\"><source type=\"audio\/mpeg\" src=\"http:\/\/maralboran.eu\/musica\/wp-content\/uploads\/sites\/32\/2020\/09\/44-Pista-44.mp3?_=6\" \/><a href=\"http:\/\/maralboran.eu\/musica\/wp-content\/uploads\/sites\/32\/2020\/09\/44-Pista-44.mp3\">http:\/\/maralboran.eu\/musica\/wp-content\/uploads\/sites\/32\/2020\/09\/44-Pista-44.mp3<\/a><\/audio>\n<hr \/>\n<p><a href=\"https:\/\/www.youtube.com\/watch?v=lar4DWUmY9k\">Bach. La pasi\u00f3n seg\u00fan San Mateo. \u00abIch will bei meinem Jesu wachen\u00bb<\/a><\/p>\n<p><img loading=\"lazy\" decoding=\"async\" class=\"\" src=\"https:\/\/maralboran.eu\/musica\/wp-content\/uploads\/sites\/32\/2020\/09\/oratorio.jpg\" alt=\"La imagen tiene un atributo ALT vac\u00edo; su nombre de archivo es oratorio.jpg\" width=\"700\" height=\"197\" \/><\/p>\n<hr \/>\n<h4><strong>Genios del Barroco:<\/strong><\/h4>\n<table style=\"border-collapse: collapse; width: 100%;\">\n<tbody>\n<tr>\n<td style=\"width: 50%;\">\n<p><a href=\"https:\/\/www.youtube.com\/watch?v=0Ifav2hfDYw&amp;t=303s\">J.S. <strong>Bach<\/strong><\/a><\/p>\n<p>Georg<strong> Haendel<\/strong><\/p>\n<p><a href=\"https:\/\/www.youtube.com\/watch?v=DR8hTonD-RI&amp;t=239s\">Antonio <strong>Vivaldi<\/strong><\/a><\/p>\n<p>Henry <strong>Purcel<\/strong><\/p>\n<p>Tomaso<strong> Albinoni<\/strong><\/p>\n<p>Johan<strong> Pachelbel<\/strong><\/p>\n<\/td>\n<td style=\"width: 50%;\">\n<h4 style=\"text-align: left;\">DISCOBARROCO<\/h4>\n<p><a href=\"https:\/\/rubenmolto.wixsite.com\/discobarroco\" target=\"_blank\" rel=\"noopener noreferrer\"><img loading=\"lazy\" decoding=\"async\" class=\"alignnone\" src=\"https:\/\/maralboran.eu\/musica\/wp-content\/uploads\/sites\/32\/2020\/09\/ipod-icon.png\" alt=\"La imagen tiene un atributo ALT vac\u00edo; su nombre de archivo es ipod-icon.png\" width=\"182\" height=\"182\" \/><\/a><\/p>\n<\/td>\n<\/tr>\n<\/tbody>\n<\/table>\n<p>\u00a0<\/p>\n<hr \/>\n<h4><strong><img loading=\"lazy\" decoding=\"async\" class=\"alignright\" src=\"https:\/\/maralboran.eu\/musica\/wp-content\/uploads\/sites\/32\/2020\/09\/Sweetbox_everythings_gonna_be.jpg\" alt=\"La imagen tiene un atributo ALT vac\u00edo; su nombre de archivo es Sweetbox_everythings_gonna_be.jpg\" width=\"137\" height=\"137\" \/>Para curiosos:<\/strong><\/h4>\n<p style=\"text-align: left;\"><strong>Bach es aburrido<\/strong><\/p>\n<p style=\"text-align: left;\">La m\u00fasica de Bach es aburrida y no tiene ritmo&#8230; que se lo digan a <a href=\"https:\/\/www.youtube.com\/watch?v=rzTT5M8zBu4\">Sweet Box, \u00abEverything\u00b4s gonna be all right<\/a>\u00ab<\/p>\n<p style=\"text-align: left;\"><strong><img loading=\"lazy\" decoding=\"async\" class=\"alignleft\" src=\"https:\/\/maralboran.eu\/musica\/wp-content\/uploads\/sites\/32\/2020\/09\/05lully_ampliacion.jpg\" alt=\"La imagen tiene un atributo ALT vac\u00edo; su nombre de archivo es 05lully_ampliacion.jpg\" width=\"160\" height=\"136\" \/>La muerte m\u00e1s absurda<\/strong><\/p>\n<p style=\"text-align: left;\">En el siglo XVII los compositores dirig\u00edan sus propias obras. No usaban la t\u00edpica batuta, sino que marcaban el comp\u00e1s con un bast\u00f3n golpe\u00e1ndolo en el suelo. Lully, gran compositor franc\u00e9s, ten\u00eda mal genio, y ese d\u00eda la orquesta no andaba fina. En su enfado golpe\u00f3 fuertemente con su bast\u00f3n, con tan mala fortuna que se hiri\u00f3 el pie. Con el tiempo la herida se gangren\u00f3 y muri\u00f3.\u00a0<\/p>\n<p class=\"title style-scope ytd-video-primary-info-renderer\"><a href=\"https:\/\/www.youtube.com\/watch?v=tnEA97H8OeQ\">J.B. LULLY: \u00abArmide\u00bb<\/a><\/p>\n","protected":false},"excerpt":{"rendered":"<p>PDF \u00bfQu\u00e9 es el Barroco? (1600 \u2013 1750) Una \u00e9poca de crisis en Europa marcada por la Guerra de los 30 A\u00f1os y sus terribles consecuencias. El arte (la m\u00fasica)&#46;&#46;&#46;<\/p>\n","protected":false},"author":1,"featured_media":0,"parent":0,"menu_order":0,"comment_status":"closed","ping_status":"closed","template":"","meta":{"_price":"","_stock":"","_tribe_ticket_header":"","_tribe_default_ticket_provider":"","_ticket_start_date":"","_ticket_end_date":"","_tribe_ticket_show_description":"","_tribe_ticket_show_not_going":false,"_tribe_ticket_use_global_stock":"","_tribe_ticket_global_stock_level":"","_global_stock_mode":"","_global_stock_cap":"","_tribe_rsvp_for_event":"","_tribe_ticket_going_count":"","_tribe_ticket_not_going_count":"","_tribe_tickets_list":"[]","_tribe_ticket_has_attendee_info_fields":false,"_kadence_starter_templates_imported_post":false,"footnotes":"","_tec_slr_enabled":"","_tec_slr_layout":""},"class_list":["post-846","page","type-page","status-publish","hentry"],"featured_image_src":null,"featured_image_src_square":null,"ticketed":false,"_links":{"self":[{"href":"https:\/\/maralboran.eu\/musica\/wp-json\/wp\/v2\/pages\/846","targetHints":{"allow":["GET"]}}],"collection":[{"href":"https:\/\/maralboran.eu\/musica\/wp-json\/wp\/v2\/pages"}],"about":[{"href":"https:\/\/maralboran.eu\/musica\/wp-json\/wp\/v2\/types\/page"}],"author":[{"embeddable":true,"href":"https:\/\/maralboran.eu\/musica\/wp-json\/wp\/v2\/users\/1"}],"replies":[{"embeddable":true,"href":"https:\/\/maralboran.eu\/musica\/wp-json\/wp\/v2\/comments?post=846"}],"version-history":[{"count":96,"href":"https:\/\/maralboran.eu\/musica\/wp-json\/wp\/v2\/pages\/846\/revisions"}],"predecessor-version":[{"id":2247,"href":"https:\/\/maralboran.eu\/musica\/wp-json\/wp\/v2\/pages\/846\/revisions\/2247"}],"wp:attachment":[{"href":"https:\/\/maralboran.eu\/musica\/wp-json\/wp\/v2\/media?parent=846"}],"curies":[{"name":"wp","href":"https:\/\/api.w.org\/{rel}","templated":true}]}}