{"id":797,"date":"2020-06-12T11:06:58","date_gmt":"2020-06-12T11:06:58","guid":{"rendered":"http:\/\/maralboran.eu\/musica\/?page_id=797"},"modified":"2021-06-19T10:16:50","modified_gmt":"2021-06-19T10:16:50","slug":"septiembre-recuperacion-de-1o-de-eso","status":"publish","type":"page","link":"https:\/\/maralboran.eu\/musica\/septiembre-recuperacion-de-1o-de-eso\/","title":{"rendered":"Septiembre. Recuperaci\u00f3n de 1\u00ba ESO"},"content":{"rendered":"\n\n\n<figure class=\"wp-block-image size-large\"><img loading=\"lazy\" decoding=\"async\" width=\"604\" height=\"282\" src=\"http:\/\/maralboran.eu\/musica\/wp-content\/uploads\/sites\/32\/2020\/06\/informes-sep-mini.png\" alt=\"\" class=\"wp-image-778\" srcset=\"https:\/\/maralboran.eu\/musica\/wp-content\/uploads\/sites\/32\/2020\/06\/informes-sep-mini.png 604w, https:\/\/maralboran.eu\/musica\/wp-content\/uploads\/sites\/32\/2020\/06\/informes-sep-mini-300x140.png 300w\" sizes=\"auto, (max-width: 604px) 100vw, 604px\" \/><\/figure>\n\n\n\n<blockquote>\n<h4><strong>Grupos: 1\u00ba ESO. Todos menos 1\u00ba E<\/strong><\/h4>\n<h4><strong>Profesor: Antonio Rueda Castillo<\/strong><\/h4>\n<h4>Entrega en : en papel en el momento del examen<\/h4>\n<\/blockquote>\n<ul>\n<li><a href=\"http:\/\/maralboran.eu\/archivos\/dpto\/musica\/recup\/sept21\/infrec2021_mus_1eso%20Antonio.pdf\">Informe de Septiembre y actividades<\/a><br \/><hr \/><\/li>\n<\/ul>\n<blockquote>\n<h4>Grupo: 1\u00ba ESO E<\/h4>\n<h4><strong>Profesor: Rub\u00e9n Molt\u00f3 S\u00e1nchez<\/strong><\/h4>\n<h4>Entrega en: Moodle (curso de todo el a\u00f1o, pesta\u00f1a Septiembre)<\/h4>\n<\/blockquote>\n<ul>\n<li><a href=\"http:\/\/maralboran.eu\/archivos\/dpto\/musica\/recup\/sept21\/infrec2021_mus_1eso%20E.pdf\">Informe de Septiembre y actividades<\/a><\/li>\n<\/ul>\n","protected":false},"excerpt":{"rendered":"<p>Grupos: 1\u00ba ESO. Todos menos 1\u00ba E Profesor: Antonio Rueda Castillo Entrega en : en papel en el momento del examen Informe de Septiembre y actividades Grupo: 1\u00ba ESO E&#46;&#46;&#46;<\/p>\n","protected":false},"author":1,"featured_media":0,"parent":0,"menu_order":0,"comment_status":"closed","ping_status":"closed","template":"","meta":{"_price":"","_stock":"","_tribe_ticket_header":"","_tribe_default_ticket_provider":"","_tribe_ticket_capacity":"0","_ticket_start_date":"","_ticket_end_date":"","_tribe_ticket_show_description":"","_tribe_ticket_show_not_going":false,"_tribe_ticket_use_global_stock":"","_tribe_ticket_global_stock_level":"","_global_stock_mode":"","_global_stock_cap":"","_tribe_rsvp_for_event":"","_tribe_ticket_going_count":"","_tribe_ticket_not_going_count":"","_tribe_tickets_list":"[]","_tribe_ticket_has_attendee_info_fields":false,"_kadence_starter_templates_imported_post":false,"footnotes":"","_tec_slr_enabled":"","_tec_slr_layout":""},"class_list":["post-797","page","type-page","status-publish","hentry"],"featured_image_src":null,"featured_image_src_square":null,"ticketed":false,"_links":{"self":[{"href":"https:\/\/maralboran.eu\/musica\/wp-json\/wp\/v2\/pages\/797","targetHints":{"allow":["GET"]}}],"collection":[{"href":"https:\/\/maralboran.eu\/musica\/wp-json\/wp\/v2\/pages"}],"about":[{"href":"https:\/\/maralboran.eu\/musica\/wp-json\/wp\/v2\/types\/page"}],"author":[{"embeddable":true,"href":"https:\/\/maralboran.eu\/musica\/wp-json\/wp\/v2\/users\/1"}],"replies":[{"embeddable":true,"href":"https:\/\/maralboran.eu\/musica\/wp-json\/wp\/v2\/comments?post=797"}],"version-history":[{"count":16,"href":"https:\/\/maralboran.eu\/musica\/wp-json\/wp\/v2\/pages\/797\/revisions"}],"predecessor-version":[{"id":2084,"href":"https:\/\/maralboran.eu\/musica\/wp-json\/wp\/v2\/pages\/797\/revisions\/2084"}],"wp:attachment":[{"href":"https:\/\/maralboran.eu\/musica\/wp-json\/wp\/v2\/media?parent=797"}],"curies":[{"name":"wp","href":"https:\/\/api.w.org\/{rel}","templated":true}]}}