{"id":777,"date":"2020-06-12T07:51:52","date_gmt":"2020-06-12T07:51:52","guid":{"rendered":"http:\/\/maralboran.eu\/musica\/?page_id=777"},"modified":"2021-06-19T10:27:22","modified_gmt":"2021-06-19T10:27:22","slug":"2o-eso-recuperacion-de-septiembre","status":"publish","type":"page","link":"https:\/\/maralboran.eu\/musica\/2o-eso-recuperacion-de-septiembre\/","title":{"rendered":"Septiembre. Recuperaci\u00f3n de 2\u00ba ESO"},"content":{"rendered":"\n<figure class=\"wp-block-image size-large\"><img loading=\"lazy\" decoding=\"async\" width=\"604\" height=\"282\" src=\"https:\/\/maralboran.eu\/musica\/wp-content\/uploads\/sites\/32\/2020\/06\/informes-sep-mini.png\" alt=\"\" class=\"wp-image-778\" srcset=\"https:\/\/maralboran.eu\/musica\/wp-content\/uploads\/sites\/32\/2020\/06\/informes-sep-mini.png 604w, https:\/\/maralboran.eu\/musica\/wp-content\/uploads\/sites\/32\/2020\/06\/informes-sep-mini-300x140.png 300w\" sizes=\"auto, (max-width: 604px) 100vw, 604px\" \/><\/figure>\n\n\n\n<blockquote>\n<h4><strong>Material de consulta<\/strong><\/h4>\n<\/blockquote>\n<ul>\n<li><a href=\"https:\/\/maralboran.eu\/musica\/2o-e-s-o\/\">Temario web\u00a0<\/a><\/li>\n<\/ul>\n<hr \/>\n<p>\u00a0<\/p>\n\n\n\n<blockquote>\n<h4><strong>Grupos: A-C-D-E-H<\/strong><\/h4>\n<h4><strong>Profesor: Rub\u00e9n Molt\u00f3<\/strong><\/h4>\n<h4>Entrega en : Moodle (mismo curso de todo el a\u00f1o, pesta\u00f1a septiembre)<\/h4>\n<\/blockquote>\n\n\n\n<ul>\n<li><a href=\"http:\/\/maralboran.eu\/archivos\/dpto\/musica\/recup\/sept21\/infrec2021_mus_2eso%20ACDEH.pdf\">Informe de Septiembre<\/a><\/li>\n<\/ul>\n<hr \/>\n<p>\u00a0<\/p>\n\n\n\n<blockquote>\n<h4><strong>Grupos: B-F-G<\/strong><\/h4>\n<h4><strong>Profesores Rosario Luque y Jos\u00e9 Antonio Roca<\/strong><\/h4>\n<h4>Entrega en: Classroom fp35flw<\/h4>\n<\/blockquote>\n\n\n\n<ul>\n<li><a href=\"http:\/\/maralboran.eu\/archivos\/dpto\/musica\/recup\/sept21\/infrec2021_mus_2eso-BFG.pdf\">Informe de Septiembre y actividades<\/a><\/li>\n<\/ul>\n","protected":false},"excerpt":{"rendered":"<p>Material de consulta Temario web\u00a0 \u00a0 Grupos: A-C-D-E-H Profesor: Rub\u00e9n Molt\u00f3 Entrega en : Moodle (mismo curso de todo el a\u00f1o, pesta\u00f1a septiembre) Informe de Septiembre \u00a0 Grupos: B-F-G Profesores&#46;&#46;&#46;<\/p>\n","protected":false},"author":1,"featured_media":0,"parent":0,"menu_order":0,"comment_status":"closed","ping_status":"closed","template":"","meta":{"_price":"","_stock":"","_tribe_ticket_header":"","_tribe_default_ticket_provider":"","_ticket_start_date":"","_ticket_end_date":"","_tribe_ticket_show_description":"","_tribe_ticket_show_not_going":false,"_tribe_ticket_use_global_stock":"","_tribe_ticket_global_stock_level":"","_global_stock_mode":"","_global_stock_cap":"","_tribe_rsvp_for_event":"","_tribe_ticket_going_count":"","_tribe_ticket_not_going_count":"","_tribe_tickets_list":"[]","_tribe_ticket_has_attendee_info_fields":false,"_kadence_starter_templates_imported_post":false,"footnotes":"","_tec_slr_enabled":"","_tec_slr_layout":""},"class_list":["post-777","page","type-page","status-publish","hentry"],"featured_image_src":null,"featured_image_src_square":null,"ticketed":false,"_links":{"self":[{"href":"https:\/\/maralboran.eu\/musica\/wp-json\/wp\/v2\/pages\/777","targetHints":{"allow":["GET"]}}],"collection":[{"href":"https:\/\/maralboran.eu\/musica\/wp-json\/wp\/v2\/pages"}],"about":[{"href":"https:\/\/maralboran.eu\/musica\/wp-json\/wp\/v2\/types\/page"}],"author":[{"embeddable":true,"href":"https:\/\/maralboran.eu\/musica\/wp-json\/wp\/v2\/users\/1"}],"replies":[{"embeddable":true,"href":"https:\/\/maralboran.eu\/musica\/wp-json\/wp\/v2\/comments?post=777"}],"version-history":[{"count":15,"href":"https:\/\/maralboran.eu\/musica\/wp-json\/wp\/v2\/pages\/777\/revisions"}],"predecessor-version":[{"id":2089,"href":"https:\/\/maralboran.eu\/musica\/wp-json\/wp\/v2\/pages\/777\/revisions\/2089"}],"wp:attachment":[{"href":"https:\/\/maralboran.eu\/musica\/wp-json\/wp\/v2\/media?parent=777"}],"curies":[{"name":"wp","href":"https:\/\/api.w.org\/{rel}","templated":true}]}}