{"id":686,"date":"2020-04-29T11:15:29","date_gmt":"2020-04-29T11:15:29","guid":{"rendered":"http:\/\/maralboran.eu\/musica\/?page_id=686"},"modified":"2020-06-24T10:05:24","modified_gmt":"2020-06-24T10:05:24","slug":"plan-de-actividades-musica-1o-eso-ruben-molto","status":"publish","type":"page","link":"https:\/\/maralboran.eu\/musica\/plan-de-actividades-musica-1o-eso-ruben-molto\/","title":{"rendered":"Plan de actividades M\u00fasica 1\u00ba ESO. Rub\u00e9n Molt\u00f3"},"content":{"rendered":"\n<blockquote>\n<h4><strong>\u00a1T\u00fa eliges el m\u00e9todo de entrega!<\/strong><\/h4>\n<\/blockquote>\n\n\n\n<h4><span style=\"background-color: #ffcc00;\">GOOGL<\/span><span style=\"background-color: #ffcc00;\">E Classroom wvxnpob<\/span><\/h4>\n<p><img loading=\"lazy\" decoding=\"async\" class=\" wp-image-719 alignleft\" src=\"http:\/\/maralboran.eu\/musica\/wp-content\/uploads\/sites\/32\/2020\/05\/Sin-t\u00edtulo-1-300x150.jpg\" alt=\"\" width=\"198\" height=\"99\" srcset=\"https:\/\/maralboran.eu\/musica\/wp-content\/uploads\/sites\/32\/2020\/05\/Sin-t\u00edtulo-1-300x150.jpg 300w, https:\/\/maralboran.eu\/musica\/wp-content\/uploads\/sites\/32\/2020\/05\/Sin-t\u00edtulo-1-768x384.jpg 768w, https:\/\/maralboran.eu\/musica\/wp-content\/uploads\/sites\/32\/2020\/05\/Sin-t\u00edtulo-1.jpg 1000w\" sizes=\"auto, (max-width: 198px) 100vw, 198px\" \/>Para facilitar el env\u00edo de actividades y v\u00eddeos, he creado este Google Classroom.<\/p>\n<p>En \u00e9l encontrar\u00e1s las mismas actividades y materiales que ves en esta p\u00e1gina.&nbsp;<\/p>\n<p>Su objetivo es facilitar el env\u00edo de archivos, puesto que algunos alumnos me lo han pedido.&nbsp;<\/p>\n<p>&nbsp;<\/p>\n<hr>\n<h4><span style=\"background-color: #99ccff;\">EMAIL pcmusicalboran@gmail.com<\/span><\/h4>\n<p><img loading=\"lazy\" decoding=\"async\" class=\" wp-image-732 alignleft\" src=\"http:\/\/maralboran.eu\/musica\/wp-content\/uploads\/sites\/32\/2020\/05\/funciones-ocultas-mas-importantes-de-gmail-300x127.jpg\" alt=\"\" width=\"198\" height=\"84\" srcset=\"https:\/\/maralboran.eu\/musica\/wp-content\/uploads\/sites\/32\/2020\/05\/funciones-ocultas-mas-importantes-de-gmail-300x127.jpg 300w, https:\/\/maralboran.eu\/musica\/wp-content\/uploads\/sites\/32\/2020\/05\/funciones-ocultas-mas-importantes-de-gmail-768x326.jpg 768w, https:\/\/maralboran.eu\/musica\/wp-content\/uploads\/sites\/32\/2020\/05\/funciones-ocultas-mas-importantes-de-gmail-980x420.jpg 980w, https:\/\/maralboran.eu\/musica\/wp-content\/uploads\/sites\/32\/2020\/05\/funciones-ocultas-mas-importantes-de-gmail.jpg 990w\" sizes=\"auto, (max-width: 198px) 100vw, 198px\" \/>Puedes seguir usando el email de siempre.&nbsp;<\/p>\n<p>Recuerda tambi\u00e9n el recurso \u00ab<a href=\"https:\/\/www.youtube.com\/watch?v=bWk0npAVvu8&amp;feature=youtu.be\">We Transfe<\/a>r\u00bb para el env\u00edo de archivos grandes.<\/p>\n<p>&nbsp;<\/p>\n\n\n\n<hr \/>\n<blockquote>\n<h4><strong>Recuperaci\u00f3n de M\u00fasica<\/strong><\/h4>\n<\/blockquote>\n<ul>\n<li>\n<p class=\"post-title entry-title\">Recuperaci\u00f3n: alumnado de 1\u00baESO con alg\u00fan trimestre suspenso<\/p>\n<\/li>\n<li>\n<p class=\"post-title entry-title\">Recuperaci\u00f3n de materias pendientes de cursos anteriores<\/p>\n<\/li>\n<\/ul>\n\n\n\n<blockquote>\n<h4><strong>(Periodo del 10-06 al 19-06)<\/strong><\/h4>\n<h4><strong>\u00a1Reg\u00e1lame un abrazo!<\/strong><\/h4>\n<\/blockquote>\n<p><a href=\"https:\/\/youtu.be\/4tKB3WadWsA\">V\u00eddeo explicaci\u00f3n de la fase final de Proyecto Esperanza<\/a><\/p>\n<p>&nbsp;<\/p>\n\n\n\n<hr>\n<blockquote>\n<h4><strong>(Periodo del 27-05 al 7-06)<\/strong><\/h4>\n<\/blockquote>\n\n\n\n<p><a href=\"http:\/\/maralboran.eu\/archivos\/noticias1920\/teletrabajo_3ev.4\/ESO1A_MU_Musica3v.4.pdf\">PDF Actividades de Refuerzo. Temas 5<\/a><\/p>\n<p><a href=\"https:\/\/www.youtube.com\/watch?v=y5hbKoZLwkk\">V\u00eddeo explicaci\u00f3n de actividades<\/a><\/p>\n<p><a href=\"https:\/\/www.youtube.com\/watch?v=-gzUQYHdtg4&amp;t=3s\">V\u00eddeo tutorial Tema 5<\/a><\/p>\n<p><a href=\"https:\/\/www.youtube.com\/watch?v=RHAklmqlvRI&amp;t=194s\">V\u00eddeo tutorial Jaime Altozano<\/a><\/p>\n<ul style=\"list-style-type: square;\">\n<li>En esta ocasi\u00f3n no se necesitan copias del libro, solo el cuadro resumen que ya est\u00e1 incluido en el archivo PDF de actividades.&nbsp;<\/li>\n<\/ul>\n\n\n\n<hr>\n<blockquote>\n<h4><strong>(Periodo del 13-05 al 24-05)<\/strong><\/h4>\n<\/blockquote>\n<p><a href=\"http:\/\/maralboran.eu\/archivos\/noticias1920\/teletrabajo_3ev.3\/ESO1A_MU_Musica_3ev.3.pdf\">PDF&nbsp;Actividades de Refuerzo. Temas 1 y 2&nbsp;&nbsp;<\/a><\/p>\n<p><a href=\"https:\/\/www.youtube.com\/watch?v=5g8psqkc84Q&amp;t=508s\">V\u00eddeo explicaci\u00f3n actividades&nbsp; y del \u00abPreoyecto Esperanza\u00bb<\/a><\/p>\n<p>\u00abColor Esperanza\u00bb: <a href=\"https:\/\/www.youtube.com\/watch?v=Nb1VOQRs-Vs\">V\u00eddeo original de Diego Torres<\/a>;&nbsp; &nbsp; &nbsp;<a href=\"https:\/\/www.youtube.com\/watch?v=-Cs-sNuHqqA\">V\u00eddeo karaoke<\/a>.<\/p>\n<p><a href=\"https:\/\/youtu.be\/bWk0npAVvu8\">V\u00eddeo tutorial: aplicaci\u00f3n We Transfer para el env\u00edo de archivos grandes<\/a><\/p>\n<ul style=\"list-style-type: square;\">\n<li>En esta ocasi\u00f3n no se necesitan copias del libro, solo los cuadros res\u00famenes que ya est\u00e1n incluidos en el archivo PDF de actividades.&nbsp;<\/li>\n<\/ul>\n<p>&nbsp;<\/p>\n\n\n\n<hr \/>\n<blockquote>\n<h4><strong>(Periodo del 29-04 al 10-05)<\/strong><\/h4>\n<\/blockquote>\n<p><a href=\"http:\/\/maralboran.eu\/archivos\/noticias1920\/teletrabajo_3v.2\/ESO1A_MU_Musica3v.2.pdf\">PDF Tema 7: forma musical<\/a>\u00a0<\/p>\n<p><a href=\"http:\/\/maralboran.eu\/archivos\/noticias1920\/teletrabajo\/CORREGIDO_MU_3v.2.pdf\">PDF Tema 7: ficha corregida<\/a><\/p>\n<p><a href=\"https:\/\/youtu.be\/Z9Ap-Oc4Ta4\">V\u00eddeo explicaci\u00f3n actividades\u00a0<\/a><\/p>\n<p><a href=\"https:\/\/youtu.be\/bWk0npAVvu8\">V\u00eddeo tutorial: aplicaci\u00f3n We Transfer para el env\u00edo de archivos grandes<\/a><\/p>\n<p><a href=\"https:\/\/www.youtube.com\/watch?v=mHsV9yaw05M\">V\u00eddeo tutorial Tema 7<\/a> (solo hasta el minuto 4,25, despu\u00e9s habla de la sonata que no nos interesa)<\/p>\n<p><a href=\"http:\/\/maralboran.eu\/archivos\/noticias1920\/teletrabajo_3v.2\/ESO1_MU_libroT7.pdf\">Libro tema 7<\/a><\/p>\n<hr \/>\n<blockquote>\n<h4><strong>(Periodo del 15-04 al 26-04)<\/strong><\/h4>\n<\/blockquote>\n<p><a href=\"https:\/\/maralboran.eu\/archivos\/noticias1920\/teletrabajo_3v\/ESO1A_MU_Musica.pdf\">PDF Tema 6: textura musical<\/a><\/p>\n<p><a href=\"http:\/\/maralboran.eu\/archivos\/noticias1920\/teletrabajo\/CORREGIDO_MU_3EV.1.pdf\">PDF Tema 6: ficha corregida<\/a><\/p>\n<p><a href=\"https:\/\/maralboran.eu\/archivos\/noticias1920\/teletrabajo_3v\/ESO1_MU_Musica_ACNS.pdf\">PDF de adaptaci\u00f3n ACNS (esta tarea solo la hace el Equipo A)<\/a><\/p>\n<p><a href=\"https:\/\/youtu.be\/rpzAVyRRk3E\">V\u00eddeo explicaci\u00f3n actividades<\/a><\/p>\n<p><a href=\"https:\/\/www.youtube.com\/watch?v=meFA9nm1Nto\">V\u00eddeo tutorial tema 6<\/a><\/p>\n<p>\u00a0<a href=\"https:\/\/maralboran.eu\/archivos\/noticias1920\/teletrabajo_3v\/ESO1_MU_LIBRO6.pdf\">Libro Tema 6<\/a><\/p>\n<hr \/>\n<blockquote>\n<h4><strong>(Periodo hasta Semana Santa)<\/strong><\/h4>\n<\/blockquote>\n<p><a href=\"http:\/\/maralboran.eu\/archivos\/noticias1920\/teletrabajo\/ESO1A_MUSICA_musica.pdf\">PDF Tema 5: instrumentos musicales y repaso de compases<\/a><\/p>\n","protected":false},"excerpt":{"rendered":"<p>\u00a1T\u00fa eliges el m\u00e9todo de entrega! GOOGLE Classroom wvxnpob Para facilitar el env\u00edo de actividades y v\u00eddeos, he creado este Google Classroom. En \u00e9l encontrar\u00e1s las mismas actividades y materiales&#46;&#46;&#46;<\/p>\n","protected":false},"author":1,"featured_media":0,"parent":0,"menu_order":0,"comment_status":"closed","ping_status":"closed","template":"","meta":{"_price":"","_stock":"","_tribe_ticket_header":"","_tribe_default_ticket_provider":"","_ticket_start_date":"","_ticket_end_date":"","_tribe_ticket_show_description":"","_tribe_ticket_show_not_going":false,"_tribe_ticket_use_global_stock":"","_tribe_ticket_global_stock_level":"","_global_stock_mode":"","_global_stock_cap":"","_tribe_rsvp_for_event":"","_tribe_ticket_going_count":"","_tribe_ticket_not_going_count":"","_tribe_tickets_list":"[]","_tribe_ticket_has_attendee_info_fields":false,"_kadence_starter_templates_imported_post":false,"footnotes":"","_tec_slr_enabled":"","_tec_slr_layout":""},"class_list":["post-686","page","type-page","status-publish","hentry"],"featured_image_src":null,"featured_image_src_square":null,"ticketed":false,"_links":{"self":[{"href":"https:\/\/maralboran.eu\/musica\/wp-json\/wp\/v2\/pages\/686","targetHints":{"allow":["GET"]}}],"collection":[{"href":"https:\/\/maralboran.eu\/musica\/wp-json\/wp\/v2\/pages"}],"about":[{"href":"https:\/\/maralboran.eu\/musica\/wp-json\/wp\/v2\/types\/page"}],"author":[{"embeddable":true,"href":"https:\/\/maralboran.eu\/musica\/wp-json\/wp\/v2\/users\/1"}],"replies":[{"embeddable":true,"href":"https:\/\/maralboran.eu\/musica\/wp-json\/wp\/v2\/comments?post=686"}],"version-history":[{"count":33,"href":"https:\/\/maralboran.eu\/musica\/wp-json\/wp\/v2\/pages\/686\/revisions"}],"predecessor-version":[{"id":836,"href":"https:\/\/maralboran.eu\/musica\/wp-json\/wp\/v2\/pages\/686\/revisions\/836"}],"wp:attachment":[{"href":"https:\/\/maralboran.eu\/musica\/wp-json\/wp\/v2\/media?parent=686"}],"curies":[{"name":"wp","href":"https:\/\/api.w.org\/{rel}","templated":true}]}}