{"id":1975,"date":"2021-04-13T10:29:04","date_gmt":"2021-04-13T10:29:04","guid":{"rendered":"https:\/\/maralboran.eu\/musica\/?page_id=1975"},"modified":"2021-04-13T10:35:55","modified_gmt":"2021-04-13T10:35:55","slug":"berlioz-sinfonia-fantastica-4o-mov","status":"publish","type":"page","link":"https:\/\/maralboran.eu\/musica\/berlioz-sinfonia-fantastica-4o-mov\/","title":{"rendered":"Berlioz, \u00abSinfon\u00eda Fant\u00e1stica, 4\u00ba mov\u00bb"},"content":{"rendered":"\n\n\n<ul>\n<li>Primero escucha<a href=\"https:\/\/drive.google.com\/file\/d\/1JSFozKKAeLh5qx--l3CuU2C_hfCj_xuj\/view?usp=sharing\"> este fragmento<\/a>, se precian tres transformaciones de la idea fija de la amada: idealizada, en un vals y en un aquelarre.<\/li>\n<li>Recuerda que la m\u00fasica program\u00e1tica cuenta una historia. A continuaci\u00f3n lee el argumento de esta sinfon\u00eda, es terror\u00edfico.\u00a0<\/li>\n<\/ul>\n\n\n\n<figure class=\"wp-block-image size-large\"><img loading=\"lazy\" decoding=\"async\" width=\"1024\" height=\"784\" src=\"https:\/\/maralboran.eu\/musica\/wp-content\/uploads\/sites\/32\/2021\/04\/rom12-1024x784.jpg\" alt=\"\" class=\"wp-image-1976\" srcset=\"https:\/\/maralboran.eu\/musica\/wp-content\/uploads\/sites\/32\/2021\/04\/rom12-1024x784.jpg 1024w, https:\/\/maralboran.eu\/musica\/wp-content\/uploads\/sites\/32\/2021\/04\/rom12-300x230.jpg 300w, https:\/\/maralboran.eu\/musica\/wp-content\/uploads\/sites\/32\/2021\/04\/rom12-768x588.jpg 768w, https:\/\/maralboran.eu\/musica\/wp-content\/uploads\/sites\/32\/2021\/04\/rom12.jpg 1247w\" sizes=\"auto, (max-width: 1024px) 100vw, 1024px\" \/><\/figure>\n\n\n\n<p><div class=\"video-container\"><iframe loading=\"lazy\" title=\"OFFICIAL VIDEO- Sinfon\u00eda Fant\u00e1stica 4\u00ba mov - Berlioz\" width=\"500\" height=\"281\" src=\"https:\/\/www.youtube.com\/embed\/NM_4Fh7FoMY?start=65&#038;feature=oembed&#038;wmode=opaque\" frameborder=\"0\" allow=\"accelerometer; autoplay; clipboard-write; encrypted-media; gyroscope; picture-in-picture; web-share\" referrerpolicy=\"strict-origin-when-cross-origin\" allowfullscreen><\/iframe><\/div><\/p>\n","protected":false},"excerpt":{"rendered":"<p>Primero escucha este fragmento, se precian tres transformaciones de la idea fija de la amada: idealizada, en un vals y en un aquelarre. Recuerda que la m\u00fasica program\u00e1tica cuenta una&#46;&#46;&#46;<\/p>\n","protected":false},"author":1,"featured_media":0,"parent":0,"menu_order":0,"comment_status":"closed","ping_status":"closed","template":"","meta":{"_price":"","_stock":"","_tribe_ticket_header":"","_tribe_default_ticket_provider":"","_ticket_start_date":"","_ticket_end_date":"","_tribe_ticket_show_description":"","_tribe_ticket_show_not_going":false,"_tribe_ticket_use_global_stock":"","_tribe_ticket_global_stock_level":"","_global_stock_mode":"","_global_stock_cap":"","_tribe_rsvp_for_event":"","_tribe_ticket_going_count":"","_tribe_ticket_not_going_count":"","_tribe_tickets_list":"[]","_tribe_ticket_has_attendee_info_fields":false,"_kadence_starter_templates_imported_post":false,"footnotes":"","_tec_slr_enabled":"","_tec_slr_layout":""},"class_list":["post-1975","page","type-page","status-publish","hentry"],"featured_image_src":null,"featured_image_src_square":null,"ticketed":false,"_links":{"self":[{"href":"https:\/\/maralboran.eu\/musica\/wp-json\/wp\/v2\/pages\/1975","targetHints":{"allow":["GET"]}}],"collection":[{"href":"https:\/\/maralboran.eu\/musica\/wp-json\/wp\/v2\/pages"}],"about":[{"href":"https:\/\/maralboran.eu\/musica\/wp-json\/wp\/v2\/types\/page"}],"author":[{"embeddable":true,"href":"https:\/\/maralboran.eu\/musica\/wp-json\/wp\/v2\/users\/1"}],"replies":[{"embeddable":true,"href":"https:\/\/maralboran.eu\/musica\/wp-json\/wp\/v2\/comments?post=1975"}],"version-history":[{"count":3,"href":"https:\/\/maralboran.eu\/musica\/wp-json\/wp\/v2\/pages\/1975\/revisions"}],"predecessor-version":[{"id":1982,"href":"https:\/\/maralboran.eu\/musica\/wp-json\/wp\/v2\/pages\/1975\/revisions\/1982"}],"wp:attachment":[{"href":"https:\/\/maralboran.eu\/musica\/wp-json\/wp\/v2\/media?parent=1975"}],"curies":[{"name":"wp","href":"https:\/\/api.w.org\/{rel}","templated":true}]}}