{"id":1913,"date":"2021-04-13T07:45:08","date_gmt":"2021-04-13T07:45:08","guid":{"rendered":"https:\/\/maralboran.eu\/musica\/?page_id=1913"},"modified":"2021-04-13T07:45:57","modified_gmt":"2021-04-13T07:45:57","slug":"saint-saens-danza-macabra","status":"publish","type":"page","link":"https:\/\/maralboran.eu\/musica\/saint-saens-danza-macabra\/","title":{"rendered":"Saint Saens, \u00abDanza Macabra\u00bb"},"content":{"rendered":"\n\n\n<h4>\u00a0 <a href=\"https:\/\/mariajesusmusica.wixsite.com\/escucha-imagina1\" target=\"_blank\" rel=\"noopener\"><img loading=\"lazy\" decoding=\"async\" class=\"alignnone\" src=\"http:\/\/maralboran.eu\/musica\/wp-content\/uploads\/sites\/32\/2021\/04\/32328.png\" alt=\"La imagen tiene un atributo ALT vac\u00edo; su nombre de archivo es 32328.png\" width=\"37\" height=\"37\" \/><\/a>\u00a0 \u00a0<a href=\"https:\/\/mariajesusmusica.wixsite.com\/escucha-imagina1\" data-wplink-edit=\"true\">Escuchando con la imaginaci\u00f3n<\/a> (propuesta previa de audici\u00f3n)<\/h4>\n<p>SI te atreves, antes de seguir leyendo pincha en el enlace y escucha con la imaginaci\u00f3n. \u00bfQu\u00e9 os sugiere la m\u00fasica?<\/p>\n\n\n\n<figure class=\"wp-block-image size-large is-resized\"><img loading=\"lazy\" decoding=\"async\" src=\"https:\/\/maralboran.eu\/musica\/wp-content\/uploads\/sites\/32\/2021\/04\/danza-macabra.png\" alt=\"\" class=\"wp-image-1914\" width=\"811\" height=\"492\" srcset=\"https:\/\/maralboran.eu\/musica\/wp-content\/uploads\/sites\/32\/2021\/04\/danza-macabra.png 997w, https:\/\/maralboran.eu\/musica\/wp-content\/uploads\/sites\/32\/2021\/04\/danza-macabra-300x182.png 300w, https:\/\/maralboran.eu\/musica\/wp-content\/uploads\/sites\/32\/2021\/04\/danza-macabra-768x467.png 768w\" sizes=\"auto, (max-width: 811px) 100vw, 811px\" \/><\/figure>\n\n\n\n<h4><a href=\"https:\/\/drive.google.com\/file\/d\/1Vk4-GjNw3iFBZakOFNNYKk7eB0Tq0HDj\/view?usp=sharing\">\u00a0 \u00a0Para seguir la audici\u00f3n<\/a><a href=\"https:\/\/drive.google.com\/file\/d\/1Vk4-GjNw3iFBZakOFNNYKk7eB0Tq0HDj\/view?usp=sharing\"><img loading=\"lazy\" decoding=\"async\" class=\"alignleft\" src=\"http:\/\/maralboran.eu\/musica\/wp-content\/uploads\/sites\/32\/2021\/04\/32328.png\" alt=\"La imagen tiene un atributo ALT vac\u00edo; su nombre de archivo es 32328.png\" width=\"37\" height=\"37\" \/><\/a><\/h4>\n\n\n","protected":false},"excerpt":{"rendered":"<p>\u00a0 \u00a0 \u00a0Escuchando con la imaginaci\u00f3n (propuesta previa de audici\u00f3n) SI te atreves, antes de seguir leyendo pincha en el enlace y escucha con la imaginaci\u00f3n. \u00bfQu\u00e9 os sugiere la&#46;&#46;&#46;<\/p>\n","protected":false},"author":1,"featured_media":0,"parent":0,"menu_order":0,"comment_status":"closed","ping_status":"closed","template":"","meta":{"_price":"","_stock":"","_tribe_ticket_header":"","_tribe_default_ticket_provider":"","_ticket_start_date":"","_ticket_end_date":"","_tribe_ticket_show_description":"","_tribe_ticket_show_not_going":false,"_tribe_ticket_use_global_stock":"","_tribe_ticket_global_stock_level":"","_global_stock_mode":"","_global_stock_cap":"","_tribe_rsvp_for_event":"","_tribe_ticket_going_count":"","_tribe_ticket_not_going_count":"","_tribe_tickets_list":"[]","_tribe_ticket_has_attendee_info_fields":false,"_kadence_starter_templates_imported_post":false,"footnotes":"","_tec_slr_enabled":"","_tec_slr_layout":""},"class_list":["post-1913","page","type-page","status-publish","hentry"],"featured_image_src":null,"featured_image_src_square":null,"ticketed":false,"_links":{"self":[{"href":"https:\/\/maralboran.eu\/musica\/wp-json\/wp\/v2\/pages\/1913","targetHints":{"allow":["GET"]}}],"collection":[{"href":"https:\/\/maralboran.eu\/musica\/wp-json\/wp\/v2\/pages"}],"about":[{"href":"https:\/\/maralboran.eu\/musica\/wp-json\/wp\/v2\/types\/page"}],"author":[{"embeddable":true,"href":"https:\/\/maralboran.eu\/musica\/wp-json\/wp\/v2\/users\/1"}],"replies":[{"embeddable":true,"href":"https:\/\/maralboran.eu\/musica\/wp-json\/wp\/v2\/comments?post=1913"}],"version-history":[{"count":4,"href":"https:\/\/maralboran.eu\/musica\/wp-json\/wp\/v2\/pages\/1913\/revisions"}],"predecessor-version":[{"id":1918,"href":"https:\/\/maralboran.eu\/musica\/wp-json\/wp\/v2\/pages\/1913\/revisions\/1918"}],"wp:attachment":[{"href":"https:\/\/maralboran.eu\/musica\/wp-json\/wp\/v2\/media?parent=1913"}],"curies":[{"name":"wp","href":"https:\/\/api.w.org\/{rel}","templated":true}]}}