{"id":1125,"date":"2020-09-22T08:33:34","date_gmt":"2020-09-22T08:33:34","guid":{"rendered":"http:\/\/maralboran.eu\/musica\/?page_id=1125"},"modified":"2025-02-18T09:43:13","modified_gmt":"2025-02-18T09:43:13","slug":"1o-eso2","status":"publish","type":"page","link":"https:\/\/maralboran.eu\/musica\/1o-eso2\/","title":{"rendered":"1\u00ba ESO"},"content":{"rendered":"\n<p><strong>LIBRO DE TEXTO\u00a0<img loading=\"lazy\" decoding=\"async\" class=\"alignright wp-image-359 size-medium\" src=\"https:\/\/i1.wp.com\/maralboran.eu\/musica\/wp-content\/uploads\/sites\/32\/2017\/08\/l1.jpg?resize=243%2C300\" sizes=\"auto, (max-width: 243px) 100vw, 243px\" srcset=\"https:\/\/i1.wp.com\/maralboran.eu\/musica\/wp-content\/uploads\/sites\/32\/2017\/08\/l1.jpg?resize=243%2C300&amp;ssl=1 243w, https:\/\/i1.wp.com\/maralboran.eu\/musica\/wp-content\/uploads\/sites\/32\/2017\/08\/l1.jpg?w=427&amp;ssl=1 427w\" alt=\"\" width=\"243\" height=\"300\" data-attachment-id=\"359\" data-permalink=\"https:\/\/maralboran.eu\/musica\/1o-e-s-o\/l1\/\" data-orig-file=\"https:\/\/i1.wp.com\/maralboran.eu\/musica\/wp-content\/uploads\/sites\/32\/2017\/08\/l1.jpg?fit=427%2C528&amp;ssl=1\" data-orig-size=\"427,528\" data-comments-opened=\"1\" data-image-meta=\"{&quot;aperture&quot;:&quot;0&quot;,&quot;credit&quot;:&quot;&quot;,&quot;camera&quot;:&quot;&quot;,&quot;caption&quot;:&quot;&quot;,&quot;created_timestamp&quot;:&quot;0&quot;,&quot;copyright&quot;:&quot;&quot;,&quot;focal_length&quot;:&quot;0&quot;,&quot;iso&quot;:&quot;0&quot;,&quot;shutter_speed&quot;:&quot;0&quot;,&quot;title&quot;:&quot;&quot;,&quot;orientation&quot;:&quot;0&quot;}\" data-image-title=\"l1\" data-image-description=\"\" data-medium-file=\"https:\/\/i1.wp.com\/maralboran.eu\/musica\/wp-content\/uploads\/sites\/32\/2017\/08\/l1.jpg?fit=243%2C300&amp;ssl=1\" data-large-file=\"https:\/\/i1.wp.com\/maralboran.eu\/musica\/wp-content\/uploads\/sites\/32\/2017\/08\/l1.jpg?fit=427%2C528&amp;ssl=1\" \/><\/strong><\/p>\n<p><strong>EDITORIAL MC GRAW HILL<\/strong><\/p>\n<p><strong>M\u00fasica Clave A\u00a0<\/strong>(Andaluc\u00eda)<\/p>\n<ul>\n<li class=\"autores\"><strong>Autores:<\/strong>\u00a0Miguel \u00c1ngel L\u00f3pez, Jos\u00e9 Palaz\u00f3n, Jos\u00e9 Luis Salas y Raquel Cabas<\/li>\n<li><strong>ISBN:\u00a0<\/strong>978-84-486-1094-4<\/li>\n<\/ul>\n<blockquote>\n<p><strong>Dispones de ejemplares en la Biblioteca y en Aula de Convivencia<\/strong><\/p>\n<\/blockquote>\n<hr \/>\n<p><strong>DOCUMENTOS DE INTER\u00c9S<\/strong><\/p>\n<ul>\n<li><a href=\"http:\/\/maralboran.eu\/archivos\/dpto\/musica\/guiones\/guion_2020_mus_1eso.pdf\">Guion de contenidos.<\/a><\/li>\n<\/ul>\n<blockquote>\n<p><a href=\"http:\/\/maralboran.eu\/archivos\/noticias%202425\/1eso-ppt-pdf.pdf\"><strong>RES\u00daMENES DE 1\u00ba ESO PDF<\/strong><\/a><\/p>\n<\/blockquote>\n<div>\u00a0<\/div>\n<div><strong>ACOMPA\u00d1AMIENTOS DE FLAUTA<\/strong><\/div>\n<div>\u00a0<\/div>\n<ul>\n<li id=\"wpfb-file-47\">\u00a0<a title=\"Download T1 Cosmos Con\" href=\"https:\/\/maralboran.eu\/musica\/download\/publico\/1o_eso\/Playbacks_flauta_1\/T1%20Cosmos%20con.wma\">T1 Cosmos Con<\/a>\u00a0(4.0 MB)<\/li>\n<li id=\"wpfb-file-46\">\u00a0<a title=\"Download T1 Cosmos Sin\" href=\"https:\/\/maralboran.eu\/musica\/download\/publico\/1o_eso\/Playbacks_flauta_1\/T1%20Cosmos%20sin.wma\">T1 Cosmos Sin<\/a>\u00a0(4.0 MB)<\/li>\n<li id=\"wpfb-file-48\">\u00a0<a title=\"Download T1 Pangea Con\" href=\"https:\/\/maralboran.eu\/musica\/download\/publico\/1o_eso\/Playbacks_flauta_1\/T1%20Pangea%20con.wma\">T1 Pangea Con<\/a>\u00a0(2.6 MB)<\/li>\n<li id=\"wpfb-file-49\">\u00a0<a title=\"Download T1 Pangea Sin\" href=\"https:\/\/maralboran.eu\/musica\/download\/publico\/1o_eso\/Playbacks_flauta_1\/T1%20Pangea%20sin.wma\">T1 Pangea Sin<\/a>\u00a0(2.6 MB)<\/li>\n<li id=\"wpfb-file-50\">\u00a0<a title=\"Download T2 McG Rock Con\" href=\"https:\/\/maralboran.eu\/musica\/download\/publico\/1o_eso\/Playbacks_flauta_1\/T2%20McG%20Rock%20con.wma\">T2 McG Rock Con<\/a>\u00a0(2.7 MB)<\/li>\n<li id=\"wpfb-file-51\">\u00a0<a title=\"Download T2 McG Rock Sin\" href=\"https:\/\/maralboran.eu\/musica\/download\/publico\/1o_eso\/Playbacks_flauta_1\/T2%20McG%20Rock%20sin.wma\">T2 McG Rock Sin<\/a>\u00a0(2.7 MB)<\/li>\n<li id=\"wpfb-file-52\">\u00a0<a title=\"Download T2 Rock And Sol Con\" href=\"https:\/\/maralboran.eu\/musica\/download\/publico\/1o_eso\/Playbacks_flauta_1\/T2%20Rock%20and%20sol%20con.wma\">T2 Rock And Sol Con<\/a>\u00a0(3.6 MB)<\/li>\n<li id=\"wpfb-file-53\">\u00a0<a title=\"Download T2 Rock And Sol Sin\" href=\"https:\/\/maralboran.eu\/musica\/download\/publico\/1o_eso\/Playbacks_flauta_1\/T2%20Rock%20and%20sol%20sin.wma\">T2 Rock And Sol Sin<\/a>\u00a0(3.6 MB)<\/li>\n<li id=\"wpfb-file-54\">\u00a0<a title=\"Download T3 Hip Night Hop Con\" href=\"https:\/\/maralboran.eu\/musica\/download\/publico\/1o_eso\/Playbacks_flauta_1\/T3%20Hip%20night%20hop%20con.wma\">T3 Hip Night Hop Con<\/a>\u00a0(3.2 MB)<\/li>\n<li id=\"wpfb-file-55\">\u00a0<a title=\"Download T3 Hip Night Hop Sin\" href=\"https:\/\/maralboran.eu\/musica\/download\/publico\/1o_eso\/Playbacks_flauta_1\/T3%20Hip%20night%20hop%20sin.wma\">T3 Hip Night Hop Sin<\/a>\u00a0(3.2 MB)<\/li>\n<li id=\"wpfb-file-56\">\u00a0<a title=\"Download T4 Druida Con\" href=\"https:\/\/maralboran.eu\/musica\/download\/publico\/1o_eso\/Playbacks_flauta_1\/T4%20Druida%20con.wma\">T4 Druida Con<\/a>\u00a0(2.4 MB)<\/li>\n<li id=\"wpfb-file-57\">\u00a0<a title=\"Download T4 Druida Sin\" href=\"https:\/\/maralboran.eu\/musica\/download\/publico\/1o_eso\/Playbacks_flauta_1\/T4%20Druida%20sin.wma\">T4 Druida Sin<\/a>\u00a0(2.4 MB)<\/li>\n<li id=\"wpfb-file-58\">\u00a0<a title=\"Download T5 Don DJembe Con\" href=\"https:\/\/maralboran.eu\/musica\/download\/publico\/1o_eso\/Playbacks_flauta_1\/T5%20Don%20DJembe%20con.wma\">T5 Don DJembe Con<\/a>\u00a0(2.4 MB)<\/li>\n<li id=\"wpfb-file-59\">\u00a0<a title=\"Download T5 Don DJembe Sin\" href=\"https:\/\/maralboran.eu\/musica\/download\/publico\/1o_eso\/Playbacks_flauta_1\/T5%20Don%20DJembe%20sin.wma\">T5 Don DJembe Sin<\/a>\u00a0(2.4 MB)<\/li>\n<li id=\"wpfb-file-60\">\u00a0<a title=\"Download T6 Mother Earth Sin\" href=\"https:\/\/maralboran.eu\/musica\/download\/publico\/1o_eso\/Playbacks_flauta_1\/T6%20Mother%20Earth%20sin.wma\">T6 Mother Earth Sin<\/a>\u00a0(4.0 MB)<\/li>\n<li id=\"wpfb-file-61\">\u00a0<a title=\"Download T6 Relax Con\" href=\"https:\/\/maralboran.eu\/musica\/download\/publico\/1o_eso\/Playbacks_flauta_1\/T6%20Relax%20con.wma\">T6 Relax Con<\/a>\u00a0(2.6 MB)<\/li>\n<li id=\"wpfb-file-62\">\u00a0<a title=\"Download T6 Relax Sin\" href=\"https:\/\/maralboran.eu\/musica\/download\/publico\/1o_eso\/Playbacks_flauta_1\/T6%20Relax%20sin.wma\">T6 Relax Sin<\/a>\u00a0(2.6 MB)<\/li>\n<li id=\"wpfb-file-63\">\u00a0<a title=\"Download T7 Asucar Sabroso Con\" href=\"https:\/\/maralboran.eu\/musica\/download\/publico\/1o_eso\/Playbacks_flauta_1\/T7%20Asucar%20sabroso%20con.wma\">T7 Asucar Sabroso Con<\/a>\u00a0(3.9 MB)<\/li>\n<li id=\"wpfb-file-64\">\u00a0<a title=\"Download T7 Asucar Sabroso Sin\" href=\"https:\/\/maralboran.eu\/musica\/download\/publico\/1o_eso\/Playbacks_flauta_1\/T7%20Asucar%20sabroso%20sin.wma\">T7 Asucar Sabroso Sin<\/a>\u00a0(3.8 MB)<\/li>\n<li id=\"wpfb-file-65\">\u00a0<a title=\"Download T8 Big Duke Band Con\" href=\"https:\/\/maralboran.eu\/musica\/download\/publico\/1o_eso\/Playbacks_flauta_1\/T8%20Big%20Duke%20Band%20con.wma\">T8 Big Duke Band Con<\/a>\u00a0(2.6 MB)<\/li>\n<li id=\"wpfb-file-66\">\u00a0<a title=\"Download T8 Big Duke Band Sin\" href=\"https:\/\/maralboran.eu\/musica\/download\/publico\/1o_eso\/Playbacks_flauta_1\/T8%20Big%20Duke%20Band%20sin.wma\">T8 Big Duke Band Sin<\/a>\u00a0(2.6 MB)<\/li>\n<li id=\"wpfb-file-67\">\u00a0<a title=\"Download T9 Andalucia Alive Sin\" href=\"https:\/\/maralboran.eu\/musica\/download\/publico\/1o_eso\/Playbacks_flauta_1\/T9%20Andalucia%20Alive%20sin.wma\">T9 Andalucia Alive Sin<\/a>\u00a0(3.0 MB)<\/li>\n<li id=\"wpfb-file-68\">\u00a0<a title=\"Download T9 Kumbalawe Adaptacion\" href=\"https:\/\/maralboran.eu\/musica\/download\/publico\/1o_eso\/Playbacks_flauta_1\/T9%20Kumbalawe%20adaptacion.wma\">T9 Kumbalawe Adaptacion<\/a>\u00a0(5.7 MB)<\/li>\n<li id=\"wpfb-file-69\" class=\"last\">\u00a0<a title=\"Download T9 Kumbalawe Original\" href=\"https:\/\/maralboran.eu\/musica\/download\/publico\/1o_eso\/Playbacks_flauta_1\/T9%20Kumbalawe%20original.wma\">T9 Kumbalawe Original<\/a>\u00a0(2.0 MB)<\/li>\n<\/ul>\n","protected":false},"excerpt":{"rendered":"<p>LIBRO DE TEXTO\u00a0 EDITORIAL MC GRAW HILL M\u00fasica Clave A\u00a0(Andaluc\u00eda) Autores:\u00a0Miguel \u00c1ngel L\u00f3pez, Jos\u00e9 Palaz\u00f3n, Jos\u00e9 Luis Salas y Raquel Cabas ISBN:\u00a0978-84-486-1094-4 Dispones de ejemplares en la Biblioteca y en&#46;&#46;&#46;<\/p>\n","protected":false},"author":1,"featured_media":0,"parent":0,"menu_order":0,"comment_status":"closed","ping_status":"closed","template":"","meta":{"_price":"","_stock":"","_tribe_ticket_header":"","_tribe_default_ticket_provider":"","_ticket_start_date":"","_ticket_end_date":"","_tribe_ticket_show_description":"","_tribe_ticket_show_not_going":false,"_tribe_ticket_use_global_stock":"","_tribe_ticket_global_stock_level":"","_global_stock_mode":"","_global_stock_cap":"","_tribe_rsvp_for_event":"","_tribe_ticket_going_count":"","_tribe_ticket_not_going_count":"","_tribe_tickets_list":"[]","_tribe_ticket_has_attendee_info_fields":false,"_kadence_starter_templates_imported_post":false,"footnotes":"","_tec_slr_enabled":"","_tec_slr_layout":""},"class_list":["post-1125","page","type-page","status-publish","hentry"],"featured_image_src":null,"featured_image_src_square":null,"ticketed":false,"_links":{"self":[{"href":"https:\/\/maralboran.eu\/musica\/wp-json\/wp\/v2\/pages\/1125","targetHints":{"allow":["GET"]}}],"collection":[{"href":"https:\/\/maralboran.eu\/musica\/wp-json\/wp\/v2\/pages"}],"about":[{"href":"https:\/\/maralboran.eu\/musica\/wp-json\/wp\/v2\/types\/page"}],"author":[{"embeddable":true,"href":"https:\/\/maralboran.eu\/musica\/wp-json\/wp\/v2\/users\/1"}],"replies":[{"embeddable":true,"href":"https:\/\/maralboran.eu\/musica\/wp-json\/wp\/v2\/comments?post=1125"}],"version-history":[{"count":10,"href":"https:\/\/maralboran.eu\/musica\/wp-json\/wp\/v2\/pages\/1125\/revisions"}],"predecessor-version":[{"id":2467,"href":"https:\/\/maralboran.eu\/musica\/wp-json\/wp\/v2\/pages\/1125\/revisions\/2467"}],"wp:attachment":[{"href":"https:\/\/maralboran.eu\/musica\/wp-json\/wp\/v2\/media?parent=1125"}],"curies":[{"name":"wp","href":"https:\/\/api.w.org\/{rel}","templated":true}]}}