{"id":1029,"date":"2020-09-16T10:54:57","date_gmt":"2020-09-16T10:54:57","guid":{"rendered":"http:\/\/maralboran.eu\/musica\/?page_id=1029"},"modified":"2022-11-21T09:51:38","modified_gmt":"2022-11-21T09:51:38","slug":"2o-e-s-o","status":"publish","type":"page","link":"https:\/\/maralboran.eu\/musica\/2o-e-s-o\/","title":{"rendered":"2\u00ba E.S.O."},"content":{"rendered":"\n<figure class=\"wp-block-image size-large\"><img loading=\"lazy\" decoding=\"async\" width=\"382\" height=\"148\" src=\"https:\/\/maralboran.eu\/musica\/wp-content\/uploads\/sites\/32\/2020\/09\/TEMARIO-ONLINE-PEQUENO.png\" alt=\"\" class=\"wp-image-1090\" srcset=\"https:\/\/maralboran.eu\/musica\/wp-content\/uploads\/sites\/32\/2020\/09\/TEMARIO-ONLINE-PEQUENO.png 382w, https:\/\/maralboran.eu\/musica\/wp-content\/uploads\/sites\/32\/2020\/09\/TEMARIO-ONLINE-PEQUENO-300x116.png 300w\" sizes=\"auto, (max-width: 382px) 100vw, 382px\" \/><\/figure>\n\n\n\n<p><strong>DOCUMENTOS DE INTER\u00c9S<\/strong><\/p>\n<ul>\n<li><a href=\"https:\/\/sites.google.com\/view\/musica2esoandalucia\/\">Recursos digitales del libro del texto<\/a><\/li>\n<li><a href=\"https:\/\/www.tiki-toki.com\/timeline\/entry\/1454542\/Los-compositores-a-lo-largo-de-la-historia\/\">L\u00ednea del tiempo Tiki-Toki<\/a><\/li>\n<li><a href=\"https:\/\/www.youtube.com\/watch?v=If_T1Q9u6FM\">Historia de la M\u00fasica (Lecciones Ilustradas)<\/a><\/li>\n<\/ul>\n<hr \/>\n<p>\u00a0<\/p>\n\n\n\n<table style=\"border-collapse: collapse; width: 100%; height: 690px;\">\n<tbody>\n<tr style=\"height: 128px;\">\n<td style=\"width: 23.8918%; height: 128px;\"><img loading=\"lazy\" decoding=\"async\" class=\"\" src=\"https:\/\/maralboran.eu\/musica\/wp-content\/uploads\/sites\/32\/2020\/09\/descarga.png\" alt=\"La imagen tiene un atributo ALT vac\u00edo; su nombre de archivo es descarga.png\" width=\"96\" height=\"96\" \/><\/td>\n<td style=\"width: 76.1082%; text-align: left; height: 128px;\"><a href=\"http:\/\/maralboran.eu\/musica\/tema-la-antiguedad-grecia-y-roma\/\"><strong>TEMA:\u00a0 \u00a0 M\u00daSICA ANTIGUA. GRECIA Y ROMA<\/strong><\/a><\/td>\n<\/tr>\n<tr style=\"height: 126px;\">\n<td style=\"width: 23.8918%; height: 126px;\"><img loading=\"lazy\" decoding=\"async\" class=\"\" src=\"https:\/\/maralboran.eu\/musica\/wp-content\/uploads\/sites\/32\/2020\/09\/descarga-1.png\" alt=\"La imagen tiene un atributo ALT vac\u00edo; su nombre de archivo es descarga-1.png\" width=\"112\" height=\"112\" \/><\/td>\n<td style=\"width: 76.1082%; text-align: left; height: 126px;\"><strong><a href=\"http:\/\/maralboran.eu\/musica\/957-2\/\">TEMA:\u00a0 \u00a0 EDAD MEDIA<\/a><\/strong><\/td>\n<\/tr>\n<tr style=\"height: 23px;\">\n<td style=\"width: 23.8918%; height: 23px;\"><img loading=\"lazy\" decoding=\"async\" class=\"\" src=\"https:\/\/maralboran.eu\/musica\/wp-content\/uploads\/sites\/32\/2020\/09\/depositphotos_90347394-stock-illustration-vetruvian-man-silhouette.jpg\" alt=\"La imagen tiene un atributo ALT vac\u00edo; su nombre de archivo es depositphotos_90347394-stock-illustration-vetruvian-man-silhouette.jpg\" width=\"123\" height=\"123\" \/><\/td>\n<td style=\"width: 76.1082%; text-align: left; height: 23px;\"><strong><a href=\"http:\/\/maralboran.eu\/musica\/tema-renacimiento-siglos-xv-xvi\/\">TEMA:\u00a0 \u00a0 RENACIMIENTO<\/a><\/strong><\/td>\n<\/tr>\n<tr style=\"height: 148px;\">\n<td style=\"width: 23.8918%; height: 148px;\"><img loading=\"lazy\" decoding=\"async\" class=\"\" src=\"https:\/\/maralboran.eu\/musica\/wp-content\/uploads\/sites\/32\/2020\/09\/johann-sebastian-bach-retrato-del-vector-de-mark-twain-114208313-1-1024x986.png\" alt=\"La imagen tiene un atributo ALT vac\u00edo; su nombre de archivo es johann-sebastian-bach-retrato-del-vector-de-mark-twain-114208313-1-1024x986.png\" width=\"106\" height=\"102\" \/><\/td>\n<td style=\"width: 76.1082%; text-align: left; height: 148px;\"><strong><a href=\"http:\/\/maralboran.eu\/musica\/tema-el-barroco\/\">TEMA:\u00a0 \u00a0 BARROCO<\/a><\/strong><\/td>\n<\/tr>\n<tr style=\"height: 125px;\">\n<td style=\"width: 23.8918%; height: 125px;\"><img loading=\"lazy\" decoding=\"async\" class=\"alignnone  wp-image-1733\" src=\"http:\/\/maralboran.eu\/musica\/wp-content\/uploads\/sites\/32\/2021\/02\/MOZART-MINI-NEGRO.png\" alt=\"\" width=\"100\" height=\"118\" \/><\/td>\n<td style=\"width: 76.1082%; text-align: left; height: 125px;\"><a href=\"http:\/\/maralboran.eu\/musica\/tema-el-clasicismo\/\"><strong>TEMA:\u00a0 \u00a0 CLASICISMO<\/strong><\/a><\/td>\n<\/tr>\n<tr style=\"height: 140px;\">\n<td style=\"width: 23.8918%; height: 140px;\"><img loading=\"lazy\" decoding=\"async\" class=\"\" src=\"https:\/\/maralboran.eu\/musica\/wp-content\/uploads\/sites\/32\/2021\/04\/liszt-icon.png\" alt=\"La imagen tiene un atributo ALT vac\u00edo; su nombre de archivo es liszt-icon.png\" width=\"132\" height=\"132\" \/><\/td>\n<td style=\"width: 76.1082%; text-align: left; height: 140px;\"><a href=\"https:\/\/maralboran.eu\/musica\/tema-el-romanticismo\/\"><strong>TEMA:\u00a0 \u00a0ROMANTICISMO<\/strong><\/a><\/td>\n<\/tr>\n<\/tbody>\n<\/table>\n<hr \/>\n<p>\u00a0<\/p>\n<p>\u00a0<\/p>\n","protected":false},"excerpt":{"rendered":"<p>DOCUMENTOS DE INTER\u00c9S Recursos digitales del libro del texto L\u00ednea del tiempo Tiki-Toki Historia de la M\u00fasica (Lecciones Ilustradas) \u00a0 TEMA:\u00a0 \u00a0 M\u00daSICA ANTIGUA. GRECIA Y ROMA TEMA:\u00a0 \u00a0 EDAD&#46;&#46;&#46;<\/p>\n","protected":false},"author":1,"featured_media":0,"parent":0,"menu_order":0,"comment_status":"closed","ping_status":"closed","template":"","meta":{"_price":"","_stock":"","_tribe_ticket_header":"","_tribe_default_ticket_provider":"","_ticket_start_date":"","_ticket_end_date":"","_tribe_ticket_show_description":"","_tribe_ticket_show_not_going":false,"_tribe_ticket_use_global_stock":"","_tribe_ticket_global_stock_level":"","_global_stock_mode":"","_global_stock_cap":"","_tribe_rsvp_for_event":"","_tribe_ticket_going_count":"","_tribe_ticket_not_going_count":"","_tribe_tickets_list":"[]","_tribe_ticket_has_attendee_info_fields":false,"_kadence_starter_templates_imported_post":false,"footnotes":"","_tec_slr_enabled":"","_tec_slr_layout":""},"class_list":["post-1029","page","type-page","status-publish","hentry"],"featured_image_src":null,"featured_image_src_square":null,"ticketed":false,"_links":{"self":[{"href":"https:\/\/maralboran.eu\/musica\/wp-json\/wp\/v2\/pages\/1029","targetHints":{"allow":["GET"]}}],"collection":[{"href":"https:\/\/maralboran.eu\/musica\/wp-json\/wp\/v2\/pages"}],"about":[{"href":"https:\/\/maralboran.eu\/musica\/wp-json\/wp\/v2\/types\/page"}],"author":[{"embeddable":true,"href":"https:\/\/maralboran.eu\/musica\/wp-json\/wp\/v2\/users\/1"}],"replies":[{"embeddable":true,"href":"https:\/\/maralboran.eu\/musica\/wp-json\/wp\/v2\/comments?post=1029"}],"version-history":[{"count":31,"href":"https:\/\/maralboran.eu\/musica\/wp-json\/wp\/v2\/pages\/1029\/revisions"}],"predecessor-version":[{"id":2242,"href":"https:\/\/maralboran.eu\/musica\/wp-json\/wp\/v2\/pages\/1029\/revisions\/2242"}],"wp:attachment":[{"href":"https:\/\/maralboran.eu\/musica\/wp-json\/wp\/v2\/media?parent=1029"}],"curies":[{"name":"wp","href":"https:\/\/api.w.org\/{rel}","templated":true}]}}