{"id":469,"date":"2016-06-19T09:32:35","date_gmt":"2016-06-19T09:32:35","guid":{"rendered":"http:\/\/maralboran.eu\/matematicas\/?page_id=469"},"modified":"2018-09-09T10:11:42","modified_gmt":"2018-09-09T10:11:42","slug":"4o-e-s-o","status":"publish","type":"page","link":"https:\/\/maralboran.eu\/matematicas\/4o-e-s-o\/","title":{"rendered":"4\u00ba E.S.O. (Acad\u00e9micas)"},"content":{"rendered":"<p><strong>LIBRO DE TEXTO CURSO 2017-18-19<\/strong><\/p>\n<p><strong>Matem\u00e1ticas orientadas a las Ense\u00f1anzas Acad\u00e9micas 4<br \/>\n<\/strong>(Andaluc\u00eda 2017)<\/p>\n<p><strong><img loading=\"lazy\" decoding=\"async\" class=\"alignright wp-image-556 size-full\" src=\"http:\/\/maralboran.eu\/matematicas\/wp-content\/uploads\/sites\/8\/2016\/06\/4A-1.jpg\" alt=\"\" width=\"200\" height=\"258\" \/><\/strong><\/p>\n<ul>\n<li class=\"autores\"><strong><strong>Autores:\u00a0<\/strong><\/strong>Jos\u00e9 Colera Jim\u00e9nez; Ignacio Gaztelu Albero; Mar\u00eda Jos\u00e9 Oliveira Gonz\u00e1lez; Ram\u00f3n Colera Ca\u00f1as<\/li>\n<li><strong>ISBN:<\/strong> 978-84-698-1640-0 (Versi\u00f3n libro \u00fanico)<\/li>\n<li><strong>ISBN:<\/strong> 978-84-698-1638-7 (Versi\u00f3n trimestral)<\/li>\n<li><strong>Web Anaya Educaci\u00f3n:<\/strong>\n<ul>\n<li><strong><a href=\"http:\/\/www.anayaeducacion.es\/index_alumnado.php\" target=\"_blank\" rel=\"noopener\">Acceso alumnos y familia. <img loading=\"lazy\" decoding=\"async\" class=\"alignnone wp-image-363\" src=\"http:\/\/maralboran.eu\/matematicas\/wp-content\/uploads\/sites\/8\/2016\/05\/link.png\" alt=\"link\" width=\"15\" height=\"15\" srcset=\"https:\/\/maralboran.eu\/matematicas\/wp-content\/uploads\/sites\/8\/2016\/05\/link.png 36w, https:\/\/maralboran.eu\/matematicas\/wp-content\/uploads\/sites\/8\/2016\/05\/link-150x150.png 150w, https:\/\/maralboran.eu\/matematicas\/wp-content\/uploads\/sites\/8\/2016\/05\/link-160x160.png 160w, https:\/\/maralboran.eu\/matematicas\/wp-content\/uploads\/sites\/8\/2016\/05\/link-320x320.png 320w\" sizes=\"auto, (max-width: 15px) 100vw, 15px\" \/><\/a><\/strong><\/li>\n<li><strong><a href=\"http:\/\/www.anayaeducacion.es\/index_profesorado.php\" target=\"_blank\" rel=\"noopener\">Acceso profesores. <img loading=\"lazy\" decoding=\"async\" class=\"alignnone wp-image-363\" src=\"http:\/\/maralboran.eu\/matematicas\/wp-content\/uploads\/sites\/8\/2016\/05\/link.png\" alt=\"link\" width=\"15\" height=\"15\" srcset=\"https:\/\/maralboran.eu\/matematicas\/wp-content\/uploads\/sites\/8\/2016\/05\/link.png 36w, https:\/\/maralboran.eu\/matematicas\/wp-content\/uploads\/sites\/8\/2016\/05\/link-150x150.png 150w, https:\/\/maralboran.eu\/matematicas\/wp-content\/uploads\/sites\/8\/2016\/05\/link-160x160.png 160w, https:\/\/maralboran.eu\/matematicas\/wp-content\/uploads\/sites\/8\/2016\/05\/link-320x320.png 320w\" sizes=\"auto, (max-width: 15px) 100vw, 15px\" \/><\/a><\/strong><\/li>\n<\/ul>\n<\/li>\n<\/ul>\n<p>Si ya tienes el libro, entra en el acceso para alumnos y familia, reg\u00edstrate y utiliza el c\u00f3digo que aparece en tu libro para poder acceder a la plataforma online. En ella podr\u00e1s consultar la versi\u00f3n digital del libro de texto y acceder a los recursos de Anaya. En ese enlace puedes pinchar en \u00abAyuda\u00bb para que te guie en el proceso.<\/p>\n<hr \/>\n","protected":false},"excerpt":{"rendered":"<p>LIBRO DE TEXTO CURSO 2017-18-19 Matem\u00e1ticas orientadas a las Ense\u00f1anzas Acad\u00e9micas 4 (Andaluc\u00eda 2017) Autores:\u00a0Jos\u00e9 Colera Jim\u00e9nez; Ignacio Gaztelu Albero; Mar\u00eda Jos\u00e9 Oliveira Gonz\u00e1lez; Ram\u00f3n Colera Ca\u00f1as ISBN: 978-84-698-1640-0 (Versi\u00f3n libro \u00fanico) ISBN: 978-84-698-1638-7&#46;&#46;&#46;<\/p>\n","protected":false},"author":11,"featured_media":0,"parent":0,"menu_order":0,"comment_status":"closed","ping_status":"closed","template":"","meta":{"_price":"","_stock":"","_tribe_ticket_header":"","_tribe_default_ticket_provider":"","_ticket_start_date":"","_ticket_end_date":"","_tribe_ticket_show_description":"","_tribe_ticket_show_not_going":false,"_tribe_ticket_use_global_stock":"","_tribe_ticket_global_stock_level":"","_global_stock_mode":"","_global_stock_cap":"","_tribe_rsvp_for_event":"","_tribe_ticket_going_count":"","_tribe_ticket_not_going_count":"","_tribe_tickets_list":"[]","_tribe_ticket_has_attendee_info_fields":false,"_kadence_starter_templates_imported_post":false,"footnotes":"","_tec_slr_enabled":"","_tec_slr_layout":""},"class_list":["post-469","page","type-page","status-publish","hentry"],"featured_image_src":null,"featured_image_src_square":null,"ticketed":false,"_links":{"self":[{"href":"https:\/\/maralboran.eu\/matematicas\/wp-json\/wp\/v2\/pages\/469","targetHints":{"allow":["GET"]}}],"collection":[{"href":"https:\/\/maralboran.eu\/matematicas\/wp-json\/wp\/v2\/pages"}],"about":[{"href":"https:\/\/maralboran.eu\/matematicas\/wp-json\/wp\/v2\/types\/page"}],"author":[{"embeddable":true,"href":"https:\/\/maralboran.eu\/matematicas\/wp-json\/wp\/v2\/users\/11"}],"replies":[{"embeddable":true,"href":"https:\/\/maralboran.eu\/matematicas\/wp-json\/wp\/v2\/comments?post=469"}],"version-history":[{"count":0,"href":"https:\/\/maralboran.eu\/matematicas\/wp-json\/wp\/v2\/pages\/469\/revisions"}],"wp:attachment":[{"href":"https:\/\/maralboran.eu\/matematicas\/wp-json\/wp\/v2\/media?parent=469"}],"curies":[{"name":"wp","href":"https:\/\/api.w.org\/{rel}","templated":true}]}}