{"id":266,"date":"2016-06-02T06:29:27","date_gmt":"2016-06-02T06:29:27","guid":{"rendered":"http:\/\/maralboran.eu\/matematicas\/?page_id=266"},"modified":"2018-09-09T10:16:17","modified_gmt":"2018-09-09T10:16:17","slug":"miembros-del-dpto-de-matematicas","status":"publish","type":"page","link":"https:\/\/maralboran.eu\/matematicas\/miembros-del-dpto-de-matematicas\/","title":{"rendered":"Miembros del Dpto. de Matem\u00e1ticas"},"content":{"rendered":"<ul>\n<li style=\"text-align: left\"><img loading=\"lazy\" decoding=\"async\" class=\"wp-image-314 size-thumbnail alignright\" src=\"http:\/\/maralboran.eu\/matematicas\/wp-content\/uploads\/sites\/8\/2016\/06\/reacher-150x150.png\" alt=\"reacher\" width=\"150\" height=\"150\" srcset=\"https:\/\/maralboran.eu\/matematicas\/wp-content\/uploads\/sites\/8\/2016\/06\/reacher-150x150.png 150w, https:\/\/maralboran.eu\/matematicas\/wp-content\/uploads\/sites\/8\/2016\/06\/reacher-300x300.png 300w, https:\/\/maralboran.eu\/matematicas\/wp-content\/uploads\/sites\/8\/2016\/06\/reacher-160x160.png 160w, https:\/\/maralboran.eu\/matematicas\/wp-content\/uploads\/sites\/8\/2016\/06\/reacher-320x320.png 320w, https:\/\/maralboran.eu\/matematicas\/wp-content\/uploads\/sites\/8\/2016\/06\/reacher.png 512w\" sizes=\"auto, (max-width: 150px) 100vw, 150px\" \/>Juan Antonio Morales Florido\u00a0(J.D.)<\/li>\n<li style=\"text-align: left\">Ana Mar\u00eda Hormigo Hormigo<\/li>\n<li style=\"text-align: left\">Antonio E. Comino Cobos<\/li>\n<li style=\"text-align: left\">Antonio Hevilla Guerrero<\/li>\n<li style=\"text-align: left\">Carlos Ortiz S\u00e1nchez<\/li>\n<li style=\"text-align: left\">Pedro S\u00e1nchez Roque<\/li>\n<li>Roc\u00edo Cortes Mariscal<\/li>\n<li>Jos\u00e9 Mar\u00eda Garc\u00eda Rubira<\/li>\n<li>Sergio L\u00f3pez Molina<\/li>\n<li>Juan Carlos Yuste P\u00e9rez<\/li>\n<li>Eva Mar\u00eda Olmo Garc\u00eda<\/li>\n<li>Alejandro Garc\u00eda Gonz\u00e1lez<\/li>\n<\/ul>\n","protected":false},"excerpt":{"rendered":"<p>Juan Antonio Morales Florido\u00a0(J.D.) Ana Mar\u00eda Hormigo Hormigo Antonio E. Comino Cobos Antonio Hevilla Guerrero Carlos Ortiz S\u00e1nchez Pedro S\u00e1nchez Roque Roc\u00edo Cortes Mariscal Jos\u00e9 Mar\u00eda Garc\u00eda Rubira Sergio L\u00f3pez Molina Juan Carlos Yuste&#46;&#46;&#46;<\/p>\n","protected":false},"author":11,"featured_media":0,"parent":0,"menu_order":0,"comment_status":"closed","ping_status":"closed","template":"","meta":{"_price":"","_stock":"","_tribe_ticket_header":"","_tribe_default_ticket_provider":"","_ticket_start_date":"","_ticket_end_date":"","_tribe_ticket_show_description":"","_tribe_ticket_show_not_going":false,"_tribe_ticket_use_global_stock":"","_tribe_ticket_global_stock_level":"","_global_stock_mode":"","_global_stock_cap":"","_tribe_rsvp_for_event":"","_tribe_ticket_going_count":"","_tribe_ticket_not_going_count":"","_tribe_tickets_list":"[]","_tribe_ticket_has_attendee_info_fields":false,"_kadence_starter_templates_imported_post":false,"footnotes":"","_tec_slr_enabled":"","_tec_slr_layout":""},"class_list":["post-266","page","type-page","status-publish","hentry"],"featured_image_src":null,"featured_image_src_square":null,"ticketed":false,"_links":{"self":[{"href":"https:\/\/maralboran.eu\/matematicas\/wp-json\/wp\/v2\/pages\/266","targetHints":{"allow":["GET"]}}],"collection":[{"href":"https:\/\/maralboran.eu\/matematicas\/wp-json\/wp\/v2\/pages"}],"about":[{"href":"https:\/\/maralboran.eu\/matematicas\/wp-json\/wp\/v2\/types\/page"}],"author":[{"embeddable":true,"href":"https:\/\/maralboran.eu\/matematicas\/wp-json\/wp\/v2\/users\/11"}],"replies":[{"embeddable":true,"href":"https:\/\/maralboran.eu\/matematicas\/wp-json\/wp\/v2\/comments?post=266"}],"version-history":[{"count":0,"href":"https:\/\/maralboran.eu\/matematicas\/wp-json\/wp\/v2\/pages\/266\/revisions"}],"wp:attachment":[{"href":"https:\/\/maralboran.eu\/matematicas\/wp-json\/wp\/v2\/media?parent=266"}],"curies":[{"name":"wp","href":"https:\/\/api.w.org\/{rel}","templated":true}]}}