{"id":310,"date":"2018-10-23T19:00:18","date_gmt":"2018-10-23T19:00:18","guid":{"rendered":"http:\/\/maralboran.eu\/lengua\/?page_id=310"},"modified":"2018-10-23T19:00:18","modified_gmt":"2018-10-23T19:00:18","slug":"recuperacion-de-pendientes-eso","status":"publish","type":"page","link":"https:\/\/maralboran.eu\/lengua\/recuperacion-de-pendientes-eso\/","title":{"rendered":"RECUPERACI\u00d3N DE PENDIENTES ESO"},"content":{"rendered":"<p>En esta p\u00e1gina podr\u00e1s encontrar las fechas de entrega de las fichas del Plan de Recuperaci\u00f3n de pendientes para el tramo educativo de la ESO.<\/p>\n<p><a href=\"http:\/\/maralboran.eu\/lengua\/wp-content\/uploads\/sites\/18\/2018\/10\/PLAN-DE-RECUPERACI\u00d3N-DE-PENDIENTES_ESO.pdf\">PLAN DE RECUPERACI\u00d3N DE PENDIENTES_ESO<\/a><\/p>\n","protected":false},"excerpt":{"rendered":"<p>En esta p\u00e1gina podr\u00e1s encontrar las fechas de entrega de las fichas del Plan de Recuperaci\u00f3n de pendientes para el tramo educativo de la ESO. PLAN DE RECUPERACI\u00d3N DE PENDIENTES_ESO<\/p>\n","protected":false},"author":20,"featured_media":0,"parent":0,"menu_order":0,"comment_status":"closed","ping_status":"closed","template":"","meta":{"_price":"","_stock":"","_tribe_ticket_header":"","_tribe_default_ticket_provider":"","_ticket_start_date":"","_ticket_end_date":"","_tribe_ticket_show_description":"","_tribe_ticket_show_not_going":false,"_tribe_ticket_use_global_stock":"","_tribe_ticket_global_stock_level":"","_global_stock_mode":"","_global_stock_cap":"","_tribe_rsvp_for_event":"","_tribe_ticket_going_count":"","_tribe_ticket_not_going_count":"","_tribe_tickets_list":"[]","_tribe_ticket_has_attendee_info_fields":false,"_kadence_starter_templates_imported_post":false,"footnotes":"","_tec_slr_enabled":"","_tec_slr_layout":""},"class_list":["post-310","page","type-page","status-publish","hentry"],"featured_image_src":null,"featured_image_src_square":null,"ticketed":false,"_links":{"self":[{"href":"https:\/\/maralboran.eu\/lengua\/wp-json\/wp\/v2\/pages\/310","targetHints":{"allow":["GET"]}}],"collection":[{"href":"https:\/\/maralboran.eu\/lengua\/wp-json\/wp\/v2\/pages"}],"about":[{"href":"https:\/\/maralboran.eu\/lengua\/wp-json\/wp\/v2\/types\/page"}],"author":[{"embeddable":true,"href":"https:\/\/maralboran.eu\/lengua\/wp-json\/wp\/v2\/users\/20"}],"replies":[{"embeddable":true,"href":"https:\/\/maralboran.eu\/lengua\/wp-json\/wp\/v2\/comments?post=310"}],"version-history":[{"count":0,"href":"https:\/\/maralboran.eu\/lengua\/wp-json\/wp\/v2\/pages\/310\/revisions"}],"wp:attachment":[{"href":"https:\/\/maralboran.eu\/lengua\/wp-json\/wp\/v2\/media?parent=310"}],"curies":[{"name":"wp","href":"https:\/\/api.w.org\/{rel}","templated":true}]}}