{"id":266,"date":"2018-10-23T15:51:12","date_gmt":"2018-10-23T15:51:12","guid":{"rendered":"http:\/\/maralboran.eu\/lengua\/?page_id=266"},"modified":"2019-01-20T17:42:41","modified_gmt":"2019-01-20T17:42:41","slug":"orientaciones-de-selectividad","status":"publish","type":"page","link":"https:\/\/maralboran.eu\/lengua\/orientaciones-de-selectividad\/","title":{"rendered":"Orientaciones de Selectividad"},"content":{"rendered":"<p>En esta p\u00e1gina puedes consultar las Directrices y orientaciones de la prueba de Selectividad para Andaluc\u00eda. Este documento recoge los cambios en la prueba de Lengua castellana II para la Prueba de Evaluaci\u00f3n de Acceso a la Universidad.<\/p>\n<p><a href=\"http:\/\/maralboran.eu\/lengua\/wp-content\/uploads\/sites\/18\/2019\/01\/Orientaciones-2018-2019-completas.pdf\">sel_Orientaciones_lengua_castellana (1)<\/a><\/p>\n\n\n<p><\/p>\n","protected":false},"excerpt":{"rendered":"<p>En esta p\u00e1gina puedes consultar las Directrices y orientaciones de la prueba de Selectividad para Andaluc\u00eda. Este documento recoge los cambios en la prueba de Lengua castellana II para la Prueba de Evaluaci\u00f3n de&#46;&#46;&#46;<\/p>\n","protected":false},"author":20,"featured_media":215,"parent":0,"menu_order":0,"comment_status":"closed","ping_status":"closed","template":"","meta":{"_price":"","_stock":"","_tribe_ticket_header":"","_tribe_default_ticket_provider":"","_ticket_start_date":"","_ticket_end_date":"","_tribe_ticket_show_description":"","_tribe_ticket_show_not_going":false,"_tribe_ticket_use_global_stock":"","_tribe_ticket_global_stock_level":"","_global_stock_mode":"","_global_stock_cap":"","_tribe_rsvp_for_event":"","_tribe_ticket_going_count":"","_tribe_ticket_not_going_count":"","_tribe_tickets_list":"[]","_tribe_ticket_has_attendee_info_fields":false,"_kadence_starter_templates_imported_post":false,"footnotes":"","_tec_slr_enabled":"","_tec_slr_layout":""},"class_list":["post-266","page","type-page","status-publish","has-post-thumbnail","hentry"],"featured_image_src":"https:\/\/maralboran.eu\/lengua\/wp-content\/uploads\/sites\/18\/2018\/10\/2bachillerato.png","featured_image_src_square":"https:\/\/maralboran.eu\/lengua\/wp-content\/uploads\/sites\/18\/2018\/10\/2bachillerato.png","ticketed":false,"_links":{"self":[{"href":"https:\/\/maralboran.eu\/lengua\/wp-json\/wp\/v2\/pages\/266","targetHints":{"allow":["GET"]}}],"collection":[{"href":"https:\/\/maralboran.eu\/lengua\/wp-json\/wp\/v2\/pages"}],"about":[{"href":"https:\/\/maralboran.eu\/lengua\/wp-json\/wp\/v2\/types\/page"}],"author":[{"embeddable":true,"href":"https:\/\/maralboran.eu\/lengua\/wp-json\/wp\/v2\/users\/20"}],"replies":[{"embeddable":true,"href":"https:\/\/maralboran.eu\/lengua\/wp-json\/wp\/v2\/comments?post=266"}],"version-history":[{"count":0,"href":"https:\/\/maralboran.eu\/lengua\/wp-json\/wp\/v2\/pages\/266\/revisions"}],"wp:featuredmedia":[{"embeddable":true,"href":"https:\/\/maralboran.eu\/lengua\/wp-json\/wp\/v2\/media\/215"}],"wp:attachment":[{"href":"https:\/\/maralboran.eu\/lengua\/wp-json\/wp\/v2\/media?parent=266"}],"curies":[{"name":"wp","href":"https:\/\/api.w.org\/{rel}","templated":true}]}}