{"id":262,"date":"2018-10-23T15:41:09","date_gmt":"2018-10-23T15:41:09","guid":{"rendered":"http:\/\/maralboran.eu\/lengua\/?page_id=262"},"modified":"2018-10-23T15:47:03","modified_gmt":"2018-10-23T15:47:03","slug":"presentacion-de-trabajos","status":"publish","type":"page","link":"https:\/\/maralboran.eu\/lengua\/presentacion-de-trabajos\/","title":{"rendered":"Normas de estilo"},"content":{"rendered":"<p>En este documento encontrar\u00e1s las normas de estilo necesarias para la elaboraci\u00f3n y presentaci\u00f3n de trabajos.<\/p>\n<p><a href=\"http:\/\/maralboran.eu\/lengua\/wp-content\/uploads\/sites\/18\/2018\/10\/NORMAS-DE-ESTILO-Y-PRESENTACI\u00d3N-DE-TRABAJOS.pdf\">NORMAS DE ESTILO Y PRESENTACI\u00d3N DE TRABAJOS<\/a><\/p>\n","protected":false},"excerpt":{"rendered":"<p>En este documento encontrar\u00e1s las normas de estilo necesarias para la elaboraci\u00f3n y presentaci\u00f3n de trabajos. NORMAS DE ESTILO Y PRESENTACI\u00d3N DE TRABAJOS<\/p>\n","protected":false},"author":20,"featured_media":264,"parent":0,"menu_order":0,"comment_status":"closed","ping_status":"closed","template":"","meta":{"_price":"","_stock":"","_tribe_ticket_header":"","_tribe_default_ticket_provider":"","_ticket_start_date":"","_ticket_end_date":"","_tribe_ticket_show_description":"","_tribe_ticket_show_not_going":false,"_tribe_ticket_use_global_stock":"","_tribe_ticket_global_stock_level":"","_global_stock_mode":"","_global_stock_cap":"","_tribe_rsvp_for_event":"","_tribe_ticket_going_count":"","_tribe_ticket_not_going_count":"","_tribe_tickets_list":"[]","_tribe_ticket_has_attendee_info_fields":false,"_kadence_starter_templates_imported_post":false,"footnotes":"","_tec_slr_enabled":"","_tec_slr_layout":""},"class_list":["post-262","page","type-page","status-publish","has-post-thumbnail","hentry"],"featured_image_src":"https:\/\/maralboran.eu\/lengua\/wp-content\/uploads\/sites\/18\/2018\/10\/normas-de-estilo.jpg","featured_image_src_square":"https:\/\/maralboran.eu\/lengua\/wp-content\/uploads\/sites\/18\/2018\/10\/normas-de-estilo.jpg","ticketed":false,"_links":{"self":[{"href":"https:\/\/maralboran.eu\/lengua\/wp-json\/wp\/v2\/pages\/262","targetHints":{"allow":["GET"]}}],"collection":[{"href":"https:\/\/maralboran.eu\/lengua\/wp-json\/wp\/v2\/pages"}],"about":[{"href":"https:\/\/maralboran.eu\/lengua\/wp-json\/wp\/v2\/types\/page"}],"author":[{"embeddable":true,"href":"https:\/\/maralboran.eu\/lengua\/wp-json\/wp\/v2\/users\/20"}],"replies":[{"embeddable":true,"href":"https:\/\/maralboran.eu\/lengua\/wp-json\/wp\/v2\/comments?post=262"}],"version-history":[{"count":0,"href":"https:\/\/maralboran.eu\/lengua\/wp-json\/wp\/v2\/pages\/262\/revisions"}],"wp:featuredmedia":[{"embeddable":true,"href":"https:\/\/maralboran.eu\/lengua\/wp-json\/wp\/v2\/media\/264"}],"wp:attachment":[{"href":"https:\/\/maralboran.eu\/lengua\/wp-json\/wp\/v2\/media?parent=262"}],"curies":[{"name":"wp","href":"https:\/\/api.w.org\/{rel}","templated":true}]}}