{"id":243,"date":"2018-10-22T18:34:08","date_gmt":"2018-10-22T18:34:08","guid":{"rendered":"http:\/\/maralboran.eu\/lengua\/?page_id=243"},"modified":"2018-10-22T18:34:09","modified_gmt":"2018-10-22T18:34:09","slug":"guion-2o-bachillerato-semipresencial","status":"publish","type":"page","link":"https:\/\/maralboran.eu\/lengua\/guion-2o-bachillerato-semipresencial\/","title":{"rendered":"GUION 2\u00ba BACHILLERATO SEMIPRESENCIAL"},"content":{"rendered":"<p>En esta p\u00e1gina podr\u00e1s encontrar los objetivos, contenidos y criterios de calificaci\u00f3n de la modalidad semipresencial para 2\u00ba de Bachillerato.<\/p>\n<p><a href=\"http:\/\/maralboran.eu\/lengua\/wp-content\/uploads\/sites\/18\/2018\/10\/GUION_2018_LEN_2BAC_SEMIPRESENCIAL.pdf\">GUION_2018_LEN_2BAC_SEMIPRESENCIAL<\/a><\/p>\n","protected":false},"excerpt":{"rendered":"<p>En esta p\u00e1gina podr\u00e1s encontrar los objetivos, contenidos y criterios de calificaci\u00f3n de la modalidad semipresencial para 2\u00ba de Bachillerato. GUION_2018_LEN_2BAC_SEMIPRESENCIAL<\/p>\n","protected":false},"author":20,"featured_media":215,"parent":0,"menu_order":0,"comment_status":"closed","ping_status":"closed","template":"","meta":{"_price":"","_stock":"","_tribe_ticket_header":"","_tribe_default_ticket_provider":"","_ticket_start_date":"","_ticket_end_date":"","_tribe_ticket_show_description":"","_tribe_ticket_show_not_going":false,"_tribe_ticket_use_global_stock":"","_tribe_ticket_global_stock_level":"","_global_stock_mode":"","_global_stock_cap":"","_tribe_rsvp_for_event":"","_tribe_ticket_going_count":"","_tribe_ticket_not_going_count":"","_tribe_tickets_list":"[]","_tribe_ticket_has_attendee_info_fields":false,"_kadence_starter_templates_imported_post":false,"footnotes":"","_tec_slr_enabled":"","_tec_slr_layout":""},"class_list":["post-243","page","type-page","status-publish","has-post-thumbnail","hentry"],"featured_image_src":"https:\/\/maralboran.eu\/lengua\/wp-content\/uploads\/sites\/18\/2018\/10\/2bachillerato.png","featured_image_src_square":"https:\/\/maralboran.eu\/lengua\/wp-content\/uploads\/sites\/18\/2018\/10\/2bachillerato.png","ticketed":false,"_links":{"self":[{"href":"https:\/\/maralboran.eu\/lengua\/wp-json\/wp\/v2\/pages\/243","targetHints":{"allow":["GET"]}}],"collection":[{"href":"https:\/\/maralboran.eu\/lengua\/wp-json\/wp\/v2\/pages"}],"about":[{"href":"https:\/\/maralboran.eu\/lengua\/wp-json\/wp\/v2\/types\/page"}],"author":[{"embeddable":true,"href":"https:\/\/maralboran.eu\/lengua\/wp-json\/wp\/v2\/users\/20"}],"replies":[{"embeddable":true,"href":"https:\/\/maralboran.eu\/lengua\/wp-json\/wp\/v2\/comments?post=243"}],"version-history":[{"count":0,"href":"https:\/\/maralboran.eu\/lengua\/wp-json\/wp\/v2\/pages\/243\/revisions"}],"wp:featuredmedia":[{"embeddable":true,"href":"https:\/\/maralboran.eu\/lengua\/wp-json\/wp\/v2\/media\/215"}],"wp:attachment":[{"href":"https:\/\/maralboran.eu\/lengua\/wp-json\/wp\/v2\/media?parent=243"}],"curies":[{"name":"wp","href":"https:\/\/api.w.org\/{rel}","templated":true}]}}