{"id":2,"date":"2016-05-24T10:39:24","date_gmt":"2016-05-24T10:39:24","guid":{"rendered":"http:\/\/maralboran.eu\/lengua\/?page_id=2"},"modified":"2023-09-06T15:27:17","modified_gmt":"2023-09-06T15:27:17","slug":"miembros-dpto-geografia","status":"publish","type":"page","link":"https:\/\/maralboran.eu\/lengua\/miembros-dpto-geografia\/","title":{"rendered":"Miembros del Dpto. de Lengua"},"content":{"rendered":"<ul>\n<li>Jes\u00fas Daniel Acosta Morales<\/li>\n<li>Roc\u00edo Iglesias Gavira<\/li>\n<li>Marta Jim\u00e9nez L\u00f3pez<\/li>\n<li style=\"text-align: left\">Carmen Gloria Mart\u00edn S\u00e1nchez<img loading=\"lazy\" decoding=\"async\" class=\"wp-image-591  alignright\" src=\"https:\/\/maralboran.eu\/lengua\/wp-content\/uploads\/sites\/18\/2023\/09\/teamwork-2198961_1280-300x200.png\" alt=\"\" width=\"216\" height=\"164\" \/><\/li>\n<li style=\"text-align: left\">Mar\u00eda Guti\u00e9rrez Garc\u00eda<\/li>\n<li>Paula Mart\u00edn Vallejo<\/li>\n<li>Auxiliadora Mena Ram\u00edrez<\/li>\n<li>Ana Mar\u00eda Rueda G\u00f3mez<\/li>\n<li>Inmaculada Molina Ruiz<\/li>\n<li>Marta Salazar Ja\u00e9n<\/li>\n<li>Nuria Hern\u00e1ndez Rodr\u00edguez\u00a0 (Cl\u00e1sicas)<\/li>\n<li>Mar\u00eda de la Cruz Lasarte Cervantes (J.D.)<\/li>\n<\/ul>\n","protected":false},"excerpt":{"rendered":"<p>Jes\u00fas Daniel Acosta Morales Roc\u00edo Iglesias Gavira Marta Jim\u00e9nez L\u00f3pez Carmen Gloria Mart\u00edn S\u00e1nchez Mar\u00eda Guti\u00e9rrez Garc\u00eda Paula Mart\u00edn Vallejo Auxiliadora Mena Ram\u00edrez Ana Mar\u00eda Rueda G\u00f3mez Inmaculada Molina Ruiz Marta Salazar Ja\u00e9n Nuria&#46;&#46;&#46;<\/p>\n","protected":false},"author":20,"featured_media":0,"parent":0,"menu_order":0,"comment_status":"closed","ping_status":"open","template":"","meta":{"_price":"","_stock":"","_tribe_ticket_header":"","_tribe_default_ticket_provider":"","_ticket_start_date":"","_ticket_end_date":"","_tribe_ticket_show_description":"","_tribe_ticket_show_not_going":false,"_tribe_ticket_use_global_stock":"","_tribe_ticket_global_stock_level":"","_global_stock_mode":"","_global_stock_cap":"","_tribe_rsvp_for_event":"","_tribe_ticket_going_count":"","_tribe_ticket_not_going_count":"","_tribe_tickets_list":"[]","_tribe_ticket_has_attendee_info_fields":false,"_kadence_starter_templates_imported_post":false,"footnotes":"","_tec_slr_enabled":"","_tec_slr_layout":""},"class_list":["post-2","page","type-page","status-publish","hentry"],"featured_image_src":null,"featured_image_src_square":null,"ticketed":false,"_links":{"self":[{"href":"https:\/\/maralboran.eu\/lengua\/wp-json\/wp\/v2\/pages\/2","targetHints":{"allow":["GET"]}}],"collection":[{"href":"https:\/\/maralboran.eu\/lengua\/wp-json\/wp\/v2\/pages"}],"about":[{"href":"https:\/\/maralboran.eu\/lengua\/wp-json\/wp\/v2\/types\/page"}],"author":[{"embeddable":true,"href":"https:\/\/maralboran.eu\/lengua\/wp-json\/wp\/v2\/users\/20"}],"replies":[{"embeddable":true,"href":"https:\/\/maralboran.eu\/lengua\/wp-json\/wp\/v2\/comments?post=2"}],"version-history":[{"count":0,"href":"https:\/\/maralboran.eu\/lengua\/wp-json\/wp\/v2\/pages\/2\/revisions"}],"wp:attachment":[{"href":"https:\/\/maralboran.eu\/lengua\/wp-json\/wp\/v2\/media?parent=2"}],"curies":[{"name":"wp","href":"https:\/\/api.w.org\/{rel}","templated":true}]}}