{"id":53,"date":"2018-09-07T16:12:14","date_gmt":"2018-09-07T16:12:14","guid":{"rendered":"http:\/\/maralboran.eu\/geografia\/?page_id=53"},"modified":"2019-01-30T17:42:42","modified_gmt":"2019-01-30T17:42:42","slug":"recuperaciones","status":"publish","type":"page","link":"https:\/\/maralboran.eu\/geografia\/recuperaciones\/","title":{"rendered":"Recuperaciones"},"content":{"rendered":"<p><strong>CALENDARIO DE RECUPERACIONES<\/strong><\/p>\n<p style=\"text-align: justify\">El departamento de Geograf\u00eda e Historia ha establecido para el curso escolar 2018-2019 el siguiente planning para todos aquell@s alumn@s que tengan alguna materia que recuperar. Aqu\u00ed podr\u00e1s consultar el calendario de evaluaciones extraordinarias y las caracter\u00edsticas de la prueba.<\/p>\n<p style=\"text-align: justify\">Recuerda, si tienes alguna duda debes consultarlo con tu profesor\/a!!!!<\/p>\n","protected":false},"excerpt":{"rendered":"<p>CALENDARIO DE RECUPERACIONES El departamento de Geograf\u00eda e Historia ha establecido para el curso escolar 2018-2019 el siguiente planning para todos aquell@s alumn@s que tengan alguna materia que recuperar. Aqu\u00ed podr\u00e1s consultar el calendario&#46;&#46;&#46;<\/p>\n","protected":false},"author":1,"featured_media":111,"parent":0,"menu_order":0,"comment_status":"closed","ping_status":"closed","template":"","meta":{"_price":"","_stock":"","_tribe_ticket_header":"","_tribe_default_ticket_provider":"","_ticket_start_date":"","_ticket_end_date":"","_tribe_ticket_show_description":"","_tribe_ticket_show_not_going":false,"_tribe_ticket_use_global_stock":"","_tribe_ticket_global_stock_level":"","_global_stock_mode":"","_global_stock_cap":"","_tribe_rsvp_for_event":"","_tribe_ticket_going_count":"","_tribe_ticket_not_going_count":"","_tribe_tickets_list":"[]","_tribe_ticket_has_attendee_info_fields":false,"_kadence_starter_templates_imported_post":false,"footnotes":"","_tec_slr_enabled":"","_tec_slr_layout":""},"class_list":["post-53","page","type-page","status-publish","has-post-thumbnail","hentry"],"featured_image_src":"https:\/\/maralboran.eu\/geografia\/wp-content\/uploads\/sites\/29\/2018\/09\/Captura-de-pantalla-2018-09-15-a-las-19.09.25.png","featured_image_src_square":"https:\/\/maralboran.eu\/geografia\/wp-content\/uploads\/sites\/29\/2018\/09\/Captura-de-pantalla-2018-09-15-a-las-19.09.25.png","ticketed":false,"_links":{"self":[{"href":"https:\/\/maralboran.eu\/geografia\/wp-json\/wp\/v2\/pages\/53","targetHints":{"allow":["GET"]}}],"collection":[{"href":"https:\/\/maralboran.eu\/geografia\/wp-json\/wp\/v2\/pages"}],"about":[{"href":"https:\/\/maralboran.eu\/geografia\/wp-json\/wp\/v2\/types\/page"}],"author":[{"embeddable":true,"href":"https:\/\/maralboran.eu\/geografia\/wp-json\/wp\/v2\/users\/1"}],"replies":[{"embeddable":true,"href":"https:\/\/maralboran.eu\/geografia\/wp-json\/wp\/v2\/comments?post=53"}],"version-history":[{"count":0,"href":"https:\/\/maralboran.eu\/geografia\/wp-json\/wp\/v2\/pages\/53\/revisions"}],"wp:featuredmedia":[{"embeddable":true,"href":"https:\/\/maralboran.eu\/geografia\/wp-json\/wp\/v2\/media\/111"}],"wp:attachment":[{"href":"https:\/\/maralboran.eu\/geografia\/wp-json\/wp\/v2\/media?parent=53"}],"curies":[{"name":"wp","href":"https:\/\/api.w.org\/{rel}","templated":true}]}}