{"id":2,"date":"2016-06-13T15:49:14","date_gmt":"2016-06-13T15:49:14","guid":{"rendered":"http:\/\/maralboran.eu\/geografia\/?page_id=2"},"modified":"2020-12-04T17:57:30","modified_gmt":"2020-12-04T17:57:30","slug":"miembros-dpto-geografia","status":"publish","type":"page","link":"https:\/\/maralboran.eu\/geografia\/miembros-dpto-geografia\/","title":{"rendered":"Miembros del Dpto. de Geograf\u00eda e Historia"},"content":{"rendered":"\n<figure class=\"wp-block-image size-large is-resized\"><img loading=\"lazy\" decoding=\"async\" src=\"https:\/\/maralboran.eu\/geografia\/wp-content\/uploads\/sites\/29\/2020\/12\/Logo-departamento.jpg\" alt=\"\" class=\"wp-image-240\" width=\"638\" height=\"638\" srcset=\"https:\/\/maralboran.eu\/geografia\/wp-content\/uploads\/sites\/29\/2020\/12\/Logo-departamento.jpg 600w, https:\/\/maralboran.eu\/geografia\/wp-content\/uploads\/sites\/29\/2020\/12\/Logo-departamento-300x300.jpg 300w, https:\/\/maralboran.eu\/geografia\/wp-content\/uploads\/sites\/29\/2020\/12\/Logo-departamento-150x150.jpg 150w, https:\/\/maralboran.eu\/geografia\/wp-content\/uploads\/sites\/29\/2020\/12\/Logo-departamento-80x80.jpg 80w, https:\/\/maralboran.eu\/geografia\/wp-content\/uploads\/sites\/29\/2020\/12\/Logo-departamento-320x320.jpg 320w\" sizes=\"auto, (max-width: 638px) 100vw, 638px\" \/><\/figure>\n\n\n<ul>\n<li style=\"text-align: left\">Manuel Jes\u00fas Serrano Varea (Jefe del Departamento).<\/li>\n<li>Israel Barrera Ramos (Jefe del Departamento de Convivencia).<\/li>\n<li>Jes\u00fas Miguel Garc\u00eda Mart\u00ednez (Jefe del Departamento DACE).<\/li>\n<li>In\u00e9s Carretero Lombardo (tutora 2\u00ba BS, biblioteca).<\/li>\n<li>Miriam Jim\u00e9nez Fern\u00e1ndez (tutora 2\u00ba BPA, coordinadora de ALDEA).<\/li>\n<li>Rosario Luque Torrej\u00f3n.<\/li>\n<li>Mar\u00eda Teresa Mena Gil (tutora de 1\u00ba ESO-H, coordinadora del programa Vivir y Sentir el Patrimonio).<\/li>\n<li>Jos\u00e9 Antonio Roca Mour\u00edn (tutor 2\u00ba ESO-B).<\/li>\n<li>Jos\u00e9 L\u00f3pez Mar\u00edn (tutor 3\u00ba ESO-D).<\/li>\n<li>Miguel Ben\u00edtez el Moufaoued (tutor 1\u00ba ESO-F).<\/li>\n<li>Antonio Javier Narv\u00e1ez Jim\u00e9nez.<\/li>\n<\/ul>","protected":false},"excerpt":{"rendered":"<p>Manuel Jes\u00fas Serrano Varea (Jefe del Departamento). Israel Barrera Ramos (Jefe del Departamento de Convivencia). Jes\u00fas Miguel Garc\u00eda Mart\u00ednez (Jefe del Departamento DACE). In\u00e9s Carretero Lombardo (tutora 2\u00ba BS, biblioteca). Miriam Jim\u00e9nez Fern\u00e1ndez (tutora&#46;&#46;&#46;<\/p>\n","protected":false},"author":28,"featured_media":0,"parent":0,"menu_order":0,"comment_status":"closed","ping_status":"open","template":"","meta":{"_price":"","_stock":"","_tribe_ticket_header":"","_tribe_default_ticket_provider":"","_ticket_start_date":"","_ticket_end_date":"","_tribe_ticket_show_description":"","_tribe_ticket_show_not_going":false,"_tribe_ticket_use_global_stock":"","_tribe_ticket_global_stock_level":"","_global_stock_mode":"","_global_stock_cap":"","_tribe_rsvp_for_event":"","_tribe_ticket_going_count":"","_tribe_ticket_not_going_count":"","_tribe_tickets_list":"[]","_tribe_ticket_has_attendee_info_fields":false,"_kadence_starter_templates_imported_post":false,"footnotes":"","_tec_slr_enabled":"","_tec_slr_layout":""},"class_list":["post-2","page","type-page","status-publish","hentry"],"featured_image_src":null,"featured_image_src_square":null,"ticketed":false,"_links":{"self":[{"href":"https:\/\/maralboran.eu\/geografia\/wp-json\/wp\/v2\/pages\/2","targetHints":{"allow":["GET"]}}],"collection":[{"href":"https:\/\/maralboran.eu\/geografia\/wp-json\/wp\/v2\/pages"}],"about":[{"href":"https:\/\/maralboran.eu\/geografia\/wp-json\/wp\/v2\/types\/page"}],"author":[{"embeddable":true,"href":"https:\/\/maralboran.eu\/geografia\/wp-json\/wp\/v2\/users\/28"}],"replies":[{"embeddable":true,"href":"https:\/\/maralboran.eu\/geografia\/wp-json\/wp\/v2\/comments?post=2"}],"version-history":[{"count":0,"href":"https:\/\/maralboran.eu\/geografia\/wp-json\/wp\/v2\/pages\/2\/revisions"}],"wp:attachment":[{"href":"https:\/\/maralboran.eu\/geografia\/wp-json\/wp\/v2\/media?parent=2"}],"curies":[{"name":"wp","href":"https:\/\/api.w.org\/{rel}","templated":true}]}}