{"id":175,"date":"2019-10-11T09:03:36","date_gmt":"2019-10-11T09:03:36","guid":{"rendered":"http:\/\/maralboran.eu\/geografia\/?page_id=175"},"modified":"2019-10-11T09:03:37","modified_gmt":"2019-10-11T09:03:37","slug":"plan-de-recuperacion","status":"publish","type":"page","link":"https:\/\/maralboran.eu\/geografia\/plan-de-recuperacion\/","title":{"rendered":"Plan de recuperaci\u00f3n"},"content":{"rendered":"\n<p>El departamento de Geograf\u00eda e Historia ha establecido para el curso escolar 2019-2020 el siguiente planning para todos aquell@s alumn@s que tengan alguna materia que recuperar. Aqu\u00ed podr\u00e1s consultar el calendario de evaluaciones extraordinarias y las caracter\u00edsticas de la prueba.<\/p>\n<p>Recuerda, si tienes alguna duda debes consultarlo con tu profesor\/a!!!<\/p>\n<ul>\n<li><a href=\"http:\/\/maralboran.eu\/archivos\/noticias1920\/Calendario%20geo%20recuperaciones%2019-20.pdf\">Calendario<\/a><\/li>\n<\/ul>\n","protected":false},"excerpt":{"rendered":"<p>El departamento de Geograf\u00eda e Historia ha establecido para el curso escolar 2019-2020 el siguiente planning para todos aquell@s alumn@s que tengan alguna materia que recuperar. Aqu\u00ed podr\u00e1s consultar el calendario de evaluaciones extraordinarias&#46;&#46;&#46;<\/p>\n","protected":false},"author":38,"featured_media":0,"parent":0,"menu_order":0,"comment_status":"closed","ping_status":"closed","template":"","meta":{"_price":"","_stock":"","_tribe_ticket_header":"","_tribe_default_ticket_provider":"","_ticket_start_date":"","_ticket_end_date":"","_tribe_ticket_show_description":"","_tribe_ticket_show_not_going":false,"_tribe_ticket_use_global_stock":"","_tribe_ticket_global_stock_level":"","_global_stock_mode":"","_global_stock_cap":"","_tribe_rsvp_for_event":"","_tribe_ticket_going_count":"","_tribe_ticket_not_going_count":"","_tribe_tickets_list":"[]","_tribe_ticket_has_attendee_info_fields":false,"_kadence_starter_templates_imported_post":false,"footnotes":"","_tec_slr_enabled":"","_tec_slr_layout":""},"class_list":["post-175","page","type-page","status-publish","hentry"],"featured_image_src":null,"featured_image_src_square":null,"ticketed":false,"_links":{"self":[{"href":"https:\/\/maralboran.eu\/geografia\/wp-json\/wp\/v2\/pages\/175","targetHints":{"allow":["GET"]}}],"collection":[{"href":"https:\/\/maralboran.eu\/geografia\/wp-json\/wp\/v2\/pages"}],"about":[{"href":"https:\/\/maralboran.eu\/geografia\/wp-json\/wp\/v2\/types\/page"}],"author":[{"embeddable":true,"href":"https:\/\/maralboran.eu\/geografia\/wp-json\/wp\/v2\/users\/38"}],"replies":[{"embeddable":true,"href":"https:\/\/maralboran.eu\/geografia\/wp-json\/wp\/v2\/comments?post=175"}],"version-history":[{"count":0,"href":"https:\/\/maralboran.eu\/geografia\/wp-json\/wp\/v2\/pages\/175\/revisions"}],"wp:attachment":[{"href":"https:\/\/maralboran.eu\/geografia\/wp-json\/wp\/v2\/media?parent=175"}],"curies":[{"name":"wp","href":"https:\/\/api.w.org\/{rel}","templated":true}]}}