{"id":152,"date":"2018-10-14T19:04:11","date_gmt":"2018-10-14T19:04:11","guid":{"rendered":"http:\/\/maralboran.eu\/geografia\/?page_id=152"},"modified":"2018-10-14T19:04:11","modified_gmt":"2018-10-14T19:04:11","slug":"tema-3-culturas-historicas-y-patrimonio-andaluz-hasta-la-edad-media","status":"publish","type":"page","link":"https:\/\/maralboran.eu\/geografia\/tema-3-culturas-historicas-y-patrimonio-andaluz-hasta-la-edad-media\/","title":{"rendered":"Tema 3: Culturas hist\u00f3ricas y patrimonio andaluz hasta la Edad Media."},"content":{"rendered":"<p style=\"text-align: justify\">\u00a0 \u00a0 \u00a0En esta unidad abordaremos el estudio del patrimonio hist\u00f3rico art\u00edstico de Andaluc\u00eda desde la prehistoria hasta el patrimonio del siglo XX. Son miles los ejemplos que tenemos en nuestra comunidad de este tipo de patrimonio, siendo adem\u00e1s y a priori, el patrimonio m\u00e1s reconocible, as\u00ed que mucho de lo que vamos a trabajar a partir de ahora ya lo conoces. Puede, incluso, que lo hayas visitado.<\/p>\n<p style=\"text-align: justify\">\u00a0 \u00a0 \u00a0Esta Unidad 3 est\u00e1 dedicada al patrimonio andaluz de la prehistoria y la historia Antigua. Por lo tanto, estudiaremos cuestiones tan importantes como It\u00e1lica, o la Alhambra, entre otras cosas. Por supuesto, tambi\u00e9n dedicaremos espacios a elementos patrimoniales menos conocidos pero que nos van a servir para contextualizar y comprender mejor la trascendencia de estas piezas en nuestra cultura y nuestra comunidad.<\/p>\n<p style=\"text-align: justify\">\u00a0 \u00a0 \u00a0Comenzaremos por el patrimonio m\u00e1s antiguo, desde la prehistoria (ver\u00e1s pinturas rupestres, por ejemplo) hasta piezas, restos y construcciones de \u00e9poca romana, fundamental como base cultural y social no solo para el territorio andaluz, sino para toda Europa occidental.<\/p>\n","protected":false},"excerpt":{"rendered":"<p>\u00a0 \u00a0 \u00a0En esta unidad abordaremos el estudio del patrimonio hist\u00f3rico art\u00edstico de Andaluc\u00eda desde la prehistoria hasta el patrimonio del siglo XX. Son miles los ejemplos que tenemos en nuestra comunidad de este&#46;&#46;&#46;<\/p>\n","protected":false},"author":38,"featured_media":0,"parent":0,"menu_order":0,"comment_status":"closed","ping_status":"closed","template":"","meta":{"_price":"","_stock":"","_tribe_ticket_header":"","_tribe_default_ticket_provider":"","_ticket_start_date":"","_ticket_end_date":"","_tribe_ticket_show_description":"","_tribe_ticket_show_not_going":false,"_tribe_ticket_use_global_stock":"","_tribe_ticket_global_stock_level":"","_global_stock_mode":"","_global_stock_cap":"","_tribe_rsvp_for_event":"","_tribe_ticket_going_count":"","_tribe_ticket_not_going_count":"","_tribe_tickets_list":"[]","_tribe_ticket_has_attendee_info_fields":false,"_kadence_starter_templates_imported_post":false,"footnotes":"","_tec_slr_enabled":"","_tec_slr_layout":""},"class_list":["post-152","page","type-page","status-publish","hentry"],"featured_image_src":null,"featured_image_src_square":null,"ticketed":false,"_links":{"self":[{"href":"https:\/\/maralboran.eu\/geografia\/wp-json\/wp\/v2\/pages\/152","targetHints":{"allow":["GET"]}}],"collection":[{"href":"https:\/\/maralboran.eu\/geografia\/wp-json\/wp\/v2\/pages"}],"about":[{"href":"https:\/\/maralboran.eu\/geografia\/wp-json\/wp\/v2\/types\/page"}],"author":[{"embeddable":true,"href":"https:\/\/maralboran.eu\/geografia\/wp-json\/wp\/v2\/users\/38"}],"replies":[{"embeddable":true,"href":"https:\/\/maralboran.eu\/geografia\/wp-json\/wp\/v2\/comments?post=152"}],"version-history":[{"count":0,"href":"https:\/\/maralboran.eu\/geografia\/wp-json\/wp\/v2\/pages\/152\/revisions"}],"wp:attachment":[{"href":"https:\/\/maralboran.eu\/geografia\/wp-json\/wp\/v2\/media?parent=152"}],"curies":[{"name":"wp","href":"https:\/\/api.w.org\/{rel}","templated":true}]}}