{"id":2,"date":"2016-05-30T08:44:22","date_gmt":"2016-05-30T08:44:22","guid":{"rendered":"http:\/\/maralboran.eu\/frances\/?page_id=2"},"modified":"2019-10-21T10:07:38","modified_gmt":"2019-10-21T10:07:38","slug":"pagina-ejemplo","status":"publish","type":"page","link":"https:\/\/maralboran.eu\/frances\/pagina-ejemplo\/","title":{"rendered":"Membres du D\u00e9p. de Fran\u00e7ais"},"content":{"rendered":"<ul>\n<li style=\"text-align: left;\"><img loading=\"lazy\" decoding=\"async\" class=\"alignright wp-image-287 size-thumbnail\" src=\"http:\/\/maralboran.eu\/matematicas\/wp-content\/uploads\/sites\/8\/2016\/06\/reacher-150x150.png\" alt=\"reacher\" width=\"150\" height=\"150\" \/>MIEMBROS<br \/>\n<table width=\"793\">\n<tbody>\n<tr class=\"alt\">\n<td width=\"284\">Mart\u00edn Cu\u00e9llar, Sandra<\/td>\n<td width=\"231\">Franc\u00e9s P.E.S.<\/td>\n<td width=\"278\">Tutora 1\u00ba BCT<\/td>\n<\/tr>\n<tr>\n<td width=\"284\">Mart\u00ednez Quevedo, Blasa<\/td>\n<td>Franc\u00e9s P.E.S.<\/td>\n<td>Jefe de departamento<\/td>\n<\/tr>\n<tr class=\"alt\">\n<td width=\"284\">Mu\u00f1oz Ruiz, Miguel \u00c1ngel<\/td>\n<td>Franc\u00e9s P.E.S.<\/td>\n<td>Tutor 4\u00ba ESO A<\/td>\n<\/tr>\n<tr>\n<td width=\"284\">Rodr\u00edguez Cantueso, Francisco Javier<\/td>\n<td>Franc\u00e9s P.E.S.<\/td>\n<td>Jefe de estudios adjunto<\/td>\n<\/tr>\n<\/tbody>\n<\/table>\n<\/li>\n<\/ul>\n","protected":false},"excerpt":{"rendered":"<p>MIEMBROS Mart\u00edn Cu\u00e9llar, Sandra Franc\u00e9s P.E.S. Tutora 1\u00ba BCT Mart\u00ednez Quevedo, Blasa Franc\u00e9s P.E.S. Jefe de departamento Mu\u00f1oz Ruiz, Miguel \u00c1ngel Franc\u00e9s P.E.S. Tutor 4\u00ba ESO A Rodr\u00edguez Cantueso, Francisco Javier Franc\u00e9s P.E.S. Jefe&#46;&#46;&#46;<\/p>\n","protected":false},"author":22,"featured_media":0,"parent":0,"menu_order":0,"comment_status":"closed","ping_status":"open","template":"","meta":{"_price":"","_stock":"","_tribe_ticket_header":"","_tribe_default_ticket_provider":"","_ticket_start_date":"","_ticket_end_date":"","_tribe_ticket_show_description":"","_tribe_ticket_show_not_going":false,"_tribe_ticket_use_global_stock":"","_tribe_ticket_global_stock_level":"","_global_stock_mode":"","_global_stock_cap":"","_tribe_rsvp_for_event":"","_tribe_ticket_going_count":"","_tribe_ticket_not_going_count":"","_tribe_tickets_list":"[]","_tribe_ticket_has_attendee_info_fields":false,"_kadence_starter_templates_imported_post":false,"footnotes":"","_tec_slr_enabled":"","_tec_slr_layout":""},"class_list":["post-2","page","type-page","status-publish","hentry"],"featured_image_src":null,"featured_image_src_square":null,"ticketed":false,"_links":{"self":[{"href":"https:\/\/maralboran.eu\/frances\/wp-json\/wp\/v2\/pages\/2","targetHints":{"allow":["GET"]}}],"collection":[{"href":"https:\/\/maralboran.eu\/frances\/wp-json\/wp\/v2\/pages"}],"about":[{"href":"https:\/\/maralboran.eu\/frances\/wp-json\/wp\/v2\/types\/page"}],"author":[{"embeddable":true,"href":"https:\/\/maralboran.eu\/frances\/wp-json\/wp\/v2\/users\/22"}],"replies":[{"embeddable":true,"href":"https:\/\/maralboran.eu\/frances\/wp-json\/wp\/v2\/comments?post=2"}],"version-history":[{"count":0,"href":"https:\/\/maralboran.eu\/frances\/wp-json\/wp\/v2\/pages\/2\/revisions"}],"wp:attachment":[{"href":"https:\/\/maralboran.eu\/frances\/wp-json\/wp\/v2\/media?parent=2"}],"curies":[{"name":"wp","href":"https:\/\/api.w.org\/{rel}","templated":true}]}}