{"id":985,"date":"2024-11-07T11:28:41","date_gmt":"2024-11-07T11:28:41","guid":{"rendered":"https:\/\/maralboran.eu\/fp\/?page_id=985"},"modified":"2025-01-15T08:46:52","modified_gmt":"2025-01-15T08:46:52","slug":"descubre-nuestra-formacion-profesional-empresas-2","status":"publish","type":"page","link":"https:\/\/maralboran.eu\/fp\/descubre-nuestra-formacion-profesional-empresas-2\/","title":{"rendered":"Descubre nuestra Formaci\u00f3n Profesional &#8211; Empresas"},"content":{"rendered":"\n<h3 class=\"wp-block-heading has-text-color has-link-color has-large-font-size wp-elements-556e04f51540d4bdc5e2f50cb752d5b6\" style=\"color:#94a08a\">El nuevo modelo de Formaci\u00f3n Profesional<\/h3>\n\n\n\n<p>\u00bfLe cuesta encontrar<strong> profesionales<\/strong> bien formados en el sector de la <strong>Administraci\u00f3n<\/strong>, la <strong>Electr\u00f3nica<\/strong> o la <strong>Inform\u00e1tica<\/strong>?<\/p>\n\n\n\n<p>Le proponemos <strong>combinar<\/strong> el <strong>talento<\/strong> de nuestros j\u00f3venes y <strong>nuestra experiencia<\/strong> como formadores con las <strong>exigencias reales<\/strong> de su empresa para conseguir los <strong>profesionales que la sociedad nos demanda.<\/strong><\/p>\n\n\n\n<p class=\"has-text-color has-link-color has-medium-font-size wp-elements-09e9957c9daec5c953d7a8d5bc60f743\" style=\"color:#94a08a\"><strong>Colabore con nosotros<\/strong><\/p>\n\n\n\n<p>Queremos que su empresa <strong>colabore<\/strong> con nosotros en el nuevo modelo de Formaci\u00f3n Profesional <strong>recibiendo a nuestros alumnos y alumnas durante la Fase de Formaci\u00f3n en Empresa<\/strong> ayud\u00e1ndonos a <strong>completar su formaci\u00f3n<\/strong> adaptada a las necesidades de su empresa. <\/p>\n\n\n\n<figure class=\"wp-block-embed is-type-video is-provider-youtube wp-block-embed-youtube wp-embed-aspect-16-9 wp-has-aspect-ratio\"><div class=\"wp-block-embed__wrapper\">\n<div class=\"video-container\"><iframe loading=\"lazy\" title=\"IES Mar de Albor\u00e1n. Formaci\u00f3n Profesional\" width=\"500\" height=\"281\" src=\"https:\/\/www.youtube.com\/embed\/oYkSOW4En_A?feature=oembed&#038;wmode=opaque\" frameborder=\"0\" allow=\"accelerometer; autoplay; clipboard-write; encrypted-media; gyroscope; picture-in-picture; web-share\" referrerpolicy=\"strict-origin-when-cross-origin\" allowfullscreen><\/iframe><\/div>\n<\/div><figcaption class=\"wp-element-caption\">DESCUBRA NUESTRO CENTRO<\/figcaption><\/figure>\n\n\n\n<p class=\"has-text-color has-link-color has-medium-font-size wp-elements-4e09d3b2bbfeb0de510c359efd92f902\" style=\"color:#94a08a\"><strong>Formaci\u00f3n Profesional Dual. El nuevo modelo de FP<\/strong><\/p>\n\n\n\n<p>La&nbsp;<strong>Formaci\u00f3n Profesional Dual<\/strong>&nbsp;combina el desarrollo de las actividades formativas propias de cada titulaci\u00f3n&nbsp;<strong>entre el centro educativo y la empresa<\/strong>, consiguiendo integrar los esfuerzos del sector formativo y productivo por alcanzar una sociedad con alto nivel de competencias profesionales, personales y sociales y una cualificaci\u00f3n profesional adecuada para ser motor de cambio.<\/p>\n\n\n\n<p>La participaci\u00f3n de las empresas en la formaci\u00f3n del alumnado de Formaci\u00f3n Profesional, supone un paso m\u00e1s en la&nbsp;<strong>tradicional colaboraci\u00f3n<\/strong>&nbsp;entre Empresas y Administraci\u00f3n P\u00fablica que supone el m\u00f3dulo de Formaci\u00f3n en Centros de Trabajo (FCT).<\/p>\n\n\n\n<p>En el nuevo modelo de formaci\u00f3n, las empresas hacen part\u00edcipes a los alumnos y alumnas de sus actividades cotidianas ense\u00f1\u00e1ndole la visi\u00f3n pr\u00e1ctica de la formaci\u00f3n a trav\u00e9s del tutor\/a laboral, quien cuenta con el apoyo, asesoramiento y coordinaci\u00f3n permanente del tutor o tutora docente.<\/p>\n\n\n\n<p>Fuente: <a href=\"https:\/\/www.juntadeandalucia.es\/educacion\/portals\/web\/formacion-profesional-andaluza\">Portal de Formaci\u00f3n Profesional Andaluza. Junta de Andaluc\u00eda<\/a><\/p>\n\n\n\n<p class=\"has-text-color has-link-color has-medium-font-size wp-elements-9fddaf1a4febefd4091d8d8d40385a91\" style=\"color:#94a08a\"><strong>Ventajas para las empresas<\/strong> <strong>de la Formaci\u00f3n Profesional DUAL<\/strong><\/p>\n\n\n\n<ol class=\"wp-block-list\">\n<li>Permite a las empresas <strong>formar a futuros <\/strong><strong>profesionales <\/strong>de acuerdo a su cultura organizativa y a sus propias necesidades.<\/li>\n\n\n\n<li>Permite servir de herramienta de <strong>acceso y selecci\u00f3n de personal<\/strong>.&nbsp;<\/li>\n\n\n\n<li>Fortalece la <strong>imagen corporativa y refuerza la responsabilidad social <\/strong>de la empresa ya que contribuye a la formaci\u00f3n y desarrollo de la comunidad local mejorando la empleabilidad.&nbsp;<\/li>\n\n\n\n<li><strong>Mejora de la productividad <\/strong>y <strong>competitividad <\/strong>de la empresa pues permite contar con empleados bien formados desde el principio cuando son contratados para el puesto.<\/li>\n\n\n\n<li><strong>El talento se queda en la empresa: <\/strong>existe una mayor vinculaci\u00f3n con la empresa en aquellos empleados que se formaron en ella.&nbsp;<\/li>\n\n\n\n<li><strong>Innovaci\u00f3n y frescura: <\/strong>Los estudiantes aportan nuevas ideas, enfoques y conocimientos.<\/li>\n<\/ol>\n\n\n\n<p>Fuente: <a href=\"https:\/\/www.juntadeandalucia.es\/educacion\/portals\/delegate\/content\/78d096dd-776a-4ba2-848f-3f800129870a\">Tr\u00edptico sobre Formaci\u00f3n Profesional Dual. Junta de Andaluc\u00eda<\/a><\/p>\n\n\n\n<p class=\"has-text-color has-link-color has-medium-font-size wp-elements-4e9df71118960c8d22e95768dedbeb5f\" style=\"color:#94a08a\"><strong><a href=\"https:\/\/maralboran.eu\/fp\/practicas-en-empresas\/\">Muchas empresas ya conf\u00edan en nosotros. Consulte aqu\u00ed nuestras empresas colaboradoras.<\/a><\/strong><\/p>\n\n\n\n<p class=\"has-text-color has-link-color has-medium-font-size wp-elements-c677aeec361aaa29bfdbc866d0fbfe9a\" style=\"color:#94a08a\"><strong>\u00bfNecesita m\u00e1s informaci\u00f3n?<\/strong><\/p>\n\n\n\n<p>Para m\u00e1s informaci\u00f3n consulte el <a style=\"color:#94a08a\" href=\"https:\/\/www.juntadeandalucia.es\/educacion\/portals\/web\/formacion-profesional-andaluza\">Portal de Formaci\u00f3n Profesional Andaluza,<\/a> tambi\u00e9n en <a style=\"color:#94a08a\" href=\"https:\/\/www.juntadeandalucia.es\/educacion\/portals\/delegate\/content\/78d096dd-776a-4ba2-848f-3f800129870a\">este tr\u00edptico<\/a> elaborado por la Direcci\u00f3n General de Formaci\u00f3n Profesional de la Junta de Andaluc\u00eda o <a style=\"color:#94a08a\" href=\"#\">contacte con nosotros.<\/a><\/p>\n\n\n\n<p><\/p>\n","protected":false},"excerpt":{"rendered":"<p>El nuevo modelo de Formaci\u00f3n Profesional \u00bfLe cuesta encontrar profesionales bien formados en el sector de la Administraci\u00f3n, la Electr\u00f3nica o la Inform\u00e1tica? Le proponemos combinar el talento de nuestros j\u00f3venes y nuestra experiencia&#46;&#46;&#46;<\/p>\n","protected":false},"author":46,"featured_media":0,"parent":0,"menu_order":0,"comment_status":"closed","ping_status":"closed","template":"","meta":{"_price":"","_stock":"","_tribe_ticket_header":"","_tribe_default_ticket_provider":"","_ticket_start_date":"","_ticket_end_date":"","_tribe_ticket_show_description":"","_tribe_ticket_show_not_going":false,"_tribe_ticket_use_global_stock":"","_tribe_ticket_global_stock_level":"","_global_stock_mode":"","_global_stock_cap":"","_tribe_rsvp_for_event":"","_tribe_ticket_going_count":"","_tribe_ticket_not_going_count":"","_tribe_tickets_list":"[]","_tribe_ticket_has_attendee_info_fields":false,"_kadence_starter_templates_imported_post":false,"footnotes":"","_tec_slr_enabled":"","_tec_slr_layout":""},"class_list":["post-985","page","type-page","status-publish","hentry"],"featured_image_src":null,"featured_image_src_square":null,"ticketed":false,"_links":{"self":[{"href":"https:\/\/maralboran.eu\/fp\/wp-json\/wp\/v2\/pages\/985","targetHints":{"allow":["GET"]}}],"collection":[{"href":"https:\/\/maralboran.eu\/fp\/wp-json\/wp\/v2\/pages"}],"about":[{"href":"https:\/\/maralboran.eu\/fp\/wp-json\/wp\/v2\/types\/page"}],"author":[{"embeddable":true,"href":"https:\/\/maralboran.eu\/fp\/wp-json\/wp\/v2\/users\/46"}],"replies":[{"embeddable":true,"href":"https:\/\/maralboran.eu\/fp\/wp-json\/wp\/v2\/comments?post=985"}],"version-history":[{"count":15,"href":"https:\/\/maralboran.eu\/fp\/wp-json\/wp\/v2\/pages\/985\/revisions"}],"predecessor-version":[{"id":1042,"href":"https:\/\/maralboran.eu\/fp\/wp-json\/wp\/v2\/pages\/985\/revisions\/1042"}],"wp:attachment":[{"href":"https:\/\/maralboran.eu\/fp\/wp-json\/wp\/v2\/media?parent=985"}],"curies":[{"name":"wp","href":"https:\/\/api.w.org\/{rel}","templated":true}]}}