{"id":376,"date":"2022-04-28T18:24:18","date_gmt":"2022-04-28T18:24:18","guid":{"rendered":"https:\/\/maralboran.eu\/ccff\/?page_id=376"},"modified":"2024-10-22T19:38:18","modified_gmt":"2024-10-22T19:38:18","slug":"practicas-en-empresas","status":"publish","type":"page","link":"https:\/\/maralboran.eu\/fp\/practicas-en-empresas\/","title":{"rendered":"Periodo de Formaci\u00f3n en Empresa  y FCT"},"content":{"rendered":"\n<p class=\"has-text-color has-large-font-size\" style=\"color:#94a08a\"><strong>Empresas Colaboradora<\/strong>s<\/p>\n\n\n\n<p>En el <strong>IES Mar de Albor\u00e1n <\/strong>contamos desde hace a\u00f1os con la <strong>colaboraci\u00f3n de muchas empresas <\/strong>que cada a\u00f1o reciben a nuestro alumnado y que <strong>nos ayudan a completar su formaci\u00f3n<\/strong>.<\/p>\n\n\n\n<p>Tanto en el modelo tradicional como en el nuevo modelo, cuando estudias <strong>Formaci\u00f3n Profesional<\/strong>, tu <strong>formaci\u00f3n se completa realizando tareas en una empresa <\/strong>del sector para el que te est\u00e1s formando. En este periodo contar\u00e1s con un profesional en la empresa que te guiar\u00e1 en tu acceso al mundo laboral, tu tutor\/a laboral. Adem\u00e1s, un profesor o profesora del centro har\u00e1 el seguimiento de tu formaci\u00f3n en empresa.<\/p>\n\n\n\n<p>Adem\u00e1s, dada la buena relaci\u00f3n que mantenemos en el centro con nuestras empresas colaboradoras, y para <strong>garantizar la calidad de nuestras ense\u00f1anzas<\/strong>,<strong> el profesorado<\/strong> del IES Mar de Albor\u00e1n de Formaci\u00f3n Profesional actualiza los contenidos de los m\u00f3dulos profesionales <strong>teniendo en cuenta las necesidades de nuestras empresas colaboradoras<\/strong>. Una de las formas de conseguir esta actualizaci\u00f3n e a trav\u00e9s de las Jornadas Empresa que se vienen desarrollando en nuestro centro y en las que los empresarios invitados explican a alumnado y profesorado los valores, actitudes, aptitudes y conocimientos que precisan de las personas que trabajan con ellos.<\/p>\n\n\n\n<section id=\"section-652fa3f1-a080-4b0d-87bf-c606e956e0dd\" class=\"wp-block-gutentor-icon-box gutentor-section gutentor-icon-wrapper icon-template2 has-image-bg has-custom-bg has-gutentor-overlay\"><div class=\"grid-container\"><div class=\"gutentor-block-header\"><div class=\"gutentor-section-title text-center\"><h3 class=\"gutentor-title\">Descubre las empresas que colaboran con<br>IES Mar de Albor\u00e1n<\/h3><\/div><\/div><div class=\"grid-row gutentor-grid-item-wrap\"><div class=\"gutentor-grid-column grid-lg-4 grid-md-6 grid-xs-12\"><div class=\"gutentor-single-item gutentor-icon gutentor-single-item-0 g-single-column-link-enabled\"><div class=\"gutentor-single-item-wrap\"><div class=\"gutentor-single-item-icon-box\"><i class=\"fas fa-folder-open\"><\/i><\/div><div class=\"gutentor-single-item-content\"><h4 class=\"gutentor-single-item-title\">Departamento<br>de<br>Administrativo<\/h4><\/div><\/div><a class=\"gutentor-single-item-box-link gutentor-link\" href=\"https:\/\/maralboran.eu\/fp\/?page_id=507\"><\/a><\/div><\/div><div class=\"gutentor-grid-column grid-lg-4 grid-md-6 grid-xs-12\"><div class=\"gutentor-single-item gutentor-icon gutentor-single-item-1 g-single-column-link-enabled\"><div class=\"gutentor-single-item-wrap\"><div class=\"gutentor-single-item-icon-box\"><i class=\"fas fa-microchip\"><\/i><\/div><div class=\"gutentor-single-item-content\"><h4 class=\"gutentor-single-item-title\">Departamento<br>de<br>Electr\u00f3nica  <\/h4><\/div><\/div><a class=\"gutentor-single-item-box-link gutentor-link\" href=\"https:\/\/maralboran.eu\/fp\/?page_id=485\"><\/a><\/div><\/div><div class=\"gutentor-grid-column grid-lg-4 grid-md-6 grid-xs-12\"><div class=\"gutentor-single-item gutentor-icon gutentor-single-item-2 g-single-column-link-enabled\"><div class=\"gutentor-single-item-wrap\"><div class=\"gutentor-single-item-icon-box\"><i class=\"fas fa-laptop\"><\/i><\/div><div class=\"gutentor-single-item-content\"><h4 class=\"gutentor-single-item-title\">Departamento<br>de<br>Inform\u00e1tica<\/h4><\/div><\/div><a class=\"gutentor-single-item-box-link gutentor-link\" href=\"https:\/\/maralboran.eu\/fp\/?page_id=365\"><\/a><\/div><\/div><\/div><\/div><\/section>\n\n\n\n<p><\/p>\n","protected":false},"excerpt":{"rendered":"<p>Empresas Colaboradoras En el IES Mar de Albor\u00e1n contamos desde hace a\u00f1os con la colaboraci\u00f3n de muchas empresas que cada a\u00f1o reciben a nuestro alumnado y que nos ayudan a completar su formaci\u00f3n. Tanto&#46;&#46;&#46;<\/p>\n","protected":false},"author":46,"featured_media":0,"parent":0,"menu_order":0,"comment_status":"closed","ping_status":"closed","template":"","meta":{"_price":"","_stock":"","_tribe_ticket_header":"","_tribe_default_ticket_provider":"","_ticket_start_date":"","_ticket_end_date":"","_tribe_ticket_show_description":"","_tribe_ticket_show_not_going":false,"_tribe_ticket_use_global_stock":"","_tribe_ticket_global_stock_level":"","_global_stock_mode":"","_global_stock_cap":"","_tribe_rsvp_for_event":"","_tribe_ticket_going_count":"","_tribe_ticket_not_going_count":"","_tribe_tickets_list":"[]","_tribe_ticket_has_attendee_info_fields":false,"_kadence_starter_templates_imported_post":false,"footnotes":"","_tec_slr_enabled":"","_tec_slr_layout":""},"class_list":["post-376","page","type-page","status-publish","hentry"],"featured_image_src":null,"featured_image_src_square":null,"ticketed":false,"_links":{"self":[{"href":"https:\/\/maralboran.eu\/fp\/wp-json\/wp\/v2\/pages\/376","targetHints":{"allow":["GET"]}}],"collection":[{"href":"https:\/\/maralboran.eu\/fp\/wp-json\/wp\/v2\/pages"}],"about":[{"href":"https:\/\/maralboran.eu\/fp\/wp-json\/wp\/v2\/types\/page"}],"author":[{"embeddable":true,"href":"https:\/\/maralboran.eu\/fp\/wp-json\/wp\/v2\/users\/46"}],"replies":[{"embeddable":true,"href":"https:\/\/maralboran.eu\/fp\/wp-json\/wp\/v2\/comments?post=376"}],"version-history":[{"count":14,"href":"https:\/\/maralboran.eu\/fp\/wp-json\/wp\/v2\/pages\/376\/revisions"}],"predecessor-version":[{"id":954,"href":"https:\/\/maralboran.eu\/fp\/wp-json\/wp\/v2\/pages\/376\/revisions\/954"}],"wp:attachment":[{"href":"https:\/\/maralboran.eu\/fp\/wp-json\/wp\/v2\/media?parent=376"}],"curies":[{"name":"wp","href":"https:\/\/api.w.org\/{rel}","templated":true}]}}