{"id":33,"date":"2021-03-25T10:01:52","date_gmt":"2021-03-25T10:01:52","guid":{"rendered":"https:\/\/maralboran.eu\/ccff\/?page_id=33"},"modified":"2024-10-22T19:54:05","modified_gmt":"2024-10-22T19:54:05","slug":"estudia-con-nosotros","status":"publish","type":"page","link":"https:\/\/maralboran.eu\/fp\/estudia-con-nosotros\/","title":{"rendered":"Descubre nuestra Formaci\u00f3n Profesional &#8211; Estudiantes"},"content":{"rendered":"\n<h3 class=\"wp-block-heading has-text-color has-large-font-size\" style=\"color:#94a08a\">Tu futuro empieza con nosotros.<\/h3>\n\n\n\n<div class=\"wp-block-columns is-layout-flex wp-container-core-columns-is-layout-9d6595d7 wp-block-columns-is-layout-flex\">\n<div class=\"wp-block-column is-vertically-aligned-top is-layout-flow wp-block-column-is-layout-flow\" style=\"flex-basis:100%\">\n<div class=\"wp-block-group\"><div class=\"wp-block-group__inner-container is-layout-flow wp-block-group-is-layout-flow\">\n<p>La <strong>Formaci\u00f3n Profesional<\/strong> es el trampol\u00edn perfecto para que accedas al mercado laboral d\u00e1ndote una preparaci\u00f3n actualizada a cada sector y conectada con las empresas.<\/p>\n\n\n\n<p>Te ofrece la posibilidad de obtener una <strong>formaci\u00f3n pr\u00e1ctica <\/strong>que te cualifica para el desempe\u00f1o de puestos laborales reales.<\/p>\n\n\n\n<figure class=\"wp-block-embed is-type-video is-provider-youtube wp-block-embed-youtube wp-embed-aspect-16-9 wp-has-aspect-ratio\"><div class=\"wp-block-embed__wrapper\">\n<div class=\"video-container\"><iframe loading=\"lazy\" title=\"IES Mar de Albor\u00e1n. Formaci\u00f3n Profesional\" width=\"500\" height=\"281\" src=\"https:\/\/www.youtube.com\/embed\/oYkSOW4En_A?feature=oembed&#038;wmode=opaque\" frameborder=\"0\" allow=\"accelerometer; autoplay; clipboard-write; encrypted-media; gyroscope; picture-in-picture; web-share\" referrerpolicy=\"strict-origin-when-cross-origin\" allowfullscreen><\/iframe><\/div>\n<\/div><figcaption class=\"wp-element-caption\">DESCUBRE NUESTRAS INSTALACIONES<\/figcaption><\/figure>\n\n\n\n<p class=\"has-text-color has-link-color has-medium-font-size wp-elements-5a0d5d54268e214102ed0d810f8bcf1a\" style=\"color:#94a08a\"><strong>\u00bfQu\u00e9 te ofrece la Formaci\u00f3n Profesional?<\/strong><\/p>\n\n\n\n<ol class=\"wp-block-list\">\n<li><strong>Amplia oferta de estudios\u00a0muy pr\u00e1cticos<\/strong>. Se trabajan contenidos espec\u00edficos donde <strong>prima la aplicaci\u00f3n pr\u00e1ctica<\/strong>. Los ex\u00e1menes memor\u00edsticos dejan de ser la clave de la evaluaci\u00f3n del alumnado. Talleres, trabajo por proyectos o el uso de aplicaciones inform\u00e1ticas son una constante en cada ciclo formativo.<\/li>\n\n\n\n<li><strong>Formaci\u00f3n en empresas.<\/strong> Desde el primer curso estar\u00e1s conectado con el mundo laboral ya que contar\u00e1s con un periodo de formaci\u00f3n en una empresa del sector para el que te est\u00e1s formando, lo que garantiza una <strong>preparaci\u00f3n actualizada<\/strong> para el mundo laboral.<\/li>\n\n\n\n<li><strong>Empleabilidad.<\/strong> La inserci\u00f3n laboral de los titulados en FP ha aumentado en muchos sectores en detrimento de los titulados universitarios. Un 21,2% de la oferta de trabajo en nuestro pa\u00eds va dirigida expresamente a <strong>titulados en Formaci\u00f3n Profesional<\/strong>.<\/li>\n<\/ol>\n<\/div><\/div>\n\n\n\n<p class=\"has-text-color has-link-color has-medium-font-size wp-elements-de4ce512037fef71ef200b707ac2e01b\" style=\"color:#94a08a\"><strong><a href=\"https:\/\/maralboran.eu\/fp\/practicas-en-empresas\/\">Consulta aqu\u00ed las empresas que ya colaboran con nosotros en tu formaci\u00f3n<\/a><\/strong><\/p>\n<\/div>\n<\/div>\n","protected":false},"excerpt":{"rendered":"<p>Tu futuro empieza con nosotros. La Formaci\u00f3n Profesional es el trampol\u00edn perfecto para que accedas al mercado laboral d\u00e1ndote una preparaci\u00f3n actualizada a cada sector y conectada con las empresas. Te ofrece la posibilidad&#46;&#46;&#46;<\/p>\n","protected":false},"author":46,"featured_media":0,"parent":0,"menu_order":0,"comment_status":"closed","ping_status":"closed","template":"","meta":{"_price":"","_stock":"","_tribe_ticket_header":"","_tribe_default_ticket_provider":"","_ticket_start_date":"","_ticket_end_date":"","_tribe_ticket_show_description":"","_tribe_ticket_show_not_going":false,"_tribe_ticket_use_global_stock":"","_tribe_ticket_global_stock_level":"","_global_stock_mode":"","_global_stock_cap":"","_tribe_rsvp_for_event":"","_tribe_ticket_going_count":"","_tribe_ticket_not_going_count":"","_tribe_tickets_list":"[]","_tribe_ticket_has_attendee_info_fields":false,"_kadence_starter_templates_imported_post":false,"footnotes":"","_tec_slr_enabled":"","_tec_slr_layout":""},"class_list":["post-33","page","type-page","status-publish","hentry"],"featured_image_src":null,"featured_image_src_square":null,"ticketed":false,"_links":{"self":[{"href":"https:\/\/maralboran.eu\/fp\/wp-json\/wp\/v2\/pages\/33","targetHints":{"allow":["GET"]}}],"collection":[{"href":"https:\/\/maralboran.eu\/fp\/wp-json\/wp\/v2\/pages"}],"about":[{"href":"https:\/\/maralboran.eu\/fp\/wp-json\/wp\/v2\/types\/page"}],"author":[{"embeddable":true,"href":"https:\/\/maralboran.eu\/fp\/wp-json\/wp\/v2\/users\/46"}],"replies":[{"embeddable":true,"href":"https:\/\/maralboran.eu\/fp\/wp-json\/wp\/v2\/comments?post=33"}],"version-history":[{"count":31,"href":"https:\/\/maralboran.eu\/fp\/wp-json\/wp\/v2\/pages\/33\/revisions"}],"predecessor-version":[{"id":1018,"href":"https:\/\/maralboran.eu\/fp\/wp-json\/wp\/v2\/pages\/33\/revisions\/1018"}],"wp:attachment":[{"href":"https:\/\/maralboran.eu\/fp\/wp-json\/wp\/v2\/media?parent=33"}],"curies":[{"name":"wp","href":"https:\/\/api.w.org\/{rel}","templated":true}]}}