{"id":264,"date":"2021-04-23T09:14:36","date_gmt":"2021-04-23T09:14:36","guid":{"rendered":"https:\/\/maralboran.eu\/ccff\/?page_id=264"},"modified":"2024-10-05T12:41:17","modified_gmt":"2024-10-05T12:41:17","slug":"familia-administracion-y-gestion-formacion-profesional-basica","status":"publish","type":"page","link":"https:\/\/maralboran.eu\/fp\/familia-administracion-y-gestion-formacion-profesional-basica\/","title":{"rendered":"Familia Administraci\u00f3n y Gesti\u00f3n.  Grados D &#8211; Ciclo Formativo de Grado B\u00e1sico"},"content":{"rendered":"\n<h3 class=\"wp-block-heading has-text-color has-large-font-size\" style=\"color:#94a08a\">T\u00e9cnico b\u00e1sico en Servicios Administrativos<\/h3>\n\n\n\n<div class=\"wp-block-group\"><div class=\"wp-block-group__inner-container is-layout-flow wp-block-group-is-layout-flow\">\n<div class=\"wp-block-columns is-layout-flex wp-container-core-columns-is-layout-9d6595d7 wp-block-columns-is-layout-flex\">\n<div class=\"wp-block-column is-layout-flow wp-block-column-is-layout-flow\" style=\"flex-basis:80%\">\n\t\t\t\t\t\t<style>\r\n\t\t\t\t<style>\r\n#wpsm_accordion_263 .wpsm_panel-heading{\r\n\tpadding:0px !important;\r\n}\r\n#wpsm_accordion_263 .wpsm_panel-title {\r\n\tmargin:0px !important; \r\n\ttext-transform:none !important;\r\n\tline-height: 1 !important;\r\n}\r\n#wpsm_accordion_263 .wpsm_panel-title a{\r\n\ttext-decoration:none;\r\n\toverflow:hidden;\r\n\tdisplay:block;\r\n\tpadding:0px;\r\n\tfont-size: 18px !important;\r\n\tfont-family: Georgia !important;\r\n\tcolor:#000000 !important;\r\n\tborder-bottom:0px !important;\r\n}\r\n\r\n#wpsm_accordion_263 .wpsm_panel-title a:focus {\r\noutline: 0px !important;\r\n}\r\n\r\n#wpsm_accordion_263 .wpsm_panel-title a:hover, #wpsm_accordion_263 .wpsm_panel-title a:focus {\r\n\tcolor:#000000 !important;\r\n}\r\n#wpsm_accordion_263 .acc-a{\r\n\tcolor: #000000 !important;\r\n\tbackground-color:#e8e8e8 !important;\r\n\tborder-color: #ddd;\r\n}\r\n#wpsm_accordion_263 .wpsm_panel-default > .wpsm_panel-heading{\r\n\tcolor: #000000 !important;\r\n\tbackground-color: #e8e8e8 !important;\r\n\tborder-color: #e8e8e8 !important;\r\n\tborder-top-left-radius: 0px;\r\n\tborder-top-right-radius: 0px;\r\n}\r\n#wpsm_accordion_263 .wpsm_panel-default {\r\n\t\tborder:1px solid transparent !important;\r\n\t}\r\n#wpsm_accordion_263 {\r\n\tmargin-bottom: 20px;\r\n\toverflow: hidden;\r\n\tfloat: none;\r\n\twidth: 100%;\r\n\tdisplay: block;\r\n}\r\n#wpsm_accordion_263 .ac_title_class{\r\n\tdisplay: block;\r\n\tpadding-top: 12px;\r\n\tpadding-bottom: 12px;\r\n\tpadding-left: 15px;\r\n\tpadding-right: 15px;\r\n}\r\n#wpsm_accordion_263  .wpsm_panel {\r\n\toverflow:hidden;\r\n\t-webkit-box-shadow: 0 0px 0px rgba(0, 0, 0, .05);\r\n\tbox-shadow: 0 0px 0px rgba(0, 0, 0, .05);\r\n\t\tborder-radius: 4px;\r\n\t}\r\n#wpsm_accordion_263  .wpsm_panel + .wpsm_panel {\r\n\t\tmargin-top: 5px;\r\n\t}\r\n#wpsm_accordion_263  .wpsm_panel-body{\r\n\tbackground-color:#ffffff !important;\r\n\tcolor:#000000 !important;\r\n\tborder-top-color: #e8e8e8 !important;\r\n\tfont-size:16px !important;\r\n\tfont-family: Georgia !important;\r\n\toverflow: hidden;\r\n\t\tborder: 2px solid #e8e8e8 !important;\r\n\t}\r\n\r\n#wpsm_accordion_263 .ac_open_cl_icon{\r\n\tbackground-color:#e8e8e8 !important;\r\n\tcolor: #000000 !important;\r\n\tfloat:right !important;\r\n\tpadding-top: 12px !important;\r\n\tpadding-bottom: 12px !important;\r\n\tline-height: 1.0 !important;\r\n\tpadding-left: 15px !important;\r\n\tpadding-right: 15px !important;\r\n\tdisplay: inline-block !important;\r\n}\r\n\r\n\t\t\t\t#wpsm_accordion_263 .wpsm_panel-heading {\r\n\t\t\t\tbackground-image: url(https:\/\/maralboran.eu\/fp\/wp-content\/plugins\/responsive-accordion-and-collapse\/img\/style-noise.png);\r\n\t\t\t\tbackground-position: 0 0;\r\n\t\t\t\tbackground-repeat: repeat-x;\r\n\t\t\t\t}\r\n\t\t\t\t#wpsm_accordion_263 .ac_open_cl_icon{\r\n\t\t\t\tbackground-image: url(https:\/\/maralboran.eu\/fp\/wp-content\/plugins\/responsive-accordion-and-collapse\/img\/style-noise.png);\r\n\t\t\t\tbackground-position: 0 0;\r\n\t\t\t\tbackground-repeat: repeat-x;\r\n\t\t\t\t}\r\n\t\t\t<\/style>\t\r\n\t\t\t<\/style>\r\n\t\t\t<div class=\"wpsm_panel-group\" id=\"wpsm_accordion_263\" >\r\n\t\t\t\t\t\t\t\t\r\n\t\t\t\t\t<!-- Inner panel Start -->\r\n\t\t\t\t\t<div class=\"wpsm_panel wpsm_panel-default\">\r\n\t\t\t\t\t\t<div class=\"wpsm_panel-heading\" role=\"tab\" >\r\n\t\t\t\t\t\t  <h4 class=\"wpsm_panel-title\">\r\n\t\t\t\t\t\t\t<a  class=\"\"  data-toggle=\"collapse\" data-parent=\"#wpsm_accordion_263 \" href=\"javascript:void(0)\" data-target=\"#ac_263_collapse1\" onclick=\"do_resize()\">\r\n\t\t\t\t\t\t\t\t\t\t\t\t\t\t\t\t\t<span class=\"ac_open_cl_icon fa fa-plus\"><\/span>\r\n\t\t\t\t\t\t\t\t\t\r\n\t\t\t\t\t\t\t\t \r\n\t\t\t\t\t\t\t\t<span class=\"ac_title_class\">\r\n\t\t\t\t\t\t\t\t\t\t\t\t\t\t\t\t\t\t\t\t<span style=\"margin-right:6px;\" class=\"fa fa-thumbs-up\"><\/span>\r\n\t\t\t\t\t\t\t\t\tSalidas Profesionales\t\t\t\t\t\t\t\t<\/span>\r\n\t\t\t\t\t\t\t<\/a>\r\n\t\t\t\t\t\t  <\/h4>\r\n\t\t\t\t\t\t<\/div>\r\n\t\t\t\t\t\t<div id=\"ac_263_collapse1\" class=\"wpsm_panel-collapse collapse \"  >\r\n\t\t\t\t\t\t  <div class=\"wpsm_panel-body\">\r\n\t\t\t\t\t\t\t<ul style=\"list-style-type: circle\">\r\n \t<li><span style=\"font-family: georgia, palatino, serif\">Auxiliar de archivo.<\/span><\/li>\r\n \t<li><span style=\"font-family: georgia, palatino, serif\">Ordenanza.<\/span><\/li>\r\n \t<li><span style=\"font-family: georgia, palatino, serif\">Auxiliar de informaci\u00f3n.<\/span><\/li>\r\n \t<li><span style=\"font-family: georgia, palatino, serif\">Telefonista en servicios centrales de informaci\u00f3n.<\/span><\/li>\r\n \t<li><span style=\"font-family: georgia, palatino, serif\">Clasificador y\/o repartidor de correspondencia.<\/span><\/li>\r\n \t<li><span style=\"font-family: georgia, palatino, serif\">Operador documental.<\/span><\/li>\r\n \t<li><span style=\"font-family: georgia, palatino, serif\">Auxiliar de venta.<\/span><\/li>\r\n \t<li><span style=\"font-family: georgia, palatino, serif\">Operador\/a de cobro o Cajero\/a.<\/span><\/li>\r\n<\/ul>\t\t\t\t\t\t  <\/div>\r\n\t\t\t\t\t\t<\/div>\r\n\t\t\t\t\t<\/div>\r\n\t\t\t\t\t<!-- Inner panel End -->\r\n\t\t\t\t\t\r\n\t\t\t\t\t\t\t\t\r\n\t\t\t\t\t<!-- Inner panel Start -->\r\n\t\t\t\t\t<div class=\"wpsm_panel wpsm_panel-default\">\r\n\t\t\t\t\t\t<div class=\"wpsm_panel-heading\" role=\"tab\" >\r\n\t\t\t\t\t\t  <h4 class=\"wpsm_panel-title\">\r\n\t\t\t\t\t\t\t<a  class=\"collapsed\"  data-toggle=\"collapse\" data-parent=\"#wpsm_accordion_263 \" href=\"javascript:void(0)\" data-target=\"#ac_263_collapse2\" onclick=\"do_resize()\">\r\n\t\t\t\t\t\t\t\t\t\t\t\t\t\t\t\t\t<span class=\"ac_open_cl_icon fa fa-plus\"><\/span>\r\n\t\t\t\t\t\t\t\t\t\r\n\t\t\t\t\t\t\t\t \r\n\t\t\t\t\t\t\t\t<span class=\"ac_title_class\">\r\n\t\t\t\t\t\t\t\t\t\t\t\t\t\t\t\t\t\t\t\t<span style=\"margin-right:6px;\" class=\"fa fa-book\"><\/span>\r\n\t\t\t\t\t\t\t\t\tM\u00f3dulos de Primer Curso\t\t\t\t\t\t\t\t<\/span>\r\n\t\t\t\t\t\t\t<\/a>\r\n\t\t\t\t\t\t  <\/h4>\r\n\t\t\t\t\t\t<\/div>\r\n\t\t\t\t\t\t<div id=\"ac_263_collapse2\" class=\"wpsm_panel-collapse collapse \"  >\r\n\t\t\t\t\t\t  <div class=\"wpsm_panel-body\">\r\n\t\t\t\t\t\t\t<table class=\" aligncenter\" style=\"height: 184px;width: 91.5893%\" width=\"91.5893%\">\r\n<tbody>\r\n<tr style=\"height: 23px\">\r\n<th style=\"width: 50.0107%;height: 23px\">M\u00f3dulo profesional<\/th>\r\n<th style=\"width: 22.5396%;height: 23px\">Horas anuales<\/th>\r\n<th style=\"width: 26.373%;height: 23px\">Horas semanales<\/th>\r\n<\/tr>\r\n<tr style=\"height: 23px\">\r\n<td style=\"width: 50.0107%;height: 23px\">Atenci\u00f3n al cliente<\/td>\r\n<td style=\"width: 22.5396%;height: 23px\">64<\/td>\r\n<td style=\"width: 26.373%;height: 23px\">2<\/td>\r\n<\/tr>\r\n<tr style=\"height: 23px\">\r\n<td style=\"width: 50.0107%;height: 23px\">T\u00e9cnicas administrativas b\u00e1sicas<\/td>\r\n<td style=\"width: 22.5396%;height: 23px\">224<\/td>\r\n<td style=\"width: 26.373%;height: 23px\">7<\/td>\r\n<\/tr>\r\n<tr style=\"height: 23px\">\r\n<td style=\"width: 50.0107%;height: 23px\">Tratamiento inform\u00e1tico de datos<\/td>\r\n<td style=\"width: 22.5396%;height: 23px\">224<\/td>\r\n<td style=\"width: 26.373%;height: 23px\">7<\/td>\r\n<\/tr>\r\n<tr style=\"height: 23px\">\r\n<td style=\"width: 50.0107%;height: 23px\">Itinerario personal para la empleabilidad I<\/td>\r\n<td style=\"width: 22.5396%;height: 23px\">96<\/td>\r\n<td style=\"width: 26.373%;height: 23px\">3<\/td>\r\n<\/tr>\r\n<tr style=\"height: 23px\">\r\n<td style=\"width: 50.0107%;height: 23px\">Ciencias aplicadas I<\/td>\r\n<td style=\"width: 22.5396%;height: 23px\">128<\/td>\r\n<td style=\"width: 26.373%;height: 23px\">4<\/td>\r\n<\/tr>\r\n<tr style=\"height: 23px\">\r\n<td style=\"width: 50.0107%;height: 23px\">Comunicaci\u00f3n y Ciencias Sociales I<\/td>\r\n<td style=\"width: 22.5396%;height: 23px\">192<\/td>\r\n<td style=\"width: 26.373%;height: 23px\">6<\/td>\r\n<\/tr>\r\n<tr style=\"height: 23px\">\r\n<td style=\"width: 50.0107%;height: 23px\">Tutor\u00eda CFGB 1\u00ba<\/td>\r\n<td style=\"width: 22.5396%;height: 23px\">32<\/td>\r\n<td style=\"width: 26.373%;height: 23px\">1<\/td>\r\n<\/tr>\r\n<\/tbody>\r\n<\/table>\r\n* Periodo de Formaci\u00f3n en Empresa - 2 d\u00edas semanales en una empresa del sector durante 4\/5 semanas solo para alumnado mayor de 16 a\u00f1os . Este periodo tendr\u00e1 lugar a partir de enero y estar\u00e1 sujeto a la disponibilidad de empresas del centro y a haber superado los RA's de PRL. La concreci\u00f3n de fechas est\u00e1n por determinar. \t\t\t\t\t\t  <\/div>\r\n\t\t\t\t\t\t<\/div>\r\n\t\t\t\t\t<\/div>\r\n\t\t\t\t\t<!-- Inner panel End -->\r\n\t\t\t\t\t\r\n\t\t\t\t\t\t\t\t\r\n\t\t\t\t\t<!-- Inner panel Start -->\r\n\t\t\t\t\t<div class=\"wpsm_panel wpsm_panel-default\">\r\n\t\t\t\t\t\t<div class=\"wpsm_panel-heading\" role=\"tab\" >\r\n\t\t\t\t\t\t  <h4 class=\"wpsm_panel-title\">\r\n\t\t\t\t\t\t\t<a  class=\"collapsed\"  data-toggle=\"collapse\" data-parent=\"#wpsm_accordion_263 \" href=\"javascript:void(0)\" data-target=\"#ac_263_collapse3\" onclick=\"do_resize()\">\r\n\t\t\t\t\t\t\t\t\t\t\t\t\t\t\t\t\t<span class=\"ac_open_cl_icon fa fa-plus\"><\/span>\r\n\t\t\t\t\t\t\t\t\t\r\n\t\t\t\t\t\t\t\t \r\n\t\t\t\t\t\t\t\t<span class=\"ac_title_class\">\r\n\t\t\t\t\t\t\t\t\t\t\t\t\t\t\t\t\t\t\t\t<span style=\"margin-right:6px;\" class=\"fa fa-book\"><\/span>\r\n\t\t\t\t\t\t\t\t\tM\u00f3dulos de Segundo Curso\t\t\t\t\t\t\t\t<\/span>\r\n\t\t\t\t\t\t\t<\/a>\r\n\t\t\t\t\t\t  <\/h4>\r\n\t\t\t\t\t\t<\/div>\r\n\t\t\t\t\t\t<div id=\"ac_263_collapse3\" class=\"wpsm_panel-collapse collapse \"  >\r\n\t\t\t\t\t\t  <div class=\"wpsm_panel-body\">\r\n\t\t\t\t\t\t\t<table class=\" aligncenter\" style=\"height: 184px;width: 91.5893%\" width=\"91.5893%\">\r\n<tbody>\r\n<tr style=\"height: 23px\">\r\n<th style=\"width: 50.0107%;height: 23px\">M\u00f3dulo profesional<\/th>\r\n<th style=\"width: 22.5396%;height: 23px\">Horas anuales<\/th>\r\n<th style=\"width: 26.373%;height: 23px\">Horas semanales<\/th>\r\n<\/tr>\r\n<tr style=\"height: 23px\">\r\n<td style=\"width: 50.0107%;height: 23px\">Aplicaciones b\u00e1sicas de ofim\u00e1tica<\/td>\r\n<td style=\"width: 22.5396%;height: 23px\">245<\/td>\r\n<td style=\"width: 26.373%;height: 23px\">7<\/td>\r\n<\/tr>\r\n<tr style=\"height: 23px\">\r\n<td style=\"width: 50.0107%;height: 23px\">Archivo y comunicaci\u00f3n<\/td>\r\n<td style=\"width: 22.5396%;height: 23px\">175<\/td>\r\n<td style=\"width: 26.373%;height: 23px\">5<\/td>\r\n<\/tr>\r\n<tr style=\"height: 23px\">\r\n<td style=\"width: 50.0107%;height: 23px\">Preparaci\u00f3n de pedidos y venta de productos<\/td>\r\n<td style=\"width: 22.5396%;height: 23px\">210<\/td>\r\n<td style=\"width: 26.373%;height: 23px\">6<\/td>\r\n<\/tr>\r\n<tr style=\"height: 23px\">\r\n<td style=\"width: 50.0107%;height: 23px\">Itinerario personal para la Empleabilidad II<\/td>\r\n<td style=\"width: 22.5396%;height: 23px\">96<\/td>\r\n<td style=\"width: 26.373%;height: 23px\">3<\/td>\r\n<\/tr>\r\n<tr style=\"height: 23px\">\r\n<td style=\"width: 50.0107%;height: 23px\">Proyecto Intermodular<\/td>\r\n<td style=\"width: 22.5396%;height: 23px\">70<\/td>\r\n<td style=\"width: 26.373%;height: 23px\">2<\/td>\r\n<\/tr>\r\n<tr style=\"height: 23px\">\r\n<td style=\"width: 50.0107%;height: 23px\">Ciencias aplicadas II<\/td>\r\n<td style=\"width: 22.5396%;height: 23px\">140<\/td>\r\n<td style=\"width: 26.373%;height: 23px\">4<\/td>\r\n<\/tr>\r\n<tr style=\"height: 23px\">\r\n<td style=\"width: 50.0107%;height: 23px\">Comunicaci\u00f3n y Ciencias Sociales II<\/td>\r\n<td style=\"width: 22.5396%;height: 23px\">175<\/td>\r\n<td style=\"width: 26.373%;height: 23px\">5<\/td>\r\n<\/tr>\r\n<tr style=\"height: 23px\">\r\n<td style=\"width: 50.0107%;height: 23px\">Tutor\u00eda FBP 2\u00ba<\/td>\r\n<td style=\"width: 22.5396%;height: 23px\">26<\/td>\r\n<td style=\"width: 26.373%;height: 23px\">1<\/td>\r\n<\/tr>\r\n<\/tbody>\r\n<\/table>\r\n* Periodo de Formaci\u00f3n en Empresa - varios d\u00edas semanales en una empresa del sector durante un periodo a determinar. Este periodo estar\u00e1 sujeto a la disponibilidad de empresas del centro y a haber superado los RA's de PRL. La concreci\u00f3n de horas y fechas quedan por determinar. \t\t\t\t\t\t  <\/div>\r\n\t\t\t\t\t\t<\/div>\r\n\t\t\t\t\t<\/div>\r\n\t\t\t\t\t<!-- Inner panel End -->\r\n\t\t\t\t\t\r\n\t\t\t\t\t\t\t\t\r\n\t\t\t\t\t<!-- Inner panel Start -->\r\n\t\t\t\t\t<div class=\"wpsm_panel wpsm_panel-default\">\r\n\t\t\t\t\t\t<div class=\"wpsm_panel-heading\" role=\"tab\" >\r\n\t\t\t\t\t\t  <h4 class=\"wpsm_panel-title\">\r\n\t\t\t\t\t\t\t<a  class=\"collapsed\"  data-toggle=\"collapse\" data-parent=\"#wpsm_accordion_263 \" href=\"javascript:void(0)\" data-target=\"#ac_263_collapse4\" onclick=\"do_resize()\">\r\n\t\t\t\t\t\t\t\t\t\t\t\t\t\t\t\t\t<span class=\"ac_open_cl_icon fa fa-plus\"><\/span>\r\n\t\t\t\t\t\t\t\t\t\r\n\t\t\t\t\t\t\t\t \r\n\t\t\t\t\t\t\t\t<span class=\"ac_title_class\">\r\n\t\t\t\t\t\t\t\t\t\t\t\t\t\t\t\t\t\t\t\t<span style=\"margin-right:6px;\" class=\"fa fa-key\"><\/span>\r\n\t\t\t\t\t\t\t\t\tRequisitos de Acceso\t\t\t\t\t\t\t\t<\/span>\r\n\t\t\t\t\t\t\t<\/a>\r\n\t\t\t\t\t\t  <\/h4>\r\n\t\t\t\t\t\t<\/div>\r\n\t\t\t\t\t\t<div id=\"ac_263_collapse4\" class=\"wpsm_panel-collapse collapse \"  >\r\n\t\t\t\t\t\t  <div class=\"wpsm_panel-body\">\r\n\t\t\t\t\t\t\t<ul>\r\n <li>Tener cumplidos quince a\u00f1os, o cumplirlos durante el a\u00f1o natural en curso, y no superar los diecisiete a\u00f1os de edad en el momento del acceso o durante el a\u00f1o natural en curso.<\/li>\r\n <li>Haber cursado el primer ciclo de Educaci\u00f3n Secundaria Obligatoria o, excepcionalmente, haber cursado el segundo curso de la Educaci\u00f3n Secundaria Obligatoria.<\/li>\r\n <li>Haber propuesto el equipo docente a los padres, madres o tutores legales la incorporaci\u00f3n del alumno o alumna a un ciclo de Formaci\u00f3n Profesional B\u00e1sica.<\/li>\r\n<\/ul>\t\t\t\t\t\t  <\/div>\r\n\t\t\t\t\t\t<\/div>\r\n\t\t\t\t\t<\/div>\r\n\t\t\t\t\t<!-- Inner panel End -->\r\n\t\t\t\t\t\r\n\t\t\t\t\t\t\t\t\r\n\t\t\t\t\t<!-- Inner panel Start -->\r\n\t\t\t\t\t<div class=\"wpsm_panel wpsm_panel-default\">\r\n\t\t\t\t\t\t<div class=\"wpsm_panel-heading\" role=\"tab\" >\r\n\t\t\t\t\t\t  <h4 class=\"wpsm_panel-title\">\r\n\t\t\t\t\t\t\t<a  class=\"collapsed\"  data-toggle=\"collapse\" data-parent=\"#wpsm_accordion_263 \" href=\"javascript:void(0)\" data-target=\"#ac_263_collapse5\" onclick=\"do_resize()\">\r\n\t\t\t\t\t\t\t\t\t\t\t\t\t\t\t\t\t<span class=\"ac_open_cl_icon fa fa-plus\"><\/span>\r\n\t\t\t\t\t\t\t\t\t\r\n\t\t\t\t\t\t\t\t \r\n\t\t\t\t\t\t\t\t<span class=\"ac_title_class\">\r\n\t\t\t\t\t\t\t\t\t\t\t\t\t\t\t\t\t\t\t\t<span style=\"margin-right:6px;\" class=\"fa fa-laptop\"><\/span>\r\n\t\t\t\t\t\t\t\t\tPlazas y horarios - Grupos de ma\u00f1ana\t\t\t\t\t\t\t\t<\/span>\r\n\t\t\t\t\t\t\t<\/a>\r\n\t\t\t\t\t\t  <\/h4>\r\n\t\t\t\t\t\t<\/div>\r\n\t\t\t\t\t\t<div id=\"ac_263_collapse5\" class=\"wpsm_panel-collapse collapse \"  >\r\n\t\t\t\t\t\t  <div class=\"wpsm_panel-body\">\r\n\t\t\t\t\t\t\t<ul>\r\n<li>\r\n20 plazas en horario de ma\u00f1ana para primer curso.\r\n<\/li>\r\n<li>20 plazas en horario de ma\u00f1ana para segundo curso.\r\n<\/li>\r\n<\/ul>\t\t\t\t\t\t  <\/div>\r\n\t\t\t\t\t\t<\/div>\r\n\t\t\t\t\t<\/div>\r\n\t\t\t\t\t<!-- Inner panel End -->\r\n\t\t\t\t\t\r\n\t\t\t\t\t\t\t<\/div>\r\n\t\t\t\r\n<script type=\"text\/javascript\">\r\n\t\r\n\t\tfunction do_resize(){\r\n\r\n\t\t\tvar width=jQuery( '.wpsm_panel .wpsm_panel-body iframe' ).width();\r\n\t\t\tvar height=jQuery( '.wpsm_panel .wpsm_panel-body iframe' ).height();\r\n\r\n\t\t\tvar toggleSize = true;\r\n\t\t\tjQuery('iframe').animate({\r\n\t\t\t    width: toggleSize ? width : 640,\r\n\t\t\t    height: toggleSize ? height : 360\r\n\t\t\t  }, 250);\r\n\r\n\t\t\t  toggleSize = !toggleSize;\r\n\t\t}\r\n\t\t\r\n<\/script>\t\n<\/div>\n\n\n\n<div class=\"wp-block-column is-layout-flow wp-block-column-is-layout-flow\" style=\"flex-basis:50%\">\n<figure class=\"wp-block-image size-medium is-resized is-style-default\"><img loading=\"lazy\" decoding=\"async\" width=\"300\" height=\"200\" src=\"https:\/\/maralboran.eu\/ccff\/wp-content\/uploads\/sites\/41\/2021\/04\/personas-negocios-posando-sonrientes-sala-reuniones_1262-820-300x200.jpg\" alt=\"\" class=\"wp-image-255\" style=\"width:400px;height:300px\" srcset=\"https:\/\/maralboran.eu\/fp\/wp-content\/uploads\/sites\/41\/2021\/04\/personas-negocios-posando-sonrientes-sala-reuniones_1262-820-300x200.jpg 300w, https:\/\/maralboran.eu\/fp\/wp-content\/uploads\/sites\/41\/2021\/04\/personas-negocios-posando-sonrientes-sala-reuniones_1262-820-600x400.jpg 600w, https:\/\/maralboran.eu\/fp\/wp-content\/uploads\/sites\/41\/2021\/04\/personas-negocios-posando-sonrientes-sala-reuniones_1262-820.jpg 626w\" sizes=\"auto, (max-width: 300px) 100vw, 300px\" \/><\/figure>\n<\/div>\n<\/div>\n<\/div><\/div>\n","protected":false},"excerpt":{"rendered":"<p>T\u00e9cnico b\u00e1sico en Servicios Administrativos<\/p>\n","protected":false},"author":46,"featured_media":0,"parent":0,"menu_order":0,"comment_status":"closed","ping_status":"closed","template":"","meta":{"_price":"","_stock":"","_tribe_ticket_header":"","_tribe_default_ticket_provider":"","_ticket_start_date":"","_ticket_end_date":"","_tribe_ticket_show_description":"","_tribe_ticket_show_not_going":false,"_tribe_ticket_use_global_stock":"","_tribe_ticket_global_stock_level":"","_global_stock_mode":"","_global_stock_cap":"","_tribe_rsvp_for_event":"","_tribe_ticket_going_count":"","_tribe_ticket_not_going_count":"","_tribe_tickets_list":"[]","_tribe_ticket_has_attendee_info_fields":false,"_kadence_starter_templates_imported_post":false,"footnotes":"","_tec_slr_enabled":"","_tec_slr_layout":""},"class_list":["post-264","page","type-page","status-publish","hentry"],"featured_image_src":null,"featured_image_src_square":null,"ticketed":false,"_links":{"self":[{"href":"https:\/\/maralboran.eu\/fp\/wp-json\/wp\/v2\/pages\/264","targetHints":{"allow":["GET"]}}],"collection":[{"href":"https:\/\/maralboran.eu\/fp\/wp-json\/wp\/v2\/pages"}],"about":[{"href":"https:\/\/maralboran.eu\/fp\/wp-json\/wp\/v2\/types\/page"}],"author":[{"embeddable":true,"href":"https:\/\/maralboran.eu\/fp\/wp-json\/wp\/v2\/users\/46"}],"replies":[{"embeddable":true,"href":"https:\/\/maralboran.eu\/fp\/wp-json\/wp\/v2\/comments?post=264"}],"version-history":[{"count":10,"href":"https:\/\/maralboran.eu\/fp\/wp-json\/wp\/v2\/pages\/264\/revisions"}],"predecessor-version":[{"id":883,"href":"https:\/\/maralboran.eu\/fp\/wp-json\/wp\/v2\/pages\/264\/revisions\/883"}],"wp:attachment":[{"href":"https:\/\/maralboran.eu\/fp\/wp-json\/wp\/v2\/media?parent=264"}],"curies":[{"name":"wp","href":"https:\/\/api.w.org\/{rel}","templated":true}]}}