{"id":14,"date":"2021-03-23T15:24:03","date_gmt":"2021-03-23T15:24:03","guid":{"rendered":"https:\/\/maralboran.eu\/ccff\/?page_id=14"},"modified":"2024-03-19T19:30:17","modified_gmt":"2024-03-19T19:30:17","slug":"departamentos","status":"publish","type":"page","link":"https:\/\/maralboran.eu\/fp\/departamentos\/","title":{"rendered":""},"content":{"rendered":"\n<h3 class=\"has-text-color has-large-font-size wp-block-heading\" style=\"color:#94a08a\">Departamentos de Formaci\u00f3n Profesional<\/h3>\n\n\n\n<div class=\"wp-block-columns is-layout-flex wp-container-core-columns-is-layout-9d6595d7 wp-block-columns-is-layout-flex\">\n<div class=\"wp-block-column is-layout-flow wp-block-column-is-layout-flow\" style=\"flex-basis:80%\">\n\t\t\t\t\t\t<style>\r\n\t\t\t\t<style>\r\n#wpsm_accordion_16 .wpsm_panel-heading{\r\n\tpadding:0px !important;\r\n}\r\n#wpsm_accordion_16 .wpsm_panel-title {\r\n\tmargin:0px !important; \r\n\ttext-transform:none !important;\r\n\tline-height: 1 !important;\r\n}\r\n#wpsm_accordion_16 .wpsm_panel-title a{\r\n\ttext-decoration:none;\r\n\toverflow:hidden;\r\n\tdisplay:block;\r\n\tpadding:0px;\r\n\tfont-size: 18px !important;\r\n\tfont-family: Open Sans !important;\r\n\tcolor:#000000 !important;\r\n\tborder-bottom:0px !important;\r\n}\r\n\r\n#wpsm_accordion_16 .wpsm_panel-title a:focus {\r\noutline: 0px !important;\r\n}\r\n\r\n#wpsm_accordion_16 .wpsm_panel-title a:hover, #wpsm_accordion_16 .wpsm_panel-title a:focus {\r\n\tcolor:#000000 !important;\r\n}\r\n#wpsm_accordion_16 .acc-a{\r\n\tcolor: #000000 !important;\r\n\tbackground-color:#e8e8e8 !important;\r\n\tborder-color: #ddd;\r\n}\r\n#wpsm_accordion_16 .wpsm_panel-default > .wpsm_panel-heading{\r\n\tcolor: #000000 !important;\r\n\tbackground-color: #e8e8e8 !important;\r\n\tborder-color: #e8e8e8 !important;\r\n\tborder-top-left-radius: 0px;\r\n\tborder-top-right-radius: 0px;\r\n}\r\n#wpsm_accordion_16 .wpsm_panel-default {\r\n\t\tborder:1px solid transparent !important;\r\n\t}\r\n#wpsm_accordion_16 {\r\n\tmargin-bottom: 20px;\r\n\toverflow: hidden;\r\n\tfloat: none;\r\n\twidth: 100%;\r\n\tdisplay: block;\r\n}\r\n#wpsm_accordion_16 .ac_title_class{\r\n\tdisplay: block;\r\n\tpadding-top: 12px;\r\n\tpadding-bottom: 12px;\r\n\tpadding-left: 15px;\r\n\tpadding-right: 15px;\r\n}\r\n#wpsm_accordion_16  .wpsm_panel {\r\n\toverflow:hidden;\r\n\t-webkit-box-shadow: 0 0px 0px rgba(0, 0, 0, .05);\r\n\tbox-shadow: 0 0px 0px rgba(0, 0, 0, .05);\r\n\t\tborder-radius: 4px;\r\n\t}\r\n#wpsm_accordion_16  .wpsm_panel + .wpsm_panel {\r\n\t\tmargin-top: 5px;\r\n\t}\r\n#wpsm_accordion_16  .wpsm_panel-body{\r\n\tbackground-color:#ffffff !important;\r\n\tcolor:#000000 !important;\r\n\tborder-top-color: #e8e8e8 !important;\r\n\tfont-size:15px !important;\r\n\tfont-family: Open Sans !important;\r\n\toverflow: hidden;\r\n\t\tborder: 2px solid #e8e8e8 !important;\r\n\t}\r\n\r\n#wpsm_accordion_16 .ac_open_cl_icon{\r\n\tbackground-color:#e8e8e8 !important;\r\n\tcolor: #000000 !important;\r\n\tfloat:right !important;\r\n\tpadding-top: 12px !important;\r\n\tpadding-bottom: 12px !important;\r\n\tline-height: 1.0 !important;\r\n\tpadding-left: 15px !important;\r\n\tpadding-right: 15px !important;\r\n\tdisplay: inline-block !important;\r\n}\r\n\r\n\t\t\t\r\n\t\t\t<\/style>\t\r\n\t\t\t<\/style>\r\n\t\t\t<div class=\"wpsm_panel-group\" id=\"wpsm_accordion_16\" >\r\n\t\t\t\t\t\t\t\t\r\n\t\t\t\t\t<!-- Inner panel Start -->\r\n\t\t\t\t\t<div class=\"wpsm_panel wpsm_panel-default\">\r\n\t\t\t\t\t\t<div class=\"wpsm_panel-heading\" role=\"tab\" >\r\n\t\t\t\t\t\t  <h4 class=\"wpsm_panel-title\">\r\n\t\t\t\t\t\t\t<a  class=\"\"  data-toggle=\"collapse\" data-parent=\"#wpsm_accordion_16 \" href=\"javascript:void(0)\" data-target=\"#ac_16_collapse1\" onclick=\"do_resize()\">\r\n\t\t\t\t\t\t\t\t\t\t\t\t\t\t\t\t\t<span class=\"ac_open_cl_icon fa fa-plus\"><\/span>\r\n\t\t\t\t\t\t\t\t\t\r\n\t\t\t\t\t\t\t\t \r\n\t\t\t\t\t\t\t\t<span class=\"ac_title_class\">\r\n\t\t\t\t\t\t\t\t\t\t\t\t\t\t\t\t\t\t\t\t<span style=\"margin-right:6px;\" class=\"fa fa-bar-chart-o\"><\/span>\r\n\t\t\t\t\t\t\t\t\tDepartamento de Administraci\u00f3n\t\t\t\t\t\t\t\t<\/span>\r\n\t\t\t\t\t\t\t<\/a>\r\n\t\t\t\t\t\t  <\/h4>\r\n\t\t\t\t\t\t<\/div>\r\n\t\t\t\t\t\t<div id=\"ac_16_collapse1\" class=\"wpsm_panel-collapse collapse \"  >\r\n\t\t\t\t\t\t  <div class=\"wpsm_panel-body\">\r\n\t\t\t\t\t\t\t<table width=\"747\">\r\n<tbody>\r\n<tr>\r\n<th width=\"231\">Profesorado<\/th>\r\n<th width=\"255\">Cargo<\/th>\r\n<th width=\"261\">Cuerpo<\/th>\r\n<\/tr>\r\n<tr>\r\n<td width=\"231\">Carrillo Medina, Marta<\/td>\r\n<td width=\"255\">Jefa de departamento<\/td>\r\n<td width=\"261\">Administraci\u00f3n de Empresas<\/td>\r\n<\/tr>\r\n<tr>\r\n<td width=\"231\">D\u00edaz Capado, M\u00aa \u00c1ngeles<\/td>\r\n<td width=\"255\">Tutora y Coordinadora Dual 1\u00ba CFGB<\/td>\r\n<td width=\"261\">Proc. Gesti\u00f3n Administrativa<\/td>\r\n<\/tr>\r\n<tr>\r\n<td width=\"231\">G\u00f3mez Haro, Adelaida<\/td>\r\n<td width=\"255\">Tutora y Coordinadora Dual 2\u00ba CFGB<\/td>\r\n<td width=\"261\">Proc. Gesti\u00f3n Administrativa<\/td>\r\n<\/tr>\r\n<tr>\r\n<td width=\"231\">Castro Garc\u00eda, Esther<\/td>\r\n<td width=\"255\">Tutora y Coordinadora Dual 1\u00ba GA - A <\/td>\r\n<td width=\"261\">Proc. Gesti\u00f3n Administrativa<\/td>\r\n<\/tr>\r\n<tr>\r\n<td width=\"231\"><\/td>\r\n<td width=\"255\">Tutora y Coordinadora Dual 1\u00ba GA -B<\/td>\r\n<td width=\"261\">Proc. Gesti\u00f3n Administrativa<\/td>\r\n<\/tr>\r\n<tr>\r\n<td width=\"231\">Li\u00e9bana C\u00e1mara, M\u00aa Jos\u00e9<\/td>\r\n<td width=\"255\">Tutora y Coordinadora Dual 2\u00ba GA<\/td>\r\n<td width=\"261\">Proc. Gesti\u00f3n Administrativa<\/td>\r\n<\/tr>\r\n<tr>\r\n<td width=\"231\">G\u00f3mez Odero, Jos\u00e9 Antonio \/td&gt;\r\n<td width=\"255\">Tutor y Coordinador Dual 1\u00ba AFI - A<\/td>\r\n<td width=\"261\">Administraci\u00f3n de Empresas<\/td>\r\n<\/tr>\r\n<tr>\r\n<td width=\"231\">Escapa Garc\u00eda, Natalia<\/td>\r\n<td width=\"255\">Tutora y Coordinadora Dual 1\u00ba AFI - B <\/td>\r\n<td width=\"261\">Administraci\u00f3n de Empresas<\/td>\r\n<\/tr>\r\n<tr>\r\n<td width=\"231\">G\u00f3mez Berrio, M\u00aa Dolores<\/td>\r\n<td width=\"255\">Tutora y Coordinadora Dual 2\u00ba AFI<\/td>\r\n<td width=\"261\">Administraci\u00f3n de Empresas<\/td>\r\n<\/tr>\r\n<tr>\r\n<td width=\"231\">Guevara de la Torre, Luna <\/td>\r\n<td width=\"255\"><\/td>\r\n<td width=\"261\">Administraci\u00f3n de Empresas<\/td>\r\n<\/tr>\r\n<tr>\r\n<td width=\"231\">de la Chica Cobo, Juli\u00e1n<\/td>\r\n<td width=\"255\"><\/td>\r\n<td width=\"261\">Proc. Gesti\u00f3n Administrativa<\/td>\r\n<\/tr>\r\n<tr>\r\n<td width=\"231\">Cerezo S\u00e1nchez, Carolina<\/td>\r\n<td width=\"255\"><\/td>\r\n<td width=\"261\">Proc. Gesti\u00f3n Administrativa<\/td>\r\n<\/tr>\r\n<\/tbody>\r\n<\/table>\t\t\t\t\t\t  <\/div>\r\n\t\t\t\t\t\t<\/div>\r\n\t\t\t\t\t<\/div>\r\n\t\t\t\t\t<!-- Inner panel End -->\r\n\t\t\t\t\t\r\n\t\t\t\t\t\t\t\t\r\n\t\t\t\t\t<!-- Inner panel Start -->\r\n\t\t\t\t\t<div class=\"wpsm_panel wpsm_panel-default\">\r\n\t\t\t\t\t\t<div class=\"wpsm_panel-heading\" role=\"tab\" >\r\n\t\t\t\t\t\t  <h4 class=\"wpsm_panel-title\">\r\n\t\t\t\t\t\t\t<a  class=\"collapsed\"  data-toggle=\"collapse\" data-parent=\"#wpsm_accordion_16 \" href=\"javascript:void(0)\" data-target=\"#ac_16_collapse2\" onclick=\"do_resize()\">\r\n\t\t\t\t\t\t\t\t\t\t\t\t\t\t\t\t\t<span class=\"ac_open_cl_icon fa fa-plus\"><\/span>\r\n\t\t\t\t\t\t\t\t\t\r\n\t\t\t\t\t\t\t\t \r\n\t\t\t\t\t\t\t\t<span class=\"ac_title_class\">\r\n\t\t\t\t\t\t\t\t\t\t\t\t\t\t\t\t\t\t\t\t<span style=\"margin-right:6px;\" class=\"fa fa-lightbulb-o\"><\/span>\r\n\t\t\t\t\t\t\t\t\tDepartamento de Electr\u00f3nica\t\t\t\t\t\t\t\t<\/span>\r\n\t\t\t\t\t\t\t<\/a>\r\n\t\t\t\t\t\t  <\/h4>\r\n\t\t\t\t\t\t<\/div>\r\n\t\t\t\t\t\t<div id=\"ac_16_collapse2\" class=\"wpsm_panel-collapse collapse \"  >\r\n\t\t\t\t\t\t  <div class=\"wpsm_panel-body\">\r\n\t\t\t\t\t\t\t<table width=\"747\">\r\n<tbody>\r\n<tr>\r\n<th width=\"231\">Profesorado<\/th>\r\n<th width=\"255\">Cargo<\/th>\r\n<th width=\"261\">Cuerpo<\/th>\r\n<\/tr>\r\n<tr>\r\n<td width=\"150\">Gonz\u00e1lez Ruiz, Jos\u00e9 Antonio<\/td>\r\n<td width=\"317\">Jefe de departamento <br \/>Coordinador Plan Salud Laboral y P.R.L. <br \/> Coordinador Aula de Emprendimiento\r\n<br \/> Coordinador Dual 1\u00baITE<\/td>\r\n<td width=\"260\">Sistemas Electr\u00f3nicos<\/td>\r\n<\/tr>\r\n<tr>\r\n<td width=\"231\">Rodr\u00edguez Rueda, Manuel<\/td>\r\n<td width=\"255\">Tutor y Coordinador Dual 1\u00ba ITE<\/td>\r\n<td width=\"261\">Equipos Electr\u00f3nicos<\/td>\r\n<\/tr>\r\n<tr>\r\n<td width=\"231\">Mart\u00edn Mart\u00edn, Jos\u00e9 Manuel<\/td>\r\n<td width=\"255\">Tutor y Coordinador Dual 2\u00ba ITE<\/td>\r\n<td width=\"261\">Equipos Electr\u00f3nicos<\/td>\r\n<\/tr>\r\n<\/tbody>\r\n<\/table>\t\t\t\t\t\t  <\/div>\r\n\t\t\t\t\t\t<\/div>\r\n\t\t\t\t\t<\/div>\r\n\t\t\t\t\t<!-- Inner panel End -->\r\n\t\t\t\t\t\r\n\t\t\t\t\t\t\t\t\r\n\t\t\t\t\t<!-- Inner panel Start -->\r\n\t\t\t\t\t<div class=\"wpsm_panel wpsm_panel-default\">\r\n\t\t\t\t\t\t<div class=\"wpsm_panel-heading\" role=\"tab\" >\r\n\t\t\t\t\t\t  <h4 class=\"wpsm_panel-title\">\r\n\t\t\t\t\t\t\t<a  class=\"collapsed\"  data-toggle=\"collapse\" data-parent=\"#wpsm_accordion_16 \" href=\"javascript:void(0)\" data-target=\"#ac_16_collapse3\" onclick=\"do_resize()\">\r\n\t\t\t\t\t\t\t\t\t\t\t\t\t\t\t\t\t<span class=\"ac_open_cl_icon fa fa-plus\"><\/span>\r\n\t\t\t\t\t\t\t\t\t\r\n\t\t\t\t\t\t\t\t \r\n\t\t\t\t\t\t\t\t<span class=\"ac_title_class\">\r\n\t\t\t\t\t\t\t\t\t\t\t\t\t\t\t\t\t\t\t\t<span style=\"margin-right:6px;\" class=\"fa fa-desktop\"><\/span>\r\n\t\t\t\t\t\t\t\t\tDepartamento de Inform\u00e1tica\t\t\t\t\t\t\t\t<\/span>\r\n\t\t\t\t\t\t\t<\/a>\r\n\t\t\t\t\t\t  <\/h4>\r\n\t\t\t\t\t\t<\/div>\r\n\t\t\t\t\t\t<div id=\"ac_16_collapse3\" class=\"wpsm_panel-collapse collapse \"  >\r\n\t\t\t\t\t\t  <div class=\"wpsm_panel-body\">\r\n\t\t\t\t\t\t\t<table width=\"747\">\r\n<tbody>\r\n<tr>\r\n<th width=\"231\">Profesorado<\/th>\r\n<th width=\"255\">Cargo<\/th>\r\n<th width=\"261\">Cuerpo<\/th>\r\n<\/tr>\r\n<tr>\r\n<td width=\"231\">Fern\u00e1ndez Vico, Juan Carlos<\/td>\r\n<td width=\"255\">Vicedirector<\/td>\r\n<td width=\"261\">Inform\u00e1tica<\/td>\r\n<\/tr>\r\n<tr>\r\n<td width=\"231\">Garc\u00eda Lorite, Mar\u00eda Jos\u00e9<\/td>\r\n<td width=\"255\">Jefa de estudios adjunta<\/td>\r\n<td width=\"261\">Sistemas y aplicaciones inform\u00e1ticas<\/td>\r\n<\/tr>\r\n<tr>\r\n<td width=\"231\">Tortosa S\u00e1nchez, Eva Mar\u00eda<\/td>\r\n<td width=\"255\">Jefa de departamento <br \/>\r\nCoordinadora \u00c1rea Formaci\u00f3n Profesional <\/br>\r\nCoordinadora Dual 1\u00baDAW <\/br>\r\n<\/td>\r\n<td width=\"261\">Inform\u00e1tica<\/td>\r\n<\/tr>\r\n<tr>\r\n<td width=\"231\">Gonz\u00e1lez Mart\u00ednez, Paula<\/td>\r\n<td width=\"255\">Tutora 1\u00ba SMR<\/td>\r\n<td width=\"261\">Inform\u00e1tica<\/td>\r\n<\/tr>\r\n<tr>\r\n<td width=\"231\">Carvajal Garc\u00eda, Francisco<\/td>\r\n<td width=\"255\">Tutor 2\u00ba SMR <\/td>\r\n<td width=\"261\">Sistemas y aplicaciones inform\u00e1ticas<\/td>\r\n<\/tr>\r\n<tr>\r\n<td width=\"231\">Ruiz L\u00f3pez, \u00c1ngel Jes\u00fas<\/td>\r\n<td width=\"255\">Tutor 1\u00ba DAW<\/td>\r\n<td width=\"261\">Inform\u00e1tica<\/td>\r\n<\/tr>\r\n<tr>\r\n<td width=\"231\">Moreno P\u00e9rez, Juan Carlos<\/td>\r\n<td width=\"255\">Tutor 2\u00ba DAW <br \/> Coordinador Dual SMR<\/td>\r\n<td width=\"261\">Sistemas y aplicaciones inform\u00e1ticas<\/td>\r\n<\/tr>\r\n<tr>\r\n<td width=\"231\">Piernagorda Alba\u00f1il, Rafael David<\/td>\r\n<td width=\"255\">Coordinador Dual 2\u00baDAW <br \/>\r\nCoordinador Programa STEAM<\/td>\r\n<td width=\"261\">Inform\u00e1tica<\/td>\r\n<\/tr>\r\n<tr>\r\n<td width=\"231\">Santos Morales, Miguel \u00c1ngel<\/td>\r\n<td width=\"255\">Coordinador TIC <br \/>\r\nResponsable Sistema Proxmox<\/td>\r\n<td width=\"261\">Inform\u00e1tica<\/td>\r\n<\/tr>\r\n<tr>\r\n<td width=\"231\">Santiago Mart\u00edn, Patricia<\/td>\r\n<td width=\"255\"><\/td>\r\n<td width=\"261\">Inform\u00e1tica<\/td>\r\n<\/tr>\r\n<tr>\r\n<td width=\"231\"><\/td>\r\n<td width=\"255\"><\/td>\r\n<td width=\"261\">Inform\u00e1tica<\/td>\r\n<\/tr>\r\n<\/tbody>\r\n<\/table>\t\t\t\t\t\t  <\/div>\r\n\t\t\t\t\t\t<\/div>\r\n\t\t\t\t\t<\/div>\r\n\t\t\t\t\t<!-- Inner panel End -->\r\n\t\t\t\t\t\r\n\t\t\t\t\t\t\t\t\r\n\t\t\t\t\t<!-- Inner panel Start -->\r\n\t\t\t\t\t<div class=\"wpsm_panel wpsm_panel-default\">\r\n\t\t\t\t\t\t<div class=\"wpsm_panel-heading\" role=\"tab\" >\r\n\t\t\t\t\t\t  <h4 class=\"wpsm_panel-title\">\r\n\t\t\t\t\t\t\t<a  class=\"collapsed\"  data-toggle=\"collapse\" data-parent=\"#wpsm_accordion_16 \" href=\"javascript:void(0)\" data-target=\"#ac_16_collapse4\" onclick=\"do_resize()\">\r\n\t\t\t\t\t\t\t\t\t\t\t\t\t\t\t\t\t<span class=\"ac_open_cl_icon fa fa-plus\"><\/span>\r\n\t\t\t\t\t\t\t\t\t\r\n\t\t\t\t\t\t\t\t \r\n\t\t\t\t\t\t\t\t<span class=\"ac_title_class\">\r\n\t\t\t\t\t\t\t\t\t\t\t\t\t\t\t\t\t\t\t\t<span style=\"margin-right:6px;\" class=\"fa fa-laptop\"><\/span>\r\n\t\t\t\t\t\t\t\t\tDepartameto de Formaci\u00f3n y Orientaci\u00f3n Laboral\t\t\t\t\t\t\t\t<\/span>\r\n\t\t\t\t\t\t\t<\/a>\r\n\t\t\t\t\t\t  <\/h4>\r\n\t\t\t\t\t\t<\/div>\r\n\t\t\t\t\t\t<div id=\"ac_16_collapse4\" class=\"wpsm_panel-collapse collapse \"  >\r\n\t\t\t\t\t\t  <div class=\"wpsm_panel-body\">\r\n\t\t\t\t\t\t\t<table width=\"747\">\r\n<tbody>\r\n<tr>\r\n<th width=\"231\">Profesorado<\/th>\r\n<th width=\"255\">Cargo<\/th>\r\n<th width=\"261\">Cuerpo<\/th>\r\n<\/tr>\r\n<tr>\r\n<td width=\"231\">Gonz\u00e1lez Utrera, Teodora <\/td>\r\n<td width=\"255\">Jefa de departamento\r\n<br \/>Coordinadora Aula de Emprendimiento\r\n <br \/>Coordinadora Erasmus+FP<\/td>\r\n<td width=\"261\">Formaci\u00f3n y Orientaci\u00f3n Laboral<\/td>\r\n<\/tr>\r\n<tr>\r\n<td width=\"231\">Moreno Manzano, Ignacio <\/td>\r\n<td width=\"255\">- - - - - - -<\/td>\r\n<td width=\"261\">Formaci\u00f3n y Orientaci\u00f3n Laboral<\/td>\r\n<\/tr>\r\n<\/tbody>\r\n<\/table>\t\t\t\t\t\t  <\/div>\r\n\t\t\t\t\t\t<\/div>\r\n\t\t\t\t\t<\/div>\r\n\t\t\t\t\t<!-- Inner panel End -->\r\n\t\t\t\t\t\r\n\t\t\t\t\t\t\t<\/div>\r\n\t\t\t\r\n<script type=\"text\/javascript\">\r\n\t\r\n\t\tfunction do_resize(){\r\n\r\n\t\t\tvar width=jQuery( '.wpsm_panel .wpsm_panel-body iframe' ).width();\r\n\t\t\tvar height=jQuery( '.wpsm_panel .wpsm_panel-body iframe' ).height();\r\n\r\n\t\t\tvar toggleSize = true;\r\n\t\t\tjQuery('iframe').animate({\r\n\t\t\t    width: toggleSize ? width : 640,\r\n\t\t\t    height: toggleSize ? height : 360\r\n\t\t\t  }, 250);\r\n\r\n\t\t\t  toggleSize = !toggleSize;\r\n\t\t}\r\n\t\t\r\n<\/script>\t\n<\/div>\n\n\n\n<div class=\"wp-block-column is-layout-flow wp-block-column-is-layout-flow\" style=\"flex-basis:50%\">\n<figure class=\"wp-block-image size-medium is-resized\"><img decoding=\"async\" src=\"https:\/\/maralboran.eu\/ccff\/wp-content\/uploads\/sites\/41\/2021\/04\/group-of-casually-dressed-business-people-discussing-ideas-in-the-office-small-300x169.jpg\" alt=\"\" class=\"wp-image-261\" width=\"400\" srcset=\"https:\/\/maralboran.eu\/fp\/wp-content\/uploads\/sites\/41\/2021\/04\/group-of-casually-dressed-business-people-discussing-ideas-in-the-office-small-300x169.jpg 300w, https:\/\/maralboran.eu\/fp\/wp-content\/uploads\/sites\/41\/2021\/04\/group-of-casually-dressed-business-people-discussing-ideas-in-the-office-small-1024x576.jpg 1024w, https:\/\/maralboran.eu\/fp\/wp-content\/uploads\/sites\/41\/2021\/04\/group-of-casually-dressed-business-people-discussing-ideas-in-the-office-small-768x432.jpg 768w, https:\/\/maralboran.eu\/fp\/wp-content\/uploads\/sites\/41\/2021\/04\/group-of-casually-dressed-business-people-discussing-ideas-in-the-office-small-1536x864.jpg 1536w, https:\/\/maralboran.eu\/fp\/wp-content\/uploads\/sites\/41\/2021\/04\/group-of-casually-dressed-business-people-discussing-ideas-in-the-office-small.jpg 2000w\" sizes=\"(max-width: 300px) 100vw, 300px\" \/><\/figure>\n<\/div>\n<\/div>\n","protected":false},"excerpt":{"rendered":"<p>Departamentos de Formaci\u00f3n Profesional<\/p>\n","protected":false},"author":46,"featured_media":0,"parent":0,"menu_order":0,"comment_status":"closed","ping_status":"closed","template":"","meta":{"_price":"","_stock":"","_tribe_ticket_header":"","_tribe_default_ticket_provider":"","_ticket_start_date":"","_ticket_end_date":"","_tribe_ticket_show_description":"","_tribe_ticket_show_not_going":false,"_tribe_ticket_use_global_stock":"","_tribe_ticket_global_stock_level":"","_global_stock_mode":"","_global_stock_cap":"","_tribe_rsvp_for_event":"","_tribe_ticket_going_count":"","_tribe_ticket_not_going_count":"","_tribe_tickets_list":"[]","_tribe_ticket_has_attendee_info_fields":false,"_kadence_starter_templates_imported_post":false,"footnotes":"","_tec_slr_enabled":"","_tec_slr_layout":""},"class_list":["post-14","page","type-page","status-publish","hentry"],"featured_image_src":null,"featured_image_src_square":null,"ticketed":false,"_links":{"self":[{"href":"https:\/\/maralboran.eu\/fp\/wp-json\/wp\/v2\/pages\/14","targetHints":{"allow":["GET"]}}],"collection":[{"href":"https:\/\/maralboran.eu\/fp\/wp-json\/wp\/v2\/pages"}],"about":[{"href":"https:\/\/maralboran.eu\/fp\/wp-json\/wp\/v2\/types\/page"}],"author":[{"embeddable":true,"href":"https:\/\/maralboran.eu\/fp\/wp-json\/wp\/v2\/users\/46"}],"replies":[{"embeddable":true,"href":"https:\/\/maralboran.eu\/fp\/wp-json\/wp\/v2\/comments?post=14"}],"version-history":[{"count":17,"href":"https:\/\/maralboran.eu\/fp\/wp-json\/wp\/v2\/pages\/14\/revisions"}],"predecessor-version":[{"id":863,"href":"https:\/\/maralboran.eu\/fp\/wp-json\/wp\/v2\/pages\/14\/revisions\/863"}],"wp:attachment":[{"href":"https:\/\/maralboran.eu\/fp\/wp-json\/wp\/v2\/media?parent=14"}],"curies":[{"name":"wp","href":"https:\/\/api.w.org\/{rel}","templated":true}]}}