{"id":2,"date":"2016-06-10T17:40:24","date_gmt":"2016-06-10T17:40:24","guid":{"rendered":"http:\/\/maralboran.eu\/filosofia\/?page_id=2"},"modified":"2016-06-10T17:57:43","modified_gmt":"2016-06-10T17:57:43","slug":"pagina-ejemplo","status":"publish","type":"page","link":"https:\/\/maralboran.eu\/filosofia\/pagina-ejemplo\/","title":{"rendered":"Miembros del Dpto. de Filosof\u00eda"},"content":{"rendered":"<ul>\n<li style=\"text-align: left;\"><img loading=\"lazy\" decoding=\"async\" class=\"alignright wp-image-287 size-thumbnail\" src=\"http:\/\/maralboran.eu\/matematicas\/wp-content\/uploads\/sites\/8\/2016\/06\/reacher-150x150.png\" alt=\"reacher\" width=\"150\" height=\"150\" \/>Francisco Mart\u00edn Calvo (J.D.)<\/li>\n<li style=\"text-align: left;\">Mabel Gal\u00e1n Rodr\u00edguez<\/li>\n<li style=\"text-align: left;\">Ana Luc\u00eda Insua Sar<\/li>\n<\/ul>\n","protected":false},"excerpt":{"rendered":"<p>Francisco Mart\u00edn Calvo (J.D.) Mabel Gal\u00e1n Rodr\u00edguez Ana Luc\u00eda Insua Sar<\/p>\n","protected":false},"author":26,"featured_media":0,"parent":0,"menu_order":0,"comment_status":"closed","ping_status":"open","template":"","meta":{"_price":"","_stock":"","_tribe_ticket_header":"","_tribe_default_ticket_provider":"","_tribe_ticket_capacity":"0","_ticket_start_date":"","_ticket_end_date":"","_tribe_ticket_show_description":"","_tribe_ticket_show_not_going":false,"_tribe_ticket_use_global_stock":"","_tribe_ticket_global_stock_level":"","_global_stock_mode":"","_global_stock_cap":"","_tribe_rsvp_for_event":"","_tribe_ticket_going_count":"","_tribe_ticket_not_going_count":"","_tribe_tickets_list":"[]","_tribe_ticket_has_attendee_info_fields":false,"_kadence_starter_templates_imported_post":false,"footnotes":"","_tec_slr_enabled":"","_tec_slr_layout":""},"class_list":["post-2","page","type-page","status-publish","hentry"],"featured_image_src":null,"featured_image_src_square":null,"ticketed":false,"_links":{"self":[{"href":"https:\/\/maralboran.eu\/filosofia\/wp-json\/wp\/v2\/pages\/2","targetHints":{"allow":["GET"]}}],"collection":[{"href":"https:\/\/maralboran.eu\/filosofia\/wp-json\/wp\/v2\/pages"}],"about":[{"href":"https:\/\/maralboran.eu\/filosofia\/wp-json\/wp\/v2\/types\/page"}],"author":[{"embeddable":true,"href":"https:\/\/maralboran.eu\/filosofia\/wp-json\/wp\/v2\/users\/26"}],"replies":[{"embeddable":true,"href":"https:\/\/maralboran.eu\/filosofia\/wp-json\/wp\/v2\/comments?post=2"}],"version-history":[{"count":2,"href":"https:\/\/maralboran.eu\/filosofia\/wp-json\/wp\/v2\/pages\/2\/revisions"}],"predecessor-version":[{"id":10,"href":"https:\/\/maralboran.eu\/filosofia\/wp-json\/wp\/v2\/pages\/2\/revisions\/10"}],"wp:attachment":[{"href":"https:\/\/maralboran.eu\/filosofia\/wp-json\/wp\/v2\/media?parent=2"}],"curies":[{"name":"wp","href":"https:\/\/api.w.org\/{rel}","templated":true}]}}