{"id":509,"date":"2021-10-21T10:33:34","date_gmt":"2021-10-21T10:33:34","guid":{"rendered":"https:\/\/maralboran.eu\/europa\/?page_id=509"},"modified":"2021-11-03T10:41:02","modified_gmt":"2021-11-03T10:41:02","slug":"demeter","status":"publish","type":"page","link":"https:\/\/maralboran.eu\/europa\/demeter\/","title":{"rendered":"DEMETER"},"content":{"rendered":"\n<blockquote>\n<h3 class=\"titulo\"><strong>DEMETER. Proyecto educativo basado en la construcci\u00f3n de un robot que detecta minas antipersona<\/strong><\/h3>\n<\/blockquote>\n\n\n\n<p><div class=\"video-container\"><iframe loading=\"lazy\" title=\"DemeteR Project. Toulouse meeting.\" width=\"500\" height=\"281\" src=\"https:\/\/www.youtube.com\/embed\/BvdaDFJF670?feature=oembed&#038;wmode=opaque\" frameborder=\"0\" allow=\"accelerometer; autoplay; clipboard-write; encrypted-media; gyroscope; picture-in-picture; web-share\" referrerpolicy=\"strict-origin-when-cross-origin\" allowfullscreen><\/iframe><\/div><\/p>\n<div id=\"yui_patched_v3_11_0_1_1580985177084_258\" class=\"contenido_detalle\">\n<section class=\"cuerpo detalle_html clearfix\">\n<div class=\"inner_cuerpo\"><hr \/>\n<p><img loading=\"lazy\" decoding=\"async\" class=\"alignleft\" src=\"http:\/\/maralboran.eu\/europa\/wp-content\/uploads\/sites\/19\/2016\/09\/demeter-cuadrado-e1634833827849.jpg\" width=\"138\" height=\"138\" \/><\/p>\n<p>El objetivo del proyecto\u00a0<a href=\"http:\/\/www.thematic-learning.com\/\" target=\"_blank\" rel=\"noopener noreferrer\">DEMETER\u00a0<\/a>\u00a0 es propagar y mejorar las pr\u00e1cticas educativas existentes en las disciplinas de <strong>Ciencia, Tecnolog\u00eda, Ingenier\u00eda, Artes, Matem\u00e1ticas (STEAM), y Ciencias Sociales<\/strong>. Tambi\u00e9n integrar\u00e1 habilidades y t\u00e9cnicas utilizadas en Formaci\u00f3n Profesional. En este proyecto se promociona el desarrollo profesional del profesorado de m\u00faltiples pa\u00edses de la Uni\u00f3n Europea compartiendo\u00a0<strong>metodolog\u00eda<\/strong>,\u00a0<strong>buenas pr\u00e1cticas<\/strong>,\u00a0<strong>trabajo colaborativo<\/strong>\u00a0y\u00a0<strong>resultados<\/strong>. Bajo nuestra metodolog\u00eda, los estudiantes est\u00e1n m\u00e1s motivados y aplican el estudio a la pr\u00e1ctica resolviendo problemas del mundo real y experimentando. Como efecto secundario, el aumento de la motivaci\u00f3n provoca una menor tasa de abandono y mejor rendimiento escolar.<\/p>\n<h3><strong>Los equipos<\/strong><\/h3>\n<p><img decoding=\"async\" class=\"lfr-preview-file-image-current\" src=\"https:\/\/www.juntadeandalucia.es\/educacion\/portals\/delegate\/content\/9c7cc889-e524-423f-98a4-190cd3a0a9c7\" \/><\/p>\n<\/div>\n<\/section>\n<\/div>\n\n\n\n<hr \/>\n<ul>\n<li>\n<h5><a href=\"https:\/\/www.thematic-learning.com\"><strong>Web<\/strong><\/a><\/h5>\n<\/li>\n<li>\n<h5><a href=\"https:\/\/maralboran.eu\/europa\/category\/demeter\/\"><strong>Noticias relacionadas<\/strong><\/a><\/h5>\n<\/li>\n<li>\n<h5><a href=\"https:\/\/www.instagram.com\/thematiclearningdemeter\/\"><strong>S\u00edguenos en las redes<\/strong><\/a><\/h5>\n<\/li>\n<\/ul>\n","protected":false},"excerpt":{"rendered":"<p>DEMETER. Proyecto educativo basado en la construcci\u00f3n de un robot que detecta minas antipersona El objetivo del proyecto\u00a0DEMETER\u00a0\u00a0 es propagar y mejorar las pr\u00e1cticas educativas existentes en las disciplinas de&#46;&#46;&#46;<\/p>\n","protected":false},"author":1,"featured_media":0,"parent":0,"menu_order":0,"comment_status":"closed","ping_status":"closed","template":"","meta":{"_price":"","_stock":"","_tribe_ticket_header":"","_tribe_default_ticket_provider":"","_ticket_start_date":"","_ticket_end_date":"","_tribe_ticket_show_description":"","_tribe_ticket_show_not_going":false,"_tribe_ticket_use_global_stock":"","_tribe_ticket_global_stock_level":"","_global_stock_mode":"","_global_stock_cap":"","_tribe_rsvp_for_event":"","_tribe_ticket_going_count":"","_tribe_ticket_not_going_count":"","_tribe_tickets_list":"[]","_tribe_ticket_has_attendee_info_fields":false,"_kadence_starter_templates_imported_post":false,"footnotes":"","_tec_slr_enabled":"","_tec_slr_layout":""},"class_list":["post-509","page","type-page","status-publish","hentry"],"featured_image_src":null,"featured_image_src_square":null,"ticketed":false,"_links":{"self":[{"href":"https:\/\/maralboran.eu\/europa\/wp-json\/wp\/v2\/pages\/509","targetHints":{"allow":["GET"]}}],"collection":[{"href":"https:\/\/maralboran.eu\/europa\/wp-json\/wp\/v2\/pages"}],"about":[{"href":"https:\/\/maralboran.eu\/europa\/wp-json\/wp\/v2\/types\/page"}],"author":[{"embeddable":true,"href":"https:\/\/maralboran.eu\/europa\/wp-json\/wp\/v2\/users\/1"}],"replies":[{"embeddable":true,"href":"https:\/\/maralboran.eu\/europa\/wp-json\/wp\/v2\/comments?post=509"}],"version-history":[{"count":0,"href":"https:\/\/maralboran.eu\/europa\/wp-json\/wp\/v2\/pages\/509\/revisions"}],"wp:attachment":[{"href":"https:\/\/maralboran.eu\/europa\/wp-json\/wp\/v2\/media?parent=509"}],"curies":[{"name":"wp","href":"https:\/\/api.w.org\/{rel}","templated":true}]}}