{"id":506,"date":"2021-10-21T10:27:37","date_gmt":"2021-10-21T10:27:37","guid":{"rendered":"https:\/\/maralboran.eu\/europa\/?page_id=506"},"modified":"2021-11-03T10:43:38","modified_gmt":"2021-11-03T10:43:38","slug":"emotions-mapping","status":"publish","type":"page","link":"https:\/\/maralboran.eu\/europa\/emotions-mapping\/","title":{"rendered":"eMotions mapping"},"content":{"rendered":"\n<blockquote>\n<h3><strong>Proyecto educativo que trabaja una tem\u00e1tica tan actual como es la manipulaci\u00f3n de los medios de comunicaci\u00f3n, la desinformaci\u00f3n o las noticias falsas.<\/strong><\/h3>\n<\/blockquote>\n\n\n\n<p><div class=\"video-container\"><iframe loading=\"lazy\" title=\"EMAP PREZENTARE\" width=\"500\" height=\"281\" src=\"https:\/\/www.youtube.com\/embed\/LJgQS0s9bJc?feature=oembed&#038;wmode=opaque\" frameborder=\"0\" allow=\"accelerometer; autoplay; clipboard-write; encrypted-media; gyroscope; picture-in-picture; web-share\" referrerpolicy=\"strict-origin-when-cross-origin\" allowfullscreen><\/iframe><\/div><\/p>\n\n\n\n<h3>\u00a0<\/h3>\n<p><span style=\"font-weight: 400;\"><img loading=\"lazy\" decoding=\"async\" class=\"alignleft\" src=\"http:\/\/maralboran.eu\/europa\/wp-content\/uploads\/sites\/19\/2021\/10\/IMG_4547_opt.jpg\" width=\"149\" height=\"149\" \/><\/span><\/p>\n<hr \/>\n<p><span style=\"font-weight: 400;\">El IES Mar de Albor\u00e1n comienza un nuevo Programa Erasmus+ junto a nuestros nuevos socios de Ruman\u00eda, Italia, Portugal, Turqu\u00eda y Lituania. En este proyecto participar\u00e1 alumnado de Secundaria y de Bachillerato que trabajar\u00e1 para la concienciaci\u00f3n y prevenci\u00f3n de pr\u00e1cticas\u00a0 que contribuyen a fomentar un lenguaje muy agresivo, as\u00ed como otros comportamientos irresponsables y negativos, tanto online como en la vida real.<\/span><\/p>\n<p><span style=\"font-weight: 400;\">Queremos mejorar las capacidades de nuestro alumnado relacionadas con la inteligencia emocional (conciencia de s\u00ed mismo, autorregulaci\u00f3n, empat\u00eda, habilidades sociales, motivaci\u00f3n), y la alfabetizaci\u00f3n medi\u00e1tica para interpretar y usar eficazmente el contenido de los medios de comunicaci\u00f3n, permiti\u00e9ndoles regular de forma consciente sus emociones para evitar la manipulaci\u00f3n, y hacer una toma de decisiones libre e informada.<\/span><\/p>\n<hr \/>\n<ul>\n<li>\n<h5><a href=\"https:\/\/maralboran.eu\/europa\/category\/emapping\/\"><strong>Noticias relacionadas<\/strong><\/a><\/h5>\n<\/li>\n<li>\n<h5><a href=\"https:\/\/www.instagram.com\/erasmus_emap\/\"><strong>S\u00edguenos en las redes<\/strong><\/a><\/h5>\n<\/li>\n<\/ul>\n","protected":false},"excerpt":{"rendered":"<p>Proyecto educativo que trabaja una tem\u00e1tica tan actual como es la manipulaci\u00f3n de los medios de comunicaci\u00f3n, la desinformaci\u00f3n o las noticias falsas. \u00a0 El IES Mar de Albor\u00e1n comienza&#46;&#46;&#46;<\/p>\n","protected":false},"author":1,"featured_media":0,"parent":0,"menu_order":0,"comment_status":"closed","ping_status":"closed","template":"","meta":{"_price":"","_stock":"","_tribe_ticket_header":"","_tribe_default_ticket_provider":"","_ticket_start_date":"","_ticket_end_date":"","_tribe_ticket_show_description":"","_tribe_ticket_show_not_going":false,"_tribe_ticket_use_global_stock":"","_tribe_ticket_global_stock_level":"","_global_stock_mode":"","_global_stock_cap":"","_tribe_rsvp_for_event":"","_tribe_ticket_going_count":"","_tribe_ticket_not_going_count":"","_tribe_tickets_list":"[]","_tribe_ticket_has_attendee_info_fields":false,"_kadence_starter_templates_imported_post":false,"footnotes":"","_tec_slr_enabled":"","_tec_slr_layout":""},"class_list":["post-506","page","type-page","status-publish","hentry"],"featured_image_src":null,"featured_image_src_square":null,"ticketed":false,"_links":{"self":[{"href":"https:\/\/maralboran.eu\/europa\/wp-json\/wp\/v2\/pages\/506","targetHints":{"allow":["GET"]}}],"collection":[{"href":"https:\/\/maralboran.eu\/europa\/wp-json\/wp\/v2\/pages"}],"about":[{"href":"https:\/\/maralboran.eu\/europa\/wp-json\/wp\/v2\/types\/page"}],"author":[{"embeddable":true,"href":"https:\/\/maralboran.eu\/europa\/wp-json\/wp\/v2\/users\/1"}],"replies":[{"embeddable":true,"href":"https:\/\/maralboran.eu\/europa\/wp-json\/wp\/v2\/comments?post=506"}],"version-history":[{"count":0,"href":"https:\/\/maralboran.eu\/europa\/wp-json\/wp\/v2\/pages\/506\/revisions"}],"wp:attachment":[{"href":"https:\/\/maralboran.eu\/europa\/wp-json\/wp\/v2\/media?parent=506"}],"curies":[{"name":"wp","href":"https:\/\/api.w.org\/{rel}","templated":true}]}}