{"id":496,"date":"2021-10-21T10:18:03","date_gmt":"2021-10-21T10:18:03","guid":{"rendered":"https:\/\/maralboran.eu\/europa\/?page_id=496"},"modified":"2021-10-31T09:35:14","modified_gmt":"2021-10-31T09:35:14","slug":"eurobg","status":"publish","type":"page","link":"https:\/\/maralboran.eu\/europa\/eurobg\/","title":{"rendered":"EuroB+G"},"content":{"rendered":"\n<blockquote>\n<h3><strong>EuroB+G es un proyecto educativo basado en la construcci\u00f3n,planificaci\u00f3n y an\u00e1lisis\u00a0 de una smart city y los veh\u00edculos robotizados que circulan por ella.<\/strong><\/h3>\n<\/blockquote>\n\n\n\n<p><div class=\"video-container\"><iframe loading=\"lazy\" title=\"Resumen de la Clausura del Proyecto Erasmus+ EuRoB+G\" width=\"500\" height=\"281\" src=\"https:\/\/www.youtube.com\/embed\/-N-lsNRjN2E?feature=oembed&#038;wmode=opaque\" frameborder=\"0\" allow=\"accelerometer; autoplay; clipboard-write; encrypted-media; gyroscope; picture-in-picture; web-share\" referrerpolicy=\"strict-origin-when-cross-origin\" allowfullscreen><\/iframe><\/div><\/p>\n<hr \/>\n<p><span style=\"font-weight: 400;\"><img loading=\"lazy\" decoding=\"async\" class=\"alignleft\" src=\"http:\/\/maralboran.eu\/europa\/wp-content\/uploads\/sites\/19\/2021\/10\/IMG_0796.jpg\" width=\"162\" height=\"162\" \/>EuRoB+G es un proyecto Erasmus+ de Asociaci\u00f3n de Intercambio Escolar (KA229) con una duraci\u00f3n de dos cursos acad\u00e9micos, coordinado por nuestro centro y que ha sido una iniciativa de profesorado de nuestro instituto. En este proyecto el IES Mar de Albor\u00e1n cuenta con un socio esloveno, Lava School del consorcio Solski en Celje.<\/span><\/p>\n<p><span style=\"font-weight: 400;\">Con EuRoB+G, el IES Mar de Albor\u00e1n ha incorporado al alumnado de ESO\u00a0 que busca fomentar la igualdad de g\u00e9nero en las STEM a trav\u00e9s de la inclusi\u00f3n y en el sector de la rob\u00f3tica.<\/span><\/p>\n\n\n<h5>\u00a0<\/h5>\n<hr \/>\n<ul>\n<li>\n<h5><a href=\"https:\/\/maralboran.eu\/europa\/category\/eurobg\/\"><strong>Noticias relacionadas<\/strong><\/a><\/h5>\n<\/li>\n<li>\n<h5><a href=\"https:\/\/www.instagram.com\/eurobg\/\"><strong>S\u00edguenos en las redes<\/strong><\/a><\/h5>\n<\/li>\n<\/ul>","protected":false},"excerpt":{"rendered":"<p>EuroB+G es un proyecto educativo basado en la construcci\u00f3n,planificaci\u00f3n y an\u00e1lisis\u00a0 de una smart city y los veh\u00edculos robotizados que circulan por ella. EuRoB+G es un proyecto Erasmus+ de Asociaci\u00f3n&#46;&#46;&#46;<\/p>\n","protected":false},"author":1,"featured_media":0,"parent":0,"menu_order":0,"comment_status":"closed","ping_status":"closed","template":"","meta":{"_price":"","_stock":"","_tribe_ticket_header":"","_tribe_default_ticket_provider":"","_tribe_ticket_capacity":"0","_ticket_start_date":"","_ticket_end_date":"","_tribe_ticket_show_description":"","_tribe_ticket_show_not_going":false,"_tribe_ticket_use_global_stock":"","_tribe_ticket_global_stock_level":"","_global_stock_mode":"","_global_stock_cap":"","_tribe_rsvp_for_event":"","_tribe_ticket_going_count":"","_tribe_ticket_not_going_count":"","_tribe_tickets_list":"[]","_tribe_ticket_has_attendee_info_fields":false,"_kadence_starter_templates_imported_post":false,"footnotes":"","_tec_slr_enabled":"","_tec_slr_layout":""},"class_list":["post-496","page","type-page","status-publish","hentry"],"featured_image_src":null,"featured_image_src_square":null,"ticketed":false,"_links":{"self":[{"href":"https:\/\/maralboran.eu\/europa\/wp-json\/wp\/v2\/pages\/496","targetHints":{"allow":["GET"]}}],"collection":[{"href":"https:\/\/maralboran.eu\/europa\/wp-json\/wp\/v2\/pages"}],"about":[{"href":"https:\/\/maralboran.eu\/europa\/wp-json\/wp\/v2\/types\/page"}],"author":[{"embeddable":true,"href":"https:\/\/maralboran.eu\/europa\/wp-json\/wp\/v2\/users\/1"}],"replies":[{"embeddable":true,"href":"https:\/\/maralboran.eu\/europa\/wp-json\/wp\/v2\/comments?post=496"}],"version-history":[{"count":0,"href":"https:\/\/maralboran.eu\/europa\/wp-json\/wp\/v2\/pages\/496\/revisions"}],"wp:attachment":[{"href":"https:\/\/maralboran.eu\/europa\/wp-json\/wp\/v2\/media?parent=496"}],"curies":[{"name":"wp","href":"https:\/\/api.w.org\/{rel}","templated":true}]}}