{"id":38,"date":"2016-06-02T12:53:35","date_gmt":"2016-06-02T12:53:35","guid":{"rendered":"http:\/\/maralboran.eu\/dibujo\/?page_id=38"},"modified":"2016-06-04T09:06:20","modified_gmt":"2016-06-04T09:06:20","slug":"miembros","status":"publish","type":"page","link":"https:\/\/maralboran.eu\/dibujo\/miembros\/","title":{"rendered":"Miembros del Dpto. de Dibujo"},"content":{"rendered":"<ul>\n<li style=\"text-align: left;\"><img loading=\"lazy\" decoding=\"async\" class=\"alignright wp-image-287 size-thumbnail\" src=\"http:\/\/maralboran.eu\/matematicas\/wp-content\/uploads\/sites\/8\/2016\/06\/reacher-150x150.png\" alt=\"reacher\" width=\"150\" height=\"150\" \/>Celso Manuel Rom\u00e1n R\u00edos (J.D.)<\/li>\n<li style=\"text-align: left;\">Mar\u00eda Consuelo Ort\u00edz Ort\u00edz<\/li>\n<\/ul>\n","protected":false},"excerpt":{"rendered":"<p>Celso Manuel Rom\u00e1n R\u00edos (J.D.) Mar\u00eda Consuelo Ort\u00edz Ort\u00edz<\/p>\n","protected":false},"author":1,"featured_media":0,"parent":0,"menu_order":0,"comment_status":"closed","ping_status":"closed","template":"","meta":{"_price":"","_stock":"","_tribe_ticket_header":"","_tribe_default_ticket_provider":"","_ticket_start_date":"","_ticket_end_date":"","_tribe_ticket_show_description":"","_tribe_ticket_show_not_going":false,"_tribe_ticket_use_global_stock":"","_tribe_ticket_global_stock_level":"","_global_stock_mode":"","_global_stock_cap":"","_tribe_rsvp_for_event":"","_tribe_ticket_going_count":"","_tribe_ticket_not_going_count":"","_tribe_tickets_list":"[]","_tribe_ticket_has_attendee_info_fields":false,"_kadence_starter_templates_imported_post":false,"footnotes":"","_tec_slr_enabled":"","_tec_slr_layout":""},"class_list":["post-38","page","type-page","status-publish","hentry"],"featured_image_src":null,"featured_image_src_square":null,"ticketed":false,"_links":{"self":[{"href":"https:\/\/maralboran.eu\/dibujo\/wp-json\/wp\/v2\/pages\/38","targetHints":{"allow":["GET"]}}],"collection":[{"href":"https:\/\/maralboran.eu\/dibujo\/wp-json\/wp\/v2\/pages"}],"about":[{"href":"https:\/\/maralboran.eu\/dibujo\/wp-json\/wp\/v2\/types\/page"}],"author":[{"embeddable":true,"href":"https:\/\/maralboran.eu\/dibujo\/wp-json\/wp\/v2\/users\/1"}],"replies":[{"embeddable":true,"href":"https:\/\/maralboran.eu\/dibujo\/wp-json\/wp\/v2\/comments?post=38"}],"version-history":[{"count":2,"href":"https:\/\/maralboran.eu\/dibujo\/wp-json\/wp\/v2\/pages\/38\/revisions"}],"predecessor-version":[{"id":78,"href":"https:\/\/maralboran.eu\/dibujo\/wp-json\/wp\/v2\/pages\/38\/revisions\/78"}],"wp:attachment":[{"href":"https:\/\/maralboran.eu\/dibujo\/wp-json\/wp\/v2\/media?parent=38"}],"curies":[{"name":"wp","href":"https:\/\/api.w.org\/{rel}","templated":true}]}}