{"id":2,"date":"2016-06-02T16:13:25","date_gmt":"2016-06-02T16:13:25","guid":{"rendered":"http:\/\/maralboran.eu\/biblioteca\/?page_id=2"},"modified":"2021-11-08T13:04:20","modified_gmt":"2021-11-08T12:04:20","slug":"pagina-ejemplo","status":"publish","type":"page","link":"https:\/\/maralboran.eu\/biblioteca\/pagina-ejemplo\/","title":{"rendered":"Miembros del Equipo de Biblioteca"},"content":{"rendered":"<ul>\n<li><img loading=\"lazy\" decoding=\"async\" class=\"wp-image-19 size-thumbnail alignright\" src=\"http:\/\/maralboran.eu\/matematicas\/wp-content\/uploads\/sites\/8\/2016\/06\/reacher-150x150.png\" alt=\"members\" width=\"150\" height=\"150\" \/>Inmaculada Garc\u00eda Blanco<\/li>\n<li>Antonio Puerma Medel<\/li>\n<li>In\u00e9s Carretero Lombardo<\/li>\n<li>Eva Rodr\u00edguez Caravaca<\/li>\n<li>Inmaculada Laso Laso<\/li>\n<li>Blasa Mart\u00ednez Quevedo<\/li>\n<li>Mar\u00eda de la Cruz Lasarte Cervantes (Responsable)<\/li>\n<\/ul>\n\n","protected":false},"excerpt":{"rendered":"<p>Inmaculada Garc\u00eda Blanco Antonio Puerma Medel In\u00e9s Carretero Lombardo Eva Rodr\u00edguez Caravaca Inmaculada Laso Laso Blasa Mart\u00ednez Quevedo Mar\u00eda de la Cruz Lasarte Cervantes (Responsable)<\/p>\n","protected":false},"author":1,"featured_media":0,"parent":0,"menu_order":0,"comment_status":"closed","ping_status":"open","template":"","meta":{"_price":"","_stock":"","_tribe_ticket_header":"","_tribe_default_ticket_provider":"","_tribe_ticket_capacity":"0","_ticket_start_date":"","_ticket_end_date":"","_tribe_ticket_show_description":"","_tribe_ticket_show_not_going":false,"_tribe_ticket_use_global_stock":"","_tribe_ticket_global_stock_level":"","_global_stock_mode":"","_global_stock_cap":"","_tribe_rsvp_for_event":"","_tribe_ticket_going_count":"","_tribe_ticket_not_going_count":"","_tribe_tickets_list":"[]","_tribe_ticket_has_attendee_info_fields":false,"_kadence_starter_templates_imported_post":false,"footnotes":"","_tec_slr_enabled":"","_tec_slr_layout":""},"class_list":["post-2","page","type-page","status-publish","hentry"],"featured_image_src":null,"featured_image_src_square":null,"ticketed":false,"_links":{"self":[{"href":"https:\/\/maralboran.eu\/biblioteca\/wp-json\/wp\/v2\/pages\/2","targetHints":{"allow":["GET"]}}],"collection":[{"href":"https:\/\/maralboran.eu\/biblioteca\/wp-json\/wp\/v2\/pages"}],"about":[{"href":"https:\/\/maralboran.eu\/biblioteca\/wp-json\/wp\/v2\/types\/page"}],"author":[{"embeddable":true,"href":"https:\/\/maralboran.eu\/biblioteca\/wp-json\/wp\/v2\/users\/1"}],"replies":[{"embeddable":true,"href":"https:\/\/maralboran.eu\/biblioteca\/wp-json\/wp\/v2\/comments?post=2"}],"version-history":[{"count":0,"href":"https:\/\/maralboran.eu\/biblioteca\/wp-json\/wp\/v2\/pages\/2\/revisions"}],"wp:attachment":[{"href":"https:\/\/maralboran.eu\/biblioteca\/wp-json\/wp\/v2\/media?parent=2"}],"curies":[{"name":"wp","href":"https:\/\/api.w.org\/{rel}","templated":true}]}}