{"id":99,"date":"2019-10-07T19:38:13","date_gmt":"2019-10-07T17:38:13","guid":{"rendered":"https:\/\/maralboran.eu\/autopreteccion\/?page_id=99"},"modified":"2019-10-07T20:49:19","modified_gmt":"2019-10-07T18:49:19","slug":"cardiopatias-informacion-basica","status":"publish","type":"page","link":"https:\/\/maralboran.eu\/autoproteccion\/cardiopatias-informacion-basica\/","title":{"rendered":"Cardiopat\u00edas. Informaci\u00f3n b\u00e1sica"},"content":{"rendered":"\n<p>Las cardiopat\u00edas cong\u00e9nitas son enfermedades cr\u00f3nicas. La cardiopat\u00eda cong\u00e9nita es un&nbsp;problema en la estructura y funcionamiento del coraz\u00f3n,&nbsp;presente al nacer, que engloba muchos problemas diferentes que afectan al coraz\u00f3n y es el tipo de anomal\u00eda cong\u00e9nita m\u00e1s com\u00fan. Esta patolog\u00eda permiten hacer una vida normal a quien las padece, mientras que otras requerir\u00e1n controles continuados.<\/p>\n\n\n\n<p>La cardiopat\u00eda cong\u00e9nita se clasifica en dos tipos: cian\u00f3tica, coloraci\u00f3n azulada producto de una relativa falta de ox\u00edgeno y no cian\u00f3tica. Ejemplos de las primeras son la tetralog\u00eda de Fallot y la transposici\u00f3n de los grandes vasos y de las segundas, la estenosis a\u00f3rtica y la comunicaci\u00f3n interventricular, aunque existen muchas mas.<\/p>\n\n\n\n<p>La mayor\u00eda de los ni\u00f1os y ni\u00f1as con&nbsp;cardiopat\u00edas cong\u00e9nitas pueden tener otros problemas de salud asociados&nbsp; a las anomal\u00edas card\u00edacas, algunos de los cuales pueden ser hereditarios, como puede ser el caso del s\u00edndrome de Marfan. A menudo, no se conoce la causa que ha originado la cardiopat\u00eda.&nbsp;<\/p>\n\n\n\n<p>Los s\u00edntomas dependen de la afecci\u00f3n. Algunos de los s\u00edntomas que pueden aparecer en el alumnado que las padece son los siguientes:<\/p>\n\n\n\n<ul class=\"wp-block-list\"><li>Cianosis (color azulado o morado).<\/li><li>Disnea (dificultad para respirar).<\/li><li>Intolerancia al ejercicio.<\/li><li>Edema en los pies.<\/li><li>S\u00edncope (desmayo), mareos, etc.<\/li><\/ul>\n\n\n\n<p>Algunos problemas como la coartaci\u00f3n de la aorta puede no causar s\u00edntomas durante a\u00f1os y dependiendo de la gravedad, otras pueden no causar problemas nunca. El tratamiento depende del problema, algunas afectaciones se tratan solo con medicamentos, mientras que otras patolog\u00edas requieren intervenciones quir\u00fargicas.<\/p>\n\n\n\n<p><strong>PARA SABER M\u00c1S<\/strong>. Ejemplos:<\/p>\n\n\n\n<ul class=\"wp-block-list\"><li><a href=\"http:\/\/www.menudoscorazones.org\/\">Menudos corazones<\/a>. Fundaci\u00f3n de Ayuda a los Ni\u00f1os con Problemas del Coraz\u00f3n<\/li><li><a href=\"https:\/\/medlineplus.gov\/spanish\/\">Medline Plus<\/a><\/li><li><a href=\"http:\/\/www.corazonyvida.org\/\">Coraz\u00f3n y vida<\/a><\/li><\/ul>\n","protected":false},"excerpt":{"rendered":"<p>Las cardiopat\u00edas cong\u00e9nitas son enfermedades cr\u00f3nicas. La cardiopat\u00eda cong\u00e9nita es un&nbsp;problema en la estructura y funcionamiento del coraz\u00f3n,&nbsp;presente al nacer, que engloba muchos problemas diferentes que afectan al coraz\u00f3n y es el tipo de&#46;&#46;&#46;<\/p>\n","protected":false},"author":21,"featured_media":0,"parent":0,"menu_order":0,"comment_status":"closed","ping_status":"closed","template":"","meta":{"_price":"","_stock":"","_tribe_ticket_header":"","_tribe_default_ticket_provider":"","_tribe_ticket_capacity":"0","_ticket_start_date":"","_ticket_end_date":"","_tribe_ticket_show_description":"","_tribe_ticket_show_not_going":false,"_tribe_ticket_use_global_stock":"","_tribe_ticket_global_stock_level":"","_global_stock_mode":"","_global_stock_cap":"","_tribe_rsvp_for_event":"","_tribe_ticket_going_count":"","_tribe_ticket_not_going_count":"","_tribe_tickets_list":"[]","_tribe_ticket_has_attendee_info_fields":false,"_kadence_starter_templates_imported_post":false,"footnotes":"","_tec_slr_enabled":"","_tec_slr_layout":""},"class_list":["post-99","page","type-page","status-publish","hentry"],"featured_image_src":null,"featured_image_src_square":null,"ticketed":false,"_links":{"self":[{"href":"https:\/\/maralboran.eu\/autoproteccion\/wp-json\/wp\/v2\/pages\/99","targetHints":{"allow":["GET"]}}],"collection":[{"href":"https:\/\/maralboran.eu\/autoproteccion\/wp-json\/wp\/v2\/pages"}],"about":[{"href":"https:\/\/maralboran.eu\/autoproteccion\/wp-json\/wp\/v2\/types\/page"}],"author":[{"embeddable":true,"href":"https:\/\/maralboran.eu\/autoproteccion\/wp-json\/wp\/v2\/users\/21"}],"replies":[{"embeddable":true,"href":"https:\/\/maralboran.eu\/autoproteccion\/wp-json\/wp\/v2\/comments?post=99"}],"version-history":[{"count":2,"href":"https:\/\/maralboran.eu\/autoproteccion\/wp-json\/wp\/v2\/pages\/99\/revisions"}],"predecessor-version":[{"id":149,"href":"https:\/\/maralboran.eu\/autoproteccion\/wp-json\/wp\/v2\/pages\/99\/revisions\/149"}],"wp:attachment":[{"href":"https:\/\/maralboran.eu\/autoproteccion\/wp-json\/wp\/v2\/media?parent=99"}],"curies":[{"name":"wp","href":"https:\/\/api.w.org\/{rel}","templated":true}]}}