{"id":95,"date":"2019-10-07T19:37:19","date_gmt":"2019-10-07T17:37:19","guid":{"rendered":"https:\/\/maralboran.eu\/autopreteccion\/?page_id=95"},"modified":"2019-10-07T20:37:41","modified_gmt":"2019-10-07T18:37:41","slug":"epilepsia-pautas","status":"publish","type":"page","link":"https:\/\/maralboran.eu\/autoproteccion\/epilepsia-pautas\/","title":{"rendered":"Epilepsia. Pautas"},"content":{"rendered":"\n<p>Se detallan, a continuaci\u00f3n, algunas pautas que facilitar\u00e1n la escolarizaci\u00f3n segura del alumnado:<\/p>\n\n\n\n<ol class=\"wp-block-list\"><li>La familia comunicar\u00e1 al centro la existencia de la enfermedad. Si la informaci\u00f3n es trasladada al tutor o tutora del alumno o alumna afectado, o bien a cualquier otra persona que preste servicios en el centro educativo, se comunicar\u00e1 esta circunstancia al equipo directivo. La familia debe aportar la informaci\u00f3n sobre el tipo de epilepsia y las caracter\u00edsticas de la enfermedad del ni\u00f1o o ni\u00f1a (si existen factores desencadenantes, duraci\u00f3n de las crisis,\u2026).<\/li><li>Esta informaci\u00f3n por parte de la familia ir\u00e1 acompa\u00f1ada de un informe m\u00e9dico en el que se detallen las necesidades del alumno o la alumna durante su estancia en el centro educativo. Si no existiese dicho informe, el equipo directivo lo recabar\u00e1 de la familia.<\/li><li>La familia entregar\u00e1 al equipo directivo la&nbsp;<a href=\"http:\/\/www.juntadeandalucia.es\/educacion\/portals\/ishare-servlet\/content\/58da0dad-594b-4804-9548-fc3f2716dcb4\">FICHA T\u00c9CNICA DEL ALUMNO O ALUMNA CON EPILEPSIA<\/a>.&nbsp;<\/li><li>El equipo directivo, el equipo docente que le atiende y el m\u00e9dico o m\u00e9dica del Equipo de Orientaci\u00f3n Educativa de la zona, valorar\u00e1n las necesidades del alumno o alumna y adoptar\u00e1n las medidas oportunas para garantizar su escolarizaci\u00f3n segura.<\/li><li>Si el Equipo de Orientaci\u00f3n Educativa no cuenta con m\u00e9dico o m\u00e9dica, el equipo directivo del centro solicitar\u00e1 al Equipo T\u00e9cnico Provincial para la Orientaci\u00f3n Educativa y Profesional la asignaci\u00f3n de un m\u00e9dico o m\u00e9dica de otro Equipo para que participe en esta valoraci\u00f3n y adopci\u00f3n de medidas.<\/li><li>Todas las medidas adoptadas quedar\u00e1n recogidas en un informe que se incorporar\u00e1 al expediente del alumno o alumna.<\/li><li>No hay medidas espec\u00edficas que, a nivel de prevenci\u00f3n, se adopten en los centros educativos. No obstante, s\u00ed es imprescindible que todo el equipo docente tenga informaci\u00f3n sobre las necesidades de este alumnado, as\u00ed como de las pautas de actuaci\u00f3n en casos de emergencia que se describen en el apartado correspondiente de este portal.<\/li><\/ol>\n","protected":false},"excerpt":{"rendered":"<p>Se detallan, a continuaci\u00f3n, algunas pautas que facilitar\u00e1n la escolarizaci\u00f3n segura del alumnado: La familia comunicar\u00e1 al centro la existencia de la enfermedad. Si la informaci\u00f3n es trasladada al tutor o tutora del alumno&#46;&#46;&#46;<\/p>\n","protected":false},"author":21,"featured_media":0,"parent":0,"menu_order":0,"comment_status":"closed","ping_status":"closed","template":"","meta":{"_price":"","_stock":"","_tribe_ticket_header":"","_tribe_default_ticket_provider":"","_ticket_start_date":"","_ticket_end_date":"","_tribe_ticket_show_description":"","_tribe_ticket_show_not_going":false,"_tribe_ticket_use_global_stock":"","_tribe_ticket_global_stock_level":"","_global_stock_mode":"","_global_stock_cap":"","_tribe_rsvp_for_event":"","_tribe_ticket_going_count":"","_tribe_ticket_not_going_count":"","_tribe_tickets_list":"[]","_tribe_ticket_has_attendee_info_fields":false,"_kadence_starter_templates_imported_post":false,"footnotes":"","_tec_slr_enabled":"","_tec_slr_layout":""},"class_list":["post-95","page","type-page","status-publish","hentry"],"featured_image_src":null,"featured_image_src_square":null,"ticketed":false,"_links":{"self":[{"href":"https:\/\/maralboran.eu\/autoproteccion\/wp-json\/wp\/v2\/pages\/95","targetHints":{"allow":["GET"]}}],"collection":[{"href":"https:\/\/maralboran.eu\/autoproteccion\/wp-json\/wp\/v2\/pages"}],"about":[{"href":"https:\/\/maralboran.eu\/autoproteccion\/wp-json\/wp\/v2\/types\/page"}],"author":[{"embeddable":true,"href":"https:\/\/maralboran.eu\/autoproteccion\/wp-json\/wp\/v2\/users\/21"}],"replies":[{"embeddable":true,"href":"https:\/\/maralboran.eu\/autoproteccion\/wp-json\/wp\/v2\/comments?post=95"}],"version-history":[{"count":2,"href":"https:\/\/maralboran.eu\/autoproteccion\/wp-json\/wp\/v2\/pages\/95\/revisions"}],"predecessor-version":[{"id":143,"href":"https:\/\/maralboran.eu\/autoproteccion\/wp-json\/wp\/v2\/pages\/95\/revisions\/143"}],"wp:attachment":[{"href":"https:\/\/maralboran.eu\/autoproteccion\/wp-json\/wp\/v2\/media?parent=95"}],"curies":[{"name":"wp","href":"https:\/\/api.w.org\/{rel}","templated":true}]}}