{"id":87,"date":"2019-10-07T19:35:27","date_gmt":"2019-10-07T17:35:27","guid":{"rendered":"https:\/\/maralboran.eu\/autopreteccion\/?page_id=87"},"modified":"2019-10-07T20:34:45","modified_gmt":"2019-10-07T18:34:45","slug":"diabetes-informacion-basica","status":"publish","type":"page","link":"https:\/\/maralboran.eu\/autoproteccion\/diabetes-informacion-basica\/","title":{"rendered":"Diabetes. Informaci\u00f3n b\u00e1sica"},"content":{"rendered":"\n<p>La diabetes no es contagiosa. Se trata&nbsp; de un desorden del metabolismo de la glucosa, es decir, del proceso que convierte el alimento ingerido en energ\u00eda, debido al mal funcionamiento de la hormona que se encarga de metabolizarla: la insulina (es una hormona segregada por el p\u00e1ncreas que tiene la misi\u00f3n de facilitar que la glucosa que circula en la sangre penetre en las c\u00e9lulas y sea aprovechada como energ\u00eda), que es el factor m\u00e1s importante en este proceso.<\/p>\n\n\n\n<p>Durante la digesti\u00f3n se descomponen los alimentos para crear glucosa, la mayor fuente de combustible para el cuerpo. Esta glucosa pasa a la sangre, donde la insulina le permite entrar en las c\u00e9lulas. Cuando la insulina es deficitaria o funciona mal, la glucosa no puede ser utilizada por los tejidos. Se produce entonces un aumento de glucosa en sangre llamado hiperglucemia.<\/p>\n\n\n\n<p>Los niveles normales de glucosa se sit\u00faan entre 60 y 120 mg por cada 100ml, cuando esta cantidad supera los 180mg por 100ml, la glucosa pasa a la orina. La diabetes es la segunda enfermedad cr\u00f3nica m\u00e1s frecuente en edad pedi\u00e1trica.<\/p>\n\n\n\n<p>Aunque puede tener diferentes or\u00edgenes, es con mucho la Diabetes Tipo 1 la predominante, poco com\u00fan antes de los seis meses de edad. El n\u00famero de casos nuevos por a\u00f1o que se diagnostican en este periodo de edad var\u00eda mucho seg\u00fan los pa\u00edses y est\u00e1 aumentando en el mundo occidental (en Andaluc\u00eda se estima en unos 200-250 nuevos casos anuales por debajo de los 15 a\u00f1os). En Espa\u00f1a se estima que existen unos 29.000 (entre chicos y chicas) menores de 15 a\u00f1os que tienen diabetes. Se ha observado tambi\u00e9n que el pico de m\u00e1xima incidencia coincide con la pubertad.&nbsp; En Andaluc\u00eda, se estima que existen en torno a 2.000 ni\u00f1os y ni\u00f1as&nbsp; menores de 15 a\u00f1os con diabetes.&nbsp; De ellos, 700-800 tienen 8 a\u00f1os o menos.<\/p>\n\n\n\n<p>El tratamiento es individualizado, bajo la supervisi\u00f3n de un m\u00e9dico especialista y requiere de:<\/p>\n\n\n\n<ul class=\"wp-block-list\"><li>Plan apropiado de control de dieta y peso.<\/li><li>Actividad f\u00edsica.<\/li><li>Control y an\u00e1lisis de la concentraci\u00f3n de glucosa en sangre.<\/li><li>Insulina (siempre imprescindible en la diabetes tipo 1).<\/li><\/ul>\n\n\n\n<p><strong>PARA SABER M\u00c1S<\/strong>. Ejemplos:<\/p>\n\n\n\n<ul class=\"wp-block-list\"><li><a href=\"http:\/\/www.fundaciondiabetes.org\/infantil\" target=\"_blank\" rel=\"noreferrer noopener\">Fundaci\u00f3n para la Diabetes<\/a><\/li><li><a href=\"http:\/\/www.escuelas.msssi.gob.es\/enfermedades\/diabetesTipo2\/cuidados\/quePuedoHacerYo.htm\" target=\"_blank\" rel=\"noreferrer noopener\">Red de Escuelas de Salud para la Ciudadan\u00eda<\/a><\/li><\/ul>\n","protected":false},"excerpt":{"rendered":"<p>La diabetes no es contagiosa. Se trata&nbsp; de un desorden del metabolismo de la glucosa, es decir, del proceso que convierte el alimento ingerido en energ\u00eda, debido al mal funcionamiento de la hormona que&#46;&#46;&#46;<\/p>\n","protected":false},"author":21,"featured_media":0,"parent":0,"menu_order":0,"comment_status":"closed","ping_status":"closed","template":"","meta":{"_price":"","_stock":"","_tribe_ticket_header":"","_tribe_default_ticket_provider":"","_tribe_ticket_capacity":"0","_ticket_start_date":"","_ticket_end_date":"","_tribe_ticket_show_description":"","_tribe_ticket_show_not_going":false,"_tribe_ticket_use_global_stock":"","_tribe_ticket_global_stock_level":"","_global_stock_mode":"","_global_stock_cap":"","_tribe_rsvp_for_event":"","_tribe_ticket_going_count":"","_tribe_ticket_not_going_count":"","_tribe_tickets_list":"[]","_tribe_ticket_has_attendee_info_fields":false,"_kadence_starter_templates_imported_post":false,"footnotes":"","_tec_slr_enabled":"","_tec_slr_layout":""},"class_list":["post-87","page","type-page","status-publish","hentry"],"featured_image_src":null,"featured_image_src_square":null,"ticketed":false,"_links":{"self":[{"href":"https:\/\/maralboran.eu\/autoproteccion\/wp-json\/wp\/v2\/pages\/87","targetHints":{"allow":["GET"]}}],"collection":[{"href":"https:\/\/maralboran.eu\/autoproteccion\/wp-json\/wp\/v2\/pages"}],"about":[{"href":"https:\/\/maralboran.eu\/autoproteccion\/wp-json\/wp\/v2\/types\/page"}],"author":[{"embeddable":true,"href":"https:\/\/maralboran.eu\/autoproteccion\/wp-json\/wp\/v2\/users\/21"}],"replies":[{"embeddable":true,"href":"https:\/\/maralboran.eu\/autoproteccion\/wp-json\/wp\/v2\/comments?post=87"}],"version-history":[{"count":2,"href":"https:\/\/maralboran.eu\/autoproteccion\/wp-json\/wp\/v2\/pages\/87\/revisions"}],"predecessor-version":[{"id":139,"href":"https:\/\/maralboran.eu\/autoproteccion\/wp-json\/wp\/v2\/pages\/87\/revisions\/139"}],"wp:attachment":[{"href":"https:\/\/maralboran.eu\/autoproteccion\/wp-json\/wp\/v2\/media?parent=87"}],"curies":[{"name":"wp","href":"https:\/\/api.w.org\/{rel}","templated":true}]}}