{"id":48,"date":"2019-09-16T21:27:17","date_gmt":"2019-09-16T19:27:17","guid":{"rendered":"https:\/\/maralboran.eu\/autopreteccion\/?page_id=48"},"modified":"2019-09-16T21:33:32","modified_gmt":"2019-09-16T19:33:32","slug":"primera","status":"publish","type":"page","link":"https:\/\/maralboran.eu\/autoproteccion\/","title":{"rendered":"Inicio"},"content":{"rendered":"\n<p>Hola a todos los miembros de la comunidad educativa del IES Mar de Albor\u00e1n.<br \/><br \/>A lo largo de estas p\u00e1ginas, se expondr\u00e1n datos y documentaci\u00f3n que ser\u00e1n importantes a la hora de llevar a la pr\u00e1ctica satisfactoriamente el Plan de Autoprotecci\u00f3n de nuestro centro.<br \/><br \/>Para cualquier duda, aclaraci\u00f3n, ayuda, sugerencia u otra cosa relacionada con el Plan de Autoprotecci\u00f3n, ponganse con en contacto con el Coordinador del Plan de Autoprotecci\u00f3n del IES Mar de Albor\u00e1n.<\/p>\n","protected":false},"excerpt":{"rendered":"<p>Hola a todos los miembros de la comunidad educativa del IES Mar de Albor\u00e1n. A lo largo de estas p\u00e1ginas, se expondr\u00e1n datos y documentaci\u00f3n que ser\u00e1n importantes a la hora de llevar a&#46;&#46;&#46;<\/p>\n","protected":false},"author":21,"featured_media":0,"parent":0,"menu_order":0,"comment_status":"closed","ping_status":"closed","template":"","meta":{"_price":"","_stock":"","_tribe_ticket_header":"","_tribe_default_ticket_provider":"","_tribe_ticket_capacity":"0","_ticket_start_date":"","_ticket_end_date":"","_tribe_ticket_show_description":"","_tribe_ticket_show_not_going":false,"_tribe_ticket_use_global_stock":"","_tribe_ticket_global_stock_level":"","_global_stock_mode":"","_global_stock_cap":"","_tribe_rsvp_for_event":"","_tribe_ticket_going_count":"","_tribe_ticket_not_going_count":"","_tribe_tickets_list":"[]","_tribe_ticket_has_attendee_info_fields":false,"_kadence_starter_templates_imported_post":false,"footnotes":"","_tec_slr_enabled":"","_tec_slr_layout":""},"class_list":["post-48","page","type-page","status-publish","hentry"],"featured_image_src":null,"featured_image_src_square":null,"ticketed":false,"_links":{"self":[{"href":"https:\/\/maralboran.eu\/autoproteccion\/wp-json\/wp\/v2\/pages\/48","targetHints":{"allow":["GET"]}}],"collection":[{"href":"https:\/\/maralboran.eu\/autoproteccion\/wp-json\/wp\/v2\/pages"}],"about":[{"href":"https:\/\/maralboran.eu\/autoproteccion\/wp-json\/wp\/v2\/types\/page"}],"author":[{"embeddable":true,"href":"https:\/\/maralboran.eu\/autoproteccion\/wp-json\/wp\/v2\/users\/21"}],"replies":[{"embeddable":true,"href":"https:\/\/maralboran.eu\/autoproteccion\/wp-json\/wp\/v2\/comments?post=48"}],"version-history":[{"count":2,"href":"https:\/\/maralboran.eu\/autoproteccion\/wp-json\/wp\/v2\/pages\/48\/revisions"}],"predecessor-version":[{"id":51,"href":"https:\/\/maralboran.eu\/autoproteccion\/wp-json\/wp\/v2\/pages\/48\/revisions\/51"}],"wp:attachment":[{"href":"https:\/\/maralboran.eu\/autoproteccion\/wp-json\/wp\/v2\/media?parent=48"}],"curies":[{"name":"wp","href":"https:\/\/api.w.org\/{rel}","templated":true}]}}