{"id":461,"date":"2023-10-11T22:10:17","date_gmt":"2023-10-11T20:10:17","guid":{"rendered":"https:\/\/maralboran.eu\/autoproteccion\/?page_id=461"},"modified":"2023-10-12T14:22:26","modified_gmt":"2023-10-12T12:22:26","slug":"inundaciones","status":"publish","type":"page","link":"https:\/\/maralboran.eu\/autoproteccion\/inundaciones\/","title":{"rendered":"Inundaciones"},"content":{"rendered":"\n<p><strong>Protecci\u00f3n Civil<\/strong>, en colaboraci\u00f3n con el Instituto Nacional de Meteorolog\u00eda, se encarga de informar a los ciudadanos, a trav\u00e9s de los medios de comunicaci\u00f3n, de aquellos fen\u00f3menos meteorol\u00f3gicos que pueden dar lugar a situaciones de riesgo.<\/p>\n\n\n\n<p>Ante estas situaciones, es muy importante permanecer atento a las informaciones oficiales transmitidas a trav\u00e9s de las emisoras de radio y de otros medios, y seguir las indicaciones que se den.<\/p>\n\n\n\n<p>En concreto, para la zona que nos ocupa es recomendable seguir el&nbsp;<a href=\"https:\/\/www.facebook.com\/PCivilEstepona\/\" target=\"_blank\" rel=\"noreferrer noopener\">Facebook&nbsp;<\/a>o&nbsp;<a href=\"https:\/\/twitter.com\/PCivilEstepona\" target=\"_blank\" rel=\"noreferrer noopener\">Ttwitter&nbsp;<\/a>de Protecci\u00f3n Civil Estepona, donde a trav\u00e9s de esta Red Social se informa a la poblaci\u00f3n en general.<\/p>\n\n\n\n<h5 class=\"wp-block-heading\"><strong><mark>MEDIDAS DE PREVENCION ANTE EL RIESGO DE INUNDACIONES<\/mark><\/strong><\/h5>\n\n\n\n<p>Ante posibles emergencias originadas por lluvias intensas, conviene adoptar una serie de <strong>medidas previas<\/strong> que ayuden a evitar o, al menos, mitigar los efectos de las mismas.<\/p>\n\n\n\n<p>Entre las medidas que debes <strong>adoptar en tu vivienda<\/strong>, conviene tener en cuenta, sobre todo si se vive en \u00e1reas de riesgo de inundaci\u00f3n, <strong>la precauci\u00f3n de<\/strong><\/p>\n\n\n\n<div id=\"section-g8cafc7\" class=\"wp-block-gutentor-e7 section-g8cafc7 gutentor-element gutentor-element-list\"><ul class=\"grid-row gutentor-grid-item-wrap list-indicator-icon\"><li class=\"gutentor-list-item grid-lg-12 grid-md-12 grid-12\"><span class=\"gutentor-single-item gutentor-single-item-0\"><span class=\"gutentor-list-item-wrap g-s-list-wrap\"><span class=\"gutentor-single-list-item-icon\"><i class=\"list-item-icon fas fa-arrow-right\"><\/i><\/span><span class=\"gutentor-list-item\"><p class=\"gutentor-single-item-title\">Retirar del exterior de la vivienda, aquellos objetos que puedan ser arrastrados por el agua.<\/p><\/span><\/span><\/span><\/li><li class=\"gutentor-list-item grid-lg-12 grid-md-12 grid-12\"><span class=\"gutentor-single-item gutentor-single-item-1\"><span class=\"gutentor-list-item-wrap g-s-list-wrap\"><span class=\"gutentor-single-list-item-icon\"><i class=\"list-item-icon fas fa-arrow-right\"><\/i><\/span><span class=\"gutentor-list-item\"><p class=\"gutentor-single-item-title\">Revisar, cada cierto tiempo, el estado del tejado, el de las bajadas de agua de edificios y de los desag\u00fces pr\u00f3ximos.<\/p><\/span><\/span><\/span><\/li><li class=\"gutentor-list-item grid-lg-12 grid-md-12 grid-12\"><span class=\"gutentor-single-item gutentor-single-item-2\"><span class=\"gutentor-list-item-wrap g-s-list-wrap\"><span class=\"gutentor-single-list-item-icon\"><i class=\"list-item-icon fas fa-arrow-right\"><\/i><\/span><span class=\"gutentor-list-item\"><p class=\"gutentor-single-item-title\">Colocar los documentos importantes y, sobre todo, los productos peligrosos, en aquellos lugares de la casa en los que el riesgo de que se deterioren por la humedad o se derramen, sea menor.<\/p><\/span><\/span><\/span><\/li><li class=\"gutentor-list-item grid-lg-12 grid-md-12 grid-12\"><span class=\"gutentor-single-item gutentor-single-item-3\"><span class=\"gutentor-list-item-wrap g-s-list-wrap\"><span class=\"gutentor-single-list-item-icon\"><i class=\"list-item-icon fas fa-arrow-right\"><\/i><\/span><span class=\"gutentor-list-item\"><p class=\"gutentor-single-item-title\">No estacionar veh\u00edculos ni acampar en cauces secos, ni a la orilla de r\u00edos, para evitar ser sorprendido por una s\u00fabita crecida de agua o por una riada.<\/p><\/span><\/span><\/span><\/li><\/ul><\/div>\n\n\n\n<h5 class=\"wp-block-heading\"><strong><strong><mark>MEDIDAS DE AUTOPROTECCION A ADOPTAR EN CASO DE EMERGENCIA POR LLUVIAS INTENSAS<\/mark><\/strong><\/strong><\/h5>\n\n\n\n<p>Ante situaciones de emergencia originadas por lluvias intensas, <strong>es muy importante<\/strong>.<\/p>\n\n\n\n<div id=\"section-ged80ea\" class=\"wp-block-gutentor-e7 section-ged80ea gutentor-element gutentor-element-list\"><ul class=\"grid-row gutentor-grid-item-wrap list-indicator-icon\"><li class=\"gutentor-list-item grid-lg-12 grid-md-12 grid-12\"><span class=\"gutentor-single-item gutentor-single-item-0\"><span class=\"gutentor-list-item-wrap g-s-list-wrap\"><span class=\"gutentor-single-list-item-icon\"><i class=\"list-item-icon fas fa-arrow-right\"><\/i><\/span><span class=\"gutentor-list-item\"><p class=\"gutentor-single-item-title\">Mantenerse permanentemente informado a trav\u00e9s de la radio y de otros medios de comunicaci\u00f3n, de las predicciones meteorol\u00f3gicas y el estado de la situaci\u00f3n.<\/p><\/span><\/span><\/span><\/li><li class=\"gutentor-list-item grid-lg-12 grid-md-12 grid-12\"><span class=\"gutentor-single-item gutentor-single-item-1\"><span class=\"gutentor-list-item-wrap g-s-list-wrap\"><span class=\"gutentor-single-list-item-icon\"><i class=\"list-item-icon fas fa-arrow-right\"><\/i><\/span><span class=\"gutentor-list-item\"><p class=\"gutentor-single-item-title\">Si llegara a inundarse la vivienda, es fundamental abandonar cuanto antes los s\u00f3tanos y plantas bajas y desconectar la energ\u00eda el\u00e9ctrica utilizando, preferentemente, linternas para el alumbrado.<\/p><\/span><\/span><\/span><\/li><li class=\"gutentor-list-item grid-lg-12 grid-md-12 grid-12\"><span class=\"gutentor-single-item gutentor-single-item-2\"><span class=\"gutentor-list-item-wrap g-s-list-wrap\"><span class=\"gutentor-single-list-item-icon\"><i class=\"list-item-icon fas fa-arrow-right\"><\/i><\/span><span class=\"gutentor-list-item\"><p class=\"gutentor-single-item-title\">Si tiene que viajar, procure circular, preferentemente, por carreteras principales y autopistas.<\/p><\/span><\/span><\/span><\/li><li class=\"gutentor-list-item grid-lg-12 grid-md-12 grid-12\"><span class=\"gutentor-single-item gutentor-single-item-3\"><span class=\"gutentor-list-item-wrap g-s-list-wrap\"><span class=\"gutentor-single-list-item-icon\"><i class=\"list-item-icon fas fa-arrow-right\"><\/i><\/span><span class=\"gutentor-list-item\"><p class=\"gutentor-single-item-title\">Si se encuentra en el campo, hay que alejarse de los r\u00edos, torrentes y zonas bajas de laderas y colinas, evitando, a su vez, atravesar vados inundados.<\/p><\/span><\/span><\/span><\/li><li class=\"gutentor-list-item grid-lg-12 grid-md-12 grid-12\"><span class=\"gutentor-single-item gutentor-single-item-4\"><span class=\"gutentor-list-item-wrap g-s-list-wrap\"><span class=\"gutentor-single-list-item-icon\"><i class=\"list-item-icon fas fa-arrow-right\"><\/i><\/span><span class=\"gutentor-list-item\"><p class=\"gutentor-single-item-title\">Por el contrario, debe dirigirse a los puntos m\u00e1s altos de la zona.<\/p><\/span><\/span><\/span><\/li><\/ul><\/div>\n\n\n\n<h5 class=\"wp-block-heading\"><strong><mark>RECUERDE<\/mark><\/strong><\/h5>\n\n\n\n<p>Las medidas de <strong>prevenci\u00f3n<\/strong> ayudan a reducir el da\u00f1o que puede derivarse de los desastres.<\/p>\n\n\n\n<p>En caso de emergencia, conocer algunas pautas de <strong>autoprotecci\u00f3n<\/strong>, ayuda a tomar decisiones que pueden favorecer tanto su seguridad como la de los dem\u00e1s.<\/p>\n\n\n\n<div id=\"section-g618aec\" class=\"wp-block-gutentor-e6 section-g618aec gutentor-element gutentor-element-image\"><div class=\"gutentor-element-image-box\"><div class=\"gutentor-image-thumb\"><img decoding=\"async\" class=\"normal-image\" src=\"https:\/\/maralboran.eu\/autoproteccion\/wp-content\/uploads\/sites\/40\/2023\/10\/IF-AUTOPROTECCION-INUNDACION-AUTOMOVILES.png\" \/><\/div><\/div><\/div>\n\n\n\n<p>  <\/p>\n\n\n\n<div id=\"section-ge20d38\" class=\"wp-block-gutentor-e6 section-ge20d38 gutentor-element gutentor-element-image\"><div class=\"gutentor-element-image-box\"><div class=\"gutentor-image-thumb\"><img decoding=\"async\" class=\"normal-image\" src=\"https:\/\/maralboran.eu\/autoproteccion\/wp-content\/uploads\/sites\/40\/2023\/10\/IF-AUTOPROTECCION-INUNDACIONES.png\" \/><\/div><\/div><\/div>\n\n\n\n<p>  <\/p>\n\n\n\n<div id=\"section-g984381\" class=\"wp-block-gutentor-e6 section-g984381 gutentor-element gutentor-element-image\"><div class=\"gutentor-element-image-box\"><div class=\"gutentor-image-thumb\"><img decoding=\"async\" class=\"normal-image\" src=\"https:\/\/maralboran.eu\/autoproteccion\/wp-content\/uploads\/sites\/40\/2023\/10\/IF-PREVENTIVAS-INUNDACION-VIVIENDA.png\" \/><\/div><\/div><\/div>\n\n\n\n<p>  <\/p>\n\n\n\n<div id=\"section-gb65f4f\" class=\"wp-block-gutentor-e6 section-gb65f4f gutentor-element gutentor-element-image\"><div class=\"gutentor-element-image-box\"><div class=\"gutentor-image-thumb\"><img decoding=\"async\" class=\"normal-image\" src=\"https:\/\/maralboran.eu\/autoproteccion\/wp-content\/uploads\/sites\/40\/2023\/10\/RIESGOS_NATURALES_VIVIENDAS_ZONASINUNDABLES.png\" \/><\/div><\/div><\/div>\n\n\n\n<p>  <\/p>\n\n\n\n<figure class=\"wp-block-embed is-type-video is-provider-youtube wp-block-embed-youtube wp-embed-aspect-16-9 wp-has-aspect-ratio\"><div class=\"wp-block-embed__wrapper\">\n<div class=\"video-container\"><iframe loading=\"lazy\" title=\"Medidas de protecci\u00f3n ante Riesgo de Inundaciones\" width=\"500\" height=\"281\" src=\"https:\/\/www.youtube.com\/embed\/_OY6fTz8YlY?feature=oembed&#038;wmode=opaque\" frameborder=\"0\" allow=\"accelerometer; autoplay; clipboard-write; encrypted-media; gyroscope; picture-in-picture; web-share\" referrerpolicy=\"strict-origin-when-cross-origin\" allowfullscreen><\/iframe><\/div>\n<\/div><\/figure>\n","protected":false},"excerpt":{"rendered":"<p>Protecci\u00f3n Civil, en colaboraci\u00f3n con el Instituto Nacional de Meteorolog\u00eda, se encarga de informar a los ciudadanos, a trav\u00e9s de los medios de comunicaci\u00f3n, de aquellos fen\u00f3menos meteorol\u00f3gicos que pueden dar lugar a situaciones&#46;&#46;&#46;<\/p>\n","protected":false},"author":21,"featured_media":0,"parent":0,"menu_order":0,"comment_status":"closed","ping_status":"closed","template":"","meta":{"_price":"","_stock":"","_tribe_ticket_header":"","_tribe_default_ticket_provider":"","_tribe_ticket_capacity":"0","_ticket_start_date":"","_ticket_end_date":"","_tribe_ticket_show_description":"","_tribe_ticket_show_not_going":false,"_tribe_ticket_use_global_stock":"","_tribe_ticket_global_stock_level":"","_global_stock_mode":"","_global_stock_cap":"","_tribe_rsvp_for_event":"","_tribe_ticket_going_count":"","_tribe_ticket_not_going_count":"","_tribe_tickets_list":"[]","_tribe_ticket_has_attendee_info_fields":false,"_kadence_starter_templates_imported_post":false,"footnotes":"","_tec_slr_enabled":"","_tec_slr_layout":""},"class_list":["post-461","page","type-page","status-publish","hentry"],"featured_image_src":null,"featured_image_src_square":null,"ticketed":false,"_links":{"self":[{"href":"https:\/\/maralboran.eu\/autoproteccion\/wp-json\/wp\/v2\/pages\/461","targetHints":{"allow":["GET"]}}],"collection":[{"href":"https:\/\/maralboran.eu\/autoproteccion\/wp-json\/wp\/v2\/pages"}],"about":[{"href":"https:\/\/maralboran.eu\/autoproteccion\/wp-json\/wp\/v2\/types\/page"}],"author":[{"embeddable":true,"href":"https:\/\/maralboran.eu\/autoproteccion\/wp-json\/wp\/v2\/users\/21"}],"replies":[{"embeddable":true,"href":"https:\/\/maralboran.eu\/autoproteccion\/wp-json\/wp\/v2\/comments?post=461"}],"version-history":[{"count":3,"href":"https:\/\/maralboran.eu\/autoproteccion\/wp-json\/wp\/v2\/pages\/461\/revisions"}],"predecessor-version":[{"id":504,"href":"https:\/\/maralboran.eu\/autoproteccion\/wp-json\/wp\/v2\/pages\/461\/revisions\/504"}],"wp:attachment":[{"href":"https:\/\/maralboran.eu\/autoproteccion\/wp-json\/wp\/v2\/media?parent=461"}],"curies":[{"name":"wp","href":"https:\/\/api.w.org\/{rel}","templated":true}]}}