{"id":448,"date":"2023-10-10T23:48:22","date_gmt":"2023-10-10T21:48:22","guid":{"rendered":"https:\/\/maralboran.eu\/autoproteccion\/?page_id=448"},"modified":"2023-10-12T00:34:16","modified_gmt":"2023-10-11T22:34:16","slug":"terremotos","status":"publish","type":"page","link":"https:\/\/maralboran.eu\/autoproteccion\/terremotos\/","title":{"rendered":"Terremotos"},"content":{"rendered":"\n<p><strong>Consecuencias an\u00edmicas<\/strong><\/p>\n\n\n\n<p>Tras la experiencia de un terremoto, se pueden generar reacciones diversas de ansiedad y es normal, por tanto, que en las semanas siguientes, muchas personas demanden o necesiten un apoyo psicol\u00f3gico para reducir el estr\u00e9s emocional.<\/p>\n\n\n\n<p><strong>En cuanto a los ni\u00f1os<\/strong> si en tu localidad ha habido alg\u00fan movimiento s\u00edsmico y tu hijo muestra signos de preocupaci\u00f3n (como falta de apetito, insomnio, miedo a los cambios de tiempo, temor a quedarse s\u00f3lo, a que se repita el terremoto) esc\u00fachale, tranquil\u00edzale, y en caso de que persista el malestar, busca el apoyo de un profesional.<\/p>\n\n\n\n<h5 class=\"wp-block-heading\"><strong><mark>MEDIDAS DE PREVENCION ANTE EL RIESGO DE TERREMOTOS<\/mark><\/strong><\/h5>\n\n\n\n<p><strong>Si se vive en una zona de riesgo de sufrir un terremoto, conviene adoptar una serie de medidas preventivas, tales como:<\/strong><\/p>\n\n\n\n<p><strong>En relaci\u00f3n a la estructura del edificio<\/strong><\/p>\n\n\n\n<div id=\"section-g408c65\" class=\"wp-block-gutentor-e7 section-g408c65 gutentor-element gutentor-element-list\"><ul class=\"grid-row gutentor-grid-item-wrap list-indicator-icon\"><li class=\"gutentor-list-item grid-lg-12 grid-md-12 grid-12\"><span class=\"gutentor-single-item gutentor-single-item-0\"><span class=\"gutentor-list-item-wrap g-s-list-wrap\"><span class=\"gutentor-single-list-item-icon\"><i class=\"list-item-icon fas fa-arrow-right\"><\/i><\/span><span class=\"gutentor-list-item\"><p class=\"gutentor-single-item-title\">Revisar, controlar y reforzar el estado de aquellas partes de las edificaciones que primero se pueden desprender, como chimeneas, aleros o balcones.<\/p><\/span><\/span><\/span><\/li><li class=\"gutentor-list-item grid-lg-12 grid-md-12 grid-12\"><span class=\"gutentor-single-item gutentor-single-item-1\"><span class=\"gutentor-list-item-wrap g-s-list-wrap\"><span class=\"gutentor-single-list-item-icon\"><i class=\"list-item-icon fas fa-arrow-right\"><\/i><\/span><span class=\"gutentor-list-item\"><p class=\"gutentor-single-item-title\">Revisar, asimismo, aquellas instalaciones que pueden romperse: tendido el\u00e9ctrico, conducciones de agua, gas y saneamientos.<\/p><\/span><\/span><\/span><\/li><\/ul><\/div>\n\n\n\n<p>En relaci\u00f3n al interior de la vivienda<\/p>\n\n\n\n<div id=\"section-gf7c4dc\" class=\"wp-block-gutentor-e7 section-gf7c4dc gutentor-element gutentor-element-list\"><ul class=\"grid-row gutentor-grid-item-wrap list-indicator-icon\"><li class=\"gutentor-list-item grid-lg-12 grid-md-12 grid-12\"><span class=\"gutentor-single-item gutentor-single-item-0\"><span class=\"gutentor-list-item-wrap g-s-list-wrap\"><span class=\"gutentor-single-list-item-icon\"><i class=\"list-item-icon fas fa-arrow-right\"><\/i><\/span><span class=\"gutentor-list-item\"><p class=\"gutentor-single-item-title\">Extremar las precauciones en cuanto a la colocaci\u00f3n y sujeci\u00f3n de algunos objetos que pueden caerse, en especial los pesados y los que pueden romperse como l\u00e1mparas, espejos, botellas, etc.<\/p><\/span><\/span><\/span><\/li><li class=\"gutentor-list-item grid-lg-12 grid-md-12 grid-12\"><span class=\"gutentor-single-item gutentor-single-item-1\"><span class=\"gutentor-list-item-wrap g-s-list-wrap\"><span class=\"gutentor-single-list-item-icon\"><i class=\"list-item-icon fas fa-arrow-right\"><\/i><\/span><span class=\"gutentor-list-item\"><p class=\"gutentor-single-item-title\">Tener un especial cuidado con la ubicaci\u00f3n de los productos t\u00f3xicos o inflamables, a fin de evitar que se produzcan fugas o derrames.<\/p><\/span><\/span><\/span><\/li><\/ul><\/div>\n\n\n\n<div id=\"section-g9783c3\" class=\"wp-block-gutentor-e6 section-g9783c3 gutentor-element gutentor-element-image\"><div class=\"gutentor-element-image-box\"><div class=\"gutentor-image-thumb\"><img decoding=\"async\" class=\"normal-image\" src=\"https:\/\/maralboran.eu\/autoproteccion\/wp-content\/uploads\/sites\/40\/2023\/10\/IF-PREVENCION-RIESGO.png\" \/><\/div><\/div><\/div>\n\n\n\n<p>  <\/p>\n\n\n\n<h5 class=\"wp-block-heading\"><strong><mark>MEDIDAS DE AUTOPROTECCION A ADOPTAR DURANTE UN TERREMOTO<\/mark><\/strong><\/h5>\n\n\n\n<p><strong>Si se produce un terremoto de una cierta intensidad, intenta concentrar la atenci\u00f3n en evitar riesgos y ten en cuenta las siguientes recomendaciones:<\/strong><\/p>\n\n\n\n<p><strong>Si est\u00e1s en el interior de un edificio es importante<\/strong><\/p>\n\n\n\n<div id=\"section-g55d119\" class=\"wp-block-gutentor-e7 section-g55d119 gutentor-element gutentor-element-list\"><ul class=\"grid-row gutentor-grid-item-wrap list-indicator-icon\"><li class=\"gutentor-list-item grid-lg-12 grid-md-12 grid-12\"><span class=\"gutentor-single-item gutentor-single-item-0\"><span class=\"gutentor-list-item-wrap g-s-list-wrap\"><span class=\"gutentor-single-list-item-icon\"><i class=\"list-item-icon fas fa-arrow-right\"><\/i><\/span><span class=\"gutentor-list-item\"><p class=\"gutentor-single-item-title\">Buscar refugio debajo de los dinteles de las puertas o de alg\u00fan mueble s\u00f3lido, como mesas o escritorios, o bien, junto a un pilar o pared maestra.<\/p><\/span><\/span><\/span><\/li><li class=\"gutentor-list-item grid-lg-12 grid-md-12 grid-12\"><span class=\"gutentor-single-item gutentor-single-item-1\"><span class=\"gutentor-list-item-wrap g-s-list-wrap\"><span class=\"gutentor-single-list-item-icon\"><i class=\"list-item-icon fas fa-arrow-right\"><\/i><\/span><span class=\"gutentor-list-item\"><p class=\"gutentor-single-item-title\">Mantenerse alejado de ventanas, cristaleras, vitrinas, tabiques y objetos que pueden caerse y llegar a golpearle.<\/p><\/span><\/span><\/span><\/li><li class=\"gutentor-list-item grid-lg-12 grid-md-12 grid-12\"><span class=\"gutentor-single-item gutentor-single-item-2\"><span class=\"gutentor-list-item-wrap g-s-list-wrap\"><span class=\"gutentor-single-list-item-icon\"><i class=\"list-item-icon fas fa-arrow-right\"><\/i><\/span><span class=\"gutentor-list-item\"><p class=\"gutentor-single-item-title\">No utilizar el ascensor, ya que los efectos del terremoto podr\u00edan provocar su desplome o quedar atrapado en su interior.<\/p><\/span><\/span><\/span><\/li><li class=\"gutentor-list-item grid-lg-12 grid-md-12 grid-12\"><span class=\"gutentor-single-item gutentor-single-item-3\"><span class=\"gutentor-list-item-wrap g-s-list-wrap\"><span class=\"gutentor-single-list-item-icon\"><i class=\"list-item-icon fas fa-arrow-right\"><\/i><\/span><span class=\"gutentor-list-item\"><p class=\"gutentor-single-item-title\">Utilizar linternas para el alumbrado y evitar el uso de velas, cerillas, o cualquier tipo de llama durante o inmediatamente despu\u00e9s del temblor, que puedan provocar una explosi\u00f3n o incendio.<\/p><\/span><\/span><\/span><\/li><\/ul><\/div>\n\n\n\n<p><strong>Si la sacudida le sorprende en el exterior es conveniente<\/strong><\/p>\n\n\n\n<div id=\"section-gecffca\" class=\"wp-block-gutentor-e7 section-gecffca gutentor-element gutentor-element-list\"><ul class=\"grid-row gutentor-grid-item-wrap list-indicator-icon\"><li class=\"gutentor-list-item grid-lg-12 grid-md-12 grid-12\"><span class=\"gutentor-single-item gutentor-single-item-0\"><span class=\"gutentor-list-item-wrap g-s-list-wrap\"><span class=\"gutentor-single-list-item-icon\"><i class=\"list-item-icon fas fa-arrow-right\"><\/i><\/span><span class=\"gutentor-list-item\"><p class=\"gutentor-single-item-title\">Ir hacia un \u00e1rea abierta, alej\u00e1ndose de los edificios da\u00f1ados. Despu\u00e9s de un gran terremoto, siguen otros m\u00e1s peque\u00f1os denominados r\u00e9plicas que pueden ser lo suficientemente fuertes como para causar destrozos adicionales.<\/p><\/span><\/span><\/span><\/li><li class=\"gutentor-list-item grid-lg-12 grid-md-12 grid-12\"><span class=\"gutentor-single-item gutentor-single-item-1\"><span class=\"gutentor-list-item-wrap g-s-list-wrap\"><span class=\"gutentor-single-list-item-icon\"><i class=\"list-item-icon fas fa-arrow-right\"><\/i><\/span><span class=\"gutentor-list-item\"><p class=\"gutentor-single-item-title\">Procurar no acercarse ni penetrar en edificios da\u00f1ados. El peligro mayor por ca\u00edda de escombros, revestimientos, cristales, etc., est\u00e1 en la vertical de las fachadas.<\/p><\/span><\/span><\/span><\/li><li class=\"gutentor-list-item grid-lg-12 grid-md-12 grid-12\"><span class=\"gutentor-single-item gutentor-single-item-2\"><span class=\"gutentor-list-item-wrap g-s-list-wrap\"><span class=\"gutentor-single-list-item-icon\"><i class=\"list-item-icon fas fa-arrow-right\"><\/i><\/span><span class=\"gutentor-list-item\"><p class=\"gutentor-single-item-title\">Si se est\u00e1 circulando en coche, es aconsejable permanecer dentro del veh\u00edculo, as\u00ed como tener la precauci\u00f3n de alejarse de puentes, postes el\u00e9ctricos, edificios degradados o zonas de desprendimientos.<\/p><\/span><\/span><\/span><\/li><\/ul><\/div>\n\n\n\n<p><strong>Intenta responder a las llamadas de ayuda y colaborar con los Servicios intervinientes, pero no acudas a las zonas afectadas sin que lo soliciten las autoridades. Es importante evitar curiosear por las zonas siniestradas; esto es peligroso y adem\u00e1s dificultar\u00e1 las labores de rehabilitaci\u00f3n.<\/strong><\/p>\n\n\n\n<p>  <\/p>\n\n\n\n<div id=\"section-gce4c1b\" class=\"wp-block-gutentor-e6 section-gce4c1b gutentor-element gutentor-element-image\"><div class=\"gutentor-element-image-box\"><div class=\"gutentor-image-thumb\"><img decoding=\"async\" class=\"normal-image\" src=\"https:\/\/maralboran.eu\/autoproteccion\/wp-content\/uploads\/sites\/40\/2023\/10\/IF-AUTOPROTECCION-EXTERIOR.png\" \/><\/div><\/div><\/div>\n\n\n\n<p>  <\/p>\n\n\n\n<div id=\"section-ga65ba4\" class=\"wp-block-gutentor-e6 section-ga65ba4 gutentor-element gutentor-element-image\"><div class=\"gutentor-element-image-box\"><div class=\"gutentor-image-thumb\"><img decoding=\"async\" class=\"normal-image\" src=\"https:\/\/maralboran.eu\/autoproteccion\/wp-content\/uploads\/sites\/40\/2023\/10\/IF-AUTOPROTECCION-INTERIOR.png\" \/><\/div><\/div><\/div>\n\n\n\n<p>  <\/p>\n\n\n\n<h5 class=\"wp-block-heading\"><mark><strong>RECUERD<\/strong>A<\/mark><\/h5>\n\n\n\n<p>Las medidas de <strong>prevenci\u00f3n<\/strong> ayudan a reducir el da\u00f1o que puede derivarse de los desastres.<\/p>\n\n\n\n<p>En caso de emergencia, conocer algunas pautas de <strong>autoprotecci\u00f3n<\/strong>, ayuda a tomar decisiones que pueden favorecer tanto su seguridad como la de los dem\u00e1s.<\/p>\n\n\n\n<p>  <\/p>\n\n\n\n<div id=\"section-g1e5833\" class=\"wp-block-gutentor-e6 section-g1e5833 gutentor-element gutentor-element-image\"><div class=\"gutentor-element-image-box\"><div class=\"gutentor-image-thumb\"><img decoding=\"async\" class=\"normal-image\" src=\"https:\/\/maralboran.eu\/autoproteccion\/wp-content\/uploads\/sites\/40\/2023\/10\/RIESGOS_NATURALES_EDIFICIO_TERREMOTO.png\" \/><\/div><\/div><\/div>\n\n\n\n<p>  <\/p>\n\n\n\n<div id=\"section-g41fc74\" class=\"wp-block-gutentor-e6 section-g41fc74 gutentor-element gutentor-element-image\"><div class=\"gutentor-element-image-box\"><div class=\"gutentor-image-thumb\"><img decoding=\"async\" class=\"normal-image\" src=\"https:\/\/maralboran.eu\/autoproteccion\/wp-content\/uploads\/sites\/40\/2023\/10\/RIESGOS_NATURALES_PERSONAS_TERREMOTO.png\" \/><\/div><\/div><\/div>\n\n\n\n<p>  <\/p>\n\n\n\n<div id=\"section-g776786\" class=\"wp-block-gutentor-e6 section-g776786 gutentor-element gutentor-element-image\"><div class=\"gutentor-element-image-box\"><div class=\"gutentor-image-thumb\"><img decoding=\"async\" class=\"normal-image\" src=\"https:\/\/maralboran.eu\/autoproteccion\/wp-content\/uploads\/sites\/40\/2023\/10\/RIESGOS_TECNOLOGICOS_ESTRUCTURAS_COLAPSADAS.png\" \/><\/div><\/div><\/div>\n\n\n\n<p>   <\/p>\n\n\n\n<figure class=\"wp-block-embed is-type-video is-provider-youtube wp-block-embed-youtube wp-embed-aspect-16-9 wp-has-aspect-ratio\"><div class=\"wp-block-embed__wrapper\">\n<div class=\"video-container\"><iframe loading=\"lazy\" title=\"Medidas de protecci\u00f3n ante Riesgo de Terremotos\" width=\"500\" height=\"281\" src=\"https:\/\/www.youtube.com\/embed\/RrdRIIQi1zQ?feature=oembed&#038;wmode=opaque\" frameborder=\"0\" allow=\"accelerometer; autoplay; clipboard-write; encrypted-media; gyroscope; picture-in-picture; web-share\" referrerpolicy=\"strict-origin-when-cross-origin\" allowfullscreen><\/iframe><\/div>\n<\/div><\/figure>\n","protected":false},"excerpt":{"rendered":"<p>Consecuencias an\u00edmicas Tras la experiencia de un terremoto, se pueden generar reacciones diversas de ansiedad y es normal, por tanto, que en las semanas siguientes, muchas personas demanden o necesiten un apoyo psicol\u00f3gico para&#46;&#46;&#46;<\/p>\n","protected":false},"author":21,"featured_media":0,"parent":0,"menu_order":0,"comment_status":"closed","ping_status":"closed","template":"","meta":{"_price":"","_stock":"","_tribe_ticket_header":"","_tribe_default_ticket_provider":"","_tribe_ticket_capacity":"0","_ticket_start_date":"","_ticket_end_date":"","_tribe_ticket_show_description":"","_tribe_ticket_show_not_going":false,"_tribe_ticket_use_global_stock":"","_tribe_ticket_global_stock_level":"","_global_stock_mode":"","_global_stock_cap":"","_tribe_rsvp_for_event":"","_tribe_ticket_going_count":"","_tribe_ticket_not_going_count":"","_tribe_tickets_list":"[]","_tribe_ticket_has_attendee_info_fields":false,"_kadence_starter_templates_imported_post":false,"footnotes":"","_tec_slr_enabled":"","_tec_slr_layout":""},"class_list":["post-448","page","type-page","status-publish","hentry"],"featured_image_src":null,"featured_image_src_square":null,"ticketed":false,"_links":{"self":[{"href":"https:\/\/maralboran.eu\/autoproteccion\/wp-json\/wp\/v2\/pages\/448","targetHints":{"allow":["GET"]}}],"collection":[{"href":"https:\/\/maralboran.eu\/autoproteccion\/wp-json\/wp\/v2\/pages"}],"about":[{"href":"https:\/\/maralboran.eu\/autoproteccion\/wp-json\/wp\/v2\/types\/page"}],"author":[{"embeddable":true,"href":"https:\/\/maralboran.eu\/autoproteccion\/wp-json\/wp\/v2\/users\/21"}],"replies":[{"embeddable":true,"href":"https:\/\/maralboran.eu\/autoproteccion\/wp-json\/wp\/v2\/comments?post=448"}],"version-history":[{"count":5,"href":"https:\/\/maralboran.eu\/autoproteccion\/wp-json\/wp\/v2\/pages\/448\/revisions"}],"predecessor-version":[{"id":488,"href":"https:\/\/maralboran.eu\/autoproteccion\/wp-json\/wp\/v2\/pages\/448\/revisions\/488"}],"wp:attachment":[{"href":"https:\/\/maralboran.eu\/autoproteccion\/wp-json\/wp\/v2\/media?parent=448"}],"curies":[{"name":"wp","href":"https:\/\/api.w.org\/{rel}","templated":true}]}}