{"id":173,"date":"2023-09-07T13:20:40","date_gmt":"2023-09-07T11:20:40","guid":{"rendered":"https:\/\/maralboran.eu\/autoproteccion\/?page_id=173"},"modified":"2023-10-16T23:06:52","modified_gmt":"2023-10-16T21:06:52","slug":"familia-profesional-electronica","status":"publish","type":"page","link":"https:\/\/maralboran.eu\/autoproteccion\/familia-profesional-electronica\/","title":{"rendered":"Familia Profesional Electr\u00f3nica"},"content":{"rendered":"\n<figure class=\"wp-block-table\"><table><tbody><tr><td>Manual B\u00e1sico PRL Electricidad \/ Electr\u00f3nica INSHT (PDF)<\/td><td><a href=\"https:\/\/drive.google.com\/file\/d\/1EGMxVKcP8Dzib9EOHKFeptYMj-DEQZNj\/view?usp=sharing\" target=\"_blank\" rel=\"noreferrer noopener\">Descargar<\/a><\/td><\/tr><tr><td>Cartel Manual B\u00e1sico PRL Electricidad \/ Electr\u00f3nica INSHT (PDF)<\/td><td><a href=\"https:\/\/drive.google.com\/file\/d\/1m7ZO_542FDWjEwz5qVqkn6DzgXd8l3Mn\/view?usp=sharing\" target=\"_blank\" rel=\"noreferrer noopener\">Descargar<\/a><\/td><\/tr><tr><td><\/td><td>Descargar<\/td><\/tr><\/tbody><\/table><\/figure>\n\n\n\n<h5 class=\"wp-block-heading\">Videos<\/h5>\n\n\n\n<p><\/p>\n\n\n\n<section id=\"gm6e09cb3\" class=\"wp-block-gutentor-m4 section-gm6e09cb3 gutentor-module gutentor-advanced-columns\"><div class=\"grid-container\"><div class=\"grid-row\">\n<div id=\"col-gm9a6413\" class=\"wp-block-gutentor-m4-col col-gm9a6413 gutentor-single-column  grid-lg-6 grid-md-12 grid-12\"><div id=\"section-gm9a6413\" class=\"section-gm9a6413 gutentor-col-wrap\">\n<figure class=\"wp-block-embed is-type-video is-provider-youtube wp-block-embed-youtube wp-embed-aspect-16-9 wp-has-aspect-ratio\"><div class=\"wp-block-embed__wrapper\">\n<div class=\"video-container\"><iframe loading=\"lazy\" width=\"500\" height=\"281\" src=\"https:\/\/www.youtube.com\/embed\/3YODri9RG-o?feature=oembed&amp;wmode=opaque\" frameborder=\"0\" allow=\"accelerometer; autoplay; clipboard-write; encrypted-media; gyroscope; picture-in-picture; web-share\" referrerpolicy=\"strict-origin-when-cross-origin\" allowfullscreen><\/iframe><\/div>\n<\/div><figcaption class=\"wp-element-caption\">Principales Riesgos Laborales de la Familia Profesional Electricidad \/ Electr\u00f3nica<\/figcaption><\/figure>\n<\/div><\/div>\n\n\n\n<div id=\"col-gm4a61e0\" class=\"wp-block-gutentor-m4-col col-gm4a61e0 gutentor-single-column  grid-lg-6 grid-md-12 grid-12\"><div id=\"section-gm4a61e0\" class=\"section-gm4a61e0 gutentor-col-wrap\">\n<figure class=\"wp-block-embed is-type-video is-provider-youtube wp-block-embed-youtube wp-embed-aspect-16-9 wp-has-aspect-ratio\"><div class=\"wp-block-embed__wrapper\">\n<div class=\"video-container\"><iframe loading=\"lazy\" width=\"500\" height=\"281\" src=\"https:\/\/www.youtube.com\/embed\/vNKrpXmO-Tg?feature=oembed&amp;wmode=opaque\" frameborder=\"0\" allow=\"accelerometer; autoplay; clipboard-write; encrypted-media; gyroscope; picture-in-picture; web-share\" referrerpolicy=\"strict-origin-when-cross-origin\" allowfullscreen><\/iframe><\/div>\n<\/div><figcaption class=\"wp-element-caption\">Trabajos en cubiertas \u00abLo importante es bajar con vida\u00bb<\/figcaption><\/figure>\n<\/div><\/div>\n<\/div><\/div><\/section>\n\n\n\n<p>  <\/p>\n\n\n\n<section id=\"gm9fb5ebf\" class=\"wp-block-gutentor-m4 section-gm9fb5ebf gutentor-module gutentor-advanced-columns\"><div class=\"grid-container\"><div class=\"grid-row\">\n<div id=\"col-gmd4fd4f\" class=\"wp-block-gutentor-m4-col col-gmd4fd4f gutentor-single-column  grid-lg-6 grid-md-12 grid-12\"><div id=\"section-gmd4fd4f\" class=\"section-gmd4fd4f gutentor-col-wrap\">\n<figure class=\"wp-block-embed is-type-video is-provider-youtube wp-block-embed-youtube wp-embed-aspect-16-9 wp-has-aspect-ratio\"><div class=\"wp-block-embed__wrapper\">\n<div class=\"video-container\"><iframe loading=\"lazy\" width=\"500\" height=\"281\" src=\"https:\/\/www.youtube.com\/embed\/atL-7CQfjhc?feature=oembed&amp;wmode=opaque\" frameborder=\"0\" allow=\"accelerometer; autoplay; clipboard-write; encrypted-media; gyroscope; picture-in-picture; web-share\" referrerpolicy=\"strict-origin-when-cross-origin\" allowfullscreen><\/iframe><\/div>\n<\/div><figcaption class=\"wp-element-caption\">Riesgo el\u00e9ctrico.<\/figcaption><\/figure>\n<\/div><\/div>\n\n\n\n<div id=\"col-gmfada4b\" class=\"wp-block-gutentor-m4-col col-gmfada4b gutentor-single-column  grid-lg-6 grid-md-12 grid-12\"><div id=\"section-gmfada4b\" class=\"section-gmfada4b gutentor-col-wrap\">\n<figure class=\"wp-block-embed is-type-video is-provider-youtube wp-block-embed-youtube wp-embed-aspect-16-9 wp-has-aspect-ratio\"><div class=\"wp-block-embed__wrapper\">\n<div class=\"video-container\"><iframe loading=\"lazy\" width=\"500\" height=\"281\" src=\"https:\/\/www.youtube.com\/embed\/PZjakhtwuZo?feature=oembed&amp;wmode=opaque\" frameborder=\"0\" allow=\"accelerometer; autoplay; clipboard-write; encrypted-media; gyroscope; picture-in-picture; web-share\" referrerpolicy=\"strict-origin-when-cross-origin\" allowfullscreen><\/iframe><\/div>\n<\/div><figcaption class=\"wp-element-caption\">Napo en&#8230; trabajo en altura<\/figcaption><\/figure>\n<\/div><\/div>\n<\/div><\/div><\/section>\n\n\n\n<p><\/p>\n\n\n\n<section id=\"gmf7dc93b\" class=\"wp-block-gutentor-m4 section-gmf7dc93b gutentor-module gutentor-advanced-columns\"><div class=\"grid-container\"><div class=\"grid-row\">\n<div id=\"col-gmf07673\" class=\"wp-block-gutentor-m4-col col-gmf07673 gutentor-single-column  grid-lg-6 grid-md-12 grid-12\"><div id=\"section-gmf07673\" class=\"section-gmf07673 gutentor-col-wrap\">\n<figure class=\"wp-block-embed is-type-video is-provider-youtube wp-block-embed-youtube wp-embed-aspect-16-9 wp-has-aspect-ratio\"><div class=\"wp-block-embed__wrapper\">\n<div class=\"video-container\"><iframe loading=\"lazy\" width=\"500\" height=\"281\" src=\"https:\/\/www.youtube.com\/embed\/v1loazmfHVc?feature=oembed&amp;wmode=opaque\" frameborder=\"0\" allow=\"accelerometer; autoplay; clipboard-write; encrypted-media; gyroscope; picture-in-picture; web-share\" referrerpolicy=\"strict-origin-when-cross-origin\" allowfullscreen><\/iframe><\/div>\n<\/div><figcaption class=\"wp-element-caption\">Napo en\u2026 situaciones de tensi\u00f3n<\/figcaption><\/figure>\n<\/div><\/div>\n\n\n\n<div id=\"col-gm875279\" class=\"wp-block-gutentor-m4-col col-gm875279 gutentor-single-column  grid-lg-6 grid-md-12 grid-12\"><div id=\"section-gm875279\" class=\"section-gm875279 gutentor-col-wrap\">\n<figure class=\"wp-block-embed is-type-video is-provider-youtube wp-block-embed-youtube wp-embed-aspect-4-3 wp-has-aspect-ratio\"><div class=\"wp-block-embed__wrapper\">\n<div class=\"video-container\"><iframe loading=\"lazy\" width=\"500\" height=\"375\" src=\"https:\/\/www.youtube.com\/embed\/iD6ic-QBRtQ?feature=oembed&amp;wmode=opaque\" frameborder=\"0\" allow=\"accelerometer; autoplay; clipboard-write; encrypted-media; gyroscope; picture-in-picture; web-share\" referrerpolicy=\"strict-origin-when-cross-origin\" allowfullscreen><\/iframe><\/div>\n<\/div><figcaption class=\"wp-element-caption\">PVD &#8211; Introducci\u00f3n. INSST<\/figcaption><\/figure>\n<\/div><\/div>\n<\/div><\/div><\/section>\n\n\n\n<p><\/p>\n\n\n\n<section id=\"gm3b5f227\" class=\"wp-block-gutentor-m4 section-gm3b5f227 gutentor-module gutentor-advanced-columns\"><div class=\"grid-container\"><div class=\"grid-row\">\n<div id=\"col-gm124494\" class=\"wp-block-gutentor-m4-col col-gm124494 gutentor-single-column  grid-lg-6 grid-md-12 grid-12\"><div id=\"section-gm124494\" class=\"section-gm124494 gutentor-col-wrap\">\n<figure class=\"wp-block-embed is-type-video is-provider-youtube wp-block-embed-youtube wp-embed-aspect-16-9 wp-has-aspect-ratio\"><div class=\"wp-block-embed__wrapper\">\n<div class=\"video-container\"><iframe loading=\"lazy\" width=\"500\" height=\"281\" src=\"https:\/\/www.youtube.com\/embed\/IikBZEcQE-k?feature=oembed&amp;wmode=opaque\" frameborder=\"0\" allow=\"accelerometer; autoplay; clipboard-write; encrypted-media; gyroscope; picture-in-picture; web-share\" referrerpolicy=\"strict-origin-when-cross-origin\" allowfullscreen><\/iframe><\/div>\n<\/div><figcaption class=\"wp-element-caption\">Higiene del sue\u00f1o (INSST)<\/figcaption><\/figure>\n<\/div><\/div>\n\n\n\n<div id=\"col-gmd0aeab\" class=\"wp-block-gutentor-m4-col col-gmd0aeab gutentor-single-column  grid-lg-6 grid-md-12 grid-12\"><div id=\"section-gmd0aeab\" class=\"section-gmd0aeab gutentor-col-wrap\">\n<figure class=\"wp-block-embed is-type-video is-provider-youtube wp-block-embed-youtube wp-embed-aspect-16-9 wp-has-aspect-ratio\"><div class=\"wp-block-embed__wrapper\">\n<div class=\"video-container\"><iframe loading=\"lazy\" width=\"500\" height=\"281\" src=\"https:\/\/www.youtube.com\/embed\/6Iitw5uajUE?feature=oembed&amp;wmode=opaque\" frameborder=\"0\" allow=\"accelerometer; autoplay; clipboard-write; encrypted-media; gyroscope; picture-in-picture; web-share\" referrerpolicy=\"strict-origin-when-cross-origin\" allowfullscreen><\/iframe><\/div>\n<\/div><figcaption class=\"wp-element-caption\">Dispositivos de protecci\u00f3n: trabajo en alturas. Prevenci\u00f3n de riesgos en ca\u00eddas a distinto nivel. (Fundaci\u00f3n Laboral de la Construcci\u00f3n)<\/figcaption><\/figure>\n<\/div><\/div>\n<\/div><\/div><\/section>\n\n\n\n<p><\/p>\n\n\n\n<section id=\"gma1265e9\" class=\"wp-block-gutentor-m4 section-gma1265e9 gutentor-module gutentor-advanced-columns\"><div class=\"grid-container\"><div class=\"grid-row\">\n<div id=\"col-gmd41123\" class=\"wp-block-gutentor-m4-col col-gmd41123 gutentor-single-column  grid-lg-6 grid-md-12 grid-12\"><div id=\"section-gmd41123\" class=\"section-gmd41123 gutentor-col-wrap\">\n<figure class=\"wp-block-embed is-type-video is-provider-youtube wp-block-embed-youtube wp-embed-aspect-16-9 wp-has-aspect-ratio\"><div class=\"wp-block-embed__wrapper\">\n<div class=\"video-container\"><iframe loading=\"lazy\" width=\"500\" height=\"281\" src=\"https:\/\/www.youtube.com\/embed\/lZZm0wsJDsw?feature=oembed&amp;wmode=opaque\" frameborder=\"0\" allow=\"accelerometer; autoplay; clipboard-write; encrypted-media; gyroscope; picture-in-picture; web-share\" referrerpolicy=\"strict-origin-when-cross-origin\" allowfullscreen><\/iframe><\/div>\n<\/div><figcaption class=\"wp-element-caption\">Riesgo el\u00e9ctrico. Prevenci\u00f3n de riesgos laborales (Fundaci\u00f3n Laboral de la Construcci\u00f3n)<\/figcaption><\/figure>\n<\/div><\/div>\n\n\n\n<div id=\"col-gm6531cd\" class=\"wp-block-gutentor-m4-col col-gm6531cd gutentor-single-column  grid-lg-6 grid-md-12 grid-12\"><div id=\"section-gm6531cd\" class=\"section-gm6531cd gutentor-col-wrap\">\n<figure class=\"wp-block-embed is-type-video is-provider-youtube wp-block-embed-youtube wp-embed-aspect-16-9 wp-has-aspect-ratio\"><div class=\"wp-block-embed__wrapper\">\n<div class=\"video-container\"><iframe loading=\"lazy\" width=\"500\" height=\"281\" src=\"https:\/\/www.youtube.com\/embed\/lY5Vi5D1Z1I?feature=oembed&amp;wmode=opaque\" frameborder=\"0\" allow=\"accelerometer; autoplay; clipboard-write; encrypted-media; gyroscope; picture-in-picture; web-share\" referrerpolicy=\"strict-origin-when-cross-origin\" allowfullscreen><\/iframe><\/div>\n<\/div><figcaption class=\"wp-element-caption\">Emergencias por accidente. Prevenci\u00f3n de riesgos laborales. (Fundaci\u00f3n Laboral de la Construcci\u00f3n)<\/figcaption><\/figure>\n<\/div><\/div>\n<\/div><\/div><\/section>\n\n\n\n<p><\/p>\n\n\n\n<section id=\"gm960ffce\" class=\"wp-block-gutentor-m4 section-gm960ffce gutentor-module gutentor-advanced-columns\"><div class=\"grid-container\"><div class=\"grid-row\">\n<div id=\"col-gm469522\" class=\"wp-block-gutentor-m4-col col-gm469522 gutentor-single-column  grid-lg-6 grid-md-12 grid-12\"><div id=\"section-gm469522\" class=\"section-gm469522 gutentor-col-wrap\">\n<figure class=\"wp-block-embed is-type-video is-provider-youtube wp-block-embed-youtube wp-embed-aspect-4-3 wp-has-aspect-ratio\"><div class=\"wp-block-embed__wrapper\">\n<div class=\"video-container\"><iframe loading=\"lazy\" width=\"500\" height=\"375\" src=\"https:\/\/www.youtube.com\/embed\/InOmakQx7iM?feature=oembed&amp;wmode=opaque\" frameborder=\"0\" allow=\"accelerometer; autoplay; clipboard-write; encrypted-media; gyroscope; picture-in-picture; web-share\" referrerpolicy=\"strict-origin-when-cross-origin\" allowfullscreen><\/iframe><\/div>\n<\/div><figcaption class=\"wp-element-caption\">Clase pr\u00e1ctica sobre prevenci\u00f3n de riesgos el\u00e9ctricos en construcci\u00f3n (Fundaci\u00f3n Laboral de la Construcci\u00f3n)<\/figcaption><\/figure>\n<\/div><\/div>\n\n\n\n<div id=\"col-gm1536cb\" class=\"wp-block-gutentor-m4-col col-gm1536cb gutentor-single-column  grid-lg-6 grid-md-12 grid-12\"><div id=\"section-gm1536cb\" class=\"section-gm1536cb gutentor-col-wrap\">\n<figure class=\"wp-block-embed is-type-video is-provider-youtube wp-block-embed-youtube wp-embed-aspect-16-9 wp-has-aspect-ratio\"><div class=\"wp-block-embed__wrapper\">\n<div class=\"video-container\"><iframe loading=\"lazy\" width=\"500\" height=\"281\" src=\"https:\/\/www.youtube.com\/embed\/wjF1H4pxtCY?feature=oembed&amp;wmode=opaque\" frameborder=\"0\" allow=\"accelerometer; autoplay; clipboard-write; encrypted-media; gyroscope; picture-in-picture; web-share\" referrerpolicy=\"strict-origin-when-cross-origin\" allowfullscreen><\/iframe><\/div>\n<\/div><figcaption class=\"wp-element-caption\">Emergencias. Actuaci\u00f3n en el caso de ca\u00eddas desde altura, (Fundaci\u00f3n Laboral de la Construcci\u00f3n)<\/figcaption><\/figure>\n<\/div><\/div>\n<\/div><\/div><\/section>\n\n\n\n<p><\/p>\n\n\n\n<section id=\"gm1b46e39\" class=\"wp-block-gutentor-m4 section-gm1b46e39 gutentor-module gutentor-advanced-columns\"><div class=\"grid-container\"><div class=\"grid-row\">\n<div id=\"col-gm9a1a1b\" class=\"wp-block-gutentor-m4-col col-gm9a1a1b gutentor-single-column  grid-lg-6 grid-md-12 grid-12\"><div id=\"section-gm9a1a1b\" class=\"section-gm9a1a1b gutentor-col-wrap\">\n<figure class=\"wp-block-embed is-type-video is-provider-youtube wp-block-embed-youtube wp-embed-aspect-16-9 wp-has-aspect-ratio\"><div class=\"wp-block-embed__wrapper\">\n<div class=\"video-container\"><iframe loading=\"lazy\" width=\"500\" height=\"281\" src=\"https:\/\/www.youtube.com\/embed\/2HWMGtf_wHw?feature=oembed&amp;wmode=opaque\" frameborder=\"0\" allow=\"accelerometer; autoplay; clipboard-write; encrypted-media; gyroscope; picture-in-picture; web-share\" referrerpolicy=\"strict-origin-when-cross-origin\" allowfullscreen><\/iframe><\/div>\n<\/div><figcaption class=\"wp-element-caption\">Emergencias. Aspectos generales sobre primeros auxilios (Fundaci\u00f3n Laboral de la Construcci\u00f3n)<\/figcaption><\/figure>\n<\/div><\/div>\n\n\n\n<div id=\"col-gm1688b0\" class=\"wp-block-gutentor-m4-col col-gm1688b0 gutentor-single-column  grid-lg-6 grid-md-12 grid-12\"><div id=\"section-gm1688b0\" class=\"section-gm1688b0 gutentor-col-wrap\">\n<figure class=\"wp-block-embed is-type-video is-provider-youtube wp-block-embed-youtube wp-embed-aspect-16-9 wp-has-aspect-ratio\"><div class=\"wp-block-embed__wrapper\">\n<div class=\"video-container\"><iframe loading=\"lazy\" width=\"500\" height=\"281\" src=\"https:\/\/www.youtube.com\/embed\/cPJzH87JKI0?feature=oembed&amp;wmode=opaque\" frameborder=\"0\" allow=\"accelerometer; autoplay; clipboard-write; encrypted-media; gyroscope; picture-in-picture; web-share\" referrerpolicy=\"strict-origin-when-cross-origin\" allowfullscreen><\/iframe><\/div>\n<\/div><figcaption class=\"wp-element-caption\">Emergencias. Transporte de heridos, (Fundaci\u00f3n Laboral de la Construcci\u00f3n)<\/figcaption><\/figure>\n<\/div><\/div>\n<\/div><\/div><\/section>\n\n\n\n<p><\/p>\n\n\n\n<section id=\"gmf63f89e\" class=\"wp-block-gutentor-m4 section-gmf63f89e gutentor-module gutentor-advanced-columns\"><div class=\"grid-container\"><div class=\"grid-row\">\n<div id=\"col-gm9a5107\" class=\"wp-block-gutentor-m4-col col-gm9a5107 gutentor-single-column  grid-lg-6 grid-md-12 grid-12\"><div id=\"section-gm9a5107\" class=\"section-gm9a5107 gutentor-col-wrap\">\n<figure class=\"wp-block-embed is-type-video is-provider-youtube wp-block-embed-youtube wp-embed-aspect-16-9 wp-has-aspect-ratio\"><div class=\"wp-block-embed__wrapper\">\n<div class=\"video-container\"><iframe loading=\"lazy\" width=\"500\" height=\"281\" src=\"https:\/\/www.youtube.com\/embed\/rd916Apqgjs?feature=oembed&amp;wmode=opaque\" frameborder=\"0\" allow=\"accelerometer; autoplay; clipboard-write; encrypted-media; gyroscope; picture-in-picture; web-share\" referrerpolicy=\"strict-origin-when-cross-origin\" allowfullscreen><\/iframe><\/div>\n<\/div><figcaption class=\"wp-element-caption\">Emergencias. T\u00e9cnicas de reanimaci\u00f3n cardiopulmonar (Fundaci\u00f3n Laboral de la Construcci\u00f3n)<\/figcaption><\/figure>\n<\/div><\/div>\n\n\n\n<div id=\"col-gmc3dc56\" class=\"wp-block-gutentor-m4-col col-gmc3dc56 gutentor-single-column  grid-lg-6 grid-md-12 grid-12\"><div id=\"section-gmc3dc56\" class=\"section-gmc3dc56 gutentor-col-wrap\">\n<figure class=\"wp-block-embed is-type-video is-provider-youtube wp-block-embed-youtube wp-embed-aspect-16-9 wp-has-aspect-ratio\"><div class=\"wp-block-embed__wrapper\">\n<div class=\"video-container\"><iframe loading=\"lazy\" width=\"500\" height=\"281\" src=\"https:\/\/www.youtube.com\/embed\/rd916Apqgjs?feature=oembed&amp;wmode=opaque\" frameborder=\"0\" allow=\"accelerometer; autoplay; clipboard-write; encrypted-media; gyroscope; picture-in-picture; web-share\" referrerpolicy=\"strict-origin-when-cross-origin\" allowfullscreen><\/iframe><\/div>\n<\/div><figcaption class=\"wp-element-caption\">Emergencias. Transporte de heridos, (Fundaci\u00f3n Laboral de la Construcci\u00f3n)<\/figcaption><\/figure>\n<\/div><\/div>\n<\/div><\/div><\/section>\n","protected":false},"excerpt":{"rendered":"<p>Manual B\u00e1sico PRL Electricidad \/ Electr\u00f3nica INSHT (PDF) Descargar Cartel Manual B\u00e1sico PRL Electricidad \/ Electr\u00f3nica INSHT (PDF) Descargar Descargar Videos<\/p>\n","protected":false},"author":21,"featured_media":0,"parent":0,"menu_order":0,"comment_status":"closed","ping_status":"closed","template":"","meta":{"_price":"","_stock":"","_tribe_ticket_header":"","_tribe_default_ticket_provider":"","_tribe_ticket_capacity":"0","_ticket_start_date":"","_ticket_end_date":"","_tribe_ticket_show_description":"","_tribe_ticket_show_not_going":false,"_tribe_ticket_use_global_stock":"","_tribe_ticket_global_stock_level":"","_global_stock_mode":"","_global_stock_cap":"","_tribe_rsvp_for_event":"","_tribe_ticket_going_count":"","_tribe_ticket_not_going_count":"","_tribe_tickets_list":"[]","_tribe_ticket_has_attendee_info_fields":false,"_kadence_starter_templates_imported_post":false,"footnotes":"","_tec_slr_enabled":"","_tec_slr_layout":""},"class_list":["post-173","page","type-page","status-publish","hentry"],"featured_image_src":null,"featured_image_src_square":null,"ticketed":false,"_links":{"self":[{"href":"https:\/\/maralboran.eu\/autoproteccion\/wp-json\/wp\/v2\/pages\/173","targetHints":{"allow":["GET"]}}],"collection":[{"href":"https:\/\/maralboran.eu\/autoproteccion\/wp-json\/wp\/v2\/pages"}],"about":[{"href":"https:\/\/maralboran.eu\/autoproteccion\/wp-json\/wp\/v2\/types\/page"}],"author":[{"embeddable":true,"href":"https:\/\/maralboran.eu\/autoproteccion\/wp-json\/wp\/v2\/users\/21"}],"replies":[{"embeddable":true,"href":"https:\/\/maralboran.eu\/autoproteccion\/wp-json\/wp\/v2\/comments?post=173"}],"version-history":[{"count":26,"href":"https:\/\/maralboran.eu\/autoproteccion\/wp-json\/wp\/v2\/pages\/173\/revisions"}],"predecessor-version":[{"id":763,"href":"https:\/\/maralboran.eu\/autoproteccion\/wp-json\/wp\/v2\/pages\/173\/revisions\/763"}],"wp:attachment":[{"href":"https:\/\/maralboran.eu\/autoproteccion\/wp-json\/wp\/v2\/media?parent=173"}],"curies":[{"name":"wp","href":"https:\/\/api.w.org\/{rel}","templated":true}]}}