{"id":155,"date":"2022-06-02T09:16:17","date_gmt":"2022-06-02T07:16:17","guid":{"rendered":"https:\/\/maralboran.eu\/autoproteccion\/?page_id=155"},"modified":"2023-10-16T00:39:22","modified_gmt":"2023-10-15T22:39:22","slug":"informacion-al-personal-trabajador-en-materia-preventiva","status":"publish","type":"page","link":"https:\/\/maralboran.eu\/autoproteccion\/informacion-al-personal-trabajador-en-materia-preventiva\/","title":{"rendered":"\u00a0Informaci\u00f3n al personal trabajador en materia preventiva"},"content":{"rendered":"\n<p>A fin de dar cumplimiento a lo establecido en el art\u00edculo 18 de la Ley 31\/1995, de 8 de noviembre, de prevenci\u00f3n de Riesgos Laborales, se adjunta documentaci\u00f3n relativa al procedimiento de informaci\u00f3n al personal trabajador en materia preventiva.<\/p>\n\n\n\n<p>Para poder descargar las correspondientes fichas, has de haber iniciado con anterioridad una cuenta de tu correo corporativo del centro (maralboran.es) en el navegador.<\/p>\n\n\n\n<ul class=\"wp-block-list\">\n<li><\/li>\n<\/ul>\n\n\n\n<p><\/p>\n\n\n\n<table style=\"border-collapse: collapse;width: 78.7502%;height: 540px\">\n<tbody>\n<tr style=\"height: 25px\">\n<td style=\"text-align: center;height: 25px;width: 82.7922%\" colspan=\"2\"><strong>DOCENTES<\/strong><\/td>\n<\/tr>\n<tr style=\"height: 25px\">\n<td style=\"width: 52.7273%;height: 25px;text-align: left\"><strong>Ficha Informativa Educaci\u00f3n Secundaria<\/strong><\/td>\n<td style=\"width: 30.0649%;height: 25px;text-align: center\"><a href=\"https:\/\/drive.google.com\/file\/d\/1jzNrXfJDPDezASy9mKwcgL4Gkgu4mzQ7\/view?usp=sharing\" target=\"_blank\" rel=\"noopener\">Descargar<\/a><\/td>\n<\/tr>\n<tr style=\"height: 25px\">\n<td style=\"width: 52.7273%;height: 25px;text-align: left\"><strong>Ficha Informativa Biolog\u00eda y Geolog\u00eda<\/strong><\/td>\n<td style=\"width: 30.0649%;height: 25px;text-align: center\"><a href=\"https:\/\/drive.google.com\/file\/d\/1YdmOK4I-T1C6DarSWeVG9u47Z9GIr7xj\/view?usp=sharing\" target=\"_blank\" rel=\"noopener\">Descargar<\/a><\/td>\n<\/tr>\n<tr style=\"height: 25px\">\n<td style=\"width: 52.7273%;height: 25px;text-align: left\"><strong>Ficha Informativa Dibujo<\/strong><\/td>\n<td style=\"width: 30.0649%;height: 25px;text-align: center\"><a href=\"https:\/\/drive.google.com\/file\/d\/1EJygQDMcwSazTsukXEsRu4ngePReo-fC\/view?usp=sharing\" target=\"_blank\" rel=\"noopener\">Descargar<\/a><\/td>\n<\/tr>\n<tr style=\"height: 25px\">\n<td style=\"width: 52.7273%;height: 25px;text-align: left\"><strong>Ficha Informativa Educaci\u00f3n F\u00edsica<\/strong><\/td>\n<td style=\"width: 30.0649%;height: 25px;text-align: center\"><a href=\"https:\/\/drive.google.com\/file\/d\/1orzFx1kOgmWFKz3DMCHXelkBnBCfmvLn\/view?usp=sharing\" target=\"_blank\" rel=\"noopener\">Descargar<\/a><\/td>\n<\/tr>\n<tr style=\"height: 25px\">\n<td style=\"width: 52.7273%;height: 25px;text-align: left\"><strong>Ficha Informativa F\u00edsica y Qu\u00edmica<\/strong><\/td>\n<td style=\"width: 30.0649%;height: 25px;text-align: center\"><a href=\"https:\/\/drive.google.com\/file\/d\/1fGVoTIKTe-d1hmxYD1Vvc37vJVjUtVFj\/view?usp=sharing\" target=\"_blank\" rel=\"noopener\">Descargar<\/a><\/td>\n<\/tr>\n<tr style=\"height: 25px\">\n<td style=\"width: 52.7273%;height: 25px;text-align: left\"><strong>Ficha Informativa M\u00fasica<\/strong><\/td>\n<td style=\"width: 30.0649%;height: 25px;text-align: center\"><a href=\"https:\/\/drive.google.com\/file\/d\/1PK9IIOMww6PXhsUsu2WV-dsgQkD6dwVH\/view?usp=sharing\" target=\"_blank\" rel=\"noopener\">Descargar<\/a><\/td>\n<\/tr>\n<tr style=\"height: 25px\">\n<td style=\"width: 52.7273%;height: 25px;text-align: left\"><strong>Ficha Informativa Orientador-a<\/strong><\/td>\n<td style=\"width: 30.0649%;height: 25px;text-align: center\"><a href=\"https:\/\/drive.google.com\/file\/d\/11lcaMOzXGlaXIh7-WKSlk79mb9l3brB5\/view?usp=sharing\" target=\"_blank\" rel=\"noopener\">Descargar<\/a><\/td>\n<\/tr>\n<tr style=\"height: 25px\">\n<td style=\"width: 52.7273%;height: 25px;text-align: left\"><strong>Ficha Informativa Tecnolog\u00eda<\/strong><\/td>\n<td style=\"width: 30.0649%;height: 25px;text-align: center\"><a href=\"https:\/\/drive.google.com\/file\/d\/1Y29mnz5njE3ryvREXir4_3HcdaAEUDfz\/view?usp=sharing\" target=\"_blank\" rel=\"noopener\">Descargar<\/a><\/td>\n<\/tr>\n<tr style=\"height: 25px\">\n<td style=\"width: 52.7273%;height: 25px;text-align: left\"><strong>Ficha Informativa Sistemas Electr\u00f3nicos<\/strong><\/td>\n<td style=\"width: 30.0649%;height: 25px;text-align: center\"><a href=\"https:\/\/drive.google.com\/file\/d\/1Am9e9n3gg8vaH3sXuOTxAgJCPtwQ54Tv\/view?usp=sharing\" target=\"_blank\" rel=\"noopener\">Descargar<\/a><\/td>\n<\/tr>\n<tr style=\"height: 25px\">\n<td style=\"width: 52.7273%;height: 25px;text-align: left\"><strong>Ficha Informativa Equipos Electr\u00f3nicos<\/strong><\/td>\n<td style=\"width: 30.0649%;height: 25px;text-align: center\"><a href=\"https:\/\/drive.google.com\/file\/d\/1KjG605QtB6xPxdC8bf8kduAG6pAB3V1m\/view?usp=sharing\" target=\"_blank\" rel=\"noopener\">Descargar<\/a><\/td>\n<\/tr>\n<tr style=\"height: 25px\">\n<td style=\"width: 52.7273%;height: 25px;text-align: left\"><strong>Ficha Informativa Procesos de Gesti\u00f3n Administrativa<\/strong><\/td>\n<td style=\"width: 30.0649%;height: 25px;text-align: center\"><a href=\"https:\/\/drive.google.com\/file\/d\/1Ckxi04FCIh9TzNGt-y9OTth6f0zh9rpG\/view?usp=sharing\" target=\"_blank\" rel=\"noopener\">Descargar<\/a><\/td>\n<\/tr>\n<tr style=\"height: 25px\">\n<td style=\"width: 52.7273%;height: 25px;text-align: left\"><strong>Ficha Informativa Sistemas y Aplicaciones Inform\u00e1ticas<\/strong><\/td>\n<td style=\"width: 30.0649%;height: 25px;text-align: center\"><a href=\"https:\/\/drive.google.com\/file\/d\/1dJRRNIW-gTqIuWjJU0bGVsFZ81ZkjYwl\/view?usp=sharing\" target=\"_blank\" rel=\"noopener\">Descargar<\/a><\/td>\n<\/tr>\n<tr style=\"height: 23px\">\n<td style=\"width: 52.7273%;text-align: left;height: 23px\"><strong>Ficha Informativa Pedagog\u00eda Terap\u00e9utica<br \/><\/strong><\/td>\n<td style=\"width: 30.0649%;text-align: center;height: 23px\"><a href=\"https:\/\/drive.google.com\/file\/d\/1BP85mp9Rx_SHqmRS5l16KMlQw6ErZihP\/view?usp=sharing\" target=\"_blank\" rel=\"noopener\">Descargar<\/a><\/td>\n<\/tr>\n<tr>\n<td style=\"width: 52.7273%;text-align: left\"><strong>Ficha Personal T\u00e9cnico de Integraci\u00f3n Sociocultural<br \/><\/strong><\/td>\n<td style=\"width: 30.0649%;text-align: center\"><a href=\"https:\/\/drive.google.com\/file\/d\/1RcWgol07lVI5CRP-fZ2NaZwL0xMgtfu0\/view?usp=sharing\" target=\"_blank\" rel=\"noopener\">Descargar<\/a><\/td>\n<\/tr>\n<tr style=\"height: 25px\">\n<td style=\"text-align: center;height: 25px;width: 82.7922%\" colspan=\"2\"><strong>NO DOCENTES<\/strong><\/td>\n<\/tr>\n<tr style=\"height: 25px\">\n<td style=\"width: 52.7273%;height: 10px;text-align: left\"><strong>Ficha Informativa Administrativo-a<\/strong><\/td>\n<td style=\"width: 30.0649%;height: 10px;text-align: center\"><a href=\"https:\/\/drive.google.com\/file\/d\/1r7KHJOYVwclHUo579I_ArAjcevCk5tTS\/view?usp=sharing\" target=\"_blank\" rel=\"noopener\">Descargar<\/a><\/td>\n<\/tr>\n<tr style=\"height: 23px\">\n<td style=\"width: 52.7273%;height: 23px;text-align: left\"><strong>Ficha Informativa Auxiliar Administrativo-a<\/strong><\/td>\n<td style=\"width: 30.0649%;text-align: center;height: 23px\"><a href=\"https:\/\/drive.google.com\/file\/d\/1eilja2Wq-AZKxIfFOnhIBUqzOcs2FfrR\/view?usp=sharing\" target=\"_blank\" rel=\"noopener\">Descargar<\/a><\/td>\n<\/tr>\n<tr style=\"height: 44px\">\n<td style=\"width: 52.7273%;height: 44px;text-align: left\"><strong>Ficha Informativa Personal Servicios Generales (ordenanzas, conserjes&#8230;)<\/strong><\/td>\n<td style=\"width: 30.0649%;text-align: center;height: 44px\"><a href=\"https:\/\/drive.google.com\/file\/d\/1c4BEIpoiB0I6zlpXFhOkOefs9RkPMlXu\/view?usp=sharing\" target=\"_blank\" rel=\"noopener\">Descargar<\/a><\/td>\n<\/tr>\n<tr style=\"height: 44px\">\n<td style=\"width: 52.7273%;height: 44px;text-align: left\"><strong>Ficha Informativa Personal de Limpieza y Alojamiento<\/strong><\/td>\n<td style=\"width: 30.0649%;text-align: center;height: 44px\"><a href=\"https:\/\/drive.google.com\/file\/d\/1ycIhV4WDlIS08MWe2xLj5pHozgtxgJbh\/view?usp=sharing\" target=\"_blank\" rel=\"noopener\">Descargar<\/a><\/td>\n<\/tr>\n<tr style=\"height: 23px\">\n<td style=\"width: 52.7273%;text-align: center;height: 23px\" colspan=\"2\"><strong>OTROS<\/strong><\/td>\n<\/tr>\n<tr style=\"height: 23px\">\n<td style=\"width: 52.7273%;height: 23px;text-align: left\"><strong>Ficha Informativa Personal Trabajador Pantallas Visualizaci\u00f3n Datos<\/strong><\/td>\n<td style=\"width: 30.0649%;height: 23px;text-align: center\"><a href=\"https:\/\/drive.google.com\/file\/d\/1G9N_dMWycASUOoIYG0TLi-rQZdCVvUt1\/view?usp=sharing\" target=\"_blank\" rel=\"noopener\">Descargar<\/a><\/td>\n<\/tr>\n<\/tbody>\n<\/table>\n<p>\u00a0<\/p>\n<p>\u00a0<\/p>\n\n\n\n<p><\/p>\n\n\n\n<h4 class=\"wp-block-heading\">Videos<\/h4>\n\n\n\n<section id=\"gmae35c29\" class=\"wp-block-gutentor-m4 section-gmae35c29 gutentor-module gutentor-advanced-columns\"><div class=\"grid-container\"><div class=\"grid-row\">\n<div id=\"col-gm5e32a5\" class=\"wp-block-gutentor-m4-col col-gm5e32a5 gutentor-single-column  grid-lg-6 grid-md-12 grid-12\"><div id=\"section-gm5e32a5\" class=\"section-gm5e32a5 gutentor-col-wrap\">\n<figure class=\"wp-block-embed is-type-video is-provider-youtube wp-block-embed-youtube wp-embed-aspect-16-9 wp-has-aspect-ratio\"><div class=\"wp-block-embed__wrapper\">\n<div class=\"video-container\"><iframe loading=\"lazy\" width=\"500\" height=\"281\" src=\"https:\/\/www.youtube.com\/embed\/M2dl7sL6h3k?feature=oembed&amp;wmode=opaque\" frameborder=\"0\" allow=\"accelerometer; autoplay; clipboard-write; encrypted-media; gyroscope; picture-in-picture; web-share\" referrerpolicy=\"strict-origin-when-cross-origin\" allowfullscreen><\/iframe><\/div>\n<\/div><figcaption class=\"wp-element-caption\">Riesgos laborales en el sector formaci\u00f3n. INSST<\/figcaption><\/figure>\n<\/div><\/div>\n\n\n\n<div id=\"col-gme31f35\" class=\"wp-block-gutentor-m4-col col-gme31f35 gutentor-single-column  grid-lg-6 grid-md-12 grid-12\"><div id=\"section-gme31f35\" class=\"section-gme31f35 gutentor-col-wrap\">\n<figure class=\"wp-block-embed is-type-video is-provider-youtube wp-block-embed-youtube wp-embed-aspect-16-9 wp-has-aspect-ratio\"><div class=\"wp-block-embed__wrapper\">\n<div class=\"video-container\"><iframe loading=\"lazy\" width=\"500\" height=\"281\" src=\"https:\/\/www.youtube.com\/embed\/q9pdUECn1aI?feature=oembed&amp;wmode=opaque\" frameborder=\"0\" allow=\"accelerometer; autoplay; clipboard-write; encrypted-media; gyroscope; picture-in-picture; web-share\" referrerpolicy=\"strict-origin-when-cross-origin\" allowfullscreen><\/iframe><\/div>\n<\/div><figcaption class=\"wp-element-caption\">La voz. INSST<\/figcaption><\/figure>\n<\/div><\/div>\n<\/div><\/div><\/section>\n","protected":false},"excerpt":{"rendered":"<p>A fin de dar cumplimiento a lo establecido en el art\u00edculo 18 de la Ley 31\/1995, de 8 de noviembre, de prevenci\u00f3n de Riesgos Laborales, se adjunta documentaci\u00f3n relativa al procedimiento de informaci\u00f3n al&#46;&#46;&#46;<\/p>\n","protected":false},"author":21,"featured_media":0,"parent":0,"menu_order":0,"comment_status":"closed","ping_status":"closed","template":"","meta":{"_price":"","_stock":"","_tribe_ticket_header":"","_tribe_default_ticket_provider":"","_ticket_start_date":"","_ticket_end_date":"","_tribe_ticket_show_description":"","_tribe_ticket_show_not_going":false,"_tribe_ticket_use_global_stock":"","_tribe_ticket_global_stock_level":"","_global_stock_mode":"","_global_stock_cap":"","_tribe_rsvp_for_event":"","_tribe_ticket_going_count":"","_tribe_ticket_not_going_count":"","_tribe_tickets_list":"[]","_tribe_ticket_has_attendee_info_fields":false,"_kadence_starter_templates_imported_post":false,"footnotes":"","_tec_slr_enabled":"","_tec_slr_layout":""},"class_list":["post-155","page","type-page","status-publish","hentry"],"featured_image_src":null,"featured_image_src_square":null,"ticketed":false,"_links":{"self":[{"href":"https:\/\/maralboran.eu\/autoproteccion\/wp-json\/wp\/v2\/pages\/155","targetHints":{"allow":["GET"]}}],"collection":[{"href":"https:\/\/maralboran.eu\/autoproteccion\/wp-json\/wp\/v2\/pages"}],"about":[{"href":"https:\/\/maralboran.eu\/autoproteccion\/wp-json\/wp\/v2\/types\/page"}],"author":[{"embeddable":true,"href":"https:\/\/maralboran.eu\/autoproteccion\/wp-json\/wp\/v2\/users\/21"}],"replies":[{"embeddable":true,"href":"https:\/\/maralboran.eu\/autoproteccion\/wp-json\/wp\/v2\/comments?post=155"}],"version-history":[{"count":29,"href":"https:\/\/maralboran.eu\/autoproteccion\/wp-json\/wp\/v2\/pages\/155\/revisions"}],"predecessor-version":[{"id":742,"href":"https:\/\/maralboran.eu\/autoproteccion\/wp-json\/wp\/v2\/pages\/155\/revisions\/742"}],"wp:attachment":[{"href":"https:\/\/maralboran.eu\/autoproteccion\/wp-json\/wp\/v2\/media?parent=155"}],"curies":[{"name":"wp","href":"https:\/\/api.w.org\/{rel}","templated":true}]}}