{"id":115,"date":"2019-10-07T19:41:27","date_gmt":"2019-10-07T17:41:27","guid":{"rendered":"https:\/\/maralboran.eu\/autopreteccion\/?page_id=115"},"modified":"2019-10-07T20:45:25","modified_gmt":"2019-10-07T18:45:25","slug":"cancer-en-caso-de-emergencia","status":"publish","type":"page","link":"https:\/\/maralboran.eu\/autoproteccion\/cancer-en-caso-de-emergencia\/","title":{"rendered":"C\u00e1ncer. En caso de emergencia"},"content":{"rendered":"\n<p>Las posibles emergencias que se pudiesen dar en los casos de alumnado oncol\u00f3gico no pueden ser previstas por el simple hecho de tener un diagn\u00f3stico de este tipo. Las incidencias depender\u00e1n del momento en el que se encuentre el alumno o la alumna, as\u00ed como de la sintomatolog\u00eda que tuviese asociada la enefermedad.<\/p>\n\n\n\n<p>En cualquier caso, como en el resto de alumnado, es necesario tener siempre a mano los tel\u00e9fonos de contacto que hayan proporcionado los familiares, as\u00ed como las pautas que, en su caso, se hayan trasladado al centro en caso de emergencias concretas. Siempre, ante una emergencia, lo m\u00e1s adecuado es llamar de inmediato al 112 para que env\u00ede al centro a la unidad que corresponda en funci\u00f3n del caso y para que ofrezca orientaciones inmediatas por v\u00eda telef\u00f3nica.<\/p>\n","protected":false},"excerpt":{"rendered":"<p>Las posibles emergencias que se pudiesen dar en los casos de alumnado oncol\u00f3gico no pueden ser previstas por el simple hecho de tener un diagn\u00f3stico de este tipo. Las incidencias depender\u00e1n del momento en&#46;&#46;&#46;<\/p>\n","protected":false},"author":21,"featured_media":0,"parent":0,"menu_order":0,"comment_status":"closed","ping_status":"closed","template":"","meta":{"_price":"","_stock":"","_tribe_ticket_header":"","_tribe_default_ticket_provider":"","_tribe_ticket_capacity":"0","_ticket_start_date":"","_ticket_end_date":"","_tribe_ticket_show_description":"","_tribe_ticket_show_not_going":false,"_tribe_ticket_use_global_stock":"","_tribe_ticket_global_stock_level":"","_global_stock_mode":"","_global_stock_cap":"","_tribe_rsvp_for_event":"","_tribe_ticket_going_count":"","_tribe_ticket_not_going_count":"","_tribe_tickets_list":"[]","_tribe_ticket_has_attendee_info_fields":false,"_kadence_starter_templates_imported_post":false,"footnotes":"","_tec_slr_enabled":"","_tec_slr_layout":""},"class_list":["post-115","page","type-page","status-publish","hentry"],"featured_image_src":null,"featured_image_src_square":null,"ticketed":false,"_links":{"self":[{"href":"https:\/\/maralboran.eu\/autoproteccion\/wp-json\/wp\/v2\/pages\/115","targetHints":{"allow":["GET"]}}],"collection":[{"href":"https:\/\/maralboran.eu\/autoproteccion\/wp-json\/wp\/v2\/pages"}],"about":[{"href":"https:\/\/maralboran.eu\/autoproteccion\/wp-json\/wp\/v2\/types\/page"}],"author":[{"embeddable":true,"href":"https:\/\/maralboran.eu\/autoproteccion\/wp-json\/wp\/v2\/users\/21"}],"replies":[{"embeddable":true,"href":"https:\/\/maralboran.eu\/autoproteccion\/wp-json\/wp\/v2\/comments?post=115"}],"version-history":[{"count":2,"href":"https:\/\/maralboran.eu\/autoproteccion\/wp-json\/wp\/v2\/pages\/115\/revisions"}],"predecessor-version":[{"id":147,"href":"https:\/\/maralboran.eu\/autoproteccion\/wp-json\/wp\/v2\/pages\/115\/revisions\/147"}],"wp:attachment":[{"href":"https:\/\/maralboran.eu\/autoproteccion\/wp-json\/wp\/v2\/media?parent=115"}],"curies":[{"name":"wp","href":"https:\/\/api.w.org\/{rel}","templated":true}]}}