{"id":103,"date":"2019-10-07T19:39:00","date_gmt":"2019-10-07T17:39:00","guid":{"rendered":"https:\/\/maralboran.eu\/autopreteccion\/?page_id=103"},"modified":"2019-10-07T20:55:52","modified_gmt":"2019-10-07T18:55:52","slug":"cardiopatias-en-caso-de-emergencia","status":"publish","type":"page","link":"https:\/\/maralboran.eu\/autoproteccion\/cardiopatias-en-caso-de-emergencia\/","title":{"rendered":"Cardiopat\u00edas. En caso de Emergencia"},"content":{"rendered":"\n<p>Como norma general, habr\u00e1 que mantener la calma, observar bien los s\u00edntomas del alumno o alumna, avisar a los servicios de emergencias sanitarias y avisar a la familia. No obstante, hay que tener en consideraci\u00f3n determinadas actuaciones en funci\u00f3n de cu\u00e1les sean los s\u00edntomas:<\/p>\n\n\n\n<p><strong>En caso de s\u00edncope (desmayo):<\/strong><\/p>\n\n\n\n<ul class=\"wp-block-list\"><li>Tumbar al alumno o alumna con las piernas elevadas.<\/li><li>Avisar al servicio de emergencias 112 o acudir al centro sanitario m\u00e1s cercano.<\/li><li>Avisar a la familia.<\/li><\/ul>\n\n\n\n<p><strong>En caso de disnea, cianosis, falta de ox\u00edgeno:<\/strong><\/p>\n\n\n\n<ul class=\"wp-block-list\"><li>Cesar ejercicio (si lo estaba haciendo).<\/li><li>Reposo (posici\u00f3n semi-sentado).<\/li><li>Avisar al servicio de emergencias 112 o acudir al centro sanitario m\u00e1s cercano.<\/li><li>Avisar a la familia.<\/li><\/ul>\n\n\n\n<p><strong>En caso de dolor tor\u00e1cico:<\/strong><\/p>\n\n\n\n<ul class=\"wp-block-list\"><li>Reposo.<\/li><li>Avisar al servicio de emergencias 112 o acudir al centro sanitario m\u00e1s cercano.<\/li><li>Avisar a la familia.<\/li><\/ul>\n\n\n\n<p><strong>En caso de taquicardias:<\/strong><\/p>\n\n\n\n<ul class=\"wp-block-list\"><li>Reposo. A veces, los propios ni\u00f1os y ni\u00f1as aprenden trucos para disminuir o frenar la frecuencia cardiaca (por ejemplo, hacer una respiraci\u00f3n profunda y lentamente y tomar bebidas gaseosas fr\u00edas).<\/li><li>Avisar al servicio de emergencias 112 o acudir al centro sanitario m\u00e1s cercano.<\/li><li>Avisar a la familia.<\/li><\/ul>\n","protected":false},"excerpt":{"rendered":"<p>Como norma general, habr\u00e1 que mantener la calma, observar bien los s\u00edntomas del alumno o alumna, avisar a los servicios de emergencias sanitarias y avisar a la familia. No obstante, hay que tener en&#46;&#46;&#46;<\/p>\n","protected":false},"author":21,"featured_media":0,"parent":0,"menu_order":0,"comment_status":"closed","ping_status":"closed","template":"","meta":{"_price":"","_stock":"","_tribe_ticket_header":"","_tribe_default_ticket_provider":"","_tribe_ticket_capacity":"0","_ticket_start_date":"","_ticket_end_date":"","_tribe_ticket_show_description":"","_tribe_ticket_show_not_going":false,"_tribe_ticket_use_global_stock":"","_tribe_ticket_global_stock_level":"","_global_stock_mode":"","_global_stock_cap":"","_tribe_rsvp_for_event":"","_tribe_ticket_going_count":"","_tribe_ticket_not_going_count":"","_tribe_tickets_list":"[]","_tribe_ticket_has_attendee_info_fields":false,"_kadence_starter_templates_imported_post":false,"footnotes":"","_tec_slr_enabled":"","_tec_slr_layout":""},"class_list":["post-103","page","type-page","status-publish","hentry"],"featured_image_src":null,"featured_image_src_square":null,"ticketed":false,"_links":{"self":[{"href":"https:\/\/maralboran.eu\/autoproteccion\/wp-json\/wp\/v2\/pages\/103","targetHints":{"allow":["GET"]}}],"collection":[{"href":"https:\/\/maralboran.eu\/autoproteccion\/wp-json\/wp\/v2\/pages"}],"about":[{"href":"https:\/\/maralboran.eu\/autoproteccion\/wp-json\/wp\/v2\/types\/page"}],"author":[{"embeddable":true,"href":"https:\/\/maralboran.eu\/autoproteccion\/wp-json\/wp\/v2\/users\/21"}],"replies":[{"embeddable":true,"href":"https:\/\/maralboran.eu\/autoproteccion\/wp-json\/wp\/v2\/comments?post=103"}],"version-history":[{"count":2,"href":"https:\/\/maralboran.eu\/autoproteccion\/wp-json\/wp\/v2\/pages\/103\/revisions"}],"predecessor-version":[{"id":151,"href":"https:\/\/maralboran.eu\/autoproteccion\/wp-json\/wp\/v2\/pages\/103\/revisions\/151"}],"wp:attachment":[{"href":"https:\/\/maralboran.eu\/autoproteccion\/wp-json\/wp\/v2\/media?parent=103"}],"curies":[{"name":"wp","href":"https:\/\/api.w.org\/{rel}","templated":true}]}}