{"id":53,"date":"2022-05-04T08:44:24","date_gmt":"2022-05-04T08:44:24","guid":{"rendered":"https:\/\/maralboran.eu\/aulaemprendimiento\/?page_id=53"},"modified":"2022-10-11T19:20:00","modified_gmt":"2022-10-11T19:20:00","slug":"reserva","status":"publish","type":"page","link":"https:\/\/maralboran.eu\/ae\/reserva\/","title":{"rendered":"Reservas"},"content":{"rendered":"\n<p>Desde esta p\u00e1gina puedes hacer una reserva del Aula de Emprendimiento <strong>Albor\u00e1n Emprende<\/strong> de nuestro centro.<\/p>\n\n\n\n<p>A continuaci\u00f3n puedes ver el calendario con las reservas del aula<\/p>\n\n\n\n<a href=\"https:\/\/calendar.google.com\/calendar\/embed?height=480&amp;wkst=2&amp;bgcolor=%23ffffff&amp;ctz=Europe%2FMadrid&amp;showCalendars=0&amp;src=Y19xdWZ2MzUyb3MzdmpkcHQ0OW9sbnJqdXZtOEBncm91cC5jYWxlbmRhci5nb29nbGUuY29t&amp;color=%23795548\" class=\"wp-block-jetpack-google-calendar\">https:\/\/calendar.google.com\/calendar\/embed?height=480&amp;wkst=2&amp;bgcolor=%23ffffff&amp;ctz=Europe%2FMadrid&amp;showCalendars=0&amp;src=Y19xdWZ2MzUyb3MzdmpkcHQ0OW9sbnJqdXZtOEBncm91cC5jYWxlbmRhci5nb29nbGUuY29t&amp;color=%23795548<\/a>\n\n\n\n<p>Si deseas reservar el aula, h\u00e1znoslo saber a trav\u00e9s del siguiente formulario pinchando en el siguiente bot\u00f3n:<\/p>\n\n\n\n<div class=\"wp-block-buttons is-horizontal is-content-justification-center is-layout-flex wp-container-core-buttons-is-layout-ddb39544 wp-block-buttons-is-layout-flex\">\n<div class=\"wp-block-button is-style-fill\"><a class=\"wp-block-button__link\" href=\"https:\/\/docs.google.com\/forms\/d\/e\/1FAIpQLSdSJfbpSnhKlC-S2GTuvgy0FKB-C76Rp0O5mbq4XaVmPPoD0A\/viewform\" target=\"_blank\" rel=\"https:\/\/docs.google.com\/forms\/d\/e\/1FAIpQLSdSJfbpSnhKlC-S2GTuvgy0FKB-C76Rp0O5mbq4XaVmPPoD0A\/viewform noopener\">Accede al formulario<\/a><\/div>\n<\/div>\n\n\n\n<p><\/p>\n\n\n\n<p><em><strong>NOTA: <\/strong>Para poder acceder al formulario, debes tener abierta tu sesion de Google @maralboran.es en el navegador.<\/em><\/p>\n","protected":false},"excerpt":{"rendered":"<p>Desde esta p\u00e1gina puedes hacer una reserva del Aula de Emprendimiento Albor\u00e1n Emprende de nuestro centro. A continuaci\u00f3n puedes ver el calendario con las reservas del aula Si deseas reservar el aula, h\u00e1znoslo saber&#46;&#46;&#46;<\/p>\n","protected":false},"author":1,"featured_media":0,"parent":0,"menu_order":0,"comment_status":"closed","ping_status":"closed","template":"","meta":{"_price":"","_stock":"","_tribe_ticket_header":"","_tribe_default_ticket_provider":"","_ticket_start_date":"","_ticket_end_date":"","_tribe_ticket_show_description":"","_tribe_ticket_show_not_going":false,"_tribe_ticket_use_global_stock":"","_tribe_ticket_global_stock_level":"","_global_stock_mode":"","_global_stock_cap":"","_tribe_rsvp_for_event":"","_tribe_ticket_going_count":"","_tribe_ticket_not_going_count":"","_tribe_tickets_list":"[]","_tribe_ticket_has_attendee_info_fields":false,"_kadence_starter_templates_imported_post":false,"footnotes":"","_tec_slr_enabled":"","_tec_slr_layout":""},"class_list":["post-53","page","type-page","status-publish","hentry"],"featured_image_src":null,"featured_image_src_square":null,"ticketed":false,"_links":{"self":[{"href":"https:\/\/maralboran.eu\/ae\/wp-json\/wp\/v2\/pages\/53","targetHints":{"allow":["GET"]}}],"collection":[{"href":"https:\/\/maralboran.eu\/ae\/wp-json\/wp\/v2\/pages"}],"about":[{"href":"https:\/\/maralboran.eu\/ae\/wp-json\/wp\/v2\/types\/page"}],"author":[{"embeddable":true,"href":"https:\/\/maralboran.eu\/ae\/wp-json\/wp\/v2\/users\/1"}],"replies":[{"embeddable":true,"href":"https:\/\/maralboran.eu\/ae\/wp-json\/wp\/v2\/comments?post=53"}],"version-history":[{"count":46,"href":"https:\/\/maralboran.eu\/ae\/wp-json\/wp\/v2\/pages\/53\/revisions"}],"predecessor-version":[{"id":661,"href":"https:\/\/maralboran.eu\/ae\/wp-json\/wp\/v2\/pages\/53\/revisions\/661"}],"wp:attachment":[{"href":"https:\/\/maralboran.eu\/ae\/wp-json\/wp\/v2\/media?parent=53"}],"curies":[{"name":"wp","href":"https:\/\/api.w.org\/{rel}","templated":true}]}}