{"id":343,"date":"2022-05-16T19:09:45","date_gmt":"2022-05-16T19:09:45","guid":{"rendered":"https:\/\/maralboran.eu\/ae\/?page_id=343"},"modified":"2022-10-24T19:19:16","modified_gmt":"2022-10-24T19:19:16","slug":"alumnos","status":"publish","type":"page","link":"https:\/\/maralboran.eu\/ae\/alumnos\/","title":{"rendered":"Alumnos"},"content":{"rendered":"\n<p>Introduce los datos que se solicitan a cotinuaci\u00f3n para poder entrar  en nuestra base de datos.<\/p>\n\n\n\n<div class=\"wp-block-contact-form-7-contact-form-selector\">\n<div class=\"wpcf7 no-js\" id=\"wpcf7-f342-o1\" lang=\"es-ES\" dir=\"ltr\" data-wpcf7-id=\"342\">\n<div class=\"screen-reader-response\"><p role=\"status\" aria-live=\"polite\" aria-atomic=\"true\"><\/p> <ul><\/ul><\/div>\n<form action=\"\/ae\/wp-json\/wp\/v2\/pages\/343#wpcf7-f342-o1\" method=\"post\" class=\"wpcf7-form init\" aria-label=\"Formulario de contacto\" novalidate=\"novalidate\" data-status=\"init\">\n<fieldset class=\"hidden-fields-container\"><input type=\"hidden\" name=\"_wpcf7\" value=\"342\" \/><input type=\"hidden\" name=\"_wpcf7_version\" value=\"6.1.5\" \/><input type=\"hidden\" name=\"_wpcf7_locale\" value=\"es_ES\" \/><input type=\"hidden\" name=\"_wpcf7_unit_tag\" value=\"wpcf7-f342-o1\" \/><input type=\"hidden\" name=\"_wpcf7_container_post\" value=\"0\" \/><input type=\"hidden\" name=\"_wpcf7_posted_data_hash\" value=\"\" \/>\n<\/fieldset>\n<p><label> Indica tu Nombre (*)<br \/>\n<span class=\"wpcf7-form-control-wrap\" data-name=\"Nombre\"><input size=\"40\" maxlength=\"400\" class=\"wpcf7-form-control wpcf7-text wpcf7-validates-as-required\" aria-required=\"true\" aria-invalid=\"false\" value=\"\" type=\"text\" name=\"Nombre\" \/><\/span> <\/label>\n<\/p>\n<p><label> Indica tus Apellidos (*)<br \/>\n<span class=\"wpcf7-form-control-wrap\" data-name=\"Apellidos\"><input size=\"40\" maxlength=\"400\" class=\"wpcf7-form-control wpcf7-text wpcf7-validates-as-required\" aria-required=\"true\" aria-invalid=\"false\" value=\"\" type=\"text\" name=\"Apellidos\" \/><\/span> <\/label>\n<\/p>\n<p><label> Email (*)<br \/>\n<span class=\"wpcf7-form-control-wrap\" data-name=\"Email\"><input size=\"40\" maxlength=\"400\" class=\"wpcf7-form-control wpcf7-email wpcf7-validates-as-required wpcf7-text wpcf7-validates-as-email\" aria-required=\"true\" aria-invalid=\"false\" value=\"\" type=\"email\" name=\"Email\" \/><\/span> <\/label>\n<\/p>\n<p><label> Tel\u00e9fono (*)<br \/>\n<span class=\"wpcf7-form-control-wrap\" data-name=\"Telefono\"><input size=\"40\" maxlength=\"400\" class=\"wpcf7-form-control wpcf7-tel wpcf7-validates-as-required wpcf7-text wpcf7-validates-as-tel\" aria-required=\"true\" aria-invalid=\"false\" value=\"\" type=\"tel\" name=\"Telefono\" \/><\/span> <\/label>\n<\/p>\n<p>Estudios realizados en el IES Mar de Albor\u00e1n (*).<br \/>\n<span class=\"wpcf7-form-control-wrap\" data-name=\"ciclos\"><span class=\"wpcf7-form-control wpcf7-checkbox wpcf7-validates-as-required\"><span class=\"wpcf7-list-item first\"><label><input type=\"checkbox\" name=\"ciclos[]\" value=\"Auxiliar en Servicios Administrativos.\" \/><span class=\"wpcf7-list-item-label\">Auxiliar en Servicios Administrativos.<\/span><\/label><\/span><span class=\"wpcf7-list-item\"><label><input type=\"checkbox\" name=\"ciclos[]\" value=\"T\u00e9cnico en Gesti\u00f3n y Administraci\u00f3n.\" \/><span class=\"wpcf7-list-item-label\">T\u00e9cnico en Gesti\u00f3n y Administraci\u00f3n.<\/span><\/label><\/span><span class=\"wpcf7-list-item\"><label><input type=\"checkbox\" name=\"ciclos[]\" value=\"T\u00e9cnico Superior en Administraci\u00f3n y Finanzas.\" \/><span class=\"wpcf7-list-item-label\">T\u00e9cnico Superior en Administraci\u00f3n y Finanzas.<\/span><\/label><\/span><span class=\"wpcf7-list-item\"><label><input type=\"checkbox\" name=\"ciclos[]\" value=\"T\u00e9cnico en Instalaciones de Telecomunicaciones.\" \/><span class=\"wpcf7-list-item-label\">T\u00e9cnico en Instalaciones de Telecomunicaciones.<\/span><\/label><\/span><span class=\"wpcf7-list-item\"><label><input type=\"checkbox\" name=\"ciclos[]\" value=\"T\u00e9cnico en Sistemas Microinform\u00e1ticos y Redes.\" \/><span class=\"wpcf7-list-item-label\">T\u00e9cnico en Sistemas Microinform\u00e1ticos y Redes.<\/span><\/label><\/span><span class=\"wpcf7-list-item last\"><label><input type=\"checkbox\" name=\"ciclos[]\" value=\"T\u00e9cnico Superior en Desarrollo de Aplicaciones Web.\" \/><span class=\"wpcf7-list-item-label\">T\u00e9cnico Superior en Desarrollo de Aplicaciones Web.<\/span><\/label><\/span><\/span><\/span>\n<\/p>\n<p><label> A\u00f1o de finalizaci\u00f3n de los estudios (*)<br \/>\n<span class=\"wpcf7-form-control-wrap\" data-name=\"anno\"><input size=\"40\" maxlength=\"400\" class=\"wpcf7-form-control wpcf7-text wpcf7-validates-as-required\" aria-required=\"true\" aria-invalid=\"false\" value=\"\" type=\"text\" name=\"anno\" \/><\/span> <\/label>\n<\/p>\n<p><label> T\u00e9rminos<br \/>\n<span class=\"wpcf7-form-control-wrap\" data-name=\"Aceptacion1\"><span class=\"wpcf7-form-control wpcf7-acceptance\"><span class=\"wpcf7-list-item\"><label><input type=\"checkbox\" name=\"Aceptacion1\" value=\"1\" aria-invalid=\"false\" \/><span class=\"wpcf7-list-item-label\">Acepto las condiciones de uso y la pol\u00edtica de privacidad<\/span><\/label><\/span><\/span><\/span><\/label>\n<\/p>\n<p><input class=\"wpcf7-form-control wpcf7-submit has-spinner\" type=\"submit\" value=\"Enviar\" \/>\n<\/p><div class=\"wpcf7-response-output\" aria-hidden=\"true\"><\/div>\n<\/form>\n<\/div>\n<\/div>\n\n\n\n<p>&nbsp;&nbsp;&nbsp;<\/p>\n\n\n\n<section id=\"ee2efb\" class=\"section-ee2efb gutentor-module gutentor-module-accordion\"><div class=\"grid-container\">\n<div id=\"280581\" class=\"wp-block-gutentor-m6-item section-280581 gutentor-module gutentor-module-accordion-item\"><div class=\"gutentor-module-accordion-panel g-a-panel-ee2efb\"><div class=\"gm-ah-ee2efb gutentor-module-accordion-item-heading gutentor-module-icon-position-right\"><span class=\"gutentor-module-accordion-panel-handler\" role=\"button\"><span class=\"gutentor-module-accordion-panel-handler-label\">Condiciones y Privacidad<\/span><span class=\"gutentor-module-accordion-icon\"><i class=\"gm-aio-ee2efb gutentor-module-accordion-icon-open fas fa-plus\"><\/i><i class=\"gm-aic-ee2efb gutentor-module-accordion-icon-close fas fa-minus\"><\/i><\/span><\/span><\/div><div class=\"gm-ab-ee2efb gutentor-module-accordion-body\">\n<div id=\"section-g4ebb29\" class=\"wp-block-gutentor-e0 section-g4ebb29 gutentor-element gutentor-element-advanced-text text-align-center-desktop\"><div class=\"gutentor-text-wrap\"><p class=\"gutentor-text\">CONDICIONES Y PRIVACIDAD<\/p><\/div><\/div>\n\n\n\n<p><\/p>\n\n\n\n<div id=\"section-g1282e6\" class=\"wp-block-gutentor-e7 section-g1282e6 gutentor-element gutentor-element-list\"><ul class=\"grid-row gutentor-grid-item-wrap gutentor-disable-list-style\"><li class=\"gutentor-list-item grid-lg-12 grid-md-12 grid-12\"><span class=\"gutentor-single-item gutentor-single-item-0\"><span class=\"gutentor-list-item-wrap g-s-list-wrap\"><span class=\"gutentor-list-item\"><p class=\"gutentor-single-item-title\"><span style=\"color:#cf2e2e\" class=\"tadv-color\">En el <strong>IES Mar de Albor\u00e1n<\/strong> NUNCA, bajo ning\u00fan concepto cederemos tus datos a NADIE. Los datos que nos suministres se incluir\u00e1n en un fichero propiedad del IES Mar de Albor\u00e1n. Podr\u00e1s acceder, rectificar o cancelar estos datos en cualquier momento poni\u00e9ndote en contacto con nosotros por correo postal:<br>IES Mar de Albor\u00e1n, Aula de Emprendimiento.<br>C\/Fuente de Mar\u00eda Gil, 30.<br>29680-Estepona<br>(M\u00e1laga),<br><br>O mediante correo electr\u00f3nico (<a href=\"mailto:aulaemprendimiento@maralboran.es\">aulaemprendimiento@maralboran.es<\/a>)<\/span><\/p><\/span><\/span><\/span><\/li><\/ul><\/div>\n<\/div><\/div><\/div>\n<\/div><\/section>\n\n\n\n<p><\/p>\n\n\n\n<p>&nbsp;&nbsp;&nbsp;<\/p>\n\n\n\n<p><\/p>\n","protected":false},"excerpt":{"rendered":"<p>Introduce los datos que se solicitan a cotinuaci\u00f3n para poder entrar en nuestra base de datos. &nbsp;&nbsp;&nbsp; &nbsp;&nbsp;&nbsp;<\/p>\n","protected":false},"author":47,"featured_media":0,"parent":0,"menu_order":0,"comment_status":"closed","ping_status":"closed","template":"","meta":{"_price":"","_stock":"","_tribe_ticket_header":"","_tribe_default_ticket_provider":"","_ticket_start_date":"","_ticket_end_date":"","_tribe_ticket_show_description":"","_tribe_ticket_show_not_going":false,"_tribe_ticket_use_global_stock":"","_tribe_ticket_global_stock_level":"","_global_stock_mode":"","_global_stock_cap":"","_tribe_rsvp_for_event":"","_tribe_ticket_going_count":"","_tribe_ticket_not_going_count":"","_tribe_tickets_list":"[]","_tribe_ticket_has_attendee_info_fields":false,"_kadence_starter_templates_imported_post":false,"footnotes":"","_tec_slr_enabled":"","_tec_slr_layout":""},"class_list":["post-343","page","type-page","status-publish","hentry"],"featured_image_src":null,"featured_image_src_square":null,"ticketed":false,"_links":{"self":[{"href":"https:\/\/maralboran.eu\/ae\/wp-json\/wp\/v2\/pages\/343","targetHints":{"allow":["GET"]}}],"collection":[{"href":"https:\/\/maralboran.eu\/ae\/wp-json\/wp\/v2\/pages"}],"about":[{"href":"https:\/\/maralboran.eu\/ae\/wp-json\/wp\/v2\/types\/page"}],"author":[{"embeddable":true,"href":"https:\/\/maralboran.eu\/ae\/wp-json\/wp\/v2\/users\/47"}],"replies":[{"embeddable":true,"href":"https:\/\/maralboran.eu\/ae\/wp-json\/wp\/v2\/comments?post=343"}],"version-history":[{"count":10,"href":"https:\/\/maralboran.eu\/ae\/wp-json\/wp\/v2\/pages\/343\/revisions"}],"predecessor-version":[{"id":683,"href":"https:\/\/maralboran.eu\/ae\/wp-json\/wp\/v2\/pages\/343\/revisions\/683"}],"wp:attachment":[{"href":"https:\/\/maralboran.eu\/ae\/wp-json\/wp\/v2\/media?parent=343"}],"curies":[{"name":"wp","href":"https:\/\/api.w.org\/{rel}","templated":true}]}}