{"id":327,"date":"2022-05-16T10:35:50","date_gmt":"2022-05-16T10:35:50","guid":{"rendered":"https:\/\/maralboran.eu\/ae\/?page_id=327"},"modified":"2022-10-24T19:20:25","modified_gmt":"2022-10-24T19:20:25","slug":"empresas","status":"publish","type":"page","link":"https:\/\/maralboran.eu\/ae\/empresas\/","title":{"rendered":"Empresas"},"content":{"rendered":"\n<p>Para enviar ofertas de trabajo a nuestro alumnado, rellena los siguientes campos.<\/p>\n\n\n\n<div class=\"wp-block-contact-form-7-contact-form-selector\">\n<div class=\"wpcf7 no-js\" id=\"wpcf7-f338-o1\" lang=\"es-ES\" dir=\"ltr\" data-wpcf7-id=\"338\">\n<div class=\"screen-reader-response\"><p role=\"status\" aria-live=\"polite\" aria-atomic=\"true\"><\/p> <ul><\/ul><\/div>\n<form action=\"\/ae\/wp-json\/wp\/v2\/pages\/327#wpcf7-f338-o1\" method=\"post\" class=\"wpcf7-form init\" aria-label=\"Formulario de contacto\" novalidate=\"novalidate\" data-status=\"init\">\n<fieldset class=\"hidden-fields-container\"><input type=\"hidden\" name=\"_wpcf7\" value=\"338\" \/><input type=\"hidden\" name=\"_wpcf7_version\" value=\"6.1.5\" \/><input type=\"hidden\" name=\"_wpcf7_locale\" value=\"es_ES\" \/><input type=\"hidden\" name=\"_wpcf7_unit_tag\" value=\"wpcf7-f338-o1\" \/><input type=\"hidden\" name=\"_wpcf7_container_post\" value=\"0\" \/><input type=\"hidden\" name=\"_wpcf7_posted_data_hash\" value=\"\" \/>\n<\/fieldset>\n<p><label> Nombre Empresa (*)<br \/>\n<span class=\"wpcf7-form-control-wrap\" data-name=\"Nombre_Empresa\"><input size=\"40\" maxlength=\"400\" class=\"wpcf7-form-control wpcf7-text wpcf7-validates-as-required\" aria-required=\"true\" aria-invalid=\"false\" value=\"\" type=\"text\" name=\"Nombre_Empresa\" \/><\/span> <\/label>\n<\/p>\n<p><label> Persona de contacto (*)<br \/>\n<span class=\"wpcf7-form-control-wrap\" data-name=\"Persona_de_contacto\"><input size=\"40\" maxlength=\"400\" class=\"wpcf7-form-control wpcf7-text wpcf7-validates-as-required\" aria-required=\"true\" aria-invalid=\"false\" value=\"\" type=\"text\" name=\"Persona_de_contacto\" \/><\/span> <\/label>\n<\/p>\n<p><label> Direcci\u00f3n (*)<br \/>\n<span class=\"wpcf7-form-control-wrap\" data-name=\"Direccion\"><input size=\"40\" maxlength=\"400\" class=\"wpcf7-form-control wpcf7-text wpcf7-validates-as-required\" aria-required=\"true\" aria-invalid=\"false\" value=\"\" type=\"text\" name=\"Direccion\" \/><\/span> <\/label>\n<\/p>\n<p><label> Localidad (*)<br \/>\n<span class=\"wpcf7-form-control-wrap\" data-name=\"Localidad\"><input size=\"40\" maxlength=\"400\" class=\"wpcf7-form-control wpcf7-text wpcf7-validates-as-required\" aria-required=\"true\" aria-invalid=\"false\" value=\"\" type=\"text\" name=\"Localidad\" \/><\/span> <\/label>\n<\/p>\n<p><label> Email (*)<br \/>\n<span class=\"wpcf7-form-control-wrap\" data-name=\"Email\"><input size=\"40\" maxlength=\"400\" class=\"wpcf7-form-control wpcf7-email wpcf7-validates-as-required wpcf7-text wpcf7-validates-as-email\" aria-required=\"true\" aria-invalid=\"false\" value=\"\" type=\"email\" name=\"Email\" \/><\/span> <\/label>\n<\/p>\n<p><label> Tel\u00e9fono de contacto (*)<br \/>\n<span class=\"wpcf7-form-control-wrap\" data-name=\"Telefono\"><input size=\"40\" maxlength=\"400\" class=\"wpcf7-form-control wpcf7-tel wpcf7-validates-as-required wpcf7-text wpcf7-validates-as-tel\" aria-required=\"true\" aria-invalid=\"false\" value=\"\" type=\"tel\" name=\"Telefono\" \/><\/span> <\/label>\n<\/p>\n<p><label> Puesto a cubrir (*)<br \/>\n<span class=\"wpcf7-form-control-wrap\" data-name=\"Puesto_a_cubrir\"><input size=\"40\" maxlength=\"400\" class=\"wpcf7-form-control wpcf7-text wpcf7-validates-as-required\" aria-required=\"true\" aria-invalid=\"false\" value=\"\" type=\"text\" name=\"Puesto_a_cubrir\" \/><\/span> <\/label>\n<\/p>\n<p><label> Descripci\u00f3n de la oferta (*)<br \/>\n<span class=\"wpcf7-form-control-wrap\" data-name=\"Descripcion_de_la_oferta\"><textarea cols=\"40\" rows=\"10\" maxlength=\"2000\" class=\"wpcf7-form-control wpcf7-textarea wpcf7-validates-as-required\" aria-required=\"true\" aria-invalid=\"false\" name=\"Descripcion_de_la_oferta\"><\/textarea><\/span> <\/label>\n<\/p>\n<p><label> Requisitos<br \/>\n<span class=\"wpcf7-form-control-wrap\" data-name=\"Requisitos\"><textarea cols=\"40\" rows=\"10\" maxlength=\"2000\" class=\"wpcf7-form-control wpcf7-textarea\" aria-invalid=\"false\" name=\"Requisitos\"><\/textarea><\/span> <\/label>\n<\/p>\n<p>Selecciona el\/los Ciclos Formativos a quien va dirigida la oferta (*).<br \/>\n<span class=\"wpcf7-form-control-wrap\" data-name=\"ciclos\"><span class=\"wpcf7-form-control wpcf7-checkbox wpcf7-validates-as-required\"><span class=\"wpcf7-list-item first\"><label><input type=\"checkbox\" name=\"ciclos[]\" value=\"Auxiliar en Servicios Administrativos.\" \/><span class=\"wpcf7-list-item-label\">Auxiliar en Servicios Administrativos.<\/span><\/label><\/span><span class=\"wpcf7-list-item\"><label><input type=\"checkbox\" name=\"ciclos[]\" value=\"T\u00e9cnico en Gesti\u00f3n y Administraci\u00f3n.\" \/><span class=\"wpcf7-list-item-label\">T\u00e9cnico en Gesti\u00f3n y Administraci\u00f3n.<\/span><\/label><\/span><span class=\"wpcf7-list-item\"><label><input type=\"checkbox\" name=\"ciclos[]\" value=\"T\u00e9cnico Superior en Administraci\u00f3n y Finanzas.\" \/><span class=\"wpcf7-list-item-label\">T\u00e9cnico Superior en Administraci\u00f3n y Finanzas.<\/span><\/label><\/span><span class=\"wpcf7-list-item\"><label><input type=\"checkbox\" name=\"ciclos[]\" value=\"T\u00e9cnico en Instalaciones de Telecomunicaciones.\" \/><span class=\"wpcf7-list-item-label\">T\u00e9cnico en Instalaciones de Telecomunicaciones.<\/span><\/label><\/span><span class=\"wpcf7-list-item\"><label><input type=\"checkbox\" name=\"ciclos[]\" value=\"T\u00e9cnico en Sistemas Microinform\u00e1ticos y Redes.\" \/><span class=\"wpcf7-list-item-label\">T\u00e9cnico en Sistemas Microinform\u00e1ticos y Redes.<\/span><\/label><\/span><span class=\"wpcf7-list-item last\"><label><input type=\"checkbox\" name=\"ciclos[]\" value=\"T\u00e9cnico Superior en Desarrollo de Aplicaciones Web.\" \/><span class=\"wpcf7-list-item-label\">T\u00e9cnico Superior en Desarrollo de Aplicaciones Web.<\/span><\/label><\/span><\/span><\/span>\n<\/p>\n<p><label> T\u00e9rminos<br \/>\n<span class=\"wpcf7-form-control-wrap\" data-name=\"Aceptacion\"><span class=\"wpcf7-form-control wpcf7-acceptance\"><span class=\"wpcf7-list-item\"><label><input type=\"checkbox\" name=\"Aceptacion\" value=\"1\" aria-invalid=\"false\" \/><span class=\"wpcf7-list-item-label\">Acepto las condiciones de uso y la pol\u00edtica de privacidad<\/span><\/label><\/span><\/span><\/span><\/label>\n<\/p>\n<p><input class=\"wpcf7-form-control wpcf7-submit has-spinner\" type=\"submit\" value=\"Enviar\" \/>\n<\/p><div class=\"wpcf7-response-output\" aria-hidden=\"true\"><\/div>\n<\/form>\n<\/div>\n<\/div>\n\n\n\n<p>&nbsp;&nbsp;&nbsp;<\/p>\n\n\n\n<p><\/p>\n\n\n\n<section id=\"e704f5\" class=\"section-e704f5 gutentor-module gutentor-module-accordion\"><div class=\"grid-container\">\n<div id=\"e2e418\" class=\"wp-block-gutentor-m6-item section-e2e418 gutentor-module gutentor-module-accordion-item\"><div class=\"gutentor-module-accordion-panel g-a-panel-e704f5\"><div class=\"gm-ah-e704f5 gutentor-module-accordion-item-heading gutentor-module-icon-position-right\"><span class=\"gutentor-module-accordion-panel-handler\" role=\"button\"><span class=\"gutentor-module-accordion-panel-handler-label\">Condiciones y Privacidad<\/span><span class=\"gutentor-module-accordion-icon\"><i class=\"gm-aio-e704f5 gutentor-module-accordion-icon-open fas fa-plus\"><\/i><i class=\"gm-aic-e704f5 gutentor-module-accordion-icon-close fas fa-minus\"><\/i><\/span><\/span><\/div><div class=\"gm-ab-e704f5 gutentor-module-accordion-body\">\n<div id=\"section-ga3557e\" class=\"wp-block-gutentor-e0 alignwide section-ga3557e gutentor-element gutentor-element-advanced-text text-align-center-desktop\"><div class=\"gutentor-text-wrap\"><p class=\"gutentor-text\">CONDICIONES Y PRIVACIDAD<\/p><\/div><\/div>\n\n\n\n<div id=\"section-g2d1a8e\" class=\"wp-block-gutentor-e7 section-g2d1a8e gutentor-element gutentor-element-list\"><ul class=\"grid-row gutentor-grid-item-wrap gutentor-disable-list-style\"><li class=\"gutentor-list-item grid-lg-12 grid-md-12 grid-12\"><span class=\"gutentor-single-item gutentor-single-item-0\"><span class=\"gutentor-list-item-wrap g-s-list-wrap\"><span class=\"gutentor-list-item\"><p class=\"gutentor-single-item-title\"><span style=\"color:#cf2e2e\" class=\"tadv-color\">En el <strong>IES Mar de Albor\u00e1n<\/strong> NUNCA, bajo ning\u00fan concepto cederemos tus datos a NADIE. Los datos que nos suministres se incluir\u00e1n en un fichero propiedad del IES Mar de Albor\u00e1n. Podr\u00e1s acceder, rectificar o cancelar estos datos en cualquier momento poni\u00e9ndote en contacto con nosotros por correo postal:<\/span><br><span style=\"color:#cf2e2e\" class=\"tadv-color\">IES Mar de Albor\u00e1n, Aula de Emprendimiento. <\/span><br><span style=\"color:#cf2e2e\" class=\"tadv-color\">C\/Fuente de Mar\u00eda Gil, 30. <\/span><br><span style=\"color:#cf2e2e\" class=\"tadv-color\">29680-Estepona<\/span><br>(<span style=\"color:#cf2e2e\" class=\"tadv-color\">M\u00e1laga), <\/span><br><br><span style=\"color:#cf2e2e\" class=\"tadv-color\">O mediante correo electr\u00f3nico (<a href=\"mailto:aulaemprendimiento@maralboran.es\">aulaemprendimiento@maralboran.es<\/a>)<\/span><\/p><\/span><\/span><\/span><\/li><\/ul><\/div>\n<\/div><\/div><\/div>\n<\/div><\/section>\n\n\n\n<p>    <\/p>\n","protected":false},"excerpt":{"rendered":"<p>Para enviar ofertas de trabajo a nuestro alumnado, rellena los siguientes campos. &nbsp;&nbsp;&nbsp;<\/p>\n","protected":false},"author":47,"featured_media":0,"parent":0,"menu_order":0,"comment_status":"closed","ping_status":"closed","template":"","meta":{"_price":"","_stock":"","_tribe_ticket_header":"","_tribe_default_ticket_provider":"","_ticket_start_date":"","_ticket_end_date":"","_tribe_ticket_show_description":"","_tribe_ticket_show_not_going":false,"_tribe_ticket_use_global_stock":"","_tribe_ticket_global_stock_level":"","_global_stock_mode":"","_global_stock_cap":"","_tribe_rsvp_for_event":"","_tribe_ticket_going_count":"","_tribe_ticket_not_going_count":"","_tribe_tickets_list":"[]","_tribe_ticket_has_attendee_info_fields":false,"_kadence_starter_templates_imported_post":false,"footnotes":"","_tec_slr_enabled":"","_tec_slr_layout":""},"class_list":["post-327","page","type-page","status-publish","hentry"],"featured_image_src":null,"featured_image_src_square":null,"ticketed":false,"_links":{"self":[{"href":"https:\/\/maralboran.eu\/ae\/wp-json\/wp\/v2\/pages\/327","targetHints":{"allow":["GET"]}}],"collection":[{"href":"https:\/\/maralboran.eu\/ae\/wp-json\/wp\/v2\/pages"}],"about":[{"href":"https:\/\/maralboran.eu\/ae\/wp-json\/wp\/v2\/types\/page"}],"author":[{"embeddable":true,"href":"https:\/\/maralboran.eu\/ae\/wp-json\/wp\/v2\/users\/47"}],"replies":[{"embeddable":true,"href":"https:\/\/maralboran.eu\/ae\/wp-json\/wp\/v2\/comments?post=327"}],"version-history":[{"count":53,"href":"https:\/\/maralboran.eu\/ae\/wp-json\/wp\/v2\/pages\/327\/revisions"}],"predecessor-version":[{"id":685,"href":"https:\/\/maralboran.eu\/ae\/wp-json\/wp\/v2\/pages\/327\/revisions\/685"}],"wp:attachment":[{"href":"https:\/\/maralboran.eu\/ae\/wp-json\/wp\/v2\/media?parent=327"}],"curies":[{"name":"wp","href":"https:\/\/api.w.org\/{rel}","templated":true}]}}