{"id":129,"date":"2022-05-08T20:48:59","date_gmt":"2022-05-08T20:48:59","guid":{"rendered":"https:\/\/maralboran.eu\/ae\/?page_id=129"},"modified":"2022-05-10T18:52:53","modified_gmt":"2022-05-10T18:52:53","slug":"quienes-somos","status":"publish","type":"page","link":"https:\/\/maralboran.eu\/ae\/quienes-somos\/","title":{"rendered":"\u00bfQui\u00e9nes somos?"},"content":{"rendered":"\n<p>El Aula de Emprendimiento: <strong>ALBOR\u00c1N EMPRENDE<\/strong> (en adelante AE) constituye una estrategia para impulsar las habilidades emprendedoras desde un punto de vista eminentemente pr\u00e1ctico entre el alumnado del IES Mar de Albor\u00e1n. <\/p>\n\n\n\n<p>Los destinatarios del AE ser\u00e1 todo el alumnado del centro educativo que est\u00e9 cursando estudios en los diversos ciclos formativos, independientemente del nivel de los mismos. Asimismo, el AE estar\u00e1 a disposici\u00f3n de los antiguos alumnos de formaci\u00f3n profesional en los dos a\u00f1os siguientes a la finalizaci\u00f3n de sus estudios en el IES Mar de Albor\u00e1n. <\/p>\n\n\n\n<p>El AE funcionar\u00e1 como un espacio, educativo, f\u00edsico y temporal en el que los alumnos pueden adquirir habilidades y desarrollar sus ideas innovadoras poniendo en pr\u00e1ctica la formaci\u00f3n recibida en clase y sometiendo a la experiencia los conocimientos adquiridos en sus respectivos m\u00f3dulos profesionales.<\/p>\n\n\n\n<p><\/p>\n\n\n\n<p><strong><span style=\"text-decoration: underline\" class=\"underline\">Nuestra MISI\u00d3N<\/span><\/strong><\/p>\n\n\n\n<p>Somos un grupo de docentes de Formaci\u00f3n Profesional que creemos que nuestro alumnado merece tener la oportunidad de ganar habilidades y competencias necesarias en el S.XXI y que no siempre vienen recogidas en el curr\u00edculum oficial de sus ense\u00f1anzas. Por eso fomentaremos el desarrollo de competencias emprendedoras que empoderen a nuestros alumnos para el mundo del trabajo y mejoren su capacidad de adaptarse a los cambios que el mercado de trabajo actual les exige.<\/p>\n\n\n\n<p><\/p>\n\n\n\n<p><strong><span style=\"text-decoration: underline\" class=\"underline\">Nuestros VALORES<\/span><\/strong><\/p>\n\n\n\n<p>Compromiso social, creatividad, esp\u00edritu emprendedor, innovaci\u00f3n, perseverancia y mejora continua son los pilares que nos definen como personas, como docentes y como centro y por eso lo compartimos con nuestro alumnado y el resto de la comunidad educativa del IES Mar de Albor\u00e1n, a trav\u00e9s de este proyecto.<\/p>\n\n\n\n<p><\/p>\n\n\n\n<p><strong><span style=\"text-decoration: underline\" class=\"underline\">Nuestra VISI\u00d3N<\/span><\/strong><\/p>\n\n\n\n<p>Somos un grupo de docentes que amamos nuestro trabajo, sabemos lo que hacemos y creemos profundamente que una sociedad m\u00e1s pr\u00f3spera, solidaria y justa para todos se construye \u00fanicamente con personas felices, que aman lo que hacen y se comprometen consigo mismos, con su entorno y con la sociedad en general. Por eso, aspiramos a formar y compartir nuestra visi\u00f3n con nuestro alumnado actual y egresado, \u00bfc\u00f3mo?:<\/p>\n\n\n\n<ul class=\"wp-block-list\"><li>Identificando las necesidades formativas de nuestro alumnado<\/li><li>Desarrollando los mejores talleres y\/o programas formativas<\/li><li>Promoviendo alianzas y colaboraciones con entidades p\u00fablicas, empresa y organizaciones sociales del entorno<\/li><\/ul>\n","protected":false},"excerpt":{"rendered":"<p>El Aula de Emprendimiento: ALBOR\u00c1N EMPRENDE (en adelante AE) constituye una estrategia para impulsar las habilidades emprendedoras desde un punto de vista eminentemente pr\u00e1ctico entre el alumnado del IES Mar de Albor\u00e1n. Los destinatarios&#46;&#46;&#46;<\/p>\n","protected":false},"author":47,"featured_media":0,"parent":0,"menu_order":0,"comment_status":"closed","ping_status":"closed","template":"","meta":{"_price":"","_stock":"","_tribe_ticket_header":"","_tribe_default_ticket_provider":"","_ticket_start_date":"","_ticket_end_date":"","_tribe_ticket_show_description":"","_tribe_ticket_show_not_going":false,"_tribe_ticket_use_global_stock":"","_tribe_ticket_global_stock_level":"","_global_stock_mode":"","_global_stock_cap":"","_tribe_rsvp_for_event":"","_tribe_ticket_going_count":"","_tribe_ticket_not_going_count":"","_tribe_tickets_list":"[]","_tribe_ticket_has_attendee_info_fields":false,"_kadence_starter_templates_imported_post":false,"footnotes":"","_tec_slr_enabled":"","_tec_slr_layout":""},"class_list":["post-129","page","type-page","status-publish","hentry"],"featured_image_src":null,"featured_image_src_square":null,"ticketed":false,"_links":{"self":[{"href":"https:\/\/maralboran.eu\/ae\/wp-json\/wp\/v2\/pages\/129","targetHints":{"allow":["GET"]}}],"collection":[{"href":"https:\/\/maralboran.eu\/ae\/wp-json\/wp\/v2\/pages"}],"about":[{"href":"https:\/\/maralboran.eu\/ae\/wp-json\/wp\/v2\/types\/page"}],"author":[{"embeddable":true,"href":"https:\/\/maralboran.eu\/ae\/wp-json\/wp\/v2\/users\/47"}],"replies":[{"embeddable":true,"href":"https:\/\/maralboran.eu\/ae\/wp-json\/wp\/v2\/comments?post=129"}],"version-history":[{"count":4,"href":"https:\/\/maralboran.eu\/ae\/wp-json\/wp\/v2\/pages\/129\/revisions"}],"predecessor-version":[{"id":275,"href":"https:\/\/maralboran.eu\/ae\/wp-json\/wp\/v2\/pages\/129\/revisions\/275"}],"wp:attachment":[{"href":"https:\/\/maralboran.eu\/ae\/wp-json\/wp\/v2\/media?parent=129"}],"curies":[{"name":"wp","href":"https:\/\/api.w.org\/{rel}","templated":true}]}}